{"id":17473,"date":"2015-09-24T12:03:33","date_gmt":"2015-09-24T10:03:33","guid":{"rendered":"https:\/\/dadade.eu\/?post_type=product&#038;p=17473"},"modified":"2023-08-08T23:27:00","modified_gmt":"2023-08-08T21:27:00","slug":"fledermaus-schluesselanhaenger-oder-deko","status":"publish","type":"product","link":"https:\/\/dadade.eu\/?product=fledermaus-schluesselanhaenger-oder-deko","title":{"rendered":"Fledermaus, Schl\u00fcsselanh\u00e4nger oder Deko"},"content":{"rendered":"<p>&nbsp;<\/p>\n<p>Die Anleitung ist ausf\u00fchrlich mit vielen Bildern hinterlegt und Schritt-f\u00fcr-Schritt beschrieben!<\/p>\n<p>&nbsp;<\/p>\n<p>MEHR VARIANTEN UND IDEEN von flei\u00dfigen Helfer und H\u00e4nden?<\/p>\n<p><a href=\"https:\/\/dadade.eu\/?page_id=5389\"><b>Klicke hier<\/b><\/a><\/p>\n<p>&nbsp;<\/p>\n<p>&nbsp;<\/p>\n<p>&nbsp;<\/p>\n","protected":false},"excerpt":{"rendered":"<div id=\"cc-m-13954443088\">\n<p>Fledermaus Ferdinand und Felicitas<\/p>\n<p>Jeder Anh\u00e4nger hat ein Fach f\u00fcr einen Einkaufs-Chip, oder f\u00fcr einen Euro,<\/p>\n<p>Meine Schl\u00fcsselanh\u00e4nger sind \u00a0auch hervorragend als Geldgeschenk oder als Anh\u00e4nger f\u00fcr den Autospiegel oder auch dem Schulranzen geeignet.<\/p>\n<p>Auch Wollreste kann man hier gut verarbeiten.<\/p>\n<p>&gt;&gt;Kleine Geschenk erhalten die Freundschaft&lt;&lt;<\/p>\n<p>Hier kann man sich nach Lust und Laune austoben, Wollreste, Glitzergarn, Wackelaugen \u2013 Alles was die Schatzkiste hergibt;<\/p>\n<p>Lasst der Fantasie freien Lauf.<\/p>\n<p>Mit Baumwolle der Nadelst\u00e4rke 2 hat die Fledermaus Ferdinand ungef\u00e4hr;<\/p>\n<p>eine Fl\u00fcgelspannweite von 18 cm und ist 13cm hoch,<\/p>\n<p>Felicitas ist etwas kleiner<\/p>\n<\/div>\n<div id=\"cc-m-13954443188\" class=\"j-module n j-text \">\n<p>&nbsp;<\/p>\n<div id=\"cc-m-13954443088\">\n<div id=\"cc-m-13758358088\">\n<h3>Diese Anleitungen findet man nur in meinen Shops auf den verschiedenen Plattformen<\/h3>\n<h3><strong><a href=\"https:\/\/www.crazypatterns.net\/de\/items\/8059\/schluesselanhaenger-fledermaus-ferdinand-mit-chip-tasche-gehaekelt\" target=\"_blank\" rel=\"noopener\">Fledermaus Ferdinand bei crazypattern<\/a><\/strong><\/h3>\n<h3><strong><a href=\"https:\/\/www.mypatterns.de\/haekeln\/kuerbis-wichtel-kumani-kuno-gehaekelt-von-dadade-6223\" target=\"_blank\" rel=\"noopener\">Fledermaus Ferdinand und Felicitas zusammen bei mypatterns<\/a><\/strong><\/h3>\n<h3><\/h3>\n<h3><\/h3>\n<\/div>\n<\/div>\n<p>&nbsp;<\/p>\n<p>&nbsp;<\/p>\n<\/div>\n","protected":false},"featured_media":17475,"template":"","meta":[],"product_brand":[],"product_cat":[505],"product_tag":[90,295,233,242,694,1005,87,1319,557,1354,94,93,1057,126,92,245,180,1353,294,195,1133,822,936,823,183,95,96],"class_list":{"0":"post-17473","1":"product","2":"type-product","3":"status-publish","4":"has-post-thumbnail","6":"product_cat-herbst","7":"product_tag-amigurumi","8":"product_tag-anleitung","9":"product_tag-dekoration","10":"product_tag-dekoration-haekeln","11":"product_tag-feste","12":"product_tag-fledermaus","13":"product_tag-geschenk","14":"product_tag-glitzerwolle","15":"product_tag-gluecksbringer","16":"product_tag-gluecksbringer-haekeln","17":"product_tag-haekelanleitung","18":"product_tag-haekeln","19":"product_tag-halloween","20":"product_tag-herbst","21":"product_tag-kinder","22":"product_tag-kuschelige-haekeltiere","23":"product_tag-kuscheltier","24":"product_tag-maenner","25":"product_tag-mitbringsel","26":"product_tag-praesent","27":"product_tag-ranzenanhaenger","28":"product_tag-schluesselring","29":"product_tag-schulanfaenger","30":"product_tag-taschenbaumler","31":"product_tag-witzig","32":"product_tag-wolle","33":"product_tag-wollreste","35":"first","36":"instock","37":"virtual","38":"product-type-simple"},"_links":{"self":[{"href":"https:\/\/dadade.eu\/index.php?rest_route=\/wp\/v2\/product\/17473","targetHints":{"allow":["GET"]}}],"collection":[{"href":"https:\/\/dadade.eu\/index.php?rest_route=\/wp\/v2\/product"}],"about":[{"href":"https:\/\/dadade.eu\/index.php?rest_route=\/wp\/v2\/types\/product"}],"wp:featuredmedia":[{"embeddable":true,"href":"https:\/\/dadade.eu\/index.php?rest_route=\/wp\/v2\/media\/17475"}],"wp:attachment":[{"href":"https:\/\/dadade.eu\/index.php?rest_route=%2Fwp%2Fv2%2Fmedia&parent=17473"}],"wp:term":[{"taxonomy":"product_brand","embeddable":true,"href":"https:\/\/dadade.eu\/index.php?rest_route=%2Fwp%2Fv2%2Fproduct_brand&post=17473"},{"taxonomy":"product_cat","embeddable":true,"href":"https:\/\/dadade.eu\/index.php?rest_route=%2Fwp%2Fv2%2Fproduct_cat&post=17473"},{"taxonomy":"product_tag","embeddable":true,"href":"https:\/\/dadade.eu\/index.php?rest_route=%2Fwp%2Fv2%2Fproduct_tag&post=17473"}],"curies":[{"name":"wp","href":"https:\/\/api.w.org\/{rel}","templated":true}]}}