{"id":17458,"date":"2015-09-24T11:41:24","date_gmt":"2015-09-24T09:41:24","guid":{"rendered":"https:\/\/dadade.eu\/?post_type=product&#038;p=17458"},"modified":"2023-08-08T23:26:35","modified_gmt":"2023-08-08T21:26:35","slug":"kuerbiswichtel-kuno-kumani","status":"publish","type":"product","link":"https:\/\/dadade.eu\/?product=kuerbiswichtel-kuno-kumani","title":{"rendered":"K\u00fcrbiswichtel Kuno &#038; Kumani"},"content":{"rendered":"<p>&nbsp;<\/p>\n<p>Die Anleitung ist ausf\u00fchrlich mit vielen Bildern hinterlegt und Schritt-f\u00fcr-Schritt beschrieben!<\/p>\n<p>&nbsp;<\/p>\n<p>MEHR VARIANTEN UND IDEEN von flei\u00dfigen Helfer und H\u00e4nden?<\/p>\n<p><a href=\"https:\/\/dadade.eu\/?page_id=5389\"><b>Klicke hier<\/b><\/a><\/p>\n<p>&nbsp;<\/p>\n<p>&nbsp;<\/p>\n<p>&nbsp;<\/p>\n","protected":false},"excerpt":{"rendered":"<div id=\"cc-m-13954443088\">\n<p>du brauchst ein originelles Geschenk, eine sch\u00f6ne Herbstdekoration,<\/p>\n<p>Dann ab an die H\u00e4kelnadel,<\/p>\n<p>Ein K\u00fcrbis ist immer und \u00fcberall herbstlich willkommen. auch zu Halloween,<\/p>\n<p>Mit Wolle der Nadelst\u00e4rke 2 werden die Wichtel ungef\u00e4hr ;<\/p>\n<p>das Wichtel-M\u00e4dchen; 17cm hoch,\u00a0der Wichtel-Junge; 20cm hoch<\/p>\n<\/div>\n<div id=\"cc-m-13954443188\" class=\"j-module n j-text \">\n<p>Tipp;<\/p>\n<p>wer lieber mit dickerer Wolle arbeitet; Auch in Gro\u00df sind diese K\u00fcrbis-Wichtel eine tolle Dekoration, oder man hat K\u00fcrbis-Wichtel zum Kuscheln,<\/p>\n<div id=\"cc-m-13954443088\">\n<div id=\"cc-m-13758358088\">\n<h3><\/h3>\n<h3>Diese Anleitungen findet man nur in meinen Shops auf den verschiedenen Plattformen<\/h3>\n<h3><strong><a href=\"https:\/\/www.crazypatterns.net\/de\/items\/8284\/kuerbis-wichtel-kumani-amp-kuno-die-herbstdeko-gehaekelt\" target=\"_blank\" rel=\"noopener\">crazypattern<\/a><\/strong><\/h3>\n<h3><strong><a href=\"https:\/\/www.mypatterns.de\/haekeln\/kuerbis-wichtel-kumani-kuno-gehaekelt-von-dadade-6223\" target=\"_blank\" rel=\"noopener\">mypatterns<\/a><\/strong><\/h3>\n<h3><\/h3>\n<h3><\/h3>\n<\/div>\n<\/div>\n<p>&nbsp;<\/p>\n<p>&nbsp;<\/p>\n<\/div>\n","protected":false},"featured_media":17459,"template":"","meta":[],"product_brand":[],"product_cat":[52],"product_tag":[90,295,233,242,182,694,334,87,94,93,1057,126,92,1114,245,180,294,165,183,95,96],"class_list":{"0":"post-17458","1":"product","2":"type-product","3":"status-publish","4":"has-post-thumbnail","6":"product_cat-herbst-halloween","7":"product_tag-amigurumi","8":"product_tag-anleitung","9":"product_tag-dekoration","10":"product_tag-dekoration-haekeln","11":"product_tag-fein","12":"product_tag-feste","13":"product_tag-geburtstag","14":"product_tag-geschenk","15":"product_tag-haekelanleitung","16":"product_tag-haekeln","17":"product_tag-halloween","18":"product_tag-herbst","19":"product_tag-kinder","20":"product_tag-kuerbis","21":"product_tag-kuschelige-haekeltiere","22":"product_tag-kuscheltier","23":"product_tag-mitbringsel","24":"product_tag-wichtel","25":"product_tag-witzig","26":"product_tag-wolle","27":"product_tag-wollreste","29":"first","30":"instock","31":"virtual","32":"product-type-simple"},"_links":{"self":[{"href":"https:\/\/dadade.eu\/index.php?rest_route=\/wp\/v2\/product\/17458","targetHints":{"allow":["GET"]}}],"collection":[{"href":"https:\/\/dadade.eu\/index.php?rest_route=\/wp\/v2\/product"}],"about":[{"href":"https:\/\/dadade.eu\/index.php?rest_route=\/wp\/v2\/types\/product"}],"wp:featuredmedia":[{"embeddable":true,"href":"https:\/\/dadade.eu\/index.php?rest_route=\/wp\/v2\/media\/17459"}],"wp:attachment":[{"href":"https:\/\/dadade.eu\/index.php?rest_route=%2Fwp%2Fv2%2Fmedia&parent=17458"}],"wp:term":[{"taxonomy":"product_brand","embeddable":true,"href":"https:\/\/dadade.eu\/index.php?rest_route=%2Fwp%2Fv2%2Fproduct_brand&post=17458"},{"taxonomy":"product_cat","embeddable":true,"href":"https:\/\/dadade.eu\/index.php?rest_route=%2Fwp%2Fv2%2Fproduct_cat&post=17458"},{"taxonomy":"product_tag","embeddable":true,"href":"https:\/\/dadade.eu\/index.php?rest_route=%2Fwp%2Fv2%2Fproduct_tag&post=17458"}],"curies":[{"name":"wp","href":"https:\/\/api.w.org\/{rel}","templated":true}]}}