{"id":17297,"date":"2023-07-21T23:06:15","date_gmt":"2023-07-21T21:06:15","guid":{"rendered":"https:\/\/dadade.eu\/?post_type=product&#038;p=17297"},"modified":"2023-07-29T10:12:57","modified_gmt":"2023-07-29T08:12:57","slug":"in-australien-feiert-man-ostern-und-weihnachten","status":"publish","type":"product","link":"https:\/\/dadade.eu\/?product=in-australien-feiert-man-ostern-und-weihnachten","title":{"rendered":"in Australien feiert man Ostern und Weihnachten"},"content":{"rendered":"<p>&nbsp;<\/p>\n<p>Die Anleitung ist ausf\u00fchrlich mit vielen Bildern hinterlegt<\/p>\n<p>und wird Schritt-f\u00fcr-Schritt beschrieben!<\/p>\n<p>&nbsp;<\/p>\n<p>MEHR VARIANTEN UND IDEEN von flei\u00dfigen Helfer und H\u00e4nden?<\/p>\n<p><a href=\"https:\/\/dadade.eu\/?p=16797\"><b>Klicke hier<\/b><\/a><\/p>\n<p>&nbsp;<\/p>\n<p>&nbsp;<\/p>\n<p>&nbsp;<\/p>\n","protected":false},"excerpt":{"rendered":"<div id=\"cc-m-13954443088\">\n<p>K\u00e4nguru und Koala,<\/p>\n<p><strong>feiern\u00a0 Weihnachten<\/strong><\/p>\n<p>mit dem Schlitten &amp; dem Weihnachts-Sack. und nat\u00fcrlich auch die Anleitung f\u00fcr das Geweih, Zuckerstangen,<\/p>\n<p>sowie die Weihnachtsm\u00fctzen von K\u00e4nguru und Koala,<\/p>\n<p>Die etwas andere Weihnachtsdekoration, oder als witziges Weihnachtsgeschenk.<\/p>\n<p>Im Schlitten ist Platz f\u00fcr ein Pr\u00e4sent oder auch f\u00fcr mehrere kleine Geschenke.<\/p>\n<p><strong>feiern Ostern<\/strong><\/p>\n<p>mit dem Osterwagen, mit dazu geh\u00f6rt nat\u00fcrlich auch die Anleitung f\u00fcr das Osterzubeh\u00f6r von K\u00e4nguru und Koala,<\/p>\n<p>Als etwas andere Osterdekoration, oder als witziges Ostergeschenk.<\/p>\n<p>Im Osterwagen kann man auch ein Geschenk verstecken.<\/p>\n<p>Das K\u00e4nguru ist ca 12cm lang, mit Schwanz, und 10 cm hoch, der Koala 12cm hoch. mit einer Nadelst\u00e4rke 2 geh\u00e4kelt.<\/p>\n<p>&nbsp;<\/p>\n<\/div>\n<div id=\"cc-m-13954443188\" class=\"j-module n j-text \">\n<div id=\"cc-m-13954443088\">\n<div id=\"cc-m-13758358088\">\n<h3>Diese Anleitungen findet man nur in meinen Shops auf den verschiedenen Plattformen<\/h3>\n<h3><strong><a href=\"https:\/\/www.crazypatterns.net\/de\/items\/13476\/kaenguru-und-koala-feiern-ostern-in-australien-gehaekelt-von-dadade\">Ostern bei crazypattern<\/a><\/strong><\/h3>\n<h3><strong><a href=\"https:\/\/www.mypatterns.de\/haekeln\/kaenguru-und-koala-feiern-ostern-in-australien-dadade-3414\">Ostern bei mypatterns<\/a><\/strong><\/h3>\n<h3><strong><a href=\"https:\/\/www.mypatterns.de\/haekeln\/australische-weihnachten-mit-koala-und-kaenguru-von-dadade-2108\">Weihnachten bei mypatterns<\/a><\/strong><\/h3>\n<h4><\/h4>\n<h4><strong>oder schreibt mich einfach an<\/strong><\/h4>\n<p><strong><span style=\"color: #367614; font-size: 30px;\">dadade65@gmx.de\u00a0<\/span><\/strong><\/p>\n<h3><\/h3>\n<\/div>\n<\/div>\n<p>&nbsp;<\/p>\n<p>&nbsp;<\/p>\n<\/div>\n","protected":false},"featured_media":17318,"template":"","meta":[],"product_brand":[],"product_cat":[51,384],"product_tag":[684,90,295,1125,1126,233,242,182,694,1344,87,1319,94,93,92,234,722,1320,754,180,1345,1303,1310,1124,1346,294,1309,161,681,683,1343,302,183,95,96],"class_list":{"0":"post-17297","1":"product","2":"type-product","3":"status-publish","4":"has-post-thumbnail","6":"product_cat-fruehling-ostern","7":"product_cat-winter-weihnachten","8":"product_tag-advent","9":"product_tag-amigurumi","10":"product_tag-anleitung","11":"product_tag-beleuchtet","12":"product_tag-beleuchtung","13":"product_tag-dekoration","14":"product_tag-dekoration-haekeln","15":"product_tag-fein","16":"product_tag-feste","17":"product_tag-gelb","18":"product_tag-geschenk","19":"product_tag-glitzerwolle","20":"product_tag-haekelanleitung","21":"product_tag-haekeln","22":"product_tag-kinder","23":"product_tag-kinderzimmer","24":"product_tag-kissen","25":"product_tag-kugel","26":"product_tag-kuschelkissen","27":"product_tag-kuscheltier","28":"product_tag-led","29":"product_tag-led-kugel","30":"product_tag-led-lichterkette","31":"product_tag-lichter","32":"product_tag-lichterkette","33":"product_tag-mitbringsel","34":"product_tag-schnee","35":"product_tag-stern","36":"product_tag-ueberraschung","37":"product_tag-weihnachten","38":"product_tag-weihnachtsbeleuchtung","39":"product_tag-winter","40":"product_tag-witzig","41":"product_tag-wolle","42":"product_tag-wollreste","44":"first","45":"instock","46":"virtual","47":"product-type-simple"},"_links":{"self":[{"href":"https:\/\/dadade.eu\/index.php?rest_route=\/wp\/v2\/product\/17297","targetHints":{"allow":["GET"]}}],"collection":[{"href":"https:\/\/dadade.eu\/index.php?rest_route=\/wp\/v2\/product"}],"about":[{"href":"https:\/\/dadade.eu\/index.php?rest_route=\/wp\/v2\/types\/product"}],"wp:featuredmedia":[{"embeddable":true,"href":"https:\/\/dadade.eu\/index.php?rest_route=\/wp\/v2\/media\/17318"}],"wp:attachment":[{"href":"https:\/\/dadade.eu\/index.php?rest_route=%2Fwp%2Fv2%2Fmedia&parent=17297"}],"wp:term":[{"taxonomy":"product_brand","embeddable":true,"href":"https:\/\/dadade.eu\/index.php?rest_route=%2Fwp%2Fv2%2Fproduct_brand&post=17297"},{"taxonomy":"product_cat","embeddable":true,"href":"https:\/\/dadade.eu\/index.php?rest_route=%2Fwp%2Fv2%2Fproduct_cat&post=17297"},{"taxonomy":"product_tag","embeddable":true,"href":"https:\/\/dadade.eu\/index.php?rest_route=%2Fwp%2Fv2%2Fproduct_tag&post=17297"}],"curies":[{"name":"wp","href":"https:\/\/api.w.org\/{rel}","templated":true}]}}