{"id":17241,"date":"2021-12-21T20:10:45","date_gmt":"2021-12-21T19:10:45","guid":{"rendered":"https:\/\/dadade.eu\/?post_type=product&#038;p=17241"},"modified":"2024-01-15T16:08:08","modified_gmt":"2024-01-15T15:08:08","slug":"led-lampen-auch-fuers-kinderzimmer","status":"publish","type":"product","link":"https:\/\/dadade.eu\/?product=led-lampen-auch-fuers-kinderzimmer","title":{"rendered":"L213 &#8211; 218 LED-Lampen &#8211; auch f\u00fcrs Kinderzimmer"},"content":{"rendered":"<p>mehr dazu findet ihr hier;<\/p>\n<p><a href=\"https:\/\/dadade.eu\/?product_cat=deko-ideen-mit-licht\"><b>LED-Licht<\/b><\/a><\/p>\n<p>&nbsp;<\/p>\n<p><a href=\"https:\/\/dadade.eu\/?product=kleiner-weihnachtsmann-auf-led-kugel-kuschel-nikolaus-h503\" target=\"_blank\" rel=\"noopener\"><strong><u>L213 Nikolaus auf der Kugeln<\/u><\/strong><\/a><\/p>\n<p><a href=\"https:\/\/dadade.eu\/?product=die-schneemann-auf-der-kugel-deko-oder-adventskranz-h504\" target=\"_blank\" rel=\"noopener\"><strong><u>L214 Schneem\u00e4nner mit Kugeln<\/u><\/strong><\/a><\/p>\n<p><a href=\"https:\/\/dadade.eu\/?product=pinguin-papa-moechte-ein-rentier-sein-die-led-dekoration-mit-kinder-h506\" target=\"_blank\" rel=\"noopener\"><strong><u>L216 Kugel Pinguin-Familie<\/u><\/strong><\/a><\/p>\n<p><a href=\"https:\/\/dadade.eu\/?product=rentier-mit-kugel-bauch-die-led-dekoration-h507\" target=\"_blank\" rel=\"noopener\"><strong><u>L217 Kugel Rentier<\/u><\/strong><\/a><\/p>\n<p><a href=\"https:\/\/dadade.eu\/?product=der-weihnachts-elf-mit-kugel-bauch-die-led-dekoration-h508\" target=\"_blank\" rel=\"noopener\"><strong><u>L218 Kugel Weihnachts-Elf<\/u><\/strong><\/a><\/p>\n<p>&nbsp;<\/p>\n<p>mehr Bilder, von flei\u00dfigen Helfer und H\u00e4nde<\/p>\n<p><strong><a href=\"https:\/\/dadade.eu\/?p=9515\">KLICKE HIER<\/a><\/strong><\/p>\n<p>&nbsp;<\/p>\n<p>&nbsp;<\/p>\n","protected":false},"excerpt":{"rendered":"<div id=\"cc-m-13954443088\">\n<div id=\"cc-m-13758358088\">\n<p>Diese s\u00fc\u00dfen Kugeln\u00a0 k\u00f6nnen die Nacht erhellen, und auch im Kinderzimmer k\u00f6nnen sie gl\u00e4nzen<\/p>\n<\/div>\n<\/div>\n<div id=\"cc-m-13954443188\" class=\"j-module n j-text \">\n<p>Die Kugel sind hier geschlossen, man kann sie nicht \u00f6ffnen.<\/p>\n<p>Diese Kugel-Lampen haben viele Gestaltungsm\u00f6glichkeiten, nicht nur f\u00fcr Weihnachten \u2013 die Deko bringt das ganze Jahr Freude ins Kinderzimmer!<\/p>\n<\/div>\n<p>mehr dazu findet ihr hier; <a href=\"https:\/\/dadade.eu\/?product_cat=deko-ideen-mit-licht\"><b>LED-Licht<\/b><\/a><\/p>\n<p>&nbsp;<\/p>\n<p>&nbsp;<\/p>\n","protected":false},"featured_media":17451,"template":"","meta":[],"product_brand":[],"product_cat":[16],"product_tag":[90,89,1197,1332,1337,87,493,298,94,93,92,88,800,1331,91,1158,1324,1325,1321,1198,95,96],"class_list":{"0":"post-17241","1":"product","2":"type-product","3":"status-publish","4":"has-post-thumbnail","6":"product_cat-alle","7":"product_tag-amigurumi","8":"product_tag-baby","9":"product_tag-elf","10":"product_tag-elf-beleuchtet","11":"product_tag-elf-haekeln","12":"product_tag-geschenk","13":"product_tag-geschenk-kinder","14":"product_tag-geschenkverpackung","15":"product_tag-haekelanleitung","16":"product_tag-haekeln","17":"product_tag-kinder","18":"product_tag-kuscheltier-haekeln","19":"product_tag-lampe","20":"product_tag-lebkuchenmaennchen-lampe","21":"product_tag-plueschtier","22":"product_tag-schneemann","23":"product_tag-schneemann-beleuchtet","24":"product_tag-schneemann-kugel","25":"product_tag-weihnachts-wichtel-mit-licht","26":"product_tag-weihnachtself","27":"product_tag-wolle","28":"product_tag-wollreste","30":"first","31":"instock","32":"shipping-taxable","33":"product-type-simple"},"_links":{"self":[{"href":"https:\/\/dadade.eu\/index.php?rest_route=\/wp\/v2\/product\/17241","targetHints":{"allow":["GET"]}}],"collection":[{"href":"https:\/\/dadade.eu\/index.php?rest_route=\/wp\/v2\/product"}],"about":[{"href":"https:\/\/dadade.eu\/index.php?rest_route=\/wp\/v2\/types\/product"}],"wp:featuredmedia":[{"embeddable":true,"href":"https:\/\/dadade.eu\/index.php?rest_route=\/wp\/v2\/media\/17451"}],"wp:attachment":[{"href":"https:\/\/dadade.eu\/index.php?rest_route=%2Fwp%2Fv2%2Fmedia&parent=17241"}],"wp:term":[{"taxonomy":"product_brand","embeddable":true,"href":"https:\/\/dadade.eu\/index.php?rest_route=%2Fwp%2Fv2%2Fproduct_brand&post=17241"},{"taxonomy":"product_cat","embeddable":true,"href":"https:\/\/dadade.eu\/index.php?rest_route=%2Fwp%2Fv2%2Fproduct_cat&post=17241"},{"taxonomy":"product_tag","embeddable":true,"href":"https:\/\/dadade.eu\/index.php?rest_route=%2Fwp%2Fv2%2Fproduct_tag&post=17241"}],"curies":[{"name":"wp","href":"https:\/\/api.w.org\/{rel}","templated":true}]}}