{"id":17120,"date":"2022-12-21T14:36:43","date_gmt":"2022-12-21T13:36:43","guid":{"rendered":"https:\/\/dadade.eu\/?post_type=product&#038;p=17120"},"modified":"2024-01-15T16:08:17","modified_gmt":"2024-01-15T15:08:17","slug":"l005-7-geschenkverpackung-led-lichter","status":"publish","type":"product","link":"https:\/\/dadade.eu\/?product=l005-7-geschenkverpackung-led-lichter","title":{"rendered":"L005 -7 Geschenkverpackung &#038; LED-Lichter f\u00fcr die Weihnachtszeit"},"content":{"rendered":"<p>mehr dazu findet ihr hier;<\/p>\n<p><a href=\"https:\/\/dadade.eu\/?product_cat=deko-ideen-mit-licht\"><b>LED-Licht<\/b><\/a><\/p>\n<p>&nbsp;<\/p>\n<p><a href=\"https:\/\/dadade.eu\/?product=pinguin-mit-baby-led-lampe-und-geschenkverpackung-l003\" target=\"_blank\" rel=\"noopener\"><strong><u>L003 Pinguin mit Mini-Pinguin<\/u><\/strong><\/a><\/p>\n<p><a href=\"https:\/\/dadade.eu\/?product=schneemann-led-lampe-und-geschenkverpackung-l005\" target=\"_blank\" rel=\"noopener\"><strong><u>L005 Geschenk-Kugel Schneemann<\/u><\/strong><\/a><\/p>\n<p><a href=\"https:\/\/dadade.eu\/?product=lebkuchen-mann-led-lampe-und-geschenkverpackung-l006\" target=\"_blank\" rel=\"noopener\"><strong><u>L006 Geschenk-Kugel Lebkuchen<\/u><\/strong><\/a><\/p>\n<p><a href=\"https:\/\/dadade.eu\/?product=weihnachts-elf-oder-wichtel-led-lampe-und-geschenkverpackung-l007\" target=\"_blank\" rel=\"noopener\"><strong><u>L007 Geschenk-Kugel Elf<\/u><\/strong><\/a><\/p>\n<p>&nbsp;<\/p>\n<p>mehr Bilder, von flei\u00dfigen Helfer und H\u00e4nde<\/p>\n<p><strong><a href=\"https:\/\/dadade.eu\/?p=9515\">KLICKE HIER<\/a><\/strong><\/p>\n<p>&nbsp;<\/p>\n<p>&nbsp;<\/p>\n","protected":false},"excerpt":{"rendered":"<div id=\"cc-m-13954443088\">\n<div id=\"cc-m-13758358088\">\n<p>Diese s\u00fc\u00dfen Kugeln\u00a0 k\u00f6nnen zuerst als Geschenkverpackung mit ihrem Inhalt gl\u00e4nzen, ob mit einem P\u00e4ckchen, S\u00fc\u00dfem, Kugeln, oder einfach Deko!<\/p>\n<\/div>\n<\/div>\n<div id=\"cc-m-13954443188\" class=\"j-module n j-text \">\n<p>Oder einfach mit einer LED-Lichterkette als Lampe hell strahlen. Zus\u00e4tzlich gibt es noch eine kleinen Mini dazu &#8211; zum Kuscheln, spielen oder auch f\u00fcr in die Lampe.<\/p>\n<p>Diese Geschenk-Kugel hat viele Gestaltungsm\u00f6glichkeiten, nicht nur f\u00fcr Weihnachten \u2013 die Deko bringt das ganze Jahr Freude ins Kinderzimmer!<\/p>\n<\/div>\n<p>mehr dazu findet ihr hier; <a href=\"https:\/\/dadade.eu\/?product_cat=deko-ideen-mit-licht\"><b>LED-Licht<\/b><\/a><\/p>\n<p>&nbsp;<\/p>\n<p>&nbsp;<\/p>\n","protected":false},"featured_media":17121,"template":"","meta":[],"product_brand":[],"product_cat":[16],"product_tag":[90,89,1197,1332,1337,87,493,298,94,93,92,88,800,1328,1336,1335,1329,1330,1331,91,1158,1324,1326,1325,1333,1321,1198,95,96],"class_list":{"0":"post-17120","1":"product","2":"type-product","3":"status-publish","4":"has-post-thumbnail","6":"product_cat-alle","7":"product_tag-amigurumi","8":"product_tag-baby","9":"product_tag-elf","10":"product_tag-elf-beleuchtet","11":"product_tag-elf-haekeln","12":"product_tag-geschenk","13":"product_tag-geschenk-kinder","14":"product_tag-geschenkverpackung","15":"product_tag-haekelanleitung","16":"product_tag-haekeln","17":"product_tag-kinder","18":"product_tag-kuscheltier-haekeln","19":"product_tag-lampe","20":"product_tag-lebkuchen","21":"product_tag-lebkuchen-haekeln","22":"product_tag-lebkuchenmann","23":"product_tag-lebkuchenmann-beleuchtet","24":"product_tag-lebkuchenmaennchen-geschenkverpackung","25":"product_tag-lebkuchenmaennchen-lampe","26":"product_tag-plueschtier","27":"product_tag-schneemann","28":"product_tag-schneemann-beleuchtet","29":"product_tag-schneemann-geschenkverpackung","30":"product_tag-schneemann-kugel","31":"product_tag-weihnachts-elf-geschenkverpackung","32":"product_tag-weihnachts-wichtel-mit-licht","33":"product_tag-weihnachtself","34":"product_tag-wolle","35":"product_tag-wollreste","37":"first","38":"instock","39":"shipping-taxable","40":"product-type-simple"},"_links":{"self":[{"href":"https:\/\/dadade.eu\/index.php?rest_route=\/wp\/v2\/product\/17120","targetHints":{"allow":["GET"]}}],"collection":[{"href":"https:\/\/dadade.eu\/index.php?rest_route=\/wp\/v2\/product"}],"about":[{"href":"https:\/\/dadade.eu\/index.php?rest_route=\/wp\/v2\/types\/product"}],"wp:featuredmedia":[{"embeddable":true,"href":"https:\/\/dadade.eu\/index.php?rest_route=\/wp\/v2\/media\/17121"}],"wp:attachment":[{"href":"https:\/\/dadade.eu\/index.php?rest_route=%2Fwp%2Fv2%2Fmedia&parent=17120"}],"wp:term":[{"taxonomy":"product_brand","embeddable":true,"href":"https:\/\/dadade.eu\/index.php?rest_route=%2Fwp%2Fv2%2Fproduct_brand&post=17120"},{"taxonomy":"product_cat","embeddable":true,"href":"https:\/\/dadade.eu\/index.php?rest_route=%2Fwp%2Fv2%2Fproduct_cat&post=17120"},{"taxonomy":"product_tag","embeddable":true,"href":"https:\/\/dadade.eu\/index.php?rest_route=%2Fwp%2Fv2%2Fproduct_tag&post=17120"}],"curies":[{"name":"wp","href":"https:\/\/api.w.org\/{rel}","templated":true}]}}