{"id":17073,"date":"2022-12-16T12:51:02","date_gmt":"2022-12-16T11:51:02","guid":{"rendered":"https:\/\/dadade.eu\/?post_type=product&#038;p=17073"},"modified":"2025-03-29T23:19:31","modified_gmt":"2025-03-29T22:19:31","slug":"weihnachts-elf-oder-wichtel-led-lampe-und-geschenkverpackung-l007","status":"publish","type":"product","link":"https:\/\/dadade.eu\/?product=weihnachts-elf-oder-wichtel-led-lampe-und-geschenkverpackung-l007","title":{"rendered":"Weihnachts-Elf oder Wichtel, LED-Lampe und Geschenkverpackung (L207)"},"content":{"rendered":"<p>Die Anleitung ist ausf\u00fchrlich mit vielen Bildern hinterlegt<\/p>\n<p>und wird auf 17 Seiten Schritt-f\u00fcr-Schritt beschrieben!<\/p>\n<p>zus\u00e4tzlich geh\u00f6rt noch eine Anleitung f\u00fcr das Zusammenbauen der LED-Kugel dazu.<\/p>\n<p>MEHR VARIANTEN UND IDEEN von flei\u00dfigen Helfer und H\u00e4nden?<\/p>\n<p><a href=\"https:\/\/dadade.eu\/?p=11002\"><b>Klicke hier<\/b><\/a><\/p>\n<p>&nbsp;<\/p>\n<p>&nbsp;<\/p>\n<p>&nbsp;<\/p>\n","protected":false},"excerpt":{"rendered":"<div id=\"cc-m-13954443088\">\n<p>Hier kauft man die H\u00e4kelanleitung f\u00fcr diesen flei\u00dfigen Weihnachts-Elf,<\/p>\n<p>er kann in seinem Bauch Geschenke transportieren, sowie in seinem Sack.<\/p>\n<p>Die Kugel kann auf Wunsch als Geschenkverpackung mit ihrem Inhalt gl\u00e4nzen, z.B. mit Schokolade, Gutscheinen oder kleinen P\u00e4ckchen,<\/p>\n<p>oder mit einer LED-Lichterkette als Lampe in der dunklen Jahreszeit hell strahlen.<\/p>\n<p>Mit dieser Anleitung hat man eine sch\u00f6ne\u00a0 Dekoration zur Weihnachtszeit,<\/p>\n<p>&nbsp;<\/p>\n<p>Mit der Nadelst\u00e4rke 4 geh\u00e4kelt ist der Elf ungef\u00e4hr; im sitzen 40cm hoch<\/p>\n<p>H\u00e4ngend ca 50cm<\/p>\n<p>Als Weihnachtsgeschenk ist es schnell geh\u00e4kelt und auch schon f\u00fcr Anf\u00e4nger geeignet.<\/p>\n<\/div>\n","protected":false},"featured_media":17075,"template":"","meta":[],"product_brand":[],"product_cat":[56,790,792,384],"product_tag":[684,90,295,1125,1126,233,242,1197,1332,694,87,94,93,92,245,180,88,243,244,1310,294,392,683,1333,1334,302,183,95,96],"class_list":{"0":"post-17073","1":"product","2":"type-product","3":"status-publish","4":"has-post-thumbnail","6":"product_cat-2einfach","7":"product_cat-deko-ideen-mit-licht","8":"product_cat-weihnachten","9":"product_cat-winter-weihnachten","10":"product_tag-advent","11":"product_tag-amigurumi","12":"product_tag-anleitung","13":"product_tag-beleuchtet","14":"product_tag-beleuchtung","15":"product_tag-dekoration","16":"product_tag-dekoration-haekeln","17":"product_tag-elf","18":"product_tag-elf-beleuchtet","19":"product_tag-feste","20":"product_tag-geschenk","21":"product_tag-haekelanleitung","22":"product_tag-haekeln","23":"product_tag-kinder","24":"product_tag-kuschelige-haekeltiere","25":"product_tag-kuscheltier","26":"product_tag-kuscheltier-haekeln","27":"product_tag-kuschelwolle","28":"product_tag-kuschelwolle-haekeln","29":"product_tag-led-lichterkette","30":"product_tag-mitbringsel","31":"product_tag-plueschtier-haekeln","32":"product_tag-weihnachten","33":"product_tag-weihnachts-elf-geschenkverpackung","34":"product_tag-wichtel-lampe","35":"product_tag-winter","36":"product_tag-witzig","37":"product_tag-wolle","38":"product_tag-wollreste","40":"first","41":"instock","42":"downloadable","43":"shipping-taxable","44":"purchasable","45":"product-type-simple"},"_links":{"self":[{"href":"https:\/\/dadade.eu\/index.php?rest_route=\/wp\/v2\/product\/17073","targetHints":{"allow":["GET"]}}],"collection":[{"href":"https:\/\/dadade.eu\/index.php?rest_route=\/wp\/v2\/product"}],"about":[{"href":"https:\/\/dadade.eu\/index.php?rest_route=\/wp\/v2\/types\/product"}],"wp:featuredmedia":[{"embeddable":true,"href":"https:\/\/dadade.eu\/index.php?rest_route=\/wp\/v2\/media\/17075"}],"wp:attachment":[{"href":"https:\/\/dadade.eu\/index.php?rest_route=%2Fwp%2Fv2%2Fmedia&parent=17073"}],"wp:term":[{"taxonomy":"product_brand","embeddable":true,"href":"https:\/\/dadade.eu\/index.php?rest_route=%2Fwp%2Fv2%2Fproduct_brand&post=17073"},{"taxonomy":"product_cat","embeddable":true,"href":"https:\/\/dadade.eu\/index.php?rest_route=%2Fwp%2Fv2%2Fproduct_cat&post=17073"},{"taxonomy":"product_tag","embeddable":true,"href":"https:\/\/dadade.eu\/index.php?rest_route=%2Fwp%2Fv2%2Fproduct_tag&post=17073"}],"curies":[{"name":"wp","href":"https:\/\/api.w.org\/{rel}","templated":true}]}}