{"id":17038,"date":"2022-12-16T12:05:05","date_gmt":"2022-12-16T11:05:05","guid":{"rendered":"https:\/\/dadade.eu\/?post_type=product&#038;p=17038"},"modified":"2025-02-24T14:35:47","modified_gmt":"2025-02-24T13:35:47","slug":"schneemann-led-lampe-und-geschenkverpackung-l005","status":"publish","type":"product","link":"https:\/\/dadade.eu\/?product=schneemann-led-lampe-und-geschenkverpackung-l005","title":{"rendered":"Schneemann, LED-Lampe und Geschenkverpackung (L205)"},"content":{"rendered":"<p>Die Anleitung ist ausf\u00fchrlich mit vielen Bildern hinterlegt<\/p>\n<p>und wird auf 15 Seiten Schritt-f\u00fcr-Schritt beschrieben!<\/p>\n<p>zus\u00e4tzlich geh\u00f6rt noch eine Anleitung f\u00fcr das Zusammenbauen der LED-Kugel dazu.<\/p>\n<p>MEHR VARIANTEN UND IDEEN von flei\u00dfigen Helfer und H\u00e4nden?<\/p>\n<p><a href=\"https:\/\/dadade.eu\/?p=11002\"><b>Klicke hier<\/b><\/a><\/p>\n<p>&nbsp;<\/p>\n<p>&nbsp;<\/p>\n<p>&nbsp;<\/p>\n","protected":false},"excerpt":{"rendered":"<div id=\"cc-m-13954443088\">\n<p>Hier kauft man die H\u00e4kelanleitung f\u00fcr diesen variablen Schneemann,<\/p>\n<p>Sie kann auf Wunsch als Geschenkverpackung mit ihrem Inhalt gl\u00e4nzen<\/p>\n<p>oder mit einer LED-Lichterkette als Lampe hell strahlen.<\/p>\n<p>Mit dieser Anleitung hat man eine sch\u00f6ne\u00a0 Dekoration, vor allem in der dunklen Jahreszeit<\/p>\n<p>&nbsp;<\/p>\n<p>Mit der Nadelst\u00e4rke 4 geh\u00e4kelt ist der Schneemann ohne M\u00fctze ungef\u00e4hr; 27cm hoch<\/p>\n<p>Als Weihnachtsgeschenk ist der Schneemann schnell geh\u00e4kelt und auch schon f\u00fcr Anf\u00e4nger geeignet.<\/p>\n<p>&nbsp;<\/p>\n<\/div>\n<div id=\"cc-m-13954443188\" class=\"j-module n j-text \">\n<p>&nbsp;<\/p>\n<p>&nbsp;<\/p>\n<\/div>\n","protected":false},"featured_media":17049,"template":"","meta":[],"product_brand":[],"product_cat":[56,790,792,384],"product_tag":[684,90,295,1125,1126,233,242,694,87,94,93,92,245,180,88,243,244,1310,294,392,1158,1324,1326,1325,1327,683,302,183,95,96],"class_list":{"0":"post-17038","1":"product","2":"type-product","3":"status-publish","4":"has-post-thumbnail","6":"product_cat-2einfach","7":"product_cat-deko-ideen-mit-licht","8":"product_cat-weihnachten","9":"product_cat-winter-weihnachten","10":"product_tag-advent","11":"product_tag-amigurumi","12":"product_tag-anleitung","13":"product_tag-beleuchtet","14":"product_tag-beleuchtung","15":"product_tag-dekoration","16":"product_tag-dekoration-haekeln","17":"product_tag-feste","18":"product_tag-geschenk","19":"product_tag-haekelanleitung","20":"product_tag-haekeln","21":"product_tag-kinder","22":"product_tag-kuschelige-haekeltiere","23":"product_tag-kuscheltier","24":"product_tag-kuscheltier-haekeln","25":"product_tag-kuschelwolle","26":"product_tag-kuschelwolle-haekeln","27":"product_tag-led-lichterkette","28":"product_tag-mitbringsel","29":"product_tag-plueschtier-haekeln","30":"product_tag-schneemann","31":"product_tag-schneemann-beleuchtet","32":"product_tag-schneemann-geschenkverpackung","33":"product_tag-schneemann-kugel","34":"product_tag-schneemann-lampe","35":"product_tag-weihnachten","36":"product_tag-winter","37":"product_tag-witzig","38":"product_tag-wolle","39":"product_tag-wollreste","41":"first","42":"instock","43":"downloadable","44":"shipping-taxable","45":"purchasable","46":"product-type-simple"},"_links":{"self":[{"href":"https:\/\/dadade.eu\/index.php?rest_route=\/wp\/v2\/product\/17038","targetHints":{"allow":["GET"]}}],"collection":[{"href":"https:\/\/dadade.eu\/index.php?rest_route=\/wp\/v2\/product"}],"about":[{"href":"https:\/\/dadade.eu\/index.php?rest_route=\/wp\/v2\/types\/product"}],"wp:featuredmedia":[{"embeddable":true,"href":"https:\/\/dadade.eu\/index.php?rest_route=\/wp\/v2\/media\/17049"}],"wp:attachment":[{"href":"https:\/\/dadade.eu\/index.php?rest_route=%2Fwp%2Fv2%2Fmedia&parent=17038"}],"wp:term":[{"taxonomy":"product_brand","embeddable":true,"href":"https:\/\/dadade.eu\/index.php?rest_route=%2Fwp%2Fv2%2Fproduct_brand&post=17038"},{"taxonomy":"product_cat","embeddable":true,"href":"https:\/\/dadade.eu\/index.php?rest_route=%2Fwp%2Fv2%2Fproduct_cat&post=17038"},{"taxonomy":"product_tag","embeddable":true,"href":"https:\/\/dadade.eu\/index.php?rest_route=%2Fwp%2Fv2%2Fproduct_tag&post=17038"}],"curies":[{"name":"wp","href":"https:\/\/api.w.org\/{rel}","templated":true}]}}