{"id":16969,"date":"2016-12-20T21:11:58","date_gmt":"2016-12-20T20:11:58","guid":{"rendered":"https:\/\/dadade.eu\/?post_type=product&#038;p=16969"},"modified":"2023-09-14T09:43:53","modified_gmt":"2023-09-14T07:43:53","slug":"weihnachts-wichtel-wummel-winnie-die-led-dekoration-h509","status":"publish","type":"product","link":"https:\/\/dadade.eu\/?product=weihnachts-wichtel-wummel-winnie-die-led-dekoration-h509","title":{"rendered":"Weihnachts-Wichtel Wummel &#038; Winnie, die LED-Dekoration (H509)"},"content":{"rendered":"<p><img fetchpriority=\"high\" decoding=\"async\" class=\"alignnone size-medium wp-image-16976\" src=\"https:\/\/dadade.eu\/wp-content\/uploads\/2016\/12\/Weihnachts-Wichtel-beleuchtet-13-300x225.jpg\" alt=\"\" width=\"300\" height=\"225\" srcset=\"https:\/\/dadade.eu\/wp-content\/uploads\/2016\/12\/Weihnachts-Wichtel-beleuchtet-13-300x225.jpg 300w, https:\/\/dadade.eu\/wp-content\/uploads\/2016\/12\/Weihnachts-Wichtel-beleuchtet-13-600x450.jpg 600w, https:\/\/dadade.eu\/wp-content\/uploads\/2016\/12\/Weihnachts-Wichtel-beleuchtet-13-64x48.jpg 64w, https:\/\/dadade.eu\/wp-content\/uploads\/2016\/12\/Weihnachts-Wichtel-beleuchtet-13-1024x768.jpg 1024w, https:\/\/dadade.eu\/wp-content\/uploads\/2016\/12\/Weihnachts-Wichtel-beleuchtet-13-768x576.jpg 768w, https:\/\/dadade.eu\/wp-content\/uploads\/2016\/12\/Weihnachts-Wichtel-beleuchtet-13-1536x1152.jpg 1536w, https:\/\/dadade.eu\/wp-content\/uploads\/2016\/12\/Weihnachts-Wichtel-beleuchtet-13-2048x1536.jpg 2048w\" sizes=\"(max-width: 300px) 100vw, 300px\" \/>der kleine Wichtel Winnie mit Stern<\/p>\n<p><img decoding=\"async\" class=\"alignnone size-medium wp-image-16979\" src=\"https:\/\/dadade.eu\/wp-content\/uploads\/2016\/12\/Weihnachts-Wichtel-beleuchtet-23--300x225.jpg\" alt=\"\" width=\"300\" height=\"225\" srcset=\"https:\/\/dadade.eu\/wp-content\/uploads\/2016\/12\/Weihnachts-Wichtel-beleuchtet-23--300x225.jpg 300w, https:\/\/dadade.eu\/wp-content\/uploads\/2016\/12\/Weihnachts-Wichtel-beleuchtet-23--600x450.jpg 600w, https:\/\/dadade.eu\/wp-content\/uploads\/2016\/12\/Weihnachts-Wichtel-beleuchtet-23--64x48.jpg 64w, https:\/\/dadade.eu\/wp-content\/uploads\/2016\/12\/Weihnachts-Wichtel-beleuchtet-23--1024x768.jpg 1024w, https:\/\/dadade.eu\/wp-content\/uploads\/2016\/12\/Weihnachts-Wichtel-beleuchtet-23--768x576.jpg 768w, https:\/\/dadade.eu\/wp-content\/uploads\/2016\/12\/Weihnachts-Wichtel-beleuchtet-23--1536x1152.jpg 1536w, https:\/\/dadade.eu\/wp-content\/uploads\/2016\/12\/Weihnachts-Wichtel-beleuchtet-23--2048x1536.jpg 2048w\" sizes=\"(max-width: 300px) 100vw, 300px\" \/>der gro\u00dfe Wichtel Wummel mit Herz<\/p>\n<p>&nbsp;<\/p>\n<p>Die Anleitung ist ausf\u00fchrlich mit vielen Bildern hinterlegt und wird auf 36 Seiten Schritt-f\u00fcr-Schritt beschrieben!<\/p>\n<p>MEHR VARIANTEN UND IDEEN von flei\u00dfigen Helfer und H\u00e4nden?<\/p>\n<p><a href=\"https:\/\/dadade.eu\/?p=16797\"><b>Klicke hier<\/b><\/a><\/p>\n<p>&nbsp;<\/p>\n<p>&nbsp;<\/p>\n<p>&nbsp;<\/p>\n","protected":false},"excerpt":{"rendered":"<div id=\"cc-m-13954443088\">\n<p>Hier kauft man die H\u00e4kelanleitung f\u00fcr die beiden Weihnachtswichtel, sowie f\u00fcr das Herz und den Stern.<\/p>\n<p>Die beiden frechen Wichtel leuchten am Abend und sorgen f\u00fcr Gem\u00fctlichkeit.<\/p>\n<p>Dekoriere Sie nach Lust und Laune, ob aufh\u00e4ngen oder hinstellen, lass deiner Fantasie freien Lauf<\/p>\n<p>Oder du suchst ein Mitbringsel und Weihnachtsgeschenk, die beiden Wichtel sind schnell und einfach geh\u00e4kelt.<\/p>\n<p>Mit Strumpfwolle der Nadelst\u00e4rke 2-3 wird der gro\u00dfe Wichtel ungef\u00e4hr ; 35-40cm hoch,<\/p>\n<p>der kleine Wichtel ungef\u00e4hr ; 30-36cm hoch,<\/p>\n<\/div>\n<div id=\"cc-m-13954443188\" class=\"j-module n j-text \">\n<p>&nbsp;<\/p>\n<p>&nbsp;<\/p>\n<p>&nbsp;<\/p>\n<\/div>\n","protected":false},"featured_media":16970,"template":"","meta":[],"product_brand":[],"product_cat":[56,48,70,792,384],"product_tag":[684,90,295,1125,1305,1322,1318,1126,233,242,694,87,1319,94,93,279,92,1320,1303,1310,294,161,681,683,1321,1317,165,302,183,95,96],"class_list":{"0":"post-16969","1":"product","2":"type-product","3":"status-publish","4":"has-post-thumbnail","6":"product_cat-2einfach","7":"product_cat-haus-deko","8":"product_cat-maxi","9":"product_cat-weihnachten","10":"product_cat-winter-weihnachten","11":"product_tag-advent","12":"product_tag-amigurumi","13":"product_tag-anleitung","14":"product_tag-beleuchtet","15":"product_tag-beleuchtete-kugel","16":"product_tag-beleuchtete-weihnachtsdekoration","17":"product_tag-beleuchteter-wichtel","18":"product_tag-beleuchtung","19":"product_tag-dekoration","20":"product_tag-dekoration-haekeln","21":"product_tag-feste","22":"product_tag-geschenk","23":"product_tag-glitzerwolle","24":"product_tag-haekelanleitung","25":"product_tag-haekeln","26":"product_tag-herz","27":"product_tag-kinder","28":"product_tag-kugel","29":"product_tag-led-kugel","30":"product_tag-led-lichterkette","31":"product_tag-mitbringsel","32":"product_tag-stern","33":"product_tag-ueberraschung","34":"product_tag-weihnachten","35":"product_tag-weihnachts-wichtel-mit-licht","36":"product_tag-weihnachtswichtel","37":"product_tag-wichtel","38":"product_tag-winter","39":"product_tag-witzig","40":"product_tag-wolle","41":"product_tag-wollreste","43":"first","44":"instock","45":"downloadable","46":"shipping-taxable","47":"purchasable","48":"product-type-simple"},"_links":{"self":[{"href":"https:\/\/dadade.eu\/index.php?rest_route=\/wp\/v2\/product\/16969","targetHints":{"allow":["GET"]}}],"collection":[{"href":"https:\/\/dadade.eu\/index.php?rest_route=\/wp\/v2\/product"}],"about":[{"href":"https:\/\/dadade.eu\/index.php?rest_route=\/wp\/v2\/types\/product"}],"wp:featuredmedia":[{"embeddable":true,"href":"https:\/\/dadade.eu\/index.php?rest_route=\/wp\/v2\/media\/16970"}],"wp:attachment":[{"href":"https:\/\/dadade.eu\/index.php?rest_route=%2Fwp%2Fv2%2Fmedia&parent=16969"}],"wp:term":[{"taxonomy":"product_brand","embeddable":true,"href":"https:\/\/dadade.eu\/index.php?rest_route=%2Fwp%2Fv2%2Fproduct_brand&post=16969"},{"taxonomy":"product_cat","embeddable":true,"href":"https:\/\/dadade.eu\/index.php?rest_route=%2Fwp%2Fv2%2Fproduct_cat&post=16969"},{"taxonomy":"product_tag","embeddable":true,"href":"https:\/\/dadade.eu\/index.php?rest_route=%2Fwp%2Fv2%2Fproduct_tag&post=16969"}],"curies":[{"name":"wp","href":"https:\/\/api.w.org\/{rel}","templated":true}]}}