{"id":16837,"date":"2016-11-20T11:53:30","date_gmt":"2016-11-20T10:53:30","guid":{"rendered":"https:\/\/dadade.eu\/?post_type=product&#038;p=16837"},"modified":"2023-12-13T00:26:56","modified_gmt":"2023-12-12T23:26:56","slug":"die-schneemann-auf-der-kugel-deko-oder-adventskranz-h504","status":"publish","type":"product","link":"https:\/\/dadade.eu\/?product=die-schneemann-auf-der-kugel-deko-oder-adventskranz-h504","title":{"rendered":"Schneemann auf der Kugel, Deko-Lampe oder Adventskranz (L214)"},"content":{"rendered":"<p>&nbsp;<\/p>\n<p><img fetchpriority=\"high\" decoding=\"async\" class=\"alignnone size-medium wp-image-16860\" src=\"https:\/\/dadade.eu\/wp-content\/uploads\/2023\/07\/Advnetskranz-Schneemann-4a-300x225.jpg\" alt=\"\" width=\"300\" height=\"225\" srcset=\"https:\/\/dadade.eu\/wp-content\/uploads\/2023\/07\/Advnetskranz-Schneemann-4a-300x225.jpg 300w, https:\/\/dadade.eu\/wp-content\/uploads\/2023\/07\/Advnetskranz-Schneemann-4a-600x450.jpg 600w, https:\/\/dadade.eu\/wp-content\/uploads\/2023\/07\/Advnetskranz-Schneemann-4a-64x48.jpg 64w, https:\/\/dadade.eu\/wp-content\/uploads\/2023\/07\/Advnetskranz-Schneemann-4a-1024x768.jpg 1024w, https:\/\/dadade.eu\/wp-content\/uploads\/2023\/07\/Advnetskranz-Schneemann-4a-768x576.jpg 768w, https:\/\/dadade.eu\/wp-content\/uploads\/2023\/07\/Advnetskranz-Schneemann-4a-1536x1152.jpg 1536w, https:\/\/dadade.eu\/wp-content\/uploads\/2023\/07\/Advnetskranz-Schneemann-4a-2048x1536.jpg 2048w\" sizes=\"(max-width: 300px) 100vw, 300px\" \/>der Kleinste h\u00e4ngt an der 8cm Kugel<\/p>\n<p><img decoding=\"async\" class=\"size-medium wp-image-16861 alignnone\" src=\"https:\/\/dadade.eu\/wp-content\/uploads\/2023\/07\/Advnetskranz-Schneemann-4b-300x225.jpg\" alt=\"\" width=\"300\" height=\"225\" srcset=\"https:\/\/dadade.eu\/wp-content\/uploads\/2023\/07\/Advnetskranz-Schneemann-4b-300x225.jpg 300w, https:\/\/dadade.eu\/wp-content\/uploads\/2023\/07\/Advnetskranz-Schneemann-4b-600x450.jpg 600w, https:\/\/dadade.eu\/wp-content\/uploads\/2023\/07\/Advnetskranz-Schneemann-4b-64x48.jpg 64w, https:\/\/dadade.eu\/wp-content\/uploads\/2023\/07\/Advnetskranz-Schneemann-4b-1024x768.jpg 1024w, https:\/\/dadade.eu\/wp-content\/uploads\/2023\/07\/Advnetskranz-Schneemann-4b-768x576.jpg 768w, https:\/\/dadade.eu\/wp-content\/uploads\/2023\/07\/Advnetskranz-Schneemann-4b-1536x1152.jpg 1536w, https:\/\/dadade.eu\/wp-content\/uploads\/2023\/07\/Advnetskranz-Schneemann-4b-2048x1536.jpg 2048w\" sizes=\"(max-width: 300px) 100vw, 300px\" \/>Schneemann Nummer 2 sitzt auf der 10cm Kugel<\/p>\n<p><img decoding=\"async\" class=\"alignnone size-medium wp-image-16862\" src=\"https:\/\/dadade.eu\/wp-content\/uploads\/2023\/07\/Advnetskranz-Schneemann-4c-300x225.jpg\" alt=\"\" width=\"300\" height=\"225\" srcset=\"https:\/\/dadade.eu\/wp-content\/uploads\/2023\/07\/Advnetskranz-Schneemann-4c-300x225.jpg 300w, https:\/\/dadade.eu\/wp-content\/uploads\/2023\/07\/Advnetskranz-Schneemann-4c-600x450.jpg 600w, https:\/\/dadade.eu\/wp-content\/uploads\/2023\/07\/Advnetskranz-Schneemann-4c-64x48.jpg 64w, https:\/\/dadade.eu\/wp-content\/uploads\/2023\/07\/Advnetskranz-Schneemann-4c-1024x768.jpg 1024w, https:\/\/dadade.eu\/wp-content\/uploads\/2023\/07\/Advnetskranz-Schneemann-4c-768x576.jpg 768w, https:\/\/dadade.eu\/wp-content\/uploads\/2023\/07\/Advnetskranz-Schneemann-4c-1536x1152.jpg 1536w, https:\/\/dadade.eu\/wp-content\/uploads\/2023\/07\/Advnetskranz-Schneemann-4c-2048x1536.jpg 2048w\" sizes=\"(max-width: 300px) 100vw, 300px\" \/>Schneemann Nummer 3 schl\u00e4ft auf der 12cm Kugel<\/p>\n<p><img loading=\"lazy\" decoding=\"async\" class=\"wp-image-16863 alignleft\" src=\"https:\/\/dadade.eu\/wp-content\/uploads\/2023\/07\/Advnetskranz-Schneemann-4d-300x225.jpg\" alt=\"\" width=\"298\" height=\"223\" srcset=\"https:\/\/dadade.eu\/wp-content\/uploads\/2023\/07\/Advnetskranz-Schneemann-4d-300x225.jpg 300w, https:\/\/dadade.eu\/wp-content\/uploads\/2023\/07\/Advnetskranz-Schneemann-4d-600x450.jpg 600w, https:\/\/dadade.eu\/wp-content\/uploads\/2023\/07\/Advnetskranz-Schneemann-4d-64x48.jpg 64w, https:\/\/dadade.eu\/wp-content\/uploads\/2023\/07\/Advnetskranz-Schneemann-4d-1024x768.jpg 1024w, https:\/\/dadade.eu\/wp-content\/uploads\/2023\/07\/Advnetskranz-Schneemann-4d-768x576.jpg 768w, https:\/\/dadade.eu\/wp-content\/uploads\/2023\/07\/Advnetskranz-Schneemann-4d-1536x1152.jpg 1536w, https:\/\/dadade.eu\/wp-content\/uploads\/2023\/07\/Advnetskranz-Schneemann-4d-2048x1536.jpg 2048w\" sizes=\"(max-width: 298px) 100vw, 298px\" \/><\/p>\n<p>&nbsp;<\/p>\n<p>&nbsp;<\/p>\n<p>&nbsp;<\/p>\n<p>&nbsp;<\/p>\n<p>&nbsp;<\/p>\n<p>der gr\u00f6\u00dfte Schneemann rutscht auf der 14cm Kugel um<\/p>\n<p>&nbsp;<\/p>\n<p>Die Anleitung ist ausf\u00fchrlich mit vielen Bildern hinterlegt und wird auf 35 Seiten Schritt-f\u00fcr-Schritt beschrieben!<\/p>\n<p>MEHR VARIANTEN UND IDEEN von flei\u00dfigen Helfer und H\u00e4nden?<\/p>\n<p><a href=\"https:\/\/dadade.eu\/?p=16797\"><b>Klicke hier<\/b><\/a><\/p>\n<p>&nbsp;<\/p>\n<p>&nbsp;<\/p>\n<p>&nbsp;<\/p>\n","protected":false},"excerpt":{"rendered":"<div id=\"cc-m-13954443088\">\n<p>Hier kauft man die H\u00e4kelanleitung f\u00fcr die 4 Schneem\u00e4nner mit ihren verschiedenen M\u00fctzen,<\/p>\n<p>sowie f\u00fcr die Kugeln, in 4 verschiedenen Gr\u00f6\u00dfen<\/p>\n<p><img loading=\"lazy\" decoding=\"async\" class=\"alignnone wp-image-16868\" src=\"https:\/\/dadade.eu\/wp-content\/uploads\/2023\/07\/Advnetskranz-Schneemann-3a-300x225.jpg\" alt=\"\" width=\"260\" height=\"195\" srcset=\"https:\/\/dadade.eu\/wp-content\/uploads\/2023\/07\/Advnetskranz-Schneemann-3a-300x225.jpg 300w, https:\/\/dadade.eu\/wp-content\/uploads\/2023\/07\/Advnetskranz-Schneemann-3a-600x450.jpg 600w, https:\/\/dadade.eu\/wp-content\/uploads\/2023\/07\/Advnetskranz-Schneemann-3a-64x48.jpg 64w, https:\/\/dadade.eu\/wp-content\/uploads\/2023\/07\/Advnetskranz-Schneemann-3a-1024x768.jpg 1024w, https:\/\/dadade.eu\/wp-content\/uploads\/2023\/07\/Advnetskranz-Schneemann-3a-768x576.jpg 768w, https:\/\/dadade.eu\/wp-content\/uploads\/2023\/07\/Advnetskranz-Schneemann-3a-1536x1152.jpg 1536w, https:\/\/dadade.eu\/wp-content\/uploads\/2023\/07\/Advnetskranz-Schneemann-3a-2048x1536.jpg 2048w\" sizes=\"(max-width: 260px) 100vw, 260px\" \/>Du suchst einen Adventskranz ohne Kerzen, hier hast du eine neue Idee, mit LED-Lichter sind die 4 Schneem\u00e4nner als Adventskranz<\/p>\n<p><img loading=\"lazy\" decoding=\"async\" class=\"alignnone wp-image-16869\" src=\"https:\/\/dadade.eu\/wp-content\/uploads\/2023\/07\/Advnetskranz-Schneemann-3b-Kopie-300x225.jpg\" alt=\"\" width=\"257\" height=\"192\" srcset=\"https:\/\/dadade.eu\/wp-content\/uploads\/2023\/07\/Advnetskranz-Schneemann-3b-Kopie-300x225.jpg 300w, https:\/\/dadade.eu\/wp-content\/uploads\/2023\/07\/Advnetskranz-Schneemann-3b-Kopie-600x450.jpg 600w, https:\/\/dadade.eu\/wp-content\/uploads\/2023\/07\/Advnetskranz-Schneemann-3b-Kopie-64x48.jpg 64w, https:\/\/dadade.eu\/wp-content\/uploads\/2023\/07\/Advnetskranz-Schneemann-3b-Kopie-1024x768.jpg 1024w, https:\/\/dadade.eu\/wp-content\/uploads\/2023\/07\/Advnetskranz-Schneemann-3b-Kopie-768x576.jpg 768w, https:\/\/dadade.eu\/wp-content\/uploads\/2023\/07\/Advnetskranz-Schneemann-3b-Kopie-1536x1152.jpg 1536w, https:\/\/dadade.eu\/wp-content\/uploads\/2023\/07\/Advnetskranz-Schneemann-3b-Kopie-2048x1536.jpg 2048w\" sizes=\"(max-width: 257px) 100vw, 257px\" \/><\/p>\n<p>oder auch als Dekoration der Hingucker und das nicht nur f\u00fcr Weihnachten.<\/p>\n<p>Einzeln sind sie auch ein tolles Mitbringsel und Weihnachtsgeschenk.<\/p>\n<p>Die Kugel\u00a0 ist geschlossen, man kann sie nicht \u00f6ffnen.<\/p>\n<p><img loading=\"lazy\" decoding=\"async\" class=\"alignnone wp-image-17042\" src=\"https:\/\/dadade.eu\/wp-content\/uploads\/2023\/07\/xKugel-Schneemann-11-300x225.jpg\" alt=\"\" width=\"215\" height=\"161\" srcset=\"https:\/\/dadade.eu\/wp-content\/uploads\/2023\/07\/xKugel-Schneemann-11-300x225.jpg 300w, https:\/\/dadade.eu\/wp-content\/uploads\/2023\/07\/xKugel-Schneemann-11-600x450.jpg 600w, https:\/\/dadade.eu\/wp-content\/uploads\/2023\/07\/xKugel-Schneemann-11-64x48.jpg 64w, https:\/\/dadade.eu\/wp-content\/uploads\/2023\/07\/xKugel-Schneemann-11-1024x768.jpg 1024w, https:\/\/dadade.eu\/wp-content\/uploads\/2023\/07\/xKugel-Schneemann-11-768x576.jpg 768w, https:\/\/dadade.eu\/wp-content\/uploads\/2023\/07\/xKugel-Schneemann-11.jpg 1400w\" sizes=\"(max-width: 215px) 100vw, 215px\" \/>Bei diesem <strong><a href=\"https:\/\/dadade.eu\/?product=schneemann-led-lampe-und-geschenkverpackung-l005\">Schneemann (L205)<\/a><\/strong> ist die Kugel offen, extra um ein Geschenk hinein zu legen.<\/p>\n<p>Die Kugeln sind ganz einfach geh\u00e4kelt, sodass sie auch f\u00fcr Anf\u00e4nger geeignet sind.<\/p>\n<p>Mit Wolle der Nadelst\u00e4rke 2 werden die Schneem\u00e4nner ungef\u00e4hr ; 10cm hoch, ohne Kugel<\/p>\n<\/div>\n<div id=\"cc-m-13954443188\" class=\"j-module n j-text \">\n<p>&nbsp;<\/p>\n<p>&nbsp;<\/p>\n<p>&nbsp;<\/p>\n<\/div>\n","protected":false},"featured_media":16867,"template":"","meta":[],"product_brand":[],"product_cat":[56,48,790,70,792,384],"product_tag":[684,90,295,1125,1305,1126,233,242,182,694,87,94,93,92,1306,180,88,243,244,1303,1310,294,1309,1158,681,683,302,183,95,96],"class_list":{"0":"post-16837","1":"product","2":"type-product","3":"status-publish","4":"has-post-thumbnail","6":"product_cat-2einfach","7":"product_cat-haus-deko","8":"product_cat-deko-ideen-mit-licht","9":"product_cat-maxi","10":"product_cat-weihnachten","11":"product_cat-winter-weihnachten","12":"product_tag-advent","13":"product_tag-amigurumi","14":"product_tag-anleitung","15":"product_tag-beleuchtet","16":"product_tag-beleuchtete-kugel","17":"product_tag-beleuchtung","18":"product_tag-dekoration","19":"product_tag-dekoration-haekeln","20":"product_tag-fein","21":"product_tag-feste","22":"product_tag-geschenk","23":"product_tag-haekelanleitung","24":"product_tag-haekeln","25":"product_tag-kinder","26":"product_tag-kuschel-nikolaus","27":"product_tag-kuscheltier","28":"product_tag-kuscheltier-haekeln","29":"product_tag-kuschelwolle","30":"product_tag-kuschelwolle-haekeln","31":"product_tag-led-kugel","32":"product_tag-led-lichterkette","33":"product_tag-mitbringsel","34":"product_tag-schnee","35":"product_tag-schneemann","36":"product_tag-ueberraschung","37":"product_tag-weihnachten","38":"product_tag-winter","39":"product_tag-witzig","40":"product_tag-wolle","41":"product_tag-wollreste","43":"first","44":"instock","45":"downloadable","46":"shipping-taxable","47":"purchasable","48":"product-type-simple"},"_links":{"self":[{"href":"https:\/\/dadade.eu\/index.php?rest_route=\/wp\/v2\/product\/16837","targetHints":{"allow":["GET"]}}],"collection":[{"href":"https:\/\/dadade.eu\/index.php?rest_route=\/wp\/v2\/product"}],"about":[{"href":"https:\/\/dadade.eu\/index.php?rest_route=\/wp\/v2\/types\/product"}],"wp:featuredmedia":[{"embeddable":true,"href":"https:\/\/dadade.eu\/index.php?rest_route=\/wp\/v2\/media\/16867"}],"wp:attachment":[{"href":"https:\/\/dadade.eu\/index.php?rest_route=%2Fwp%2Fv2%2Fmedia&parent=16837"}],"wp:term":[{"taxonomy":"product_brand","embeddable":true,"href":"https:\/\/dadade.eu\/index.php?rest_route=%2Fwp%2Fv2%2Fproduct_brand&post=16837"},{"taxonomy":"product_cat","embeddable":true,"href":"https:\/\/dadade.eu\/index.php?rest_route=%2Fwp%2Fv2%2Fproduct_cat&post=16837"},{"taxonomy":"product_tag","embeddable":true,"href":"https:\/\/dadade.eu\/index.php?rest_route=%2Fwp%2Fv2%2Fproduct_tag&post=16837"}],"curies":[{"name":"wp","href":"https:\/\/api.w.org\/{rel}","templated":true}]}}