{"id":16770,"date":"2022-12-01T22:35:46","date_gmt":"2022-12-01T21:35:46","guid":{"rendered":"https:\/\/dadade.eu\/?post_type=product&#038;p=16770"},"modified":"2024-12-08T21:11:51","modified_gmt":"2024-12-08T20:11:51","slug":"kleiner-weihnachtsmann-auf-led-kugel-kuschel-nikolaus-h503","status":"publish","type":"product","link":"https:\/\/dadade.eu\/?product=kleiner-weihnachtsmann-auf-led-kugel-kuschel-nikolaus-h503","title":{"rendered":"Weihnachtsmann auf LED-Kugel &#038; Kuschel-Nikolaus (L213)"},"content":{"rendered":"<p><img fetchpriority=\"high\" decoding=\"async\" class=\"alignnone size-medium wp-image-16786\" src=\"https:\/\/dadade.eu\/wp-content\/uploads\/2023\/07\/xNikolaus-von-Kugel-beleuchtet-5b-300x225.jpg\" alt=\"\" width=\"300\" height=\"225\" srcset=\"https:\/\/dadade.eu\/wp-content\/uploads\/2023\/07\/xNikolaus-von-Kugel-beleuchtet-5b-300x225.jpg 300w, https:\/\/dadade.eu\/wp-content\/uploads\/2023\/07\/xNikolaus-von-Kugel-beleuchtet-5b-600x450.jpg 600w, https:\/\/dadade.eu\/wp-content\/uploads\/2023\/07\/xNikolaus-von-Kugel-beleuchtet-5b-64x48.jpg 64w, https:\/\/dadade.eu\/wp-content\/uploads\/2023\/07\/xNikolaus-von-Kugel-beleuchtet-5b-1024x768.jpg 1024w, https:\/\/dadade.eu\/wp-content\/uploads\/2023\/07\/xNikolaus-von-Kugel-beleuchtet-5b-768x576.jpg 768w, https:\/\/dadade.eu\/wp-content\/uploads\/2023\/07\/xNikolaus-von-Kugel-beleuchtet-5b.jpg 1400w\" sizes=\"(max-width: 300px) 100vw, 300px\" \/>der Nikolaus mit Chenillewolle, er wird ca 60cm gro\u00df<\/p>\n<p><img decoding=\"async\" class=\"alignnone size-medium wp-image-16775\" src=\"https:\/\/dadade.eu\/wp-content\/uploads\/2023\/07\/Kugel-beleuchtet-Nikolaus-5-300x225.jpg\" alt=\"\" width=\"300\" height=\"225\" srcset=\"https:\/\/dadade.eu\/wp-content\/uploads\/2023\/07\/Kugel-beleuchtet-Nikolaus-5-300x225.jpg 300w, https:\/\/dadade.eu\/wp-content\/uploads\/2023\/07\/Kugel-beleuchtet-Nikolaus-5-600x450.jpg 600w, https:\/\/dadade.eu\/wp-content\/uploads\/2023\/07\/Kugel-beleuchtet-Nikolaus-5-64x48.jpg 64w, https:\/\/dadade.eu\/wp-content\/uploads\/2023\/07\/Kugel-beleuchtet-Nikolaus-5-1024x768.jpg 1024w, https:\/\/dadade.eu\/wp-content\/uploads\/2023\/07\/Kugel-beleuchtet-Nikolaus-5-768x576.jpg 768w, https:\/\/dadade.eu\/wp-content\/uploads\/2023\/07\/Kugel-beleuchtet-Nikolaus-5-1536x1152.jpg 1536w, https:\/\/dadade.eu\/wp-content\/uploads\/2023\/07\/Kugel-beleuchtet-Nikolaus-5-2048x1536.jpg 2048w\" sizes=\"(max-width: 300px) 100vw, 300px\" \/>der Nikolaus auf der Kugel ist ca 12cm hoch<\/p>\n<p>Die Anleitung ist ausf\u00fchrlich mit vielen Bildern hinterlegt<\/p>\n<p>und wird auf 20 (Nikolaus-Kugel) und 10 (Zusatz f\u00fcr Chenillewolle) Seiten Schritt-f\u00fcr-Schritt beschrieben!<\/p>\n<p>&nbsp;<\/p>\n<p>MEHR VARIANTEN UND IDEEN von flei\u00dfigen Helfer und H\u00e4nden?<\/p>\n<p><a href=\"https:\/\/dadade.eu\/?p=16797\"><b>Klicke hier<\/b><\/a><\/p>\n<p>&nbsp;<\/p>\n<p>&nbsp;<\/p>\n<p>&nbsp;<\/p>\n","protected":false},"excerpt":{"rendered":"<div id=\"cc-m-13954443088\">\n<p>Hier kauft man die H\u00e4kelanleitung f\u00fcr den Nikolaus, in 2 Varianten<\/p>\n<div id=\"cc-m-12939547088\">\n<p><strong>1.die Leuchtkugel mit dem kleinen Nikolaus<\/strong>.<\/p>\n<p>Dekorieren nach Lust und Laune, ob aufh\u00e4ngen oder hinstellen, lass deiner Fantasie freien Lauf.<\/p>\n<p>Die Kugel eignet sich auch als Mitbringsel und Geschenkverpackung, in den Sack kann man noch ein kleines Geschenk stecken.<\/p>\n<p>Die Kugel, sowie der Nikolaus, \u00a0sind extra ganz einfach geh\u00e4kelt, sodass sie auch f\u00fcr Anf\u00e4nger geeignet sind.<\/p>\n<p>Die Kugel im Bauch vom Nikolaus ist geschlossen, man kann sie nicht \u00f6ffnen.<\/p>\n<p>Die Anleitung beinhaltet die 14cm Kugel und der Nikolaus mit Sack, der Nikolaus wird ohne Kugel ungef\u00e4hr; 12cm hoch<\/p>\n<\/div>\n<\/div>\n<p><strong>2.der Kleine-jetzt kuschelig gro\u00df<\/strong><\/p>\n<p>der gro\u00dfe Nikolaus ist im Stehen, ca 60cm,<\/p>\n<p>es muss mit einem Pferd oder einem Hirsch vorlieb nehmen, da die Rentiere noch nicht eingetroffen sind<\/p>\n<div id=\"cc-m-13954443188\" class=\"j-module n j-text \">\n<p>&nbsp;<\/p>\n<p>&nbsp;<\/p>\n<p>&nbsp;<\/p>\n<\/div>\n","protected":false},"featured_media":16794,"template":"","meta":[],"product_brand":[],"product_cat":[56,48,790,70,792,384],"product_tag":[90,1125,1305,242,87,94,93,92,1304,1306,245,180,88,243,244,1303,1282,1302,392,1283,95,96],"class_list":{"0":"post-16770","1":"product","2":"type-product","3":"status-publish","4":"has-post-thumbnail","6":"product_cat-2einfach","7":"product_cat-haus-deko","8":"product_cat-deko-ideen-mit-licht","9":"product_cat-maxi","10":"product_cat-weihnachten","11":"product_cat-winter-weihnachten","12":"product_tag-amigurumi","13":"product_tag-beleuchtet","14":"product_tag-beleuchtete-kugel","15":"product_tag-dekoration-haekeln","16":"product_tag-geschenk","17":"product_tag-haekelanleitung","18":"product_tag-haekeln","19":"product_tag-kinder","20":"product_tag-kuschel-weihnachtsmann","21":"product_tag-kuschel-nikolaus","22":"product_tag-kuschelige-haekeltiere","23":"product_tag-kuscheltier","24":"product_tag-kuscheltier-haekeln","25":"product_tag-kuschelwolle","26":"product_tag-kuschelwolle-haekeln","27":"product_tag-led-kugel","28":"product_tag-nikolaus","29":"product_tag-pluesch-nikolaus","30":"product_tag-plueschtier-haekeln","31":"product_tag-weihnachtsmann","32":"product_tag-wolle","33":"product_tag-wollreste","35":"first","36":"instock","37":"downloadable","38":"shipping-taxable","39":"purchasable","40":"product-type-simple"},"_links":{"self":[{"href":"https:\/\/dadade.eu\/index.php?rest_route=\/wp\/v2\/product\/16770","targetHints":{"allow":["GET"]}}],"collection":[{"href":"https:\/\/dadade.eu\/index.php?rest_route=\/wp\/v2\/product"}],"about":[{"href":"https:\/\/dadade.eu\/index.php?rest_route=\/wp\/v2\/types\/product"}],"wp:featuredmedia":[{"embeddable":true,"href":"https:\/\/dadade.eu\/index.php?rest_route=\/wp\/v2\/media\/16794"}],"wp:attachment":[{"href":"https:\/\/dadade.eu\/index.php?rest_route=%2Fwp%2Fv2%2Fmedia&parent=16770"}],"wp:term":[{"taxonomy":"product_brand","embeddable":true,"href":"https:\/\/dadade.eu\/index.php?rest_route=%2Fwp%2Fv2%2Fproduct_brand&post=16770"},{"taxonomy":"product_cat","embeddable":true,"href":"https:\/\/dadade.eu\/index.php?rest_route=%2Fwp%2Fv2%2Fproduct_cat&post=16770"},{"taxonomy":"product_tag","embeddable":true,"href":"https:\/\/dadade.eu\/index.php?rest_route=%2Fwp%2Fv2%2Fproduct_tag&post=16770"}],"curies":[{"name":"wp","href":"https:\/\/api.w.org\/{rel}","templated":true}]}}