{"id":16702,"date":"2020-11-19T18:30:59","date_gmt":"2020-11-19T17:30:59","guid":{"rendered":"https:\/\/dadade.eu\/?post_type=product&#038;p=16702"},"modified":"2023-12-06T00:07:40","modified_gmt":"2023-12-05T23:07:40","slug":"tuer-kranz-mit-erdmaennchen-h095","status":"publish","type":"product","link":"https:\/\/dadade.eu\/?product=tuer-kranz-mit-erdmaennchen-h095","title":{"rendered":"T\u00fcr-Kranz mit Erdm\u00e4nnchen (H095)"},"content":{"rendered":"<p><img fetchpriority=\"high\" decoding=\"async\" class=\"alignnone size-medium wp-image-8310\" src=\"https:\/\/dadade.eu\/wp-content\/uploads\/2023\/02\/0xTuerkranz-1-300x225.jpg\" alt=\"\" width=\"300\" height=\"225\" srcset=\"https:\/\/dadade.eu\/wp-content\/uploads\/2023\/02\/0xTuerkranz-1-300x225.jpg 300w, https:\/\/dadade.eu\/wp-content\/uploads\/2023\/02\/0xTuerkranz-1-600x450.jpg 600w, https:\/\/dadade.eu\/wp-content\/uploads\/2023\/02\/0xTuerkranz-1-64x48.jpg 64w, https:\/\/dadade.eu\/wp-content\/uploads\/2023\/02\/0xTuerkranz-1-1024x768.jpg 1024w, https:\/\/dadade.eu\/wp-content\/uploads\/2023\/02\/0xTuerkranz-1-768x576.jpg 768w, https:\/\/dadade.eu\/wp-content\/uploads\/2023\/02\/0xTuerkranz-1.jpg 1400w\" sizes=\"(max-width: 300px) 100vw, 300px\" \/>die Erdm\u00e4nnchen erobern den <strong><a href=\"https:\/\/dadade.eu\/?product=kleiner-tannen-kranz-h001\">kleinen Tannen-Kranz, den gibt es hier auch einzeln<\/a><\/strong><\/p>\n<p>Die Anleitung ist jedoch ausf\u00fchrlich mit vielen Bildern hinterlegt und wird auf 22 Seiten Schritt-f\u00fcr-Schritt beschrieben!<\/p>\n<p>Mit dem Kauf erh\u00e4lt man eine leicht verst\u00e4ndliche H\u00e4kelanleitung im praktischen PDF-Format.<\/p>\n<p>Die Anleitung ist auch schon f\u00fcr Anf\u00e4nger geeignet.<\/p>\n<p>&nbsp;<\/p>\n<p>viele Bilder und Ideen \u00a0f\u00fcr\u00a0<strong>Weihnachtskr\u00e4nze<\/strong>\u00a0von flei\u00dfigen Helfer und H\u00e4nden findet ihr hier<\/p>\n<p><strong><a href=\"https:\/\/dadade.eu\/?p=15173\">KLICKE HIER<\/a><\/strong><\/p>\n<p>&nbsp;<\/p>\n<p>&nbsp;<\/p>\n<p>&nbsp;<\/p>\n","protected":false},"excerpt":{"rendered":"<div id=\"cc-m-13954443088\" class=\"j-module n j-text \">\n<p>Hier kauft man nur die H\u00e4kelanleitung sowie den 3 Erdm\u00e4nnchen.<\/p>\n<p><strong>Variante1 <\/strong>Der Kranz ist ein au\u00dfergew\u00f6hnlicher Adventskranz, der die Zeit vor Weihnachten begleitet,<\/p>\n<p><strong>Variante2<\/strong> als Deko-Kranz mit nur 1 oder 2 Kerzen, f\u00fcr eine stimmungsvolle Zeit, auch noch\u00a0 \u00fcber die Weihnachten hinaus.<\/p>\n<p><strong>Variante3 <\/strong>als T\u00fcrkranz hei\u00dft er jeden Gast willkommen, das ganze Jahr \u00fcber kann man den Kranz immer neu schm\u00fccken. Ein absolutes Muss f\u00fcr jeden Erdm\u00e4nnchen Liebhaber.<\/p>\n<p>Das Sch\u00f6ne an dem Kranz ist, dass die Tiere nach Weihnachten, wenn der Kranz abgebaut wird, den Kindern als kleines Kuscheltier den Tag vers\u00fc\u00dfen.<\/p>\n<p>Lass deiner Fantasie freien Lauf, und dekorier den Kranz nach Lust und Laune.<\/p>\n<p>Mit Wolle der Nadelst\u00e4rke 4 wird der Kranz, von Spitze zu Spitze ungef\u00e4hr; 37cm<\/p>\n<p>&nbsp;<\/p>\n<p><strong><a href=\"https:\/\/dadade.eu\/?p=8021\">mehr Bilder findet ihr hier<\/a><\/strong>\u00a0mit noch vielen tolle Deko-Ideen<\/p>\n<p>Lass deiner Fantasie freien Lauf, und dekorier den Kranz nach Lust und Laune.<\/p>\n<p>&nbsp;<\/p>\n<\/div>\n","protected":false},"featured_media":16721,"template":"","meta":[],"product_brand":[],"product_cat":[56,48,382,70,384],"product_tag":[684,522,1301,90,242,339,340,87,94,93,234,257,256,1195,180,243,244,181,195,523,526,258,683,95,96],"class_list":{"0":"post-16702","1":"product","2":"type-product","3":"status-publish","4":"has-post-thumbnail","6":"product_cat-2einfach","7":"product_cat-haus-deko","8":"product_cat-kraenze","9":"product_cat-maxi","10":"product_cat-winter-weihnachten","11":"product_tag-advent","12":"product_tag-adventskranz","13":"product_tag-adventskranz-haekeln","14":"product_tag-amigurumi","15":"product_tag-dekoration-haekeln","16":"product_tag-erdmaennchen","17":"product_tag-erdmaennchen-haekeln","18":"product_tag-geschenk","19":"product_tag-haekelanleitung","20":"product_tag-haekeln","21":"product_tag-kinderzimmer","22":"product_tag-kranz","23":"product_tag-kranz-haekeln","24":"product_tag-kranz-tannenbaum","25":"product_tag-kuscheltier","26":"product_tag-kuschelwolle","27":"product_tag-kuschelwolle-haekeln","28":"product_tag-lustig","29":"product_tag-praesent","30":"product_tag-tischdeko","31":"product_tag-tuerkranz","32":"product_tag-tuerkranz-haekeln","33":"product_tag-weihnachten","34":"product_tag-wolle","35":"product_tag-wollreste","37":"first","38":"instock","39":"downloadable","40":"shipping-taxable","41":"purchasable","42":"product-type-simple"},"_links":{"self":[{"href":"https:\/\/dadade.eu\/index.php?rest_route=\/wp\/v2\/product\/16702","targetHints":{"allow":["GET"]}}],"collection":[{"href":"https:\/\/dadade.eu\/index.php?rest_route=\/wp\/v2\/product"}],"about":[{"href":"https:\/\/dadade.eu\/index.php?rest_route=\/wp\/v2\/types\/product"}],"wp:featuredmedia":[{"embeddable":true,"href":"https:\/\/dadade.eu\/index.php?rest_route=\/wp\/v2\/media\/16721"}],"wp:attachment":[{"href":"https:\/\/dadade.eu\/index.php?rest_route=%2Fwp%2Fv2%2Fmedia&parent=16702"}],"wp:term":[{"taxonomy":"product_brand","embeddable":true,"href":"https:\/\/dadade.eu\/index.php?rest_route=%2Fwp%2Fv2%2Fproduct_brand&post=16702"},{"taxonomy":"product_cat","embeddable":true,"href":"https:\/\/dadade.eu\/index.php?rest_route=%2Fwp%2Fv2%2Fproduct_cat&post=16702"},{"taxonomy":"product_tag","embeddable":true,"href":"https:\/\/dadade.eu\/index.php?rest_route=%2Fwp%2Fv2%2Fproduct_tag&post=16702"}],"curies":[{"name":"wp","href":"https:\/\/api.w.org\/{rel}","templated":true}]}}