{"id":16648,"date":"2022-12-10T17:29:06","date_gmt":"2022-12-10T16:29:06","guid":{"rendered":"https:\/\/dadade.eu\/?post_type=product&#038;p=16648"},"modified":"2025-02-24T14:37:41","modified_gmt":"2025-02-24T13:37:41","slug":"kranz-mit-weihnachts-elefant-h093","status":"publish","type":"product","link":"https:\/\/dadade.eu\/?product=kranz-mit-weihnachts-elefant-h093","title":{"rendered":"Kranz mit Weihnachts-Elefant (H093)"},"content":{"rendered":"<p><img fetchpriority=\"high\" decoding=\"async\" class=\"alignnone size-medium wp-image-8310\" src=\"https:\/\/dadade.eu\/wp-content\/uploads\/2023\/02\/0xTuerkranz-1-300x225.jpg\" alt=\"\" width=\"300\" height=\"225\" srcset=\"https:\/\/dadade.eu\/wp-content\/uploads\/2023\/02\/0xTuerkranz-1-300x225.jpg 300w, https:\/\/dadade.eu\/wp-content\/uploads\/2023\/02\/0xTuerkranz-1-600x450.jpg 600w, https:\/\/dadade.eu\/wp-content\/uploads\/2023\/02\/0xTuerkranz-1-64x48.jpg 64w, https:\/\/dadade.eu\/wp-content\/uploads\/2023\/02\/0xTuerkranz-1-1024x768.jpg 1024w, https:\/\/dadade.eu\/wp-content\/uploads\/2023\/02\/0xTuerkranz-1-768x576.jpg 768w, https:\/\/dadade.eu\/wp-content\/uploads\/2023\/02\/0xTuerkranz-1.jpg 1400w\" sizes=\"(max-width: 300px) 100vw, 300px\" \/>der Elefant sitzt im <strong><a href=\"https:\/\/dadade.eu\/?product=kleiner-tannen-kranz-h001\">kleinen Tannen-Kranz, den gibt es hier auch einzeln<\/a><\/strong><\/p>\n<p>Die Anleitung ist jedoch ausf\u00fchrlich mit vielen Bildern hinterlegt und wird auf 18 Seiten Schritt-f\u00fcr-Schritt beschrieben!<\/p>\n<p>Mit dem Kauf erh\u00e4lt man eine leicht verst\u00e4ndliche H\u00e4kelanleitung im praktischen PDF-Format.<\/p>\n<p>Die Anleitung ist auch schon f\u00fcr Anf\u00e4nger geeignet.<\/p>\n<p>&nbsp;<\/p>\n<p>viele Bilder und Ideen von flei\u00dfigen Helfer und H\u00e4nden findet ihr hier<\/p>\n<p><strong><a href=\"https:\/\/dadade.eu\/?p=15173\">KLICKE HIER<\/a><\/strong><\/p>\n<p>&nbsp;<\/p>\n<p>&nbsp;<\/p>\n<p>&nbsp;<\/p>\n","protected":false},"excerpt":{"rendered":"<div id=\"cc-m-13954443088\" class=\"j-module n j-text \">\n<p>Hier kauft man nur die H\u00e4kelanleitung f\u00fcr diesen tollen Kranz, mit Elefant und Weihnachts-M\u00fctze,<\/p>\n<p>er h\u00e4ngt einfach so rum.<\/p>\n<p>Der Elefant freut sich auf Weihnachten und hei\u00dft, als T\u00fcrkranz, jeden Gast herzlich willkommen.<\/p>\n<p>Lass deiner Fantasie freien Lauf, und dekorier den Kranz nach Lust und Laune.<\/p>\n<p>Mit Wolle der Nadelst\u00e4rke 4 wird der Kranz, von Spitze zu Spitze ungef\u00e4hr; 37cm<\/p>\n<p>Der Elefant ist ungef\u00e4hr 35cm hoch<\/p>\n<p>Nat\u00fcrlich kann der Elefant auch ohne Nikolaus-Outfit geh\u00e4kelt werden<\/p>\n<p><strong><a href=\"https:\/\/dadade.eu\/?p=8021\">mehr Bilder findet ihr hier<\/a><\/strong>\u00a0mit noch vielen tolle Deko-Ideen<\/p>\n<p>Lass deiner Fantasie freien Lauf, und dekorier den Kranz nach Lust und Laune.<\/p>\n<p>&nbsp;<\/p>\n<\/div>\n","protected":false},"featured_media":16660,"template":"","meta":[],"product_brand":[],"product_cat":[56,48,382,70,384],"product_tag":[684,522,90,242,649,650,87,94,93,234,257,256,1195,180,243,244,181,195,523,1300,258,683,95,96],"class_list":{"0":"post-16648","1":"product","2":"type-product","3":"status-publish","4":"has-post-thumbnail","6":"product_cat-2einfach","7":"product_cat-haus-deko","8":"product_cat-kraenze","9":"product_cat-maxi","10":"product_cat-winter-weihnachten","11":"product_tag-advent","12":"product_tag-adventskranz","13":"product_tag-amigurumi","14":"product_tag-dekoration-haekeln","15":"product_tag-elefant","16":"product_tag-elefant-haekeln","17":"product_tag-geschenk","18":"product_tag-haekelanleitung","19":"product_tag-haekeln","20":"product_tag-kinderzimmer","21":"product_tag-kranz","22":"product_tag-kranz-haekeln","23":"product_tag-kranz-tannenbaum","24":"product_tag-kuscheltier","25":"product_tag-kuschelwolle","26":"product_tag-kuschelwolle-haekeln","27":"product_tag-lustig","28":"product_tag-praesent","29":"product_tag-tischdeko","30":"product_tag-tuerkranz-elefant","31":"product_tag-tuerkranz-haekeln","32":"product_tag-weihnachten","33":"product_tag-wolle","34":"product_tag-wollreste","36":"first","37":"instock","38":"downloadable","39":"shipping-taxable","40":"purchasable","41":"product-type-simple"},"_links":{"self":[{"href":"https:\/\/dadade.eu\/index.php?rest_route=\/wp\/v2\/product\/16648","targetHints":{"allow":["GET"]}}],"collection":[{"href":"https:\/\/dadade.eu\/index.php?rest_route=\/wp\/v2\/product"}],"about":[{"href":"https:\/\/dadade.eu\/index.php?rest_route=\/wp\/v2\/types\/product"}],"wp:featuredmedia":[{"embeddable":true,"href":"https:\/\/dadade.eu\/index.php?rest_route=\/wp\/v2\/media\/16660"}],"wp:attachment":[{"href":"https:\/\/dadade.eu\/index.php?rest_route=%2Fwp%2Fv2%2Fmedia&parent=16648"}],"wp:term":[{"taxonomy":"product_brand","embeddable":true,"href":"https:\/\/dadade.eu\/index.php?rest_route=%2Fwp%2Fv2%2Fproduct_brand&post=16648"},{"taxonomy":"product_cat","embeddable":true,"href":"https:\/\/dadade.eu\/index.php?rest_route=%2Fwp%2Fv2%2Fproduct_cat&post=16648"},{"taxonomy":"product_tag","embeddable":true,"href":"https:\/\/dadade.eu\/index.php?rest_route=%2Fwp%2Fv2%2Fproduct_tag&post=16648"}],"curies":[{"name":"wp","href":"https:\/\/api.w.org\/{rel}","templated":true}]}}