{"id":16644,"date":"2016-07-19T14:44:52","date_gmt":"2016-07-19T12:44:52","guid":{"rendered":"https:\/\/dadade.eu\/?post_type=product&#038;p=16644"},"modified":"2023-08-14T22:28:40","modified_gmt":"2023-08-14T20:28:40","slug":"zubehoer-fuer-den-adventskalenderg1000","status":"publish","type":"product","link":"https:\/\/dadade.eu\/?product=zubehoer-fuer-den-adventskalenderg1000","title":{"rendered":"Zubeh\u00f6r f\u00fcr den Adventskalender(G1000)"},"content":{"rendered":"<p><img decoding=\"async\" class=\"alignnone wp-image-16611\" src=\"https:\/\/dadade.eu\/wp-content\/uploads\/2023\/07\/xAdventskalender-Fussballfan-Teufel-5-300x225.jpg\" alt=\"\" width=\"217\" height=\"163\" srcset=\"https:\/\/dadade.eu\/wp-content\/uploads\/2023\/07\/xAdventskalender-Fussballfan-Teufel-5-300x225.jpg 300w, https:\/\/dadade.eu\/wp-content\/uploads\/2023\/07\/xAdventskalender-Fussballfan-Teufel-5-scaled-600x450.jpg 600w, https:\/\/dadade.eu\/wp-content\/uploads\/2023\/07\/xAdventskalender-Fussballfan-Teufel-5-scaled-64x48.jpg 64w, https:\/\/dadade.eu\/wp-content\/uploads\/2023\/07\/xAdventskalender-Fussballfan-Teufel-5-1024x768.jpg 1024w, https:\/\/dadade.eu\/wp-content\/uploads\/2023\/07\/xAdventskalender-Fussballfan-Teufel-5-768x576.jpg 768w, https:\/\/dadade.eu\/wp-content\/uploads\/2023\/07\/xAdventskalender-Fussballfan-Teufel-5-1536x1152.jpg 1536w, https:\/\/dadade.eu\/wp-content\/uploads\/2023\/07\/xAdventskalender-Fussballfan-Teufel-5-2048x1536.jpg 2048w\" sizes=\"(max-width: 217px) 100vw, 217px\" \/>die S\u00f6ckchen<\/p>\n<p><img decoding=\"async\" class=\"alignnone wp-image-16590\" src=\"https:\/\/dadade.eu\/wp-content\/uploads\/2023\/07\/Adventskalender-Fussball-13-300x225.jpg\" alt=\"\" width=\"212\" height=\"159\" srcset=\"https:\/\/dadade.eu\/wp-content\/uploads\/2023\/07\/Adventskalender-Fussball-13-300x225.jpg 300w, https:\/\/dadade.eu\/wp-content\/uploads\/2023\/07\/Adventskalender-Fussball-13-600x450.jpg 600w, https:\/\/dadade.eu\/wp-content\/uploads\/2023\/07\/Adventskalender-Fussball-13-64x48.jpg 64w, https:\/\/dadade.eu\/wp-content\/uploads\/2023\/07\/Adventskalender-Fussball-13-1024x768.jpg 1024w, https:\/\/dadade.eu\/wp-content\/uploads\/2023\/07\/Adventskalender-Fussball-13-768x576.jpg 768w, https:\/\/dadade.eu\/wp-content\/uploads\/2023\/07\/Adventskalender-Fussball-13.jpg 1400w\" sizes=\"(max-width: 212px) 100vw, 212px\" \/>die S\u00e4ckchen<\/p>\n<p><strong><img decoding=\"async\" class=\"alignnone wp-image-16575\" src=\"https:\/\/dadade.eu\/wp-content\/uploads\/2023\/07\/Adventskalender-BVB-2b-300x240.jpg\" alt=\"\" width=\"213\" height=\"170\" srcset=\"https:\/\/dadade.eu\/wp-content\/uploads\/2023\/07\/Adventskalender-BVB-2b-300x240.jpg 300w, https:\/\/dadade.eu\/wp-content\/uploads\/2023\/07\/Adventskalender-BVB-2b-600x480.jpg 600w, https:\/\/dadade.eu\/wp-content\/uploads\/2023\/07\/Adventskalender-BVB-2b-64x51.jpg 64w, https:\/\/dadade.eu\/wp-content\/uploads\/2023\/07\/Adventskalender-BVB-2b-1024x819.jpg 1024w, https:\/\/dadade.eu\/wp-content\/uploads\/2023\/07\/Adventskalender-BVB-2b-768x615.jpg 768w, https:\/\/dadade.eu\/wp-content\/uploads\/2023\/07\/Adventskalender-BVB-2b-1536x1229.jpg 1536w, https:\/\/dadade.eu\/wp-content\/uploads\/2023\/07\/Adventskalender-BVB-2b.jpg 1892w\" sizes=\"(max-width: 213px) 100vw, 213px\" \/><a href=\"https:\/\/dadade.eu\/?p=16571\">T-Shirt als Sportkalender- mehr Bilder findet man hier<\/a><\/strong><\/p>\n<p><img loading=\"lazy\" decoding=\"async\" class=\"alignnone wp-image-16608\" src=\"https:\/\/dadade.eu\/wp-content\/uploads\/2023\/07\/xAdventskalender-Fussballfan-Teufel-2-300x225.jpg\" alt=\"\" width=\"211\" height=\"158\" srcset=\"https:\/\/dadade.eu\/wp-content\/uploads\/2023\/07\/xAdventskalender-Fussballfan-Teufel-2-300x225.jpg 300w, https:\/\/dadade.eu\/wp-content\/uploads\/2023\/07\/xAdventskalender-Fussballfan-Teufel-2-scaled-600x450.jpg 600w, https:\/\/dadade.eu\/wp-content\/uploads\/2023\/07\/xAdventskalender-Fussballfan-Teufel-2-scaled-64x48.jpg 64w, https:\/\/dadade.eu\/wp-content\/uploads\/2023\/07\/xAdventskalender-Fussballfan-Teufel-2-1024x768.jpg 1024w, https:\/\/dadade.eu\/wp-content\/uploads\/2023\/07\/xAdventskalender-Fussballfan-Teufel-2-768x576.jpg 768w, https:\/\/dadade.eu\/wp-content\/uploads\/2023\/07\/xAdventskalender-Fussballfan-Teufel-2-1536x1152.jpg 1536w, https:\/\/dadade.eu\/wp-content\/uploads\/2023\/07\/xAdventskalender-Fussballfan-Teufel-2-2048x1536.jpg 2048w\" sizes=\"(max-width: 211px) 100vw, 211px\" \/>und noch Schuhe<\/p>\n<p>Wie w\u00e4re es die Teile mal mit Chenillewolle zu h\u00e4keln?<\/p>\n<p>Die Anleitung ist ausf\u00fchrlich mit vielen Bildern hinterlegt und wird auf 18 Seiten Schritt-f\u00fcr-Schritt beschrieben!<\/p>\n<p><img loading=\"lazy\" decoding=\"async\" class=\"alignnone size-medium wp-image-15865\" src=\"https:\/\/dadade.eu\/wp-content\/uploads\/2016\/11\/xAdventskalender-30-Tiere-300x239.jpg\" sizes=\"(max-width: 300px) 100vw, 300px\" srcset=\"https:\/\/dadade.eu\/wp-content\/uploads\/2016\/11\/xAdventskalender-30-Tiere-300x239.jpg 300w, https:\/\/dadade.eu\/wp-content\/uploads\/2016\/11\/xAdventskalender-30-Tiere-1024x817.jpg 1024w, https:\/\/dadade.eu\/wp-content\/uploads\/2016\/11\/xAdventskalender-30-Tiere-768x613.jpg 768w, https:\/\/dadade.eu\/wp-content\/uploads\/2016\/11\/xAdventskalender-30-Tiere-1536x1225.jpg 1536w, https:\/\/dadade.eu\/wp-content\/uploads\/2016\/11\/xAdventskalender-30-Tiere-2048x1634.jpg 2048w, https:\/\/dadade.eu\/wp-content\/uploads\/2016\/11\/xAdventskalender-30-Tiere-600x479.jpg 600w, https:\/\/dadade.eu\/wp-content\/uploads\/2016\/11\/xAdventskalender-30-Tiere-64x51.jpg 64w\" alt=\"\" width=\"300\" height=\"239\" \/><strong><a href=\"https:\/\/dadade.eu\/?product=g100-g303-adventskalender-figuren\">die \u00a0Adventskalender -Tierchen<\/a><\/strong><\/p>\n<p><a href=\"https:\/\/dadade.eu\/?p=15923\"><strong>VIELE TOLLE BILDER<\/strong>\u00a0von flei\u00dfigen Helfer und H\u00e4nden findet ihr hier<\/a><\/p>\n<p>&nbsp;<\/p>\n<p>&nbsp;<\/p>\n","protected":false},"excerpt":{"rendered":"<div id=\"cc-m-13954443088\">\n<p>Hier kauft man die H\u00e4kelanleitung f\u00fcr diese 4 verschiedene Adventskalender-Zubeh\u00f6r-Teile<\/p>\n<div id=\"cc-m-13201047988\" class=\"j-module n j-text \">\n<p>das Zubeh\u00f6r besteht aus<\/p>\n<p>1. den Schuhen,<\/p>\n<p>2. Socken,<\/p>\n<p>3. T-Shirt, Trikot,<\/p>\n<p>4. und den kleine S\u00e4ckchen<\/p>\n<p>alle Teile sind zum Bef\u00fcllen und k\u00f6nnen in den verschiedenen Farben geh\u00e4kelt werden, hier kann man alle Wollreste verarbeiten, und h\u00e4kelt den Kalender sch\u00f6n bunt.<\/p>\n<p>Ich habe z.B. Baumwolle der Nadelst\u00e4ke 2,5 genommen, aber nat\u00fcrlich gehen auch andere Wollreste, je nach Nadelst\u00e4rke werden die T\u00fcrchen dann gr\u00f6\u00dfer oder kleiner.<\/p>\n<p>Dieses Zubeh\u00f6r kann man das ganze Jahr als Geschenkverpackung nutzen, ob f\u00fcr Vatertag, Muttertag, Valentin oder auch Geburtstag, der Fantasie sind keine Grenzen gesetzt.<\/p>\n<p>Die Anleitungen sind extra ganz einfach gehalten, sodass sie auch f\u00fcr Anf\u00e4nger geeignet sind.<\/p>\n<\/div>\n<div id=\"cc-m-13201047888\" class=\"j-module n j-text \">\n<p>Beim Kauf ab 3 Geschenkverpackungen, im Warenkorb einfach den Gutschein-Code <span style=\"color: #ff0000;\"><strong>Geschenk <\/strong><\/span>eingeben und schon bekommt ihr 20% Mengenrabatt auf die Geschenkverpackungen.<\/p>\n<\/div>\n<\/div>\n","protected":false},"featured_media":16646,"template":"","meta":[],"product_brand":[],"product_cat":[56,41,384],"product_tag":[684,685,90,295,89,233,242,694,247,87,688,686,692,298,687,94,93,680,92,243,244,294,280,434,681,373,683,302,95,96],"class_list":{"0":"post-16644","1":"product","2":"type-product","3":"status-publish","4":"has-post-thumbnail","6":"product_cat-2einfach","7":"product_cat-geschenkverpackungen","8":"product_cat-winter-weihnachten","9":"product_tag-advent","10":"product_tag-adventskalender","11":"product_tag-amigurumi","12":"product_tag-anleitung","13":"product_tag-baby","14":"product_tag-dekoration","15":"product_tag-dekoration-haekeln","16":"product_tag-feste","17":"product_tag-fussball","18":"product_tag-geschenk","19":"product_tag-geschenk-saeckchen","20":"product_tag-geschenk-tasche","21":"product_tag-geschenkhuelle-haekeln","22":"product_tag-geschenkverpackung","23":"product_tag-geschenkverpackung-haekeln","24":"product_tag-haekelanleitung","25":"product_tag-haekeln","26":"product_tag-kalender","27":"product_tag-kinder","28":"product_tag-kuschelwolle","29":"product_tag-kuschelwolle-haekeln","30":"product_tag-mitbringsel","31":"product_tag-muttertag","32":"product_tag-muetze","33":"product_tag-ueberraschung","34":"product_tag-vatertag","35":"product_tag-weihnachten","36":"product_tag-winter","37":"product_tag-wolle","38":"product_tag-wollreste","40":"first","41":"instock","42":"downloadable","43":"shipping-taxable","44":"purchasable","45":"product-type-simple"},"_links":{"self":[{"href":"https:\/\/dadade.eu\/index.php?rest_route=\/wp\/v2\/product\/16644","targetHints":{"allow":["GET"]}}],"collection":[{"href":"https:\/\/dadade.eu\/index.php?rest_route=\/wp\/v2\/product"}],"about":[{"href":"https:\/\/dadade.eu\/index.php?rest_route=\/wp\/v2\/types\/product"}],"wp:featuredmedia":[{"embeddable":true,"href":"https:\/\/dadade.eu\/index.php?rest_route=\/wp\/v2\/media\/16646"}],"wp:attachment":[{"href":"https:\/\/dadade.eu\/index.php?rest_route=%2Fwp%2Fv2%2Fmedia&parent=16644"}],"wp:term":[{"taxonomy":"product_brand","embeddable":true,"href":"https:\/\/dadade.eu\/index.php?rest_route=%2Fwp%2Fv2%2Fproduct_brand&post=16644"},{"taxonomy":"product_cat","embeddable":true,"href":"https:\/\/dadade.eu\/index.php?rest_route=%2Fwp%2Fv2%2Fproduct_cat&post=16644"},{"taxonomy":"product_tag","embeddable":true,"href":"https:\/\/dadade.eu\/index.php?rest_route=%2Fwp%2Fv2%2Fproduct_tag&post=16644"}],"curies":[{"name":"wp","href":"https:\/\/api.w.org\/{rel}","templated":true}]}}