{"id":16552,"date":"2022-12-19T12:35:19","date_gmt":"2022-12-19T11:35:19","guid":{"rendered":"https:\/\/dadade.eu\/?post_type=product&#038;p=16552"},"modified":"2024-01-15T15:57:08","modified_gmt":"2024-01-15T14:57:08","slug":"g100-g303-adventskalender-figuren","status":"publish","type":"product","link":"https:\/\/dadade.eu\/?product=g100-g303-adventskalender-figuren","title":{"rendered":"G100 &#8211; G303 Adventskalender-Figuren"},"content":{"rendered":"<p>mehr dazu findet ihr hier;<\/p>\n<p><strong><a href=\"https:\/\/dadade.eu\/?product=adventskalender-tiere-hund-eisbaer-esel-eule-maus-ochse-pinguin-rentier-vogel-g100\">Adventskalender-Tiere<\/a><\/strong><\/p>\n<p>Hund, Eisb\u00e4r, Esel, Eule, Maus, Ochse, Pinguin, Rentier, Vogel &#8211;<strong> alle Tiere auch einzeln<\/strong><\/p>\n<p><a href=\"https:\/\/dadade.eu\/?product_cat=geschenkverpackungen\"><b>auch als Geschenkverpackungen<\/b><\/a><\/p>\n<p style=\"text-align: left;\"><a title=\"A168 Gl\u00fccks-Vogel\" href=\"https:\/\/dadade.eu\/?product=geschenk-verpackung-adventskalender-affe-g101\"><strong><u>G101 Affe<\/u><\/strong><\/a><\/p>\n<p style=\"text-align: left;\"><a title=\"A168 Gl\u00fccks-Vogel\" href=\"https:\/\/dadade.eu\/?product=geschenk-verpackung-adventskalender-braunbaer-baerni-g102\"><strong><u>G102 Braunb\u00e4r<\/u><\/strong><\/a><\/p>\n<p style=\"text-align: left;\"><u><\/u><a title=\"A168 Gl\u00fccks-Vogel\" href=\"https:\/\/dadade.eu\/?product=geschenk-verpackung-adventskalender-biene-g103\"><strong><u>G103 Biene<\/u><\/strong><\/a><\/p>\n<p style=\"text-align: left;\"><a title=\"A168 Gl\u00fccks-Vogel\" href=\"https:\/\/dadade.eu\/?product=geschenk-verpackung-adventskalender-eichhoernchen-g104\"><strong><u>G104 Eichh\u00f6rnchen<\/u><\/strong><\/a><\/p>\n<p><a title=\"A168 Gl\u00fccks-Vogel\" href=\"https:\/\/dadade.eu\/?product=geschenk-verpackung-adventskalender-elefant-g105\"><strong><u>G105 Elefant<\/u><\/strong><\/a><\/p>\n<p><a title=\"A168 Gl\u00fccks-Vogel\" href=\"https:\/\/dadade.eu\/?product=geschenk-verpackung-frau-gans-herr-ente-g403\"><strong><u>G106 Ente<\/u><\/strong><\/a><\/p>\n<p><a href=\"https:\/\/dadade.eu\/?product=geschenk-verpackung-adventskalender-erdmaennchen-g107\"><u><b>G107 Erdm\u00e4nnchen<\/b><\/u><\/a><\/p>\n<p><a href=\"https:\/\/dadade.eu\/?product=geschenk-verpackung-frau-gans-herr-ente-g403\"><u><b>G108 Gans<\/b><\/u><\/a><\/p>\n<p><a title=\"A168 Gl\u00fccks-Vogel\" href=\"https:\/\/dadade.eu\/?product=geschenk-verpackung-adventskalender-giraffe-g109\"><strong><u>G109 Giraffe<\/u><\/strong><\/a><\/p>\n<p><a title=\"A168 Gl\u00fccks-Vogel\" href=\"https:\/\/dadade.eu\/?product=geschenk-verpackung-adventskalender-kamel-g110\"><strong><u>G110 Kamel<\/u><\/strong><\/a><\/p>\n<p><a title=\"A168 Gl\u00fccks-Vogel\" href=\"https:\/\/dadade.eu\/?product=geschenk-verpackung-adventskalender-kaenguru-g111\"><strong><u>G111 K\u00e4nguru<\/u><\/strong><\/a><\/p>\n<p><a title=\"A168 Gl\u00fccks-Vogel\" href=\"https:\/\/dadade.eu\/?product=geschenk-verpackung-adventskalender-katze-g112\"><strong><u>G112 Katze<\/u><\/strong><\/a><\/p>\n<p><a title=\"A168 Gl\u00fccks-Vogel\" href=\"https:\/\/dadade.eu\/?product=geschenk-verpackung-adventskalender-koala-g113\"><strong><u>G113 Koala<\/u><\/strong><\/a><\/p>\n<p><a title=\"A168 Gl\u00fccks-Vogel\" href=\"https:\/\/dadade.eu\/?product=geschenk-verpackung-adventskalender-kuh-g114\"><strong><u>G114 Kuh<\/u><\/strong><\/a><\/p>\n<p><a title=\"A168 Gl\u00fccks-Vogel\" href=\"https:\/\/dadade.eu\/?product=geschenk-verpackung-adventskalender-land-schildkroete-g115\"><strong><u>G115 Land-Schildkr\u00f6te \u00a0 <\/u><\/strong><\/a><\/p>\n<p><a title=\"A168 Gl\u00fccks-Vogel\" href=\"https:\/\/dadade.eu\/?product=geschenk-verpackung-adventskalender-meeres-schildkroete-g116\"><strong><u>G116 Meeresschildkr\u00f6te<\/u><\/strong><\/a><\/p>\n<p><a title=\"A168 Gl\u00fccks-Vogel\" href=\"https:\/\/dadade.eu\/?product=geschenk-verpackung-adventskalender-nashorn-g117\"><strong><u>G117 Nashorn<\/u><\/strong><\/a><strong><u>\u00a0<\/u><\/strong><\/p>\n<p><a title=\"A168 Gl\u00fccks-Vogel\" href=\"https:\/\/dadade.eu\/?product=geschenk-verpackung-adventskalender-pferd-guentherg118\"><strong><u>G118 Pferd<\/u><\/strong><\/a><\/p>\n<p><a title=\"A168 Gl\u00fccks-Vogel\" href=\"https:\/\/dadade.eu\/?product=geschenk-verpackung-adventskalender-schwein-g119\"><strong><u>G119 Schwein<\/u><\/strong><\/a><\/p>\n<p><a title=\"A168 Gl\u00fccks-Vogel\" href=\"https:\/\/dadade.eu\/?product=geschenk-verpackung-adventskalender-seehund-g120\"><strong><u>G120 Seehund<\/u><\/strong><\/a><\/p>\n<p><a href=\"https:\/\/dadade.eu\/?product=geschenk-verpackung-adventskalender-truthahn-g121\"><u><b>G121 Truthahn<\/b><\/u><\/a><\/p>\n<p><a href=\"https:\/\/dadade.eu\/?product=geschenk-verpackung-adventskalender-walross-g122\"><u><b>G122 Walross<\/b><\/u><\/a><\/p>\n<p><a title=\"A168 Gl\u00fccks-Vogel\" href=\"https:\/\/dadade.eu\/?product=geschenk-verpackung-adventskalender-ziege-g123\"><strong><u>G123 Ziege<\/u><\/strong><\/a><\/p>\n<p>&nbsp;<\/p>\n<p><strong>Sternzeichen<\/strong><\/p>\n<p><a href=\"https:\/\/dadade.eu\/?product=geschenk-verpackung-adventskalender-wassermanng201\"><strong><u>G201 Wassermann<\/u><\/strong><\/a><strong><u> \u00a0 \u00a0 <\/u><\/strong><a title=\"A168 Gl\u00fccks-Vogel\" href=\"https:\/\/dadade.eu\/?product=geschenk-verpackung-adventskalender-fische-g202\"><strong><u>G202 Fisch-e<\/u><\/strong><\/a><\/p>\n<p>&nbsp;<\/p>\n<p><strong>Figuren<\/strong><\/p>\n<p><a href=\"https:\/\/dadade.eu\/?product=geschenk-verpackung-adventskalender-engelchen-g301\"><strong><u>G301 Engelchen<\/u><\/strong><\/a><strong><u>\u00a0<\/u><\/strong><\/p>\n<p><a title=\"A168 Gl\u00fccks-Vogel\" href=\"https:\/\/dadade.eu\/?product=geschenk-verpackung-adventskalender-teufelchen-g302\"><strong><u>G302 Teufelchen<\/u><\/strong><\/a><\/p>\n<p><a title=\"A168 Gl\u00fccks-Vogel\" href=\"https:\/\/dadade.eu\/?product=geschenk-verpackung-adventskalender-nikolaus-oder-weihnachtsmann-g303\"><strong><u>G303 Nikolaus\/Weihnachtsmann<\/u><\/strong><\/a><\/p>\n<p><strong><a href=\"https:\/\/dadade.eu\/?product=geschenk-verpackung-engelchen-teufelchen-g401\"><u>G401 Engelchen<\/u><\/a><a href=\"https:\/\/dadade.eu\/?product=geschenk-verpackung-engelchen-teufelchen-g401\"> &amp; Teufelchen Valentin<\/a><\/strong><\/p>\n<p>&nbsp;<\/p>\n<p><strong>im Doppelpack\/Osterkalender<\/strong><\/p>\n<p><strong><u><\/u><u><a href=\"https:\/\/dadade.eu\/?product=geschenk-verpackung-frau-huhn-herr-hahn-g402\">G402 Frau Huhn &amp; Herr Hahn<\/a><\/u><\/strong><\/p>\n<p><a title=\"A168 Gl\u00fccks-Vogel\" href=\"https:\/\/dadade.eu\/?product=geschenk-verpackung-frau-gans-herr-ente-g403\"><strong><u>G403 Frau Gans &amp; Herr\u00a0 Ente<\/u><\/strong><\/a><\/p>\n<p><strong><a href=\"https:\/\/dadade.eu\/?product=geschenk-verpackung-frau-schaf-herr-schafbock-g404\"><u>G404 Frau Schaf &amp; Herr Schafbock<\/u><\/a><\/strong><\/p>\n<p><strong><a href=\"https:\/\/dadade.eu\/?product=geschenk-verpackung-frau-herr-marienkaefer-g405\"><u>G405 Frau &amp; Herr Marienk\u00e4fer<\/u><\/a><\/strong><\/p>\n<p><strong><a href=\"https:\/\/dadade.eu\/?product=geschenk-verpackung-frau-herr-hase-g406\"><u>G406 Frau &amp; Herr Hase<\/u><\/a><\/strong><\/p>\n<p>&nbsp;<\/p>\n<p><a href=\"https:\/\/dadade.eu\/?p=16571\"><strong>oder mal f\u00fcr Fu\u00dfball-Fans? mehr Bilder findet ihr hier<\/strong><\/a><\/p>\n<p><a title=\"A168 Gl\u00fccks-Vogel\" href=\"https:\/\/dadade.eu\/?product=geschenk-verpackung-adventskalender-braunbaer-baerni-g102\"><strong><u>G102 Braunb\u00e4r<\/u><\/strong><\/a><u> <\/u><\/p>\n<p><a title=\"A168 Gl\u00fccks-Vogel\" href=\"https:\/\/dadade.eu\/?product=geschenk-verpackung-adventskalender-biene-g103\"><strong><u>G103 Biene<\/u><\/strong><\/a><\/p>\n<p><a title=\"A168 Gl\u00fccks-Vogel\" href=\"https:\/\/dadade.eu\/?product=geschenk-verpackung-adventskalender-pferd-guentherg118\"><strong><u>G118 Pferd<\/u><\/strong><\/a><\/p>\n<p><a title=\"A168 Gl\u00fccks-Vogel\" href=\"https:\/\/dadade.eu\/?product=geschenk-verpackung-adventskalender-teufelchen-g302\" target=\"_blank\" rel=\"noopener\"><strong><u>G302 Teufelchen<\/u><\/strong><\/a><\/p>\n<p>&nbsp;<\/p>\n<p>mehr Bilder, von flei\u00dfigen Helfer und H\u00e4nde<\/p>\n<p><strong><a href=\"https:\/\/dadade.eu\/?p=9994\">KLICKE HIER- Geschenkverpackungen<\/a><\/strong><\/p>\n<p><strong><a href=\"https:\/\/dadade.eu\/?p=15923\">und\u00a0 HIER &#8211; Adventskalender<\/a><\/strong><\/p>\n<p>&nbsp;<\/p>\n<p>&nbsp;<\/p>\n","protected":false},"excerpt":{"rendered":"<p><strong>jeder Adventskalender wird anders, es gibt so viele Varianten<\/strong><\/p>\n<p><strong><span style=\"color: #ff0000;\">Variante 1<\/span> &#8211; z.B eine Herde (24Stk) Schafe h\u00e4keln,<\/strong><\/p>\n<p><strong><span style=\"color: #ff0000;\">Variante 2<\/span> &#8211; 1 &#8211; 2 Tierchen h\u00e4keln, zus\u00e4tzlich S\u00e4ckchen und S\u00f6ckchen arbeiten, die Anleitungen gibt es auch hier im Shop,<\/strong><\/p>\n<p><strong><span style=\"color: #ff0000;\">Variante 3<\/span> &#8211; bis zu 12 Adventskalender-Tierchen h\u00e4keln und dazwischen kleine P\u00e4ckchen h\u00e4ngen,<\/strong><\/p>\n<p><strong><span style=\"color: #ff0000;\">Variante 4<\/span> &#8211; f\u00fcr jeden Tag ein anderes Tier h\u00e4keln. und mit den 24 verschiedene Tiere, einen kleinen Tier-Park dekorativ aufbauen.<\/strong><\/p>\n<h4><span style=\"color: #ff0000;\">Tipp 1<\/span> <strong>meine Tierchen kann man auch nach den Weihnachten ausstopfen und schon haben die Kleinen ein Kuscheltier,<\/strong><\/h4>\n<h4><span style=\"color: #ff0000;\">Tipp 2<\/span>\u00a0die Tierchen kann man als Geschenk-Verpackung f\u00fcr das ganze Jahr nutzen. \u00a0die M\u00f6glichkeiten sind grenzenlos<\/h4>\n<h4><span style=\"color: #ff0000;\">Tipp3<\/span>\u00a0\u00a0einfach mal ein LED-Licht in den Bauch stecken, dann sieht\u00a0der Adventskalender gleich anders aus; das ist die Dekoration!!<\/h4>\n<h4>pro Tierchen braucht man ca 20-25gr Baumwolle, 100gr\/530m, H\u00e4kelnadel 2<\/h4>\n<p>&nbsp;<\/p>\n<p><span style=\"font-family: 'Comic Neue', sans-serif; font-size: 20px;\">Beim Kauf ab 3 Geschenkverpackungen, im Warenkorb einfach den Gutschein-Code\u00a0<\/span><span style=\"box-sizing: border-box; font-family: 'Comic Neue', sans-serif; font-size: 20px; color: #ff0000;\"><span style=\"box-sizing: border-box;\">Geschenk\u00a0<\/span><\/span><span style=\"font-family: 'Comic Neue', sans-serif; font-size: 20px;\">eingeben und schon bekommt ihr Mengenrabatt auf die Geschenkverpackungen.<\/span><\/p>\n<p>siehe zus\u00e4tzliche Informationen<\/p>\n<p>mehr dazu findet ihr hier;<\/p>\n<p><a href=\"https:\/\/dadade.eu\/?product_cat=geschenkverpackungen\"><b>Geschenkverpackungen<\/b><\/a><\/p>\n<p>&nbsp;<\/p>\n<p>&nbsp;<\/p>\n","protected":false},"featured_media":16553,"template":"","meta":[],"product_brand":[],"product_cat":[16,41,384],"product_tag":[190,90,89,120,248,1162,649,254,1049,339,399,402,87,493,205,94,93,396,917,647,92,638,993,114,91,706,95,96],"class_list":{"0":"post-16552","1":"product","2":"type-product","3":"status-publish","4":"has-post-thumbnail","6":"product_cat-alle","7":"product_cat-geschenkverpackungen","8":"product_cat-winter-weihnachten","9":"product_tag-affe","10":"product_tag-amigurumi","11":"product_tag-baby","12":"product_tag-baer","13":"product_tag-biene","14":"product_tag-eichhoernchen","15":"product_tag-elefant","16":"product_tag-ente","17":"product_tag-ente-haekelm","18":"product_tag-erdmaennchen","19":"product_tag-fruehlingsbote","20":"product_tag-gans","21":"product_tag-geschenk","22":"product_tag-geschenk-kinder","23":"product_tag-giraffe","24":"product_tag-haekelanleitung","25":"product_tag-haekeln","26":"product_tag-kamel","27":"product_tag-kaenguru","28":"product_tag-katze","29":"product_tag-kinder","30":"product_tag-koala","31":"product_tag-kuh","32":"product_tag-ostern","33":"product_tag-plueschtier","34":"product_tag-schildkroete","35":"product_tag-wolle","36":"product_tag-wollreste","38":"first","39":"instock","40":"shipping-taxable","41":"product-type-simple"},"_links":{"self":[{"href":"https:\/\/dadade.eu\/index.php?rest_route=\/wp\/v2\/product\/16552","targetHints":{"allow":["GET"]}}],"collection":[{"href":"https:\/\/dadade.eu\/index.php?rest_route=\/wp\/v2\/product"}],"about":[{"href":"https:\/\/dadade.eu\/index.php?rest_route=\/wp\/v2\/types\/product"}],"wp:featuredmedia":[{"embeddable":true,"href":"https:\/\/dadade.eu\/index.php?rest_route=\/wp\/v2\/media\/16553"}],"wp:attachment":[{"href":"https:\/\/dadade.eu\/index.php?rest_route=%2Fwp%2Fv2%2Fmedia&parent=16552"}],"wp:term":[{"taxonomy":"product_brand","embeddable":true,"href":"https:\/\/dadade.eu\/index.php?rest_route=%2Fwp%2Fv2%2Fproduct_brand&post=16552"},{"taxonomy":"product_cat","embeddable":true,"href":"https:\/\/dadade.eu\/index.php?rest_route=%2Fwp%2Fv2%2Fproduct_cat&post=16552"},{"taxonomy":"product_tag","embeddable":true,"href":"https:\/\/dadade.eu\/index.php?rest_route=%2Fwp%2Fv2%2Fproduct_tag&post=16552"}],"curies":[{"name":"wp","href":"https:\/\/api.w.org\/{rel}","templated":true}]}}