{"id":16422,"date":"2017-11-18T15:42:47","date_gmt":"2017-11-18T14:42:47","guid":{"rendered":"https:\/\/dadade.eu\/?post_type=product&#038;p=16422"},"modified":"2023-07-18T16:21:33","modified_gmt":"2023-07-18T14:21:33","slug":"geschenk-verpackung-adventskalender-nikolaus-oder-weihnachtsmann-g303","status":"publish","type":"product","link":"https:\/\/dadade.eu\/?product=geschenk-verpackung-adventskalender-nikolaus-oder-weihnachtsmann-g303","title":{"rendered":"Geschenk-Verpackung, Adventskalender Nikolaus oder Weihnachtsmann (G303)"},"content":{"rendered":"<p><img fetchpriority=\"high\" decoding=\"async\" class=\"alignnone size-medium wp-image-16439\" src=\"https:\/\/dadade.eu\/wp-content\/uploads\/2023\/07\/xGeschenkverpackung-Nikolaus20-300x225.jpg\" alt=\"\" width=\"300\" height=\"225\" srcset=\"https:\/\/dadade.eu\/wp-content\/uploads\/2023\/07\/xGeschenkverpackung-Nikolaus20-300x225.jpg 300w, https:\/\/dadade.eu\/wp-content\/uploads\/2023\/07\/xGeschenkverpackung-Nikolaus20-600x450.jpg 600w, https:\/\/dadade.eu\/wp-content\/uploads\/2023\/07\/xGeschenkverpackung-Nikolaus20-64x48.jpg 64w, https:\/\/dadade.eu\/wp-content\/uploads\/2023\/07\/xGeschenkverpackung-Nikolaus20-1024x768.jpg 1024w, https:\/\/dadade.eu\/wp-content\/uploads\/2023\/07\/xGeschenkverpackung-Nikolaus20-768x576.jpg 768w, https:\/\/dadade.eu\/wp-content\/uploads\/2023\/07\/xGeschenkverpackung-Nikolaus20-1536x1152.jpg 1536w, https:\/\/dadade.eu\/wp-content\/uploads\/2023\/07\/xGeschenkverpackung-Nikolaus20.jpg 1653w\" sizes=\"(max-width: 300px) 100vw, 300px\" \/>der Nikolaus-Weihnachtsmann als Adventskalender-Tierchen, nicht so aufwendig<\/p>\n<p><img decoding=\"async\" class=\"alignnone size-medium wp-image-16423\" src=\"https:\/\/dadade.eu\/wp-content\/uploads\/2023\/07\/Adventskalender-Nikolaus20-300x225.jpg\" alt=\"\" width=\"300\" height=\"225\" srcset=\"https:\/\/dadade.eu\/wp-content\/uploads\/2023\/07\/Adventskalender-Nikolaus20-300x225.jpg 300w, https:\/\/dadade.eu\/wp-content\/uploads\/2023\/07\/Adventskalender-Nikolaus20-600x450.jpg 600w, https:\/\/dadade.eu\/wp-content\/uploads\/2023\/07\/Adventskalender-Nikolaus20-64x48.jpg 64w, https:\/\/dadade.eu\/wp-content\/uploads\/2023\/07\/Adventskalender-Nikolaus20-1024x768.jpg 1024w, https:\/\/dadade.eu\/wp-content\/uploads\/2023\/07\/Adventskalender-Nikolaus20-768x576.jpg 768w, https:\/\/dadade.eu\/wp-content\/uploads\/2023\/07\/Adventskalender-Nikolaus20-1536x1152.jpg 1536w, https:\/\/dadade.eu\/wp-content\/uploads\/2023\/07\/Adventskalender-Nikolaus20.jpg 1653w\" sizes=\"(max-width: 300px) 100vw, 300px\" \/>der Nikolaus-Weihnachtsmann als Geschenkverpackung mit kleinen Extras, oder auch mal mit einem Teelicht<\/p>\n<p>Wie w\u00e4re es den Nikoluas mal mit Chenillewolle zu h\u00e4keln? Er wird dann mit Nadelst\u00e4rke 4, ungef\u00e4hr 50cm, und schon passt ein gr\u00f6\u00dferes Geschenk oder ein Kernerkissen hinein.<\/p>\n<p>Die Anleitung ist ausf\u00fchrlich mit vielen Bildern hinterlegt und wird auf 18 Seiten Schritt-f\u00fcr-Schritt beschrieben!<\/p>\n<p><img decoding=\"async\" class=\"alignnone size-medium wp-image-15864\" src=\"https:\/\/dadade.eu\/wp-content\/uploads\/2016\/11\/Geschenkverpackung-30-Kopie-300x279.jpg\" sizes=\"(max-width: 300px) 100vw, 300px\" srcset=\"https:\/\/dadade.eu\/wp-content\/uploads\/2016\/11\/Geschenkverpackung-30-Kopie-300x279.jpg 300w, https:\/\/dadade.eu\/wp-content\/uploads\/2016\/11\/Geschenkverpackung-30-Kopie-1024x951.jpg 1024w, https:\/\/dadade.eu\/wp-content\/uploads\/2016\/11\/Geschenkverpackung-30-Kopie-768x713.jpg 768w, https:\/\/dadade.eu\/wp-content\/uploads\/2016\/11\/Geschenkverpackung-30-Kopie-1536x1427.jpg 1536w, https:\/\/dadade.eu\/wp-content\/uploads\/2016\/11\/Geschenkverpackung-30-Kopie-2048x1902.jpg 2048w, https:\/\/dadade.eu\/wp-content\/uploads\/2016\/11\/Geschenkverpackung-30-Kopie-600x557.jpg 600w, https:\/\/dadade.eu\/wp-content\/uploads\/2016\/11\/Geschenkverpackung-30-Kopie-64x59.jpg 64w\" alt=\"\" width=\"300\" height=\"279\" \/>die verschiedenen Geschenkverpackungen,<\/p>\n<p><a href=\"https:\/\/dadade.eu\/?p=9994\"><strong>VIELE TOLLE BILDER<\/strong>\u00a0von flei\u00dfigen Helfer und H\u00e4nden findet ihr hier<\/a><\/p>\n<p><img loading=\"lazy\" decoding=\"async\" class=\"alignnone size-medium wp-image-15865\" src=\"https:\/\/dadade.eu\/wp-content\/uploads\/2016\/11\/xAdventskalender-30-Tiere-300x239.jpg\" sizes=\"(max-width: 300px) 100vw, 300px\" srcset=\"https:\/\/dadade.eu\/wp-content\/uploads\/2016\/11\/xAdventskalender-30-Tiere-300x239.jpg 300w, https:\/\/dadade.eu\/wp-content\/uploads\/2016\/11\/xAdventskalender-30-Tiere-1024x817.jpg 1024w, https:\/\/dadade.eu\/wp-content\/uploads\/2016\/11\/xAdventskalender-30-Tiere-768x613.jpg 768w, https:\/\/dadade.eu\/wp-content\/uploads\/2016\/11\/xAdventskalender-30-Tiere-1536x1225.jpg 1536w, https:\/\/dadade.eu\/wp-content\/uploads\/2016\/11\/xAdventskalender-30-Tiere-2048x1634.jpg 2048w, https:\/\/dadade.eu\/wp-content\/uploads\/2016\/11\/xAdventskalender-30-Tiere-600x479.jpg 600w, https:\/\/dadade.eu\/wp-content\/uploads\/2016\/11\/xAdventskalender-30-Tiere-64x51.jpg 64w\" alt=\"\" width=\"300\" height=\"239\" \/>&amp; Adventskalender -Tierchen<\/p>\n<p><a href=\"https:\/\/dadade.eu\/?p=15923\"><strong>VIELE TOLLE BILDER<\/strong>\u00a0von flei\u00dfigen Helfer und H\u00e4nden findet ihr hier<\/a><\/p>\n<p>&nbsp;<\/p>\n<p>&nbsp;<\/p>\n","protected":false},"excerpt":{"rendered":"<div id=\"cc-m-13954443088\">\n<p>Hier kauft man die H\u00e4kelanleitung f\u00fcr den Nikolaus oder Weihnachtsmann \u2013 in 2 Varianten<\/p>\n<p>sowie dem Geschenke-Sack, und die Weihnachtsm\u00fctze,<\/p>\n<ol>\n<li>Du suchst eine originelle Geschenkverpackung,<\/li>\n<\/ol>\n<p>mit Geschenke-Sack kann man den Nikolaus, z.B als Geldgeschenk-Verpackung nutzen, eine sch\u00f6ne Art Geld zu verschenken oder f\u00fcr kleine Geschenke, daf\u00fcr ist im Bauch und im Geschenke-Sack Platz!<\/p>\n<ol start=\"2\">\n<li>Als Kalender-Figuren kannst du die einfache Variante h\u00e4keln, ohne Beine ist er schnell geh\u00e4kelt.<\/li>\n<\/ol>\n<p>Er sind recht einfach gehalten und dadurch auch schon f\u00fcr Anf\u00e4nger geeignet.<\/p>\n<p>Hier hast du viele M\u00f6glichkeiten, au\u00dfer dem Nikolaus, gibt es noch andere Geschenk-, bzw. Adventskalender-Figuren in meinem Shop,<\/p>\n<p>Jedes der kleinen Figuren hat im Bauch Platz, f\u00fcr ein kleines Geschenk!<\/p>\n<p>Deiner Kreativit\u00e4t sind keine Grenzen gesetzt<\/p>\n<p>Mit Wolle der Nadelst\u00e4rke 2 wird der Nikolaus, ungef\u00e4hr; 13cm hoch<\/p>\n<p>Beim Kauf ab 3 Geschenkverpackungen, im Warenkorb einfach den Gutschein-Code <span style=\"color: #ff0000;\"><strong>Geschenk <\/strong><\/span>eingeben und schon bekommt ihr 20% Mengenrabatt auf die Geschenkverpackungen.<\/p>\n<\/div>\n","protected":false},"featured_media":16424,"template":"","meta":[],"product_brand":[],"product_cat":[56,35,41,504],"product_tag":[684,685,90,295,89,233,242,694,87,688,686,692,298,687,94,93,680,92,180,243,244,294,434,1282,681,683,1283,695,302,95,96],"class_list":{"0":"post-16422","1":"product","2":"type-product","3":"status-publish","4":"has-post-thumbnail","6":"product_cat-2einfach","7":"product_cat-amigurumi","8":"product_cat-geschenkverpackungen","9":"product_cat-winter-weihnachten-krippe","10":"product_tag-advent","11":"product_tag-adventskalender","12":"product_tag-amigurumi","13":"product_tag-anleitung","14":"product_tag-baby","15":"product_tag-dekoration","16":"product_tag-dekoration-haekeln","17":"product_tag-feste","18":"product_tag-geschenk","19":"product_tag-geschenk-saeckchen","20":"product_tag-geschenk-tasche","21":"product_tag-geschenkhuelle-haekeln","22":"product_tag-geschenkverpackung","23":"product_tag-geschenkverpackung-haekeln","24":"product_tag-haekelanleitung","25":"product_tag-haekeln","26":"product_tag-kalender","27":"product_tag-kinder","28":"product_tag-kuscheltier","29":"product_tag-kuschelwolle","30":"product_tag-kuschelwolle-haekeln","31":"product_tag-mitbringsel","32":"product_tag-muetze","33":"product_tag-nikolaus","34":"product_tag-ueberraschung","35":"product_tag-weihnachten","36":"product_tag-weihnachtsmann","37":"product_tag-weihnachtsmuetze","38":"product_tag-winter","39":"product_tag-wolle","40":"product_tag-wollreste","42":"first","43":"instock","44":"downloadable","45":"shipping-taxable","46":"purchasable","47":"product-type-simple"},"_links":{"self":[{"href":"https:\/\/dadade.eu\/index.php?rest_route=\/wp\/v2\/product\/16422","targetHints":{"allow":["GET"]}}],"collection":[{"href":"https:\/\/dadade.eu\/index.php?rest_route=\/wp\/v2\/product"}],"about":[{"href":"https:\/\/dadade.eu\/index.php?rest_route=\/wp\/v2\/types\/product"}],"wp:featuredmedia":[{"embeddable":true,"href":"https:\/\/dadade.eu\/index.php?rest_route=\/wp\/v2\/media\/16424"}],"wp:attachment":[{"href":"https:\/\/dadade.eu\/index.php?rest_route=%2Fwp%2Fv2%2Fmedia&parent=16422"}],"wp:term":[{"taxonomy":"product_brand","embeddable":true,"href":"https:\/\/dadade.eu\/index.php?rest_route=%2Fwp%2Fv2%2Fproduct_brand&post=16422"},{"taxonomy":"product_cat","embeddable":true,"href":"https:\/\/dadade.eu\/index.php?rest_route=%2Fwp%2Fv2%2Fproduct_cat&post=16422"},{"taxonomy":"product_tag","embeddable":true,"href":"https:\/\/dadade.eu\/index.php?rest_route=%2Fwp%2Fv2%2Fproduct_tag&post=16422"}],"curies":[{"name":"wp","href":"https:\/\/api.w.org\/{rel}","templated":true}]}}