{"id":16420,"date":"2017-10-18T14:31:29","date_gmt":"2017-10-18T12:31:29","guid":{"rendered":"https:\/\/dadade.eu\/?post_type=product&#038;p=16420"},"modified":"2023-07-18T23:50:34","modified_gmt":"2023-07-18T21:50:34","slug":"geschenk-verpackung-engelchen-teufelchen-g401","status":"publish","type":"product","link":"https:\/\/dadade.eu\/?product=geschenk-verpackung-engelchen-teufelchen-g401","title":{"rendered":"Geschenk-Verpackung, Engelchen &#038; Teufelchen (G401)"},"content":{"rendered":"<p><img fetchpriority=\"high\" decoding=\"async\" class=\"alignnone size-medium wp-image-16418\" src=\"https:\/\/dadade.eu\/wp-content\/uploads\/2023\/07\/Geschenke-Tasche-EngelTeufel-20-1-300x225.jpg\" alt=\"\" width=\"300\" height=\"225\" srcset=\"https:\/\/dadade.eu\/wp-content\/uploads\/2023\/07\/Geschenke-Tasche-EngelTeufel-20-1-300x225.jpg 300w, https:\/\/dadade.eu\/wp-content\/uploads\/2023\/07\/Geschenke-Tasche-EngelTeufel-20-1-600x450.jpg 600w, https:\/\/dadade.eu\/wp-content\/uploads\/2023\/07\/Geschenke-Tasche-EngelTeufel-20-1-64x48.jpg 64w, https:\/\/dadade.eu\/wp-content\/uploads\/2023\/07\/Geschenke-Tasche-EngelTeufel-20-1-1024x768.jpg 1024w, https:\/\/dadade.eu\/wp-content\/uploads\/2023\/07\/Geschenke-Tasche-EngelTeufel-20-1-768x576.jpg 768w, https:\/\/dadade.eu\/wp-content\/uploads\/2023\/07\/Geschenke-Tasche-EngelTeufel-20-1-1536x1152.jpg 1536w, https:\/\/dadade.eu\/wp-content\/uploads\/2023\/07\/Geschenke-Tasche-EngelTeufel-20-1.jpg 1653w\" sizes=\"(max-width: 300px) 100vw, 300px\" \/>das Engelchen &amp; Teufelchen als Adventskalender-Tierchen, nicht so aufwendig<\/p>\n<p><img decoding=\"async\" class=\"alignnone size-medium wp-image-16384\" src=\"https:\/\/dadade.eu\/wp-content\/uploads\/2023\/07\/Geschenke-Tasche-Engel11-300x225.jpg\" alt=\"\" width=\"300\" height=\"225\" srcset=\"https:\/\/dadade.eu\/wp-content\/uploads\/2023\/07\/Geschenke-Tasche-Engel11-300x225.jpg 300w, https:\/\/dadade.eu\/wp-content\/uploads\/2023\/07\/Geschenke-Tasche-Engel11-600x450.jpg 600w, https:\/\/dadade.eu\/wp-content\/uploads\/2023\/07\/Geschenke-Tasche-Engel11-64x48.jpg 64w, https:\/\/dadade.eu\/wp-content\/uploads\/2023\/07\/Geschenke-Tasche-Engel11-1024x768.jpg 1024w, https:\/\/dadade.eu\/wp-content\/uploads\/2023\/07\/Geschenke-Tasche-Engel11-768x576.jpg 768w, https:\/\/dadade.eu\/wp-content\/uploads\/2023\/07\/Geschenke-Tasche-Engel11-1536x1152.jpg 1536w, https:\/\/dadade.eu\/wp-content\/uploads\/2023\/07\/Geschenke-Tasche-Engel11.jpg 1653w\" sizes=\"(max-width: 300px) 100vw, 300px\" \/><strong><a href=\"https:\/\/dadade.eu\/?product=geschenk-verpackung-adventskalender-engelchen-g301\">das Engelchen als Geschenkverpackung mit kleinen Extras, oder auch mal mit einem Teelicht<\/a><\/strong><\/p>\n<p><img decoding=\"async\" class=\"alignnone size-medium wp-image-16389\" src=\"https:\/\/dadade.eu\/wp-content\/uploads\/2023\/07\/Adventskalender-Teufel20-300x225.jpg\" alt=\"\" width=\"300\" height=\"225\" srcset=\"https:\/\/dadade.eu\/wp-content\/uploads\/2023\/07\/Adventskalender-Teufel20-300x225.jpg 300w, https:\/\/dadade.eu\/wp-content\/uploads\/2023\/07\/Adventskalender-Teufel20-600x450.jpg 600w, https:\/\/dadade.eu\/wp-content\/uploads\/2023\/07\/Adventskalender-Teufel20-64x48.jpg 64w, https:\/\/dadade.eu\/wp-content\/uploads\/2023\/07\/Adventskalender-Teufel20-1024x768.jpg 1024w, https:\/\/dadade.eu\/wp-content\/uploads\/2023\/07\/Adventskalender-Teufel20-768x576.jpg 768w, https:\/\/dadade.eu\/wp-content\/uploads\/2023\/07\/Adventskalender-Teufel20-1536x1152.jpg 1536w, https:\/\/dadade.eu\/wp-content\/uploads\/2023\/07\/Adventskalender-Teufel20-2048x1536.jpg 2048w\" sizes=\"(max-width: 300px) 100vw, 300px\" \/><strong><a href=\"https:\/\/dadade.eu\/?product=geschenk-verpackung-adventskalender-teufelchen-g302\">das Teufelchen als Geschenkverpackung mit kleinen Extras,\u00a0<\/a><\/strong><\/p>\n<p>&nbsp;<\/p>\n<p>Wie w\u00e4re es das Teufelchen mal mit Chenillewolle zu h\u00e4keln? Es wird dann mit Nadelst\u00e4rke 4, ungef\u00e4hr 50cm, und schon passt ein gr\u00f6\u00dferes Geschenk oder ein Kernerkissen hinein.<\/p>\n<p>Die Anleitung ist ausf\u00fchrlich mit vielen Bildern hinterlegt und wird auf 22 Seiten Schritt-f\u00fcr-Schritt beschrieben!<\/p>\n<p><img loading=\"lazy\" decoding=\"async\" class=\"alignnone size-medium wp-image-15864\" src=\"https:\/\/dadade.eu\/wp-content\/uploads\/2016\/11\/Geschenkverpackung-30-Kopie-300x279.jpg\" sizes=\"(max-width: 300px) 100vw, 300px\" srcset=\"https:\/\/dadade.eu\/wp-content\/uploads\/2016\/11\/Geschenkverpackung-30-Kopie-300x279.jpg 300w, https:\/\/dadade.eu\/wp-content\/uploads\/2016\/11\/Geschenkverpackung-30-Kopie-1024x951.jpg 1024w, https:\/\/dadade.eu\/wp-content\/uploads\/2016\/11\/Geschenkverpackung-30-Kopie-768x713.jpg 768w, https:\/\/dadade.eu\/wp-content\/uploads\/2016\/11\/Geschenkverpackung-30-Kopie-1536x1427.jpg 1536w, https:\/\/dadade.eu\/wp-content\/uploads\/2016\/11\/Geschenkverpackung-30-Kopie-2048x1902.jpg 2048w, https:\/\/dadade.eu\/wp-content\/uploads\/2016\/11\/Geschenkverpackung-30-Kopie-600x557.jpg 600w, https:\/\/dadade.eu\/wp-content\/uploads\/2016\/11\/Geschenkverpackung-30-Kopie-64x59.jpg 64w\" alt=\"\" width=\"300\" height=\"279\" \/>die verschiedenen Geschenkverpackungen,<\/p>\n<p><a href=\"https:\/\/dadade.eu\/?p=9994\"><strong>VIELE TOLLE BILDER<\/strong>\u00a0von flei\u00dfigen Helfer und H\u00e4nden findet ihr hier<\/a><\/p>\n<p><img loading=\"lazy\" decoding=\"async\" class=\"alignnone size-medium wp-image-15865\" src=\"https:\/\/dadade.eu\/wp-content\/uploads\/2016\/11\/xAdventskalender-30-Tiere-300x239.jpg\" sizes=\"(max-width: 300px) 100vw, 300px\" srcset=\"https:\/\/dadade.eu\/wp-content\/uploads\/2016\/11\/xAdventskalender-30-Tiere-300x239.jpg 300w, https:\/\/dadade.eu\/wp-content\/uploads\/2016\/11\/xAdventskalender-30-Tiere-1024x817.jpg 1024w, https:\/\/dadade.eu\/wp-content\/uploads\/2016\/11\/xAdventskalender-30-Tiere-768x613.jpg 768w, https:\/\/dadade.eu\/wp-content\/uploads\/2016\/11\/xAdventskalender-30-Tiere-1536x1225.jpg 1536w, https:\/\/dadade.eu\/wp-content\/uploads\/2016\/11\/xAdventskalender-30-Tiere-2048x1634.jpg 2048w, https:\/\/dadade.eu\/wp-content\/uploads\/2016\/11\/xAdventskalender-30-Tiere-600x479.jpg 600w, https:\/\/dadade.eu\/wp-content\/uploads\/2016\/11\/xAdventskalender-30-Tiere-64x51.jpg 64w\" alt=\"\" width=\"300\" height=\"239\" \/>&amp; Adventskalender -Tierchen<\/p>\n<p><a href=\"https:\/\/dadade.eu\/?p=15923\"><strong>VIELE TOLLE BILDER<\/strong>\u00a0von flei\u00dfigen Helfer und H\u00e4nden findet ihr hier<\/a><\/p>\n<p>&nbsp;<\/p>\n<p>&nbsp;<\/p>\n","protected":false},"excerpt":{"rendered":"<div id=\"cc-m-13954443088\">\n<p>Hier kauft man die H\u00e4kelanleitung f\u00fcr das Engelchen und das Teufelchen, die Beiden geh\u00f6ren einfach zusammen.<\/p>\n<p>Die beiden sind nicht nur eine sch\u00f6ne Dekoration,\u00a0 sie haben auch noch f\u00fcr ein kleines Geschenk Platz im Bauch!<\/p>\n<p>Du suchst eine originelle Geschenkverpackung, das s\u00fc\u00dfe Engelchen, mit Beinen und Stern, sowie der Teufel mit Beine und vielleicht mal mit Fu\u00dfball, oder mit Beinen, Dreizack\u00a0 und Umhang. Beide Figuren kann man als Geschenk-Verpackung, z.B mit einem kleinen Gutschein nutzen. Eine sch\u00f6ne Art Geld oder ein kleines Mitbringsel zu verschenken,<\/p>\n<p>Das Engelchen &amp; Teufelchen, sowie seine Adventskalender-Freunde, sind ganz einfach gehalten und dadurch auch schon f\u00fcr Anf\u00e4nger geeignet.<\/p>\n<p>Deiner Kreativit\u00e4t sind keine Grenzen gesetzt<\/p>\n<p>Mit Wolle der Nadelst\u00e4rke 2 werden die Figuren ungef\u00e4hr; 13cm hoch<\/p>\n<p>Beim Kauf ab 3 Geschenkverpackungen, im Warenkorb einfach den Gutschein-Code <span style=\"color: #ff0000;\"><strong>Geschenk <\/strong><\/span>eingeben und schon bekommt ihr 20% Mengenrabatt auf die Geschenkverpackungen.<\/p>\n<\/div>\n","protected":false},"featured_media":16411,"template":"","meta":[],"product_brand":[],"product_cat":[56,35,49,41,504],"product_tag":[684,685,90,295,89,233,242,554,556,555,1276,1281,87,688,686,298,687,94,93,278,680,92,245,180,243,244,280,392,162,1275,1280,1278,1277,1279,681,276,683,95,96],"class_list":{"0":"post-16420","1":"product","2":"type-product","3":"status-publish","4":"has-post-thumbnail","6":"product_cat-2einfach","7":"product_cat-amigurumi","8":"product_cat-dekoration-mit-herz","9":"product_cat-geschenkverpackungen","10":"product_cat-winter-weihnachten-krippe","11":"product_tag-advent","12":"product_tag-adventskalender","13":"product_tag-amigurumi","14":"product_tag-anleitung","15":"product_tag-baby","16":"product_tag-dekoration","17":"product_tag-dekoration-haekeln","18":"product_tag-engel","19":"product_tag-engel-haekeln","20":"product_tag-engelchen","21":"product_tag-engelchen-haekeln","22":"product_tag-fussball-teufel","23":"product_tag-geschenk","24":"product_tag-geschenk-saeckchen","25":"product_tag-geschenk-tasche","26":"product_tag-geschenkverpackung","27":"product_tag-geschenkverpackung-haekeln","28":"product_tag-haekelanleitung","29":"product_tag-haekeln","30":"product_tag-herz-haekeln","31":"product_tag-kalender","32":"product_tag-kinder","33":"product_tag-kuschelige-haekeltiere","34":"product_tag-kuscheltier","35":"product_tag-kuschelwolle","36":"product_tag-kuschelwolle-haekeln","37":"product_tag-muttertag","38":"product_tag-plueschtier-haekeln","39":"product_tag-sternchen","40":"product_tag-teufel","41":"product_tag-teufel-engel","42":"product_tag-teufel-haekeln","43":"product_tag-teufelchen","44":"product_tag-teufelchen-haekeln","45":"product_tag-ueberraschung","46":"product_tag-valentin","47":"product_tag-weihnachten","48":"product_tag-wolle","49":"product_tag-wollreste","51":"first","52":"instock","53":"downloadable","54":"shipping-taxable","55":"purchasable","56":"product-type-simple"},"_links":{"self":[{"href":"https:\/\/dadade.eu\/index.php?rest_route=\/wp\/v2\/product\/16420","targetHints":{"allow":["GET"]}}],"collection":[{"href":"https:\/\/dadade.eu\/index.php?rest_route=\/wp\/v2\/product"}],"about":[{"href":"https:\/\/dadade.eu\/index.php?rest_route=\/wp\/v2\/types\/product"}],"wp:featuredmedia":[{"embeddable":true,"href":"https:\/\/dadade.eu\/index.php?rest_route=\/wp\/v2\/media\/16411"}],"wp:attachment":[{"href":"https:\/\/dadade.eu\/index.php?rest_route=%2Fwp%2Fv2%2Fmedia&parent=16420"}],"wp:term":[{"taxonomy":"product_brand","embeddable":true,"href":"https:\/\/dadade.eu\/index.php?rest_route=%2Fwp%2Fv2%2Fproduct_brand&post=16420"},{"taxonomy":"product_cat","embeddable":true,"href":"https:\/\/dadade.eu\/index.php?rest_route=%2Fwp%2Fv2%2Fproduct_cat&post=16420"},{"taxonomy":"product_tag","embeddable":true,"href":"https:\/\/dadade.eu\/index.php?rest_route=%2Fwp%2Fv2%2Fproduct_tag&post=16420"}],"curies":[{"name":"wp","href":"https:\/\/api.w.org\/{rel}","templated":true}]}}