{"id":16388,"date":"2017-10-18T12:46:32","date_gmt":"2017-10-18T10:46:32","guid":{"rendered":"https:\/\/dadade.eu\/?post_type=product&#038;p=16388"},"modified":"2023-07-19T13:24:37","modified_gmt":"2023-07-19T11:24:37","slug":"geschenk-verpackung-adventskalender-teufelchen-g302","status":"publish","type":"product","link":"https:\/\/dadade.eu\/?product=geschenk-verpackung-adventskalender-teufelchen-g302","title":{"rendered":"Geschenk-Verpackung, Adventskalender Teufelchen (G302)"},"content":{"rendered":"<p><img fetchpriority=\"high\" decoding=\"async\" class=\"alignnone size-medium wp-image-16408\" src=\"https:\/\/dadade.eu\/wp-content\/uploads\/2023\/07\/Geschenkverpackung-Teufel-11-300x225.jpg\" alt=\"\" width=\"300\" height=\"225\" srcset=\"https:\/\/dadade.eu\/wp-content\/uploads\/2023\/07\/Geschenkverpackung-Teufel-11-300x225.jpg 300w, https:\/\/dadade.eu\/wp-content\/uploads\/2023\/07\/Geschenkverpackung-Teufel-11-600x450.jpg 600w, https:\/\/dadade.eu\/wp-content\/uploads\/2023\/07\/Geschenkverpackung-Teufel-11-64x48.jpg 64w, https:\/\/dadade.eu\/wp-content\/uploads\/2023\/07\/Geschenkverpackung-Teufel-11-1024x768.jpg 1024w, https:\/\/dadade.eu\/wp-content\/uploads\/2023\/07\/Geschenkverpackung-Teufel-11-768x576.jpg 768w, https:\/\/dadade.eu\/wp-content\/uploads\/2023\/07\/Geschenkverpackung-Teufel-11-1536x1152.jpg 1536w, https:\/\/dadade.eu\/wp-content\/uploads\/2023\/07\/Geschenkverpackung-Teufel-11.jpg 1653w\" sizes=\"(max-width: 300px) 100vw, 300px\" \/>das Teufelchen als Adventskalender-Tierchen, nicht so aufwendig, oder auch mal mit einem Teelicht<\/p>\n<p><img decoding=\"async\" class=\"alignnone size-medium wp-image-16389\" src=\"https:\/\/dadade.eu\/wp-content\/uploads\/2023\/07\/Adventskalender-Teufel20-300x225.jpg\" alt=\"\" width=\"300\" height=\"225\" srcset=\"https:\/\/dadade.eu\/wp-content\/uploads\/2023\/07\/Adventskalender-Teufel20-300x225.jpg 300w, https:\/\/dadade.eu\/wp-content\/uploads\/2023\/07\/Adventskalender-Teufel20-600x450.jpg 600w, https:\/\/dadade.eu\/wp-content\/uploads\/2023\/07\/Adventskalender-Teufel20-64x48.jpg 64w, https:\/\/dadade.eu\/wp-content\/uploads\/2023\/07\/Adventskalender-Teufel20-1024x768.jpg 1024w, https:\/\/dadade.eu\/wp-content\/uploads\/2023\/07\/Adventskalender-Teufel20-768x576.jpg 768w, https:\/\/dadade.eu\/wp-content\/uploads\/2023\/07\/Adventskalender-Teufel20-1536x1152.jpg 1536w, https:\/\/dadade.eu\/wp-content\/uploads\/2023\/07\/Adventskalender-Teufel20-2048x1536.jpg 2048w\" sizes=\"(max-width: 300px) 100vw, 300px\" \/>das Teufelchen als Geschenkverpackung mit kleinen Extras, <strong><a href=\"https:\/\/dadade.eu\/?p=16571\">oder als Fu\u00dfballteufel- mehr Bilder findet man hier<\/a><\/strong><\/p>\n<p><img decoding=\"async\" class=\"alignnone size-medium wp-image-16411\" src=\"https:\/\/dadade.eu\/wp-content\/uploads\/2023\/07\/Geschenke-Tasche-EngelTeufel-1-300x225.jpg\" alt=\"\" width=\"300\" height=\"225\" srcset=\"https:\/\/dadade.eu\/wp-content\/uploads\/2023\/07\/Geschenke-Tasche-EngelTeufel-1-300x225.jpg 300w, https:\/\/dadade.eu\/wp-content\/uploads\/2023\/07\/Geschenke-Tasche-EngelTeufel-1-600x450.jpg 600w, https:\/\/dadade.eu\/wp-content\/uploads\/2023\/07\/Geschenke-Tasche-EngelTeufel-1-64x48.jpg 64w, https:\/\/dadade.eu\/wp-content\/uploads\/2023\/07\/Geschenke-Tasche-EngelTeufel-1-1024x768.jpg 1024w, https:\/\/dadade.eu\/wp-content\/uploads\/2023\/07\/Geschenke-Tasche-EngelTeufel-1-768x576.jpg 768w, https:\/\/dadade.eu\/wp-content\/uploads\/2023\/07\/Geschenke-Tasche-EngelTeufel-1-1536x1152.jpg 1536w, https:\/\/dadade.eu\/wp-content\/uploads\/2023\/07\/Geschenke-Tasche-EngelTeufel-1.jpg 1653w\" sizes=\"(max-width: 300px) 100vw, 300px\" \/><strong><a href=\"https:\/\/dadade.eu\/?product=geschenk-verpackung-engelchen-teufelchen-g401\">das Engelchen &amp; das Teufelchen &#8211; gibt es auch als Sparpaket z.B. f\u00fcr Valentin<\/a><\/strong><\/p>\n<p>Wie w\u00e4re es das Teufelchen mal mit Chenillewolle zu h\u00e4keln? Es wird dann mit Nadelst\u00e4rke 4, ungef\u00e4hr 50cm, und schon passt ein gr\u00f6\u00dferes Geschenk oder ein Kernerkissen hinein.<\/p>\n<p>Die Anleitung ist ausf\u00fchrlich mit vielen Bildern hinterlegt und wird auf 22 Seiten Schritt-f\u00fcr-Schritt beschrieben!<\/p>\n<p><img loading=\"lazy\" decoding=\"async\" class=\"alignnone size-medium wp-image-15864\" src=\"https:\/\/dadade.eu\/wp-content\/uploads\/2016\/11\/Geschenkverpackung-30-Kopie-300x279.jpg\" sizes=\"(max-width: 300px) 100vw, 300px\" srcset=\"https:\/\/dadade.eu\/wp-content\/uploads\/2016\/11\/Geschenkverpackung-30-Kopie-300x279.jpg 300w, https:\/\/dadade.eu\/wp-content\/uploads\/2016\/11\/Geschenkverpackung-30-Kopie-1024x951.jpg 1024w, https:\/\/dadade.eu\/wp-content\/uploads\/2016\/11\/Geschenkverpackung-30-Kopie-768x713.jpg 768w, https:\/\/dadade.eu\/wp-content\/uploads\/2016\/11\/Geschenkverpackung-30-Kopie-1536x1427.jpg 1536w, https:\/\/dadade.eu\/wp-content\/uploads\/2016\/11\/Geschenkverpackung-30-Kopie-2048x1902.jpg 2048w, https:\/\/dadade.eu\/wp-content\/uploads\/2016\/11\/Geschenkverpackung-30-Kopie-600x557.jpg 600w, https:\/\/dadade.eu\/wp-content\/uploads\/2016\/11\/Geschenkverpackung-30-Kopie-64x59.jpg 64w\" alt=\"\" width=\"300\" height=\"279\" \/>die verschiedenen Geschenkverpackungen,<\/p>\n<p><a href=\"https:\/\/dadade.eu\/?p=9994\"><strong>VIELE TOLLE BILDER<\/strong>\u00a0von flei\u00dfigen Helfer und H\u00e4nden findet ihr hier<\/a><\/p>\n<p><img loading=\"lazy\" decoding=\"async\" class=\"alignnone size-medium wp-image-15865\" src=\"https:\/\/dadade.eu\/wp-content\/uploads\/2016\/11\/xAdventskalender-30-Tiere-300x239.jpg\" sizes=\"(max-width: 300px) 100vw, 300px\" srcset=\"https:\/\/dadade.eu\/wp-content\/uploads\/2016\/11\/xAdventskalender-30-Tiere-300x239.jpg 300w, https:\/\/dadade.eu\/wp-content\/uploads\/2016\/11\/xAdventskalender-30-Tiere-1024x817.jpg 1024w, https:\/\/dadade.eu\/wp-content\/uploads\/2016\/11\/xAdventskalender-30-Tiere-768x613.jpg 768w, https:\/\/dadade.eu\/wp-content\/uploads\/2016\/11\/xAdventskalender-30-Tiere-1536x1225.jpg 1536w, https:\/\/dadade.eu\/wp-content\/uploads\/2016\/11\/xAdventskalender-30-Tiere-2048x1634.jpg 2048w, https:\/\/dadade.eu\/wp-content\/uploads\/2016\/11\/xAdventskalender-30-Tiere-600x479.jpg 600w, https:\/\/dadade.eu\/wp-content\/uploads\/2016\/11\/xAdventskalender-30-Tiere-64x51.jpg 64w\" alt=\"\" width=\"300\" height=\"239\" \/>&amp; Adventskalender -Tierchen<\/p>\n<p><a href=\"https:\/\/dadade.eu\/?p=15923\"><strong>VIELE TOLLE BILDER<\/strong>\u00a0von flei\u00dfigen Helfer und H\u00e4nden findet ihr hier<\/a><\/p>\n<p>&nbsp;<\/p>\n<p>&nbsp;<\/p>\n","protected":false},"excerpt":{"rendered":"<div id=\"cc-m-13954443088\">\n<p>Hier kauft man die H\u00e4kelanleitung f\u00fcr das Teufelchen in 2 Varianten;<\/p>\n<p>1x mit Weihnachtsm\u00fctze,<\/p>\n<p>Du suchst einen Adventskalender, hier hast du alle M\u00f6glichkeiten, au\u00dfer dem Engelchen, gibt es noch viele andere Adventskalender-Tiere und einen Teufel in meinem Shop.<\/p>\n<p>Das Engelchen, sowie seine Adventskalender-Freunde, sind ganz einfach gehalten und dadurch auch schon f\u00fcr Anf\u00e4nger geeignet.<\/p>\n<p>Jede Figur ist ein T\u00fcrchen, das im Bauch Platz hat, f\u00fcr ein kleines Geschenk!<\/p>\n<p>oder 2. als Geschenkverpackung<\/p>\n<p>Du suchst eine originelle Geschenkverpackung, z.B f\u00fcr Vatertag, der Teufel mit Beine und vielleicht mal mit Fu\u00dfball,<\/p>\n<p>mit Beinen, Dreizack\u00a0 und Umhang, kann man das Teufelchen als Geschenk-Verpackung, z.B mit einem kleinen Gutschein nutzen. Eine sch\u00f6ne Art Geld oder ein kleines Mitbringsel zu verschenken,<\/p>\n<p>Alle Varianten sind auch eine sch\u00f6ne Dekoration.<\/p>\n<p>Deiner Kreativit\u00e4t sind keine Grenzen gesetzt<\/p>\n<p>Mit Wolle der Nadelst\u00e4rke 2 wird die Figuren, ungef\u00e4hr; 13cm hoch<\/p>\n<p>Beim Kauf ab 3 Geschenkverpackungen, im Warenkorb einfach den Gutschein-Code <span style=\"color: #ff0000;\"><strong>Geschenk <\/strong><\/span>eingeben und schon bekommt ihr 20% Mengenrabatt auf die Geschenkverpackungen.<\/p>\n<\/div>\n","protected":false},"featured_media":16403,"template":"","meta":[],"product_brand":[],"product_cat":[56,35,41,504],"product_tag":[684,685,90,295,89,233,242,182,694,247,87,688,686,692,298,687,94,93,680,92,180,243,244,294,280,434,392,1275,682,681,275,683,695,302,95,96],"class_list":{"0":"post-16388","1":"product","2":"type-product","3":"status-publish","4":"has-post-thumbnail","6":"product_cat-2einfach","7":"product_cat-amigurumi","8":"product_cat-geschenkverpackungen","9":"product_cat-winter-weihnachten-krippe","10":"product_tag-advent","11":"product_tag-adventskalender","12":"product_tag-amigurumi","13":"product_tag-anleitung","14":"product_tag-baby","15":"product_tag-dekoration","16":"product_tag-dekoration-haekeln","17":"product_tag-fein","18":"product_tag-feste","19":"product_tag-fussball","20":"product_tag-geschenk","21":"product_tag-geschenk-saeckchen","22":"product_tag-geschenk-tasche","23":"product_tag-geschenkhuelle-haekeln","24":"product_tag-geschenkverpackung","25":"product_tag-geschenkverpackung-haekeln","26":"product_tag-haekelanleitung","27":"product_tag-haekeln","28":"product_tag-kalender","29":"product_tag-kinder","30":"product_tag-kuscheltier","31":"product_tag-kuschelwolle","32":"product_tag-kuschelwolle-haekeln","33":"product_tag-mitbringsel","34":"product_tag-muttertag","35":"product_tag-muetze","36":"product_tag-plueschtier-haekeln","37":"product_tag-teufel","38":"product_tag-tier","39":"product_tag-ueberraschung","40":"product_tag-valentinstag","41":"product_tag-weihnachten","42":"product_tag-weihnachtsmuetze","43":"product_tag-winter","44":"product_tag-wolle","45":"product_tag-wollreste","47":"first","48":"instock","49":"downloadable","50":"shipping-taxable","51":"purchasable","52":"product-type-simple"},"_links":{"self":[{"href":"https:\/\/dadade.eu\/index.php?rest_route=\/wp\/v2\/product\/16388","targetHints":{"allow":["GET"]}}],"collection":[{"href":"https:\/\/dadade.eu\/index.php?rest_route=\/wp\/v2\/product"}],"about":[{"href":"https:\/\/dadade.eu\/index.php?rest_route=\/wp\/v2\/types\/product"}],"wp:featuredmedia":[{"embeddable":true,"href":"https:\/\/dadade.eu\/index.php?rest_route=\/wp\/v2\/media\/16403"}],"wp:attachment":[{"href":"https:\/\/dadade.eu\/index.php?rest_route=%2Fwp%2Fv2%2Fmedia&parent=16388"}],"wp:term":[{"taxonomy":"product_brand","embeddable":true,"href":"https:\/\/dadade.eu\/index.php?rest_route=%2Fwp%2Fv2%2Fproduct_brand&post=16388"},{"taxonomy":"product_cat","embeddable":true,"href":"https:\/\/dadade.eu\/index.php?rest_route=%2Fwp%2Fv2%2Fproduct_cat&post=16388"},{"taxonomy":"product_tag","embeddable":true,"href":"https:\/\/dadade.eu\/index.php?rest_route=%2Fwp%2Fv2%2Fproduct_tag&post=16388"}],"curies":[{"name":"wp","href":"https:\/\/api.w.org\/{rel}","templated":true}]}}