{"id":15885,"date":"2016-10-08T17:19:15","date_gmt":"2016-10-08T15:19:15","guid":{"rendered":"https:\/\/dadade.eu\/?post_type=product&#038;p=15885"},"modified":"2023-11-07T16:47:13","modified_gmt":"2023-11-07T15:47:13","slug":"geschenk-verpackung-adventskalender-kaenguru-g111","status":"publish","type":"product","link":"https:\/\/dadade.eu\/?product=geschenk-verpackung-adventskalender-kaenguru-g111","title":{"rendered":"Geschenk-Verpackung, Adventskalender K\u00e4nguru (G111)"},"content":{"rendered":"<p><img fetchpriority=\"high\" decoding=\"async\" class=\"alignnone size-medium wp-image-15893\" src=\"https:\/\/dadade.eu\/wp-content\/uploads\/2016\/10\/6-Geschenkverpackung-Australien-20Kaenguru-300x225.jpg\" alt=\"\" width=\"300\" height=\"225\" srcset=\"https:\/\/dadade.eu\/wp-content\/uploads\/2016\/10\/6-Geschenkverpackung-Australien-20Kaenguru-300x225.jpg 300w, https:\/\/dadade.eu\/wp-content\/uploads\/2016\/10\/6-Geschenkverpackung-Australien-20Kaenguru-600x450.jpg 600w, https:\/\/dadade.eu\/wp-content\/uploads\/2016\/10\/6-Geschenkverpackung-Australien-20Kaenguru-64x48.jpg 64w, https:\/\/dadade.eu\/wp-content\/uploads\/2016\/10\/6-Geschenkverpackung-Australien-20Kaenguru-1024x768.jpg 1024w, https:\/\/dadade.eu\/wp-content\/uploads\/2016\/10\/6-Geschenkverpackung-Australien-20Kaenguru-768x576.jpg 768w, https:\/\/dadade.eu\/wp-content\/uploads\/2016\/10\/6-Geschenkverpackung-Australien-20Kaenguru-1536x1152.jpg 1536w, https:\/\/dadade.eu\/wp-content\/uploads\/2016\/10\/6-Geschenkverpackung-Australien-20Kaenguru.jpg 1653w\" sizes=\"(max-width: 300px) 100vw, 300px\" \/>das K\u00e4nguru als Adventskalender-Tierchen, nicht so aufwendig<\/p>\n<p><img decoding=\"async\" class=\"alignnone size-medium wp-image-15894\" src=\"https:\/\/dadade.eu\/wp-content\/uploads\/2016\/10\/Adventskalender-Kaenguru-20-300x225.jpg\" alt=\"\" width=\"300\" height=\"225\" srcset=\"https:\/\/dadade.eu\/wp-content\/uploads\/2016\/10\/Adventskalender-Kaenguru-20-300x225.jpg 300w, https:\/\/dadade.eu\/wp-content\/uploads\/2016\/10\/Adventskalender-Kaenguru-20-600x450.jpg 600w, https:\/\/dadade.eu\/wp-content\/uploads\/2016\/10\/Adventskalender-Kaenguru-20-64x48.jpg 64w, https:\/\/dadade.eu\/wp-content\/uploads\/2016\/10\/Adventskalender-Kaenguru-20-1024x768.jpg 1024w, https:\/\/dadade.eu\/wp-content\/uploads\/2016\/10\/Adventskalender-Kaenguru-20-768x576.jpg 768w, https:\/\/dadade.eu\/wp-content\/uploads\/2016\/10\/Adventskalender-Kaenguru-20-1536x1152.jpg 1536w, https:\/\/dadade.eu\/wp-content\/uploads\/2016\/10\/Adventskalender-Kaenguru-20-2048x1536.jpg 2048w\" sizes=\"(max-width: 300px) 100vw, 300px\" \/>das K\u00e4nguru\u00a0als Geschenkverpackung mit kleinen Extras<\/p>\n<p>Wie w\u00e4re es die Tierchen mal mit Chenillewolle zu h\u00e4keln?<\/p>\n<p>Die Anleitung ist ausf\u00fchrlich mit vielen Bildern hinterlegt und wird auf 22 Seiten Schritt-f\u00fcr-Schritt beschrieben!<\/p>\n<p><img decoding=\"async\" class=\"alignnone size-medium wp-image-15864\" src=\"https:\/\/dadade.eu\/wp-content\/uploads\/2016\/11\/Geschenkverpackung-30-Kopie-300x279.jpg\" sizes=\"(max-width: 300px) 100vw, 300px\" srcset=\"https:\/\/dadade.eu\/wp-content\/uploads\/2016\/11\/Geschenkverpackung-30-Kopie-300x279.jpg 300w, https:\/\/dadade.eu\/wp-content\/uploads\/2016\/11\/Geschenkverpackung-30-Kopie-1024x951.jpg 1024w, https:\/\/dadade.eu\/wp-content\/uploads\/2016\/11\/Geschenkverpackung-30-Kopie-768x713.jpg 768w, https:\/\/dadade.eu\/wp-content\/uploads\/2016\/11\/Geschenkverpackung-30-Kopie-1536x1427.jpg 1536w, https:\/\/dadade.eu\/wp-content\/uploads\/2016\/11\/Geschenkverpackung-30-Kopie-2048x1902.jpg 2048w, https:\/\/dadade.eu\/wp-content\/uploads\/2016\/11\/Geschenkverpackung-30-Kopie-600x557.jpg 600w, https:\/\/dadade.eu\/wp-content\/uploads\/2016\/11\/Geschenkverpackung-30-Kopie-64x59.jpg 64w\" alt=\"\" width=\"300\" height=\"279\" \/>die verschiedenen Geschenkverpackungen,<\/p>\n<p><a href=\"https:\/\/dadade.eu\/?p=9994\"><strong>VIELE TOLLE BILDER<\/strong>\u00a0von flei\u00dfigen Helfer und H\u00e4nden findet ihr hier<\/a><\/p>\n<p><img loading=\"lazy\" decoding=\"async\" class=\"alignnone size-medium wp-image-15865\" src=\"https:\/\/dadade.eu\/wp-content\/uploads\/2016\/11\/xAdventskalender-30-Tiere-300x239.jpg\" sizes=\"(max-width: 300px) 100vw, 300px\" srcset=\"https:\/\/dadade.eu\/wp-content\/uploads\/2016\/11\/xAdventskalender-30-Tiere-300x239.jpg 300w, https:\/\/dadade.eu\/wp-content\/uploads\/2016\/11\/xAdventskalender-30-Tiere-1024x817.jpg 1024w, https:\/\/dadade.eu\/wp-content\/uploads\/2016\/11\/xAdventskalender-30-Tiere-768x613.jpg 768w, https:\/\/dadade.eu\/wp-content\/uploads\/2016\/11\/xAdventskalender-30-Tiere-1536x1225.jpg 1536w, https:\/\/dadade.eu\/wp-content\/uploads\/2016\/11\/xAdventskalender-30-Tiere-2048x1634.jpg 2048w, https:\/\/dadade.eu\/wp-content\/uploads\/2016\/11\/xAdventskalender-30-Tiere-600x479.jpg 600w, https:\/\/dadade.eu\/wp-content\/uploads\/2016\/11\/xAdventskalender-30-Tiere-64x51.jpg 64w\" alt=\"\" width=\"300\" height=\"239\" \/>&amp; Adventskalender -Tierchen<\/p>\n<p><a href=\"https:\/\/dadade.eu\/?p=15923\"><strong>VIELE TOLLE BILDER<\/strong>\u00a0von flei\u00dfigen Helfer und H\u00e4nden findet ihr hier<\/a><\/p>\n<p>&nbsp;<\/p>\n<p>&nbsp;<\/p>\n<p>&nbsp;<\/p>\n<p>&nbsp;<\/p>\n","protected":false},"excerpt":{"rendered":"<div id=\"cc-m-13954443088\">\n<p>Hier kauft man die H\u00e4kelanleitung f\u00fcr das K\u00e4nguru in 2 Varianten;<\/p>\n<p>1x mit Weihnachtsm\u00fctze,<\/p>\n<p>Du suchst einen Adventskalender, hier hast du alle M\u00f6glichkeiten, au\u00dfer dem K\u00e4nguru, gibt es noch viele andere Adventskalender-Tiere in meinem Shop.<\/p>\n<p>Das K\u00e4nguru, sowie seine Adventskalender-Freunde, sind ganz einfach gehalten und dadurch auch schon f\u00fcr Anf\u00e4nger geeignet.<\/p>\n<p>Jedes Tier ist ein T\u00fcrchen, das im Bauch Platz hat, f\u00fcr ein kleines Geschenk!<\/p>\n<p>oder 2. als Geschenkverpackung<\/p>\n<p>Du suchst eine originelle Geschenkverpackung, z.B f\u00fcr Muttertag, das K\u00e4nguru, mit Beinen, M\u00fctze, Schwanz und Baby-Joey<\/p>\n<p>kann man sch\u00f6n als Geschenk-Verpackung, z.B mit einem kleinen Gutschein nutzen. Eine sch\u00f6ne Art Geld oder ein kleines Mitbringsel zu verschenken,<\/p>\n<p>Beide Varianten sind auch eine sch\u00f6ne Dekoration.<\/p>\n<p>Deiner Kreativit\u00e4t sind keine Grenzen gesetzt<\/p>\n<p>Mit Wolle der Nadelst\u00e4rke 2\u00a0\u00a0wird das K\u00e4nguru ungef\u00e4hr; 12cm hoch<\/p>\n<p>Beim Kauf ab 3 Geschenkverpackungen, im Warenkorb einfach den Gutschein-Code <span style=\"color: #ff0000;\"><strong>Geschenk <\/strong><\/span>eingeben und schon bekommt ihr 20% Mengenrabatt auf die Geschenkverpackungen.<\/p>\n<\/div>\n","protected":false},"featured_media":15898,"template":"","meta":[],"product_brand":[],"product_cat":[56,35,41],"product_tag":[684,685,90,295,89,233,242,694,87,688,686,692,298,687,94,93,126,680,917,913,916,92,180,243,244,294,280,434,392,682,681,275,373,683,695,302,95,96],"class_list":{"0":"post-15885","1":"product","2":"type-product","3":"status-publish","4":"has-post-thumbnail","6":"product_cat-2einfach","7":"product_cat-amigurumi","8":"product_cat-geschenkverpackungen","9":"product_tag-advent","10":"product_tag-adventskalender","11":"product_tag-amigurumi","12":"product_tag-anleitung","13":"product_tag-baby","14":"product_tag-dekoration","15":"product_tag-dekoration-haekeln","16":"product_tag-feste","17":"product_tag-geschenk","18":"product_tag-geschenk-saeckchen","19":"product_tag-geschenk-tasche","20":"product_tag-geschenkhuelle-haekeln","21":"product_tag-geschenkverpackung","22":"product_tag-geschenkverpackung-haekeln","23":"product_tag-haekelanleitung","24":"product_tag-haekeln","25":"product_tag-herbst","26":"product_tag-kalender","27":"product_tag-kaenguru","28":"product_tag-kaenguru-haekeln","29":"product_tag-kaenguruh","30":"product_tag-kinder","31":"product_tag-kuscheltier","32":"product_tag-kuschelwolle","33":"product_tag-kuschelwolle-haekeln","34":"product_tag-mitbringsel","35":"product_tag-muttertag","36":"product_tag-muetze","37":"product_tag-plueschtier-haekeln","38":"product_tag-tier","39":"product_tag-ueberraschung","40":"product_tag-valentinstag","41":"product_tag-vatertag","42":"product_tag-weihnachten","43":"product_tag-weihnachtsmuetze","44":"product_tag-winter","45":"product_tag-wolle","46":"product_tag-wollreste","48":"first","49":"instock","50":"downloadable","51":"shipping-taxable","52":"purchasable","53":"product-type-simple"},"_links":{"self":[{"href":"https:\/\/dadade.eu\/index.php?rest_route=\/wp\/v2\/product\/15885","targetHints":{"allow":["GET"]}}],"collection":[{"href":"https:\/\/dadade.eu\/index.php?rest_route=\/wp\/v2\/product"}],"about":[{"href":"https:\/\/dadade.eu\/index.php?rest_route=\/wp\/v2\/types\/product"}],"wp:featuredmedia":[{"embeddable":true,"href":"https:\/\/dadade.eu\/index.php?rest_route=\/wp\/v2\/media\/15898"}],"wp:attachment":[{"href":"https:\/\/dadade.eu\/index.php?rest_route=%2Fwp%2Fv2%2Fmedia&parent=15885"}],"wp:term":[{"taxonomy":"product_brand","embeddable":true,"href":"https:\/\/dadade.eu\/index.php?rest_route=%2Fwp%2Fv2%2Fproduct_brand&post=15885"},{"taxonomy":"product_cat","embeddable":true,"href":"https:\/\/dadade.eu\/index.php?rest_route=%2Fwp%2Fv2%2Fproduct_cat&post=15885"},{"taxonomy":"product_tag","embeddable":true,"href":"https:\/\/dadade.eu\/index.php?rest_route=%2Fwp%2Fv2%2Fproduct_tag&post=15885"}],"curies":[{"name":"wp","href":"https:\/\/api.w.org\/{rel}","templated":true}]}}