{"id":15825,"date":"2016-11-08T14:33:08","date_gmt":"2016-11-08T13:33:08","guid":{"rendered":"https:\/\/dadade.eu\/?post_type=product&#038;p=15825"},"modified":"2024-04-01T13:43:58","modified_gmt":"2024-04-01T11:43:58","slug":"geschenk-verpackung-adventskalender-biene-g103","status":"publish","type":"product","link":"https:\/\/dadade.eu\/?product=geschenk-verpackung-adventskalender-biene-g103","title":{"rendered":"Geschenk-Verpackung, Adventskalender Biene (G103)"},"content":{"rendered":"<p><img fetchpriority=\"high\" decoding=\"async\" class=\"alignnone size-medium wp-image-15844\" src=\"https:\/\/dadade.eu\/wp-content\/uploads\/2023\/07\/Geschenkverpackung-Biene20-300x225.jpg\" alt=\"\" width=\"300\" height=\"225\" srcset=\"https:\/\/dadade.eu\/wp-content\/uploads\/2023\/07\/Geschenkverpackung-Biene20-300x225.jpg 300w, https:\/\/dadade.eu\/wp-content\/uploads\/2023\/07\/Geschenkverpackung-Biene20-600x450.jpg 600w, https:\/\/dadade.eu\/wp-content\/uploads\/2023\/07\/Geschenkverpackung-Biene20-64x48.jpg 64w, https:\/\/dadade.eu\/wp-content\/uploads\/2023\/07\/Geschenkverpackung-Biene20-1024x768.jpg 1024w, https:\/\/dadade.eu\/wp-content\/uploads\/2023\/07\/Geschenkverpackung-Biene20-768x576.jpg 768w, https:\/\/dadade.eu\/wp-content\/uploads\/2023\/07\/Geschenkverpackung-Biene20-1536x1152.jpg 1536w, https:\/\/dadade.eu\/wp-content\/uploads\/2023\/07\/Geschenkverpackung-Biene20.jpg 1653w\" sizes=\"(max-width: 300px) 100vw, 300px\" \/>die Biene als Adventskalender-Tierchen, nicht so aufwendig<\/p>\n<p><img decoding=\"async\" class=\"alignnone size-medium wp-image-15835\" src=\"https:\/\/dadade.eu\/wp-content\/uploads\/2023\/07\/Adventskalender-Biene20-300x225.jpg\" alt=\"\" width=\"300\" height=\"225\" srcset=\"https:\/\/dadade.eu\/wp-content\/uploads\/2023\/07\/Adventskalender-Biene20-300x225.jpg 300w, https:\/\/dadade.eu\/wp-content\/uploads\/2023\/07\/Adventskalender-Biene20-600x450.jpg 600w, https:\/\/dadade.eu\/wp-content\/uploads\/2023\/07\/Adventskalender-Biene20-64x48.jpg 64w, https:\/\/dadade.eu\/wp-content\/uploads\/2023\/07\/Adventskalender-Biene20-1024x768.jpg 1024w, https:\/\/dadade.eu\/wp-content\/uploads\/2023\/07\/Adventskalender-Biene20-768x576.jpg 768w, https:\/\/dadade.eu\/wp-content\/uploads\/2023\/07\/Adventskalender-Biene20-1536x1152.jpg 1536w, https:\/\/dadade.eu\/wp-content\/uploads\/2023\/07\/Adventskalender-Biene20-2048x1536.jpg 2048w\" sizes=\"(max-width: 300px) 100vw, 300px\" \/>die Biene als Geschenkverpackung mit kleinen Extras, <strong><a href=\"https:\/\/dadade.eu\/?p=16571\">oder als Fu\u00dfballbiene- mehr Bilder findet man hier<\/a><\/strong><\/p>\n<p>Wie w\u00e4re es die Tierchen mal mit Chenillewolle zu h\u00e4keln?<\/p>\n<p>Die Anleitung ist ausf\u00fchrlich mit vielen Bildern hinterlegt und wird auf 24 Seiten Schritt-f\u00fcr-Schritt beschrieben!<\/p>\n<p><img decoding=\"async\" class=\"alignnone size-medium wp-image-15864\" src=\"https:\/\/dadade.eu\/wp-content\/uploads\/2016\/11\/Geschenkverpackung-30-Kopie-300x279.jpg\" alt=\"\" width=\"300\" height=\"279\" srcset=\"https:\/\/dadade.eu\/wp-content\/uploads\/2016\/11\/Geschenkverpackung-30-Kopie-300x279.jpg 300w, https:\/\/dadade.eu\/wp-content\/uploads\/2016\/11\/Geschenkverpackung-30-Kopie-scaled-600x557.jpg 600w, https:\/\/dadade.eu\/wp-content\/uploads\/2016\/11\/Geschenkverpackung-30-Kopie-scaled-64x59.jpg 64w, https:\/\/dadade.eu\/wp-content\/uploads\/2016\/11\/Geschenkverpackung-30-Kopie-1024x951.jpg 1024w, https:\/\/dadade.eu\/wp-content\/uploads\/2016\/11\/Geschenkverpackung-30-Kopie-768x713.jpg 768w, https:\/\/dadade.eu\/wp-content\/uploads\/2016\/11\/Geschenkverpackung-30-Kopie-1536x1427.jpg 1536w, https:\/\/dadade.eu\/wp-content\/uploads\/2016\/11\/Geschenkverpackung-30-Kopie-2048x1902.jpg 2048w\" sizes=\"(max-width: 300px) 100vw, 300px\" \/>die verschiedenen Geschenkverpackungen,<\/p>\n<p><a href=\"https:\/\/dadade.eu\/?p=9994\"><strong>VIELE TOLLE BILDER<\/strong> von flei\u00dfigen Helfer und H\u00e4nden findet ihr hier<\/a><\/p>\n<p><img loading=\"lazy\" decoding=\"async\" class=\"alignnone size-medium wp-image-15865\" src=\"https:\/\/dadade.eu\/wp-content\/uploads\/2016\/11\/xAdventskalender-30-Tiere-300x239.jpg\" alt=\"\" width=\"300\" height=\"239\" srcset=\"https:\/\/dadade.eu\/wp-content\/uploads\/2016\/11\/xAdventskalender-30-Tiere-300x239.jpg 300w, https:\/\/dadade.eu\/wp-content\/uploads\/2016\/11\/xAdventskalender-30-Tiere-scaled-600x479.jpg 600w, https:\/\/dadade.eu\/wp-content\/uploads\/2016\/11\/xAdventskalender-30-Tiere-scaled-64x51.jpg 64w, https:\/\/dadade.eu\/wp-content\/uploads\/2016\/11\/xAdventskalender-30-Tiere-1024x817.jpg 1024w, https:\/\/dadade.eu\/wp-content\/uploads\/2016\/11\/xAdventskalender-30-Tiere-768x613.jpg 768w, https:\/\/dadade.eu\/wp-content\/uploads\/2016\/11\/xAdventskalender-30-Tiere-1536x1225.jpg 1536w, https:\/\/dadade.eu\/wp-content\/uploads\/2016\/11\/xAdventskalender-30-Tiere-2048x1634.jpg 2048w\" sizes=\"(max-width: 300px) 100vw, 300px\" \/>&amp; Adventskalender -Tierchen<\/p>\n<p><a href=\"https:\/\/dadade.eu\/?p=15923\"><strong>VIELE TOLLE BILDER<\/strong> von flei\u00dfigen Helfer und H\u00e4nden findet ihr hier<\/a><\/p>\n<p>&nbsp;<\/p>\n<p>&nbsp;<\/p>\n<p>&nbsp;<\/p>\n","protected":false},"excerpt":{"rendered":"<div id=\"cc-m-13954443088\">\n<p>Hier kauft man die H\u00e4kelanleitung f\u00fcr die Biene in 3 Varianten;<\/p>\n<p>1x mit Weihnachtsm\u00fctze,<\/p>\n<p>Du suchst einen Adventskalender, hier hast du alle M\u00f6glichkeiten, au\u00dfer der Biene, gibt es noch viele andere Adventskalender-Tiere in meinem Shop.<\/p>\n<p>Die Biene, sowie seine Adventskalender-Freunde, sind ganz einfach gehalten und dadurch auch schon f\u00fcr Anf\u00e4nger geeignet.<\/p>\n<p>Jedes Tier ist ein T\u00fcrchen, das im Bauch Platz hat, f\u00fcr ein kleines Geschenk!<\/p>\n<p>oder 2. + 3. als Geschenkverpackung<\/p>\n<p>Du suchst eine originelle Geschenkverpackung, z.B f\u00fcr Muttertag, die Biene, mit dem Honigtopf und Fl\u00fcgel, kann man sch\u00f6n als Geschenk-Verpackung, z.B mit einem kleinen Gutschein nutzen. Eine sch\u00f6ne Art Geld oder ein kleines Mitbringsel zu verschenken, F\u00fcr jeden Bienenfreud ein Muss.<\/p>\n<p>oder als Geschenkverpackung, f\u00fcr eine Fu\u00dfballfan, die Biene, mit dem Fu\u00dfball und ohne Fl\u00fcgel,<\/p>\n<p>Beide Varianten sind auch eine sch\u00f6ne Dekoration.<\/p>\n<p>Deiner Kreativit\u00e4t sind keine Grenzen gesetzt<\/p>\n<p>Mit Wolle der Nadelst\u00e4rke 2 wird die Biene ungef\u00e4hr; 10cm hoch<\/p>\n<p>Beim Kauf ab 3 Geschenkverpackungen, im Warenkorb einfach den Gutschein-Code <span style=\"color: #ff0000;\"><strong>Geschenk <\/strong><\/span>eingeben und schon bekommt ihr 20% Mengenrabatt auf die Geschenkverpackungen.<\/p>\n<\/div>\n","protected":false},"featured_media":15838,"template":"","meta":[],"product_brand":[],"product_cat":[56,35,501,41],"product_tag":[684,685,90,295,89,248,1242,233,242,182,694,247,1240,1241,87,688,686,692,298,687,94,93,1243,680,92,180,243,244,294,280,434,392,682,681,275,373,683,695,302,95,96],"class_list":{"0":"post-15825","1":"product","2":"type-product","3":"status-publish","4":"has-post-thumbnail","6":"product_cat-2einfach","7":"product_cat-amigurumi","8":"product_cat-ostern-amigurumi","9":"product_cat-geschenkverpackungen","10":"product_tag-advent","11":"product_tag-adventskalender","12":"product_tag-amigurumi","13":"product_tag-anleitung","14":"product_tag-baby","15":"product_tag-biene","16":"product_tag-biene-honigtopf-haekeln","17":"product_tag-dekoration","18":"product_tag-dekoration-haekeln","19":"product_tag-fein","20":"product_tag-feste","21":"product_tag-fussball","22":"product_tag-fussball-biene","23":"product_tag-fussballbiene-haekeln","24":"product_tag-geschenk","25":"product_tag-geschenk-saeckchen","26":"product_tag-geschenk-tasche","27":"product_tag-geschenkhuelle-haekeln","28":"product_tag-geschenkverpackung","29":"product_tag-geschenkverpackung-haekeln","30":"product_tag-haekelanleitung","31":"product_tag-haekeln","32":"product_tag-honigtopf","33":"product_tag-kalender","34":"product_tag-kinder","35":"product_tag-kuscheltier","36":"product_tag-kuschelwolle","37":"product_tag-kuschelwolle-haekeln","38":"product_tag-mitbringsel","39":"product_tag-muttertag","40":"product_tag-muetze","41":"product_tag-plueschtier-haekeln","42":"product_tag-tier","43":"product_tag-ueberraschung","44":"product_tag-valentinstag","45":"product_tag-vatertag","46":"product_tag-weihnachten","47":"product_tag-weihnachtsmuetze","48":"product_tag-winter","49":"product_tag-wolle","50":"product_tag-wollreste","52":"first","53":"instock","54":"downloadable","55":"shipping-taxable","56":"purchasable","57":"product-type-simple"},"_links":{"self":[{"href":"https:\/\/dadade.eu\/index.php?rest_route=\/wp\/v2\/product\/15825","targetHints":{"allow":["GET"]}}],"collection":[{"href":"https:\/\/dadade.eu\/index.php?rest_route=\/wp\/v2\/product"}],"about":[{"href":"https:\/\/dadade.eu\/index.php?rest_route=\/wp\/v2\/types\/product"}],"wp:featuredmedia":[{"embeddable":true,"href":"https:\/\/dadade.eu\/index.php?rest_route=\/wp\/v2\/media\/15838"}],"wp:attachment":[{"href":"https:\/\/dadade.eu\/index.php?rest_route=%2Fwp%2Fv2%2Fmedia&parent=15825"}],"wp:term":[{"taxonomy":"product_brand","embeddable":true,"href":"https:\/\/dadade.eu\/index.php?rest_route=%2Fwp%2Fv2%2Fproduct_brand&post=15825"},{"taxonomy":"product_cat","embeddable":true,"href":"https:\/\/dadade.eu\/index.php?rest_route=%2Fwp%2Fv2%2Fproduct_cat&post=15825"},{"taxonomy":"product_tag","embeddable":true,"href":"https:\/\/dadade.eu\/index.php?rest_route=%2Fwp%2Fv2%2Fproduct_tag&post=15825"}],"curies":[{"name":"wp","href":"https:\/\/api.w.org\/{rel}","templated":true}]}}