{"id":15615,"date":"2021-01-05T12:56:35","date_gmt":"2021-01-05T11:56:35","guid":{"rendered":"https:\/\/dadade.eu\/?post_type=product&#038;p=15615"},"modified":"2023-07-05T13:19:17","modified_gmt":"2023-07-05T11:19:17","slug":"clown-maedchen-carina-ballerina-am-trapez-fuer-fasching-h306","status":"publish","type":"product","link":"https:\/\/dadade.eu\/?product=clown-maedchen-carina-ballerina-am-trapez-fuer-fasching-h306","title":{"rendered":"Clown M\u00e4dchen Carina-Ballerina am Trapez, f\u00fcr Fasching  (H306)"},"content":{"rendered":"<p><img fetchpriority=\"high\" decoding=\"async\" class=\"alignnone size-medium wp-image-15553\" src=\"https:\/\/dadade.eu\/wp-content\/uploads\/2016\/01\/2023Clown-Bimbolina-8-300x225.jpg\" alt=\"\" width=\"300\" height=\"225\" srcset=\"https:\/\/dadade.eu\/wp-content\/uploads\/2016\/01\/2023Clown-Bimbolina-8-300x225.jpg 300w, https:\/\/dadade.eu\/wp-content\/uploads\/2016\/01\/2023Clown-Bimbolina-8-600x450.jpg 600w, https:\/\/dadade.eu\/wp-content\/uploads\/2016\/01\/2023Clown-Bimbolina-8-64x48.jpg 64w, https:\/\/dadade.eu\/wp-content\/uploads\/2016\/01\/2023Clown-Bimbolina-8-1024x768.jpg 1024w, https:\/\/dadade.eu\/wp-content\/uploads\/2016\/01\/2023Clown-Bimbolina-8-768x576.jpg 768w, https:\/\/dadade.eu\/wp-content\/uploads\/2016\/01\/2023Clown-Bimbolina-8-1536x1152.jpg 1536w, https:\/\/dadade.eu\/wp-content\/uploads\/2016\/01\/2023Clown-Bimbolina-8.jpg 1668w\" sizes=\"(max-width: 300px) 100vw, 300px\" \/>noch <strong><a href=\"https:\/\/dadade.eu\/?product=clown-maedchen-bimbolina-die-kuschel-puppe-fuer-fasching-h303\" target=\"_blank\" rel=\"noopener\">ein Clown-M\u00e4dchen die Bimbolina<\/a><\/strong><\/p>\n<p>&nbsp;<\/p>\n<p>Die Anleitung ist f\u00fcr Anf\u00e4nger geeignet.<\/p>\n<p>Die Anleitung ist jedoch ausf\u00fchrlich mit vielen Bildern hinterlegt<\/p>\n<p>und wird auf 20 Seiten\u00a0 Schritt-f\u00fcr-Schritt beschrieben!<\/p>\n<p>&nbsp;<\/p>\n<p>mehr Bilder f\u00fcr Fasching<\/p>\n<p><a href=\"https:\/\/dadade.eu\/?p=6962\">KLICKE HIER<\/a><\/p>\n<p>&nbsp;<\/p>\n<p>&nbsp;<\/p>\n<p>&nbsp;<\/p>\n","protected":false},"excerpt":{"rendered":"<div id=\"cc-m-13954443088\" class=\"j-module n j-text \">\n<p>Sie kaufen hier die \u00a0Anleitung<\/p>\n<p>f\u00fcr diesen s\u00fc\u00dfen Clowns-M\u00e4dchen, Carina-Ballerina liebt das Trapez, sie k\u00f6nnte den ganzen Tag darauf rumturnen<\/p>\n<p>er bietet viele M\u00f6glichkeiten,<\/p>\n<ol>\n<li>als T\u00fcrkranz, er h\u00e4ngt so rum, z.B. kopf\u00fcber.<\/li>\n<li>als Kuschelpuppe, mit diesem Clown-M\u00e4dchen kann man super kuscheln<\/li>\n<li>f\u00fcr das Kinderzimmer, z.B. mit Namen<\/li>\n<\/ol>\n<p>&nbsp;<\/p>\n<p>Carina-Ballerina habe ich nur mit Wollresten geh\u00e4kelt.<\/p>\n<p>Lass deiner Fantasie freien Lauf, und h\u00e4kelt Sie sch\u00f6n bunt \u2013 je nach Lust und Laune.<\/p>\n<p>Ich freue mich immer auf Bilder f\u00fcr meine Seite<\/p>\n<p>&nbsp;<\/p>\n<p>Mit Wolle der Nadelst\u00e4rke 4 wird der Clown, ungef\u00e4hr; 50cmhoch x 35cm breit<\/p>\n<\/div>\n","protected":false},"featured_media":15616,"template":"","meta":[],"product_brand":[],"product_cat":[56,50,69],"product_tag":[90,295,1236,229,232,357,233,242,341,343,260,87,94,93,277,342,194,92,257,256,346,347,345,180,243,344,181,294,195,159,140,1201,258,276,275,302,183,95,96],"class_list":{"0":"post-15615","1":"product","2":"type-product","3":"status-publish","4":"has-post-thumbnail","6":"product_cat-2einfach","7":"product_cat-fasching-die-5-jahreszeit","8":"product_cat-mittel","9":"product_tag-amigurumi","10":"product_tag-anleitung","11":"product_tag-ballerina-haekeln","12":"product_tag-clown","13":"product_tag-clown-haekeln","14":"product_tag-clown-maedchen","15":"product_tag-dekoration","16":"product_tag-dekoration-haekeln","17":"product_tag-fasching","18":"product_tag-fasnacht","19":"product_tag-fruehling","20":"product_tag-geschenk","21":"product_tag-haekelanleitung","22":"product_tag-haekeln","23":"product_tag-haekeln-fuer-valentin","24":"product_tag-karneval","25":"product_tag-kind","26":"product_tag-kinder","27":"product_tag-kranz","28":"product_tag-kranz-haekeln","29":"product_tag-kuschel-puppe","30":"product_tag-kuschel-puppe-haekeln","31":"product_tag-kuscheln","32":"product_tag-kuscheltier","33":"product_tag-kuschelwolle","34":"product_tag-lieb","35":"product_tag-lustig","36":"product_tag-mitbringsel","37":"product_tag-praesent","38":"product_tag-puppe","39":"product_tag-puppe-haekeln","40":"product_tag-tuerkranz-fasching","41":"product_tag-tuerkranz-haekeln","42":"product_tag-valentin","43":"product_tag-valentinstag","44":"product_tag-winter","45":"product_tag-witzig","46":"product_tag-wolle","47":"product_tag-wollreste","49":"first","50":"instock","51":"downloadable","52":"shipping-taxable","53":"purchasable","54":"product-type-simple"},"_links":{"self":[{"href":"https:\/\/dadade.eu\/index.php?rest_route=\/wp\/v2\/product\/15615","targetHints":{"allow":["GET"]}}],"collection":[{"href":"https:\/\/dadade.eu\/index.php?rest_route=\/wp\/v2\/product"}],"about":[{"href":"https:\/\/dadade.eu\/index.php?rest_route=\/wp\/v2\/types\/product"}],"wp:featuredmedia":[{"embeddable":true,"href":"https:\/\/dadade.eu\/index.php?rest_route=\/wp\/v2\/media\/15616"}],"wp:attachment":[{"href":"https:\/\/dadade.eu\/index.php?rest_route=%2Fwp%2Fv2%2Fmedia&parent=15615"}],"wp:term":[{"taxonomy":"product_brand","embeddable":true,"href":"https:\/\/dadade.eu\/index.php?rest_route=%2Fwp%2Fv2%2Fproduct_brand&post=15615"},{"taxonomy":"product_cat","embeddable":true,"href":"https:\/\/dadade.eu\/index.php?rest_route=%2Fwp%2Fv2%2Fproduct_cat&post=15615"},{"taxonomy":"product_tag","embeddable":true,"href":"https:\/\/dadade.eu\/index.php?rest_route=%2Fwp%2Fv2%2Fproduct_tag&post=15615"}],"curies":[{"name":"wp","href":"https:\/\/api.w.org\/{rel}","templated":true}]}}