{"id":15601,"date":"2016-05-05T11:33:06","date_gmt":"2016-05-05T09:33:06","guid":{"rendered":"https:\/\/dadade.eu\/?post_type=product&#038;p=15601"},"modified":"2023-07-24T13:09:21","modified_gmt":"2023-07-24T11:09:21","slug":"till-eulenspiegel-mit-eule-und-spiegel-die-puppe-h305","status":"publish","type":"product","link":"https:\/\/dadade.eu\/?product=till-eulenspiegel-mit-eule-und-spiegel-die-puppe-h305","title":{"rendered":"Till Eulenspiegel, mit Eule und Spiegel, die Puppe  (H305)"},"content":{"rendered":"<p><img fetchpriority=\"high\" decoding=\"async\" class=\"alignnone size-medium wp-image-17505\" src=\"https:\/\/dadade.eu\/wp-content\/uploads\/2016\/05\/Eule-Tilly-11-300x225.jpg\" alt=\"\" width=\"300\" height=\"225\" srcset=\"https:\/\/dadade.eu\/wp-content\/uploads\/2016\/05\/Eule-Tilly-11-300x225.jpg 300w, https:\/\/dadade.eu\/wp-content\/uploads\/2016\/05\/Eule-Tilly-11-600x450.jpg 600w, https:\/\/dadade.eu\/wp-content\/uploads\/2016\/05\/Eule-Tilly-11-64x48.jpg 64w, https:\/\/dadade.eu\/wp-content\/uploads\/2016\/05\/Eule-Tilly-11-1024x768.jpg 1024w, https:\/\/dadade.eu\/wp-content\/uploads\/2016\/05\/Eule-Tilly-11-768x576.jpg 768w, https:\/\/dadade.eu\/wp-content\/uploads\/2016\/05\/Eule-Tilly-11-1536x1152.jpg 1536w, https:\/\/dadade.eu\/wp-content\/uploads\/2016\/05\/Eule-Tilly-11-2048x1536.jpg 2048w\" sizes=\"(max-width: 300px) 100vw, 300px\" \/>die s\u00fc\u00dfe Eule Tilly geh\u00f6rt auch dazu<\/p>\n<p>&nbsp;<\/p>\n<p>Die Anleitung ist f\u00fcr Anf\u00e4nger geeignet.<\/p>\n<p>Die Anleitung ist jedoch ausf\u00fchrlich mit vielen Bildern hinterlegt<\/p>\n<p>und wird auf 20 Seiten (Puppe) &amp; 40 Seiten (Zubeh\u00f6r &amp; Eule) Schritt-f\u00fcr-Schritt beschrieben!<\/p>\n<p>&nbsp;<\/p>\n<p>mehr Bilder f\u00fcr Fasching<\/p>\n<p><a href=\"https:\/\/dadade.eu\/?p=6962\">KLICKE HIER<\/a><\/p>\n<p>&nbsp;<\/p>\n<p>&nbsp;<\/p>\n<p>&nbsp;<\/p>\n","protected":false},"excerpt":{"rendered":"<div id=\"cc-m-13954443088\" class=\"j-module n j-text \">\n<p>Sie kaufen hier die \u00a0Anleitung<\/p>\n<p>1.f\u00fcr den Harlekin Till,<\/p>\n<p>2.sowie dem Spiegel und der Eule!<\/p>\n<p>&nbsp;<\/p>\n<p>mit Nadeln der St\u00e4rke 3-3,5 wird Till 45cm gro\u00df,<\/p>\n<p>und wird der Freund aller Kinder werden, nicht nur an Fasching!!<\/p>\n<p>oder Till als Dekoration???<\/p>\n<p>mit Nadelst\u00e4rke 2 wird Till ca 30cm hoch, ohne M\u00fctze<\/p>\n<p>&nbsp;<\/p>\n<p>Deiner Kreativit\u00e4t sind keine Grenzen gesetzt,<\/p>\n<p>die Farben sind flexibel und es kann so manche Wollreste verarbeitet werden.<\/p>\n<\/div>\n","protected":false},"featured_media":15602,"template":"","meta":[],"product_brand":[],"product_cat":[56,50,70],"product_tag":[90,295,229,233,242,564,563,341,343,87,94,93,1202,342,194,92,346,347,345,180,344,181,294,230,195,159,140,358,1235,1233,1234,302,183,95,96],"class_list":{"0":"post-15601","1":"product","2":"type-product","3":"status-publish","4":"has-post-thumbnail","6":"product_cat-2einfach","7":"product_cat-fasching-die-5-jahreszeit","8":"product_cat-maxi","9":"product_tag-amigurumi","10":"product_tag-anleitung","11":"product_tag-clown","12":"product_tag-dekoration","13":"product_tag-dekoration-haekeln","14":"product_tag-eule","15":"product_tag-eule-haekeln","16":"product_tag-fasching","17":"product_tag-fasnacht","18":"product_tag-geschenk","19":"product_tag-haekelanleitung","20":"product_tag-haekeln","21":"product_tag-harlekin","22":"product_tag-karneval","23":"product_tag-kind","24":"product_tag-kinder","25":"product_tag-kuschel-puppe","26":"product_tag-kuschel-puppe-haekeln","27":"product_tag-kuscheln","28":"product_tag-kuscheltier","29":"product_tag-lieb","30":"product_tag-lustig","31":"product_tag-mitbringsel","32":"product_tag-narr","33":"product_tag-praesent","34":"product_tag-puppe","35":"product_tag-puppe-haekeln","36":"product_tag-schelm","37":"product_tag-spiegel","38":"product_tag-till-eulenspiegel","39":"product_tag-till-eulenspiegel-haekeln","40":"product_tag-winter","41":"product_tag-witzig","42":"product_tag-wolle","43":"product_tag-wollreste","45":"first","46":"instock","47":"downloadable","48":"shipping-taxable","49":"purchasable","50":"product-type-simple"},"_links":{"self":[{"href":"https:\/\/dadade.eu\/index.php?rest_route=\/wp\/v2\/product\/15601","targetHints":{"allow":["GET"]}}],"collection":[{"href":"https:\/\/dadade.eu\/index.php?rest_route=\/wp\/v2\/product"}],"about":[{"href":"https:\/\/dadade.eu\/index.php?rest_route=\/wp\/v2\/types\/product"}],"wp:featuredmedia":[{"embeddable":true,"href":"https:\/\/dadade.eu\/index.php?rest_route=\/wp\/v2\/media\/15602"}],"wp:attachment":[{"href":"https:\/\/dadade.eu\/index.php?rest_route=%2Fwp%2Fv2%2Fmedia&parent=15601"}],"wp:term":[{"taxonomy":"product_brand","embeddable":true,"href":"https:\/\/dadade.eu\/index.php?rest_route=%2Fwp%2Fv2%2Fproduct_brand&post=15601"},{"taxonomy":"product_cat","embeddable":true,"href":"https:\/\/dadade.eu\/index.php?rest_route=%2Fwp%2Fv2%2Fproduct_cat&post=15601"},{"taxonomy":"product_tag","embeddable":true,"href":"https:\/\/dadade.eu\/index.php?rest_route=%2Fwp%2Fv2%2Fproduct_tag&post=15601"}],"curies":[{"name":"wp","href":"https:\/\/api.w.org\/{rel}","templated":true}]}}