{"id":15528,"date":"2016-07-03T13:50:33","date_gmt":"2016-07-03T11:50:33","guid":{"rendered":"https:\/\/dadade.eu\/?post_type=product&#038;p=15528"},"modified":"2023-07-29T10:48:53","modified_gmt":"2023-07-29T08:48:53","slug":"deutschland-blume-schluesselanhaenger-mit-chiptasche-a964","status":"publish","type":"product","link":"https:\/\/dadade.eu\/?product=deutschland-blume-schluesselanhaenger-mit-chiptasche-a964","title":{"rendered":"Deutschland &#8211; Blume, Schl\u00fcsselanh\u00e4nger mit Chiptasche (A964)"},"content":{"rendered":"<p><img decoding=\"async\" class=\"alignnone wp-image-15533\" src=\"https:\/\/dadade.eu\/wp-content\/uploads\/2023\/07\/Deutschland-Blume-3-300x225.jpg\" alt=\"\" width=\"243\" height=\"182\" srcset=\"https:\/\/dadade.eu\/wp-content\/uploads\/2023\/07\/Deutschland-Blume-3-300x225.jpg 300w, https:\/\/dadade.eu\/wp-content\/uploads\/2023\/07\/Deutschland-Blume-3-600x450.jpg 600w, https:\/\/dadade.eu\/wp-content\/uploads\/2023\/07\/Deutschland-Blume-3-64x48.jpg 64w, https:\/\/dadade.eu\/wp-content\/uploads\/2023\/07\/Deutschland-Blume-3-1024x768.jpg 1024w, https:\/\/dadade.eu\/wp-content\/uploads\/2023\/07\/Deutschland-Blume-3-768x576.jpg 768w, https:\/\/dadade.eu\/wp-content\/uploads\/2023\/07\/Deutschland-Blume-3.jpg 1400w\" sizes=\"(max-width: 243px) 100vw, 243px\" \/> die Blume hat 6 Bl\u00fctenbl\u00e4tter und\u00a0 eine praktische Chiptasche<\/p>\n<p><img decoding=\"async\" class=\"alignnone wp-image-15520\" src=\"https:\/\/dadade.eu\/wp-content\/uploads\/2023\/07\/Blume-1-300x225.jpg\" alt=\"\" width=\"239\" height=\"179\" srcset=\"https:\/\/dadade.eu\/wp-content\/uploads\/2023\/07\/Blume-1-300x225.jpg 300w, https:\/\/dadade.eu\/wp-content\/uploads\/2023\/07\/Blume-1-600x450.jpg 600w, https:\/\/dadade.eu\/wp-content\/uploads\/2023\/07\/Blume-1-64x48.jpg 64w, https:\/\/dadade.eu\/wp-content\/uploads\/2023\/07\/Blume-1-1024x768.jpg 1024w, https:\/\/dadade.eu\/wp-content\/uploads\/2023\/07\/Blume-1-768x576.jpg 768w, https:\/\/dadade.eu\/wp-content\/uploads\/2023\/07\/Blume-1.jpg 1400w\" sizes=\"(max-width: 239px) 100vw, 239px\" \/>es gibt noch eine <strong><a href=\"https:\/\/dadade.eu\/?product=blume-schluesselanhaenger-mit-chiptasche-a963\">Blume mit 7 Bl\u00fctenbl\u00e4tter<\/a><\/strong><\/p>\n<p>&nbsp;<\/p>\n<p>Die Anleitung ist ausf\u00fchrlich mit vielen Bildern hinterlegt und wird auf 11 Seiten Schritt-f\u00fcr-Schritt beschrieben<\/p>\n<p>&nbsp;<\/p>\n<p>MEHR VARIANTEN UND IDEEN FINDET IHR HIER<\/p>\n<p><a href=\"https:\/\/dadade.eu\/?p=11262\"><strong>VIELE TOLLE BILDER<\/strong> von flei\u00dfigen Helfer und H\u00e4nden<\/a><\/p>\n<p>&nbsp;<\/p>\n<p>&nbsp;<\/p>\n<p>&nbsp;<\/p>\n","protected":false},"excerpt":{"rendered":"<div id=\"cc-m-13954443088\">\n<p>Sie kaufen hier 2 Varianten<\/p>\n<ol>\n<li>Schl\u00fcsselanh\u00e4nger Blume Deutschland,<\/li>\n<li>Deko-Blume mit Stiel und Blatt<\/li>\n<\/ol>\n<p>f\u00fcr alle Fans des runden Leders,<\/p>\n<p>der Schl\u00fcsselanh\u00e4nger hat ein Fach f\u00fcr einen Einkaufs-Chip, oder f\u00fcr einen Euro,<\/p>\n<p>weitere Schl\u00fcsselanh\u00e4nger sind \u00a0in meinem Shop erh\u00e4ltlich.<\/p>\n<p><strong>&gt;&gt;Kleine Geschenk erhalten die Freundschaft&lt;&lt;<\/strong><\/p>\n<p>Hier kann man sich nach Lust und Laune austoben,<\/p>\n<p>denn die Blume ist nat\u00fcrlich auch mit anderen Farben eine Augenweite,<\/p>\n<p>und somit bestens geeignet Wollreste zu verarbeiten.<\/p>\n<p><strong>Lasst der Fantasie freien Lauf<\/strong>.<\/p>\n<p>Mit Baumwolle der Nadelst\u00e4rke 2 hat die Blume ungef\u00e4hr; einen Durchmesser von 11cm<\/p>\n<\/div>\n","protected":false},"featured_media":15529,"template":"","meta":[],"product_brand":[],"product_cat":[56,40,35,740,66,69],"product_tag":[90,833,282,837,839,233,242,901,1230,840,834,899,902,247,1232,1231,87,94,93,903,830,831,194,858,829,961,195,935,820,821,937,822,963,823,824,95,96],"class_list":{"0":"post-15528","1":"product","2":"type-product","3":"status-publish","4":"has-post-thumbnail","6":"product_cat-2einfach","7":"product_cat-anhaenger-fuer-schluessel","8":"product_cat-amigurumi","9":"product_cat-blumen","10":"product_cat-mini","11":"product_cat-mittel","12":"product_tag-amigurumi","13":"product_tag-anhaenger","14":"product_tag-blume","15":"product_tag-chip","16":"product_tag-chip-tasche","17":"product_tag-dekoration","18":"product_tag-dekoration-haekeln","19":"product_tag-deutschland","20":"product_tag-deutschland-blume","21":"product_tag-einkaufs-chip","22":"product_tag-einkaufschip","23":"product_tag-em","24":"product_tag-fahne","25":"product_tag-fussball","26":"product_tag-fussball-blume","27":"product_tag-fussball-haeklen","28":"product_tag-geschenk","29":"product_tag-haekelanleitung","30":"product_tag-haekeln","31":"product_tag-hobby","32":"product_tag-key-ring","33":"product_tag-keychains","34":"product_tag-kind","35":"product_tag-mann","36":"product_tag-originell","37":"product_tag-perlen","38":"product_tag-praesent","39":"product_tag-ranzen","40":"product_tag-schluesselanhaenger","41":"product_tag-schluesselanhaenger-haekeln","42":"product_tag-schluesselhaenger","43":"product_tag-schluesselring","44":"product_tag-sport","45":"product_tag-taschenbaumler","46":"product_tag-taschenbaumler-haekeln","47":"product_tag-wolle","48":"product_tag-wollreste","50":"first","51":"instock","52":"downloadable","53":"shipping-taxable","54":"purchasable","55":"product-type-simple"},"_links":{"self":[{"href":"https:\/\/dadade.eu\/index.php?rest_route=\/wp\/v2\/product\/15528","targetHints":{"allow":["GET"]}}],"collection":[{"href":"https:\/\/dadade.eu\/index.php?rest_route=\/wp\/v2\/product"}],"about":[{"href":"https:\/\/dadade.eu\/index.php?rest_route=\/wp\/v2\/types\/product"}],"wp:featuredmedia":[{"embeddable":true,"href":"https:\/\/dadade.eu\/index.php?rest_route=\/wp\/v2\/media\/15529"}],"wp:attachment":[{"href":"https:\/\/dadade.eu\/index.php?rest_route=%2Fwp%2Fv2%2Fmedia&parent=15528"}],"wp:term":[{"taxonomy":"product_brand","embeddable":true,"href":"https:\/\/dadade.eu\/index.php?rest_route=%2Fwp%2Fv2%2Fproduct_brand&post=15528"},{"taxonomy":"product_cat","embeddable":true,"href":"https:\/\/dadade.eu\/index.php?rest_route=%2Fwp%2Fv2%2Fproduct_cat&post=15528"},{"taxonomy":"product_tag","embeddable":true,"href":"https:\/\/dadade.eu\/index.php?rest_route=%2Fwp%2Fv2%2Fproduct_tag&post=15528"}],"curies":[{"name":"wp","href":"https:\/\/api.w.org\/{rel}","templated":true}]}}