{"id":15519,"date":"2015-06-03T13:21:34","date_gmt":"2015-06-03T11:21:34","guid":{"rendered":"https:\/\/dadade.eu\/?post_type=product&#038;p=15519"},"modified":"2023-07-03T14:45:46","modified_gmt":"2023-07-03T12:45:46","slug":"blume-schluesselanhaenger-mit-chiptasche-a963","status":"publish","type":"product","link":"https:\/\/dadade.eu\/?product=blume-schluesselanhaenger-mit-chiptasche-a963","title":{"rendered":"Blume, Schl\u00fcsselanh\u00e4nger mit Chiptasche (A963)"},"content":{"rendered":"<p><img fetchpriority=\"high\" decoding=\"async\" class=\"alignnone size-medium wp-image-15523\" src=\"https:\/\/dadade.eu\/wp-content\/uploads\/2023\/07\/Blume-4-300x225.jpg\" alt=\"\" width=\"300\" height=\"225\" srcset=\"https:\/\/dadade.eu\/wp-content\/uploads\/2023\/07\/Blume-4-300x225.jpg 300w, https:\/\/dadade.eu\/wp-content\/uploads\/2023\/07\/Blume-4-600x450.jpg 600w, https:\/\/dadade.eu\/wp-content\/uploads\/2023\/07\/Blume-4-64x48.jpg 64w, https:\/\/dadade.eu\/wp-content\/uploads\/2023\/07\/Blume-4-1024x768.jpg 1024w, https:\/\/dadade.eu\/wp-content\/uploads\/2023\/07\/Blume-4-768x576.jpg 768w, https:\/\/dadade.eu\/wp-content\/uploads\/2023\/07\/Blume-4.jpg 1400w\" sizes=\"(max-width: 300px) 100vw, 300px\" \/>die Blume hat 7Bl\u00fctenbl\u00e4tter und\u00a0 eine praktische Chiptasche<\/p>\n<p><img decoding=\"async\" class=\"alignnone size-medium wp-image-15533\" src=\"https:\/\/dadade.eu\/wp-content\/uploads\/2023\/07\/Deutschland-Blume-3-300x225.jpg\" alt=\"\" width=\"300\" height=\"225\" srcset=\"https:\/\/dadade.eu\/wp-content\/uploads\/2023\/07\/Deutschland-Blume-3-300x225.jpg 300w, https:\/\/dadade.eu\/wp-content\/uploads\/2023\/07\/Deutschland-Blume-3-600x450.jpg 600w, https:\/\/dadade.eu\/wp-content\/uploads\/2023\/07\/Deutschland-Blume-3-64x48.jpg 64w, https:\/\/dadade.eu\/wp-content\/uploads\/2023\/07\/Deutschland-Blume-3-1024x768.jpg 1024w, https:\/\/dadade.eu\/wp-content\/uploads\/2023\/07\/Deutschland-Blume-3-768x576.jpg 768w, https:\/\/dadade.eu\/wp-content\/uploads\/2023\/07\/Deutschland-Blume-3.jpg 1400w\" sizes=\"(max-width: 300px) 100vw, 300px\" \/>es gibt noch die F<strong><a href=\"https:\/\/dadade.eu\/?product=deutschland-blume-schluesselanhaenger-mit-chiptasche-a964\">u\u00dfball-Blume mit 6 Bl\u00fctenbl\u00e4tter<\/a><\/strong><\/p>\n<p>Die Anleitung ist ausf\u00fchrlich mit vielen Bildern hinterlegt und wird auf 12 Seiten Schritt-f\u00fcr-Schritt beschrieben<\/p>\n<p>&nbsp;<\/p>\n<p>MEHR VARIANTEN UND IDEEN FINDET IHR HIER<\/p>\n<p><a href=\"https:\/\/dadade.eu\/?p=11262\"><strong>VIELE TOLLE BILDER<\/strong> von flei\u00dfigen Helfer und H\u00e4nden<\/a><\/p>\n<p>&nbsp;<\/p>\n<p>&nbsp;<\/p>\n<p>&nbsp;<\/p>\n","protected":false},"excerpt":{"rendered":"<div id=\"cc-m-13954443088\">\n<p>Hier kauft man <strong>2<\/strong> H\u00e4kelanleitung f\u00fcr den Schl\u00fcsselanh\u00e4nger Blume,<\/p>\n<p>der Anh\u00e4nger hat ein Fach f\u00fcr einen Einkaufs-Chip, oder f\u00fcr einen Euro,<\/p>\n<p>weitere Schl\u00fcsselanh\u00e4nger sind\u00a0 in meinem Shop erh\u00e4ltlich.<\/p>\n<p>&nbsp;<\/p>\n<p><strong>&gt;&gt;Kleine Geschenk erhalten die Freundschaft&lt;&lt;<\/strong><\/p>\n<p>Hier kann man sich nach Lust und Laune austoben,<\/p>\n<p>Wollreste, Pailletten, Perlen, Wackelaugen \u2013<\/p>\n<p>Alles was die Schatzkiste hergibt;<\/p>\n<p><strong>Lasst der Fantasie freien Lauf<\/strong>.<\/p>\n<p>&nbsp;<\/p>\n<p>Mit dem Kauf erh\u00e4ltst du eine leicht verst\u00e4ndliche H\u00e4kelanleitung<\/p>\n<p>im praktischen PDF-Format.<\/p>\n<p>Die Anleitung ist auch schon f\u00fcr Anf\u00e4nger geeignet.<\/p>\n<p>&nbsp;<\/p>\n<p>Mit Baumwolle der Nadelst\u00e4rke 2 hat die Blume ungef\u00e4hr; einen Durchmesser von 10cm<\/p>\n<\/div>\n","protected":false},"featured_media":15525,"template":"","meta":[],"product_brand":[],"product_cat":[56,40,35,740,66],"product_tag":[90,833,282,283,837,839,233,242,840,834,87,94,93,962,903,830,831,829,961,195,820,821,937,822,823,824,95,96],"class_list":{"0":"post-15519","1":"product","2":"type-product","3":"status-publish","4":"has-post-thumbnail","6":"product_cat-2einfach","7":"product_cat-anhaenger-fuer-schluessel","8":"product_cat-amigurumi","9":"product_cat-blumen","10":"product_cat-mini","11":"product_tag-amigurumi","12":"product_tag-anhaenger","13":"product_tag-blume","14":"product_tag-blume-haekeln","15":"product_tag-chip","16":"product_tag-chip-tasche","17":"product_tag-dekoration","18":"product_tag-dekoration-haekeln","19":"product_tag-einkaufs-chip","20":"product_tag-einkaufschip","21":"product_tag-geschenk","22":"product_tag-haekelanleitung","23":"product_tag-haekeln","24":"product_tag-hand","25":"product_tag-hobby","26":"product_tag-key-ring","27":"product_tag-keychains","28":"product_tag-originell","29":"product_tag-perlen","30":"product_tag-praesent","31":"product_tag-schluesselanhaenger","32":"product_tag-schluesselanhaenger-haekeln","33":"product_tag-schluesselhaenger","34":"product_tag-schluesselring","35":"product_tag-taschenbaumler","36":"product_tag-taschenbaumler-haekeln","37":"product_tag-wolle","38":"product_tag-wollreste","40":"first","41":"instock","42":"downloadable","43":"shipping-taxable","44":"purchasable","45":"product-type-simple"},"_links":{"self":[{"href":"https:\/\/dadade.eu\/index.php?rest_route=\/wp\/v2\/product\/15519","targetHints":{"allow":["GET"]}}],"collection":[{"href":"https:\/\/dadade.eu\/index.php?rest_route=\/wp\/v2\/product"}],"about":[{"href":"https:\/\/dadade.eu\/index.php?rest_route=\/wp\/v2\/types\/product"}],"wp:featuredmedia":[{"embeddable":true,"href":"https:\/\/dadade.eu\/index.php?rest_route=\/wp\/v2\/media\/15525"}],"wp:attachment":[{"href":"https:\/\/dadade.eu\/index.php?rest_route=%2Fwp%2Fv2%2Fmedia&parent=15519"}],"wp:term":[{"taxonomy":"product_brand","embeddable":true,"href":"https:\/\/dadade.eu\/index.php?rest_route=%2Fwp%2Fv2%2Fproduct_brand&post=15519"},{"taxonomy":"product_cat","embeddable":true,"href":"https:\/\/dadade.eu\/index.php?rest_route=%2Fwp%2Fv2%2Fproduct_cat&post=15519"},{"taxonomy":"product_tag","embeddable":true,"href":"https:\/\/dadade.eu\/index.php?rest_route=%2Fwp%2Fv2%2Fproduct_tag&post=15519"}],"curies":[{"name":"wp","href":"https:\/\/api.w.org\/{rel}","templated":true}]}}