{"id":15512,"date":"2015-07-03T11:44:46","date_gmt":"2015-07-03T09:44:46","guid":{"rendered":"https:\/\/dadade.eu\/?post_type=product&#038;p=15512"},"modified":"2023-07-29T10:47:54","modified_gmt":"2023-07-29T08:47:54","slug":"rose-mit-stiel-h233","status":"publish","type":"product","link":"https:\/\/dadade.eu\/?product=rose-mit-stiel-h233","title":{"rendered":"Rose, die Blume mit Sti(e)l (H233)"},"content":{"rendered":"<p>Hier handelt sich um eine \u00e4ltere Anleitung von 2015, die ich kostenlos zur Verf\u00fcgung stelle.<\/p>\n<p>Die Anleitung ist ausf\u00fchrlich mit vielen Bildern hinterlegt und wird auf insgesamt 9 Seiten Schritt-f\u00fcr-Schritt beschrieben!<\/p>\n<p>&nbsp;<\/p>\n<p>mehr Bilder f\u00fcr Haus und Deko<\/p>\n<p><strong><a href=\"https:\/\/dadade.eu\/?p=6962\">KLICKE HIER<\/a><\/strong><\/p>\n<p>&nbsp;<\/p>\n<p>&nbsp;<\/p>\n<p>&nbsp;<\/p>\n","protected":false},"excerpt":{"rendered":"<div id=\"cc-m-13954443088\" class=\"j-module n j-text \">\n<p>Hier kauft man nur die H\u00e4kelanleitung f\u00fcr diese tolle Rose mit Stiel und Bl\u00e4tter.<\/p>\n<p>&nbsp;<\/p>\n<p>Du hast zu viele Wollreste zu entsorgen,<\/p>\n<p>Dann ab an die H\u00e4kelnadel, diese Rosen sind ein Geschenk, das immer und \u00fcberall willkommen ist,<\/p>\n<p>und du wirst deine Reste Wolle los.<\/p>\n<p>Das Muster ist einfach und schnell geh\u00e4kelt,<\/p>\n<p>Mit Wolle der Nadelst\u00e4rke 2 wird die Rose ungef\u00e4hr ; 10cm lang<\/p>\n<p>&nbsp;<\/p>\n<p>&nbsp;<\/p>\n<\/div>\n","protected":false},"featured_media":15513,"template":"","meta":[],"product_brand":[],"product_cat":[56,740,62,48,383],"product_tag":[90,295,282,366,1225,368,1227,233,242,1223,744,260,334,87,1222,94,93,294,280,114,195,1228,1229,296,1226,292,95,96],"class_list":{"0":"post-15512","1":"product","2":"type-product","3":"status-publish","4":"has-post-thumbnail","6":"product_cat-2einfach","7":"product_cat-blumen","8":"product_cat-gratis","9":"product_cat-haus-deko","10":"product_cat-tisch-dekoration","11":"product_tag-amigurumi","12":"product_tag-anleitung","13":"product_tag-blume","14":"product_tag-blumen","15":"product_tag-blumenstrauss","16":"product_tag-bluete","17":"product_tag-bouquet","18":"product_tag-dekoration","19":"product_tag-dekoration-haekeln","20":"product_tag-dekorationen","21":"product_tag-flowers","22":"product_tag-fruehling","23":"product_tag-geburtstag","24":"product_tag-geschenk","25":"product_tag-gratis","26":"product_tag-haekelanleitung","27":"product_tag-haekeln","28":"product_tag-mitbringsel","29":"product_tag-muttertag","30":"product_tag-ostern","31":"product_tag-praesent","32":"product_tag-rose","33":"product_tag-rosen-haekeln","34":"product_tag-sommer","35":"product_tag-strauss","36":"product_tag-tischdekoration","37":"product_tag-wolle","38":"product_tag-wollreste","40":"first","41":"instock","42":"downloadable","43":"purchasable","44":"product-type-simple"},"_links":{"self":[{"href":"https:\/\/dadade.eu\/index.php?rest_route=\/wp\/v2\/product\/15512","targetHints":{"allow":["GET"]}}],"collection":[{"href":"https:\/\/dadade.eu\/index.php?rest_route=\/wp\/v2\/product"}],"about":[{"href":"https:\/\/dadade.eu\/index.php?rest_route=\/wp\/v2\/types\/product"}],"wp:featuredmedia":[{"embeddable":true,"href":"https:\/\/dadade.eu\/index.php?rest_route=\/wp\/v2\/media\/15513"}],"wp:attachment":[{"href":"https:\/\/dadade.eu\/index.php?rest_route=%2Fwp%2Fv2%2Fmedia&parent=15512"}],"wp:term":[{"taxonomy":"product_brand","embeddable":true,"href":"https:\/\/dadade.eu\/index.php?rest_route=%2Fwp%2Fv2%2Fproduct_brand&post=15512"},{"taxonomy":"product_cat","embeddable":true,"href":"https:\/\/dadade.eu\/index.php?rest_route=%2Fwp%2Fv2%2Fproduct_cat&post=15512"},{"taxonomy":"product_tag","embeddable":true,"href":"https:\/\/dadade.eu\/index.php?rest_route=%2Fwp%2Fv2%2Fproduct_tag&post=15512"}],"curies":[{"name":"wp","href":"https:\/\/api.w.org\/{rel}","templated":true}]}}