{"id":15395,"date":"2023-06-28T17:37:08","date_gmt":"2023-06-28T15:37:08","guid":{"rendered":"https:\/\/dadade.eu\/?post_type=product&#038;p=15395"},"modified":"2024-12-04T11:01:12","modified_gmt":"2024-12-04T10:01:12","slug":"seehund-louise-die-matrosen-handpuppe-b352","status":"publish","type":"product","link":"https:\/\/dadade.eu\/?product=seehund-louise-die-matrosen-handpuppe-b352","title":{"rendered":"Seehund Louise, die Matrosen &#8211; Handpuppe (B352)"},"content":{"rendered":"<p>Die Anleitung ist ausf\u00fchrlich mit vielen Bildern hinterlegt<\/p>\n<p>und wird auf 24 Seiten Schritt-f\u00fcr-Schritt beschrieben!<\/p>\n<p>Sie ist auch schon f\u00fcr Anf\u00e4nger geeignet.<\/p>\n<div style=\"width: 1280px;\" class=\"wp-video\"><video class=\"wp-video-shortcode\" id=\"video-15395-1\" width=\"1280\" height=\"720\" preload=\"metadata\" controls=\"controls\"><source type=\"video\/mp4\" src=\"https:\/\/dadade.eu\/wp-content\/uploads\/2023\/06\/Sabrina-video.mp4?_=1\" \/><a href=\"https:\/\/dadade.eu\/wp-content\/uploads\/2023\/06\/Sabrina-video.mp4\">https:\/\/dadade.eu\/wp-content\/uploads\/2023\/06\/Sabrina-video.mp4<\/a><\/video><\/div>\n<p>&nbsp;<\/p>\n<p>danke Sabrina Greiner f\u00fcr das tollen Video<\/p>\n<p><strong><a href=\"https:\/\/dadade.eu\/?p=19823\">mehr Videos findet ihr hier<\/a><\/strong><\/p>\n<p>MEHR VARIANTEN UND IDEEN von flei\u00dfigen Helfer und H\u00e4nden?<\/p>\n<p><a href=\"https:\/\/dadade.eu\/?p=13064\"><b>Klicke hier<\/b><\/a><\/p>\n<p>&nbsp;<\/p>\n<p>&nbsp;<\/p>\n<p>&nbsp;<\/p>\n","protected":false},"excerpt":{"rendered":"<div id=\"cc-m-13954443088\">\n<p>Hier kauft man die H\u00e4kelanleitung f\u00fcr diesen kuscheligen s\u00fc\u00dfen Seehund-Matrosen, Louise ist eine Handpuppe.<\/p>\n<p>Mit diesem Seehund kann man sich lustige Geschichten ausdenken, und im Rollenspiel ausprobieren.<\/p>\n<p>F\u00fcr Klein und Gro\u00df ein riesiges Vergn\u00fcgen.<\/p>\n<p>Die Anleitung f\u00fcr die Matrosen-M\u00fctze, das Halstuch, sowie der Rettungsring geh\u00f6ren nat\u00fcrlich auch mit dazu, in den Rettungsring ist noch eine Rassel eingebaut.<\/p>\n<p>Oder schiebt statt die Hand ein Kernerkissen in die \u00d6ffnung, und schon habt ihr einen kuscheligen, warmen Freund<\/p>\n<p>Mit dem Kauf erh\u00e4lt man eine leicht verst\u00e4ndliche H\u00e4kelanleitung im praktischen PDF-Format.<\/p>\n<p>Die Anleitung ist auch schon f\u00fcr Anf\u00e4nger geeignet.<\/p>\n<\/div>\n<div id=\"cc-m-13954443188\" class=\"j-module n j-text \">\n<p>&nbsp;<\/p>\n<p>Mit Nadelst\u00e4rke 4,5 geh\u00e4kelt, wird Seehund Louise ungef\u00e4hr; 40 cm<\/p>\n<p>&nbsp;<\/p>\n<\/div>\n","protected":false},"featured_media":15406,"template":"","meta":[],"product_brand":[],"product_cat":[56,42,44,69],"product_tag":[90,89,242,87,94,93,565,562,92,245,394,180,88,243,244,1214,91,392,699,1212,1215,1213,95,96],"class_list":{"0":"post-15395","1":"product","2":"type-product","3":"status-publish","4":"has-post-thumbnail","6":"product_cat-2einfach","7":"product_cat-baby","8":"product_cat-baby-spielsachen","9":"product_cat-mittel","10":"product_tag-amigurumi","11":"product_tag-baby","12":"product_tag-dekoration-haekeln","13":"product_tag-geschenk","14":"product_tag-haekelanleitung","15":"product_tag-haekeln","16":"product_tag-handpuppe","17":"product_tag-handpuppe-haekeln","18":"product_tag-kinder","19":"product_tag-kuschelige-haekeltiere","20":"product_tag-kuschelkamel","21":"product_tag-kuscheltier","22":"product_tag-kuscheltier-haekeln","23":"product_tag-kuschelwolle","24":"product_tag-kuschelwolle-haekeln","25":"product_tag-matrose-haekeln","26":"product_tag-plueschtier","27":"product_tag-plueschtier-haekeln","28":"product_tag-seehund","29":"product_tag-seehund-haeklen","30":"product_tag-seehund-handpuppe","31":"product_tag-seehund-matrose","32":"product_tag-wolle","33":"product_tag-wollreste","35":"first","36":"instock","37":"downloadable","38":"shipping-taxable","39":"purchasable","40":"product-type-simple"},"_links":{"self":[{"href":"https:\/\/dadade.eu\/index.php?rest_route=\/wp\/v2\/product\/15395","targetHints":{"allow":["GET"]}}],"collection":[{"href":"https:\/\/dadade.eu\/index.php?rest_route=\/wp\/v2\/product"}],"about":[{"href":"https:\/\/dadade.eu\/index.php?rest_route=\/wp\/v2\/types\/product"}],"wp:featuredmedia":[{"embeddable":true,"href":"https:\/\/dadade.eu\/index.php?rest_route=\/wp\/v2\/media\/15406"}],"wp:attachment":[{"href":"https:\/\/dadade.eu\/index.php?rest_route=%2Fwp%2Fv2%2Fmedia&parent=15395"}],"wp:term":[{"taxonomy":"product_brand","embeddable":true,"href":"https:\/\/dadade.eu\/index.php?rest_route=%2Fwp%2Fv2%2Fproduct_brand&post=15395"},{"taxonomy":"product_cat","embeddable":true,"href":"https:\/\/dadade.eu\/index.php?rest_route=%2Fwp%2Fv2%2Fproduct_cat&post=15395"},{"taxonomy":"product_tag","embeddable":true,"href":"https:\/\/dadade.eu\/index.php?rest_route=%2Fwp%2Fv2%2Fproduct_tag&post=15395"}],"curies":[{"name":"wp","href":"https:\/\/api.w.org\/{rel}","templated":true}]}}