{"id":15187,"date":"2021-01-11T14:16:14","date_gmt":"2021-01-11T13:16:14","guid":{"rendered":"https:\/\/dadade.eu\/?post_type=product&#038;p=15187"},"modified":"2023-06-11T15:45:04","modified_gmt":"2023-06-11T13:45:04","slug":"kranz-clown-pepino-h030","status":"publish","type":"product","link":"https:\/\/dadade.eu\/?product=kranz-clown-pepino-h030","title":{"rendered":"Kranz &#8211; Clown Pepino (H030)"},"content":{"rendered":"<p><img fetchpriority=\"high\" decoding=\"async\" class=\"alignnone size-medium wp-image-15199\" src=\"https:\/\/dadade.eu\/wp-content\/uploads\/2023\/06\/xKranz-Clown-4b-300x225.jpg\" alt=\"\" width=\"300\" height=\"225\" srcset=\"https:\/\/dadade.eu\/wp-content\/uploads\/2023\/06\/xKranz-Clown-4b-300x225.jpg 300w, https:\/\/dadade.eu\/wp-content\/uploads\/2023\/06\/xKranz-Clown-4b-600x450.jpg 600w, https:\/\/dadade.eu\/wp-content\/uploads\/2023\/06\/xKranz-Clown-4b-64x48.jpg 64w, https:\/\/dadade.eu\/wp-content\/uploads\/2023\/06\/xKranz-Clown-4b-1024x768.jpg 1024w, https:\/\/dadade.eu\/wp-content\/uploads\/2023\/06\/xKranz-Clown-4b-768x576.jpg 768w, https:\/\/dadade.eu\/wp-content\/uploads\/2023\/06\/xKranz-Clown-4b.jpg 1400w\" sizes=\"(max-width: 300px) 100vw, 300px\" \/>hier siehst du eine verr\u00fcckte Idee f\u00fcr Valentin,<\/p>\n<p>Die Anleitung ist ausf\u00fchrlich mit vielen Bildern hinterlegt und wird auf 22 Seiten Schritt-f\u00fcr-Schritt beschrieben!<\/p>\n<p>Sie ist dadurch auch schon f\u00fcr Anf\u00e4nger geeignet.<\/p>\n<p>viele Bilder und Ideen von flei\u00dfigen Helfer und H\u00e4nden findet ihr hier<\/p>\n<p><strong><a href=\"https:\/\/dadade.eu\/?p=6962\">Faschings-Kr\u00e4nze<\/a><\/strong><\/p>\n<p>mehr Kr\u00e4nze findet ihr hier<\/p>\n<p><strong><a href=\"https:\/\/dadade.eu\/?p=6679\">KLICKE HIER<\/a><\/strong><\/p>\n<p>&nbsp;<\/p>\n<p>&nbsp;<\/p>\n<p>&nbsp;<\/p>\n","protected":false},"excerpt":{"rendered":"<div id=\"cc-m-13954443088\" class=\"j-module n j-text \">\n<p>Hier kauft man nur die H\u00e4kelanleitung f\u00fcr diesen witzigen Clown Pepino,<\/p>\n<p>er bietet viele M\u00f6glichkeiten,<\/p>\n<ol>\n<li>als T\u00fcrkranz, er h\u00e4ngt so rum und hei\u00dft jeden Gast herzlich willkommen.<\/li>\n<li>als Kissen, mit dem Clown kann man super kuscheln, und er ist eine witzige Deko f\u00fcr die Couch.<\/li>\n<li>f\u00fcr das Kinderzimmer, z.B. mit Namen<\/li>\n<li>und nat\u00fcrlich Valentin,<\/li>\n<\/ol>\n<p>deshalb hat der Clown ein Herz dabei, z.B. f\u00fcr einen kleinen Gutschein zu verschenken<\/p>\n<p>Pepino eignet sich perfekt f\u00fcr Wollreste<\/p>\n<p>Lass deiner Fantasie freien Lauf, und h\u00e4kel Ihn sch\u00f6n bunt \u2013 je nach Lust und Laune.<\/p>\n<p>Ich freue mich immer auf Bilder f\u00fcr meine Seite<\/p>\n<p>Mit Wolle der Nadelst\u00e4rke 4 wird der Clown, ungef\u00e4hr; 37 x 41cm<\/p>\n<p><strong><a href=\"https:\/\/dadade.eu\/?p=8021\">mehr Bilder findet ihr hier<\/a><\/strong>\u00a0mit noch vielen tolle Deko-Ideen<\/p>\n<p>&nbsp;<\/p>\n<\/div>\n","protected":false},"featured_media":15193,"template":"","meta":[],"product_brand":[],"product_cat":[56,49,50,48,382],"product_tag":[90,229,232,242,547,260,87,94,93,277,1202,279,278,257,256,243,244,181,195,1201,258,276,275,95,1200,96],"class_list":{"0":"post-15187","1":"product","2":"type-product","3":"status-publish","4":"has-post-thumbnail","6":"product_cat-2einfach","7":"product_cat-dekoration-mit-herz","8":"product_cat-fasching-die-5-jahreszeit","9":"product_cat-haus-deko","10":"product_cat-kraenze","11":"product_tag-amigurumi","12":"product_tag-clown","13":"product_tag-clown-haekeln","14":"product_tag-dekoration-haekeln","15":"product_tag-erdhuegel","16":"product_tag-fruehling","17":"product_tag-geschenk","18":"product_tag-haekelanleitung","19":"product_tag-haekeln","20":"product_tag-haekeln-fuer-valentin","21":"product_tag-harlekin","22":"product_tag-herz","23":"product_tag-herz-haekeln","24":"product_tag-kranz","25":"product_tag-kranz-haekeln","26":"product_tag-kuschelwolle","27":"product_tag-kuschelwolle-haekeln","28":"product_tag-lustig","29":"product_tag-praesent","30":"product_tag-tuerkranz-fasching","31":"product_tag-tuerkranz-haekeln","32":"product_tag-valentin","33":"product_tag-valentinstag","34":"product_tag-wolle","35":"product_tag-wolle-himalaya","36":"product_tag-wollreste","38":"first","39":"instock","40":"downloadable","41":"shipping-taxable","42":"purchasable","43":"product-type-simple"},"_links":{"self":[{"href":"https:\/\/dadade.eu\/index.php?rest_route=\/wp\/v2\/product\/15187","targetHints":{"allow":["GET"]}}],"collection":[{"href":"https:\/\/dadade.eu\/index.php?rest_route=\/wp\/v2\/product"}],"about":[{"href":"https:\/\/dadade.eu\/index.php?rest_route=\/wp\/v2\/types\/product"}],"wp:featuredmedia":[{"embeddable":true,"href":"https:\/\/dadade.eu\/index.php?rest_route=\/wp\/v2\/media\/15193"}],"wp:attachment":[{"href":"https:\/\/dadade.eu\/index.php?rest_route=%2Fwp%2Fv2%2Fmedia&parent=15187"}],"wp:term":[{"taxonomy":"product_brand","embeddable":true,"href":"https:\/\/dadade.eu\/index.php?rest_route=%2Fwp%2Fv2%2Fproduct_brand&post=15187"},{"taxonomy":"product_cat","embeddable":true,"href":"https:\/\/dadade.eu\/index.php?rest_route=%2Fwp%2Fv2%2Fproduct_cat&post=15187"},{"taxonomy":"product_tag","embeddable":true,"href":"https:\/\/dadade.eu\/index.php?rest_route=%2Fwp%2Fv2%2Fproduct_tag&post=15187"}],"curies":[{"name":"wp","href":"https:\/\/api.w.org\/{rel}","templated":true}]}}