{"id":15151,"date":"2021-12-19T12:59:02","date_gmt":"2021-12-19T11:59:02","guid":{"rendered":"https:\/\/dadade.eu\/?post_type=product&#038;p=15151"},"modified":"2025-02-24T14:34:24","modified_gmt":"2025-02-24T13:34:24","slug":"kranz-tannenbaum-mit-elf-h013","status":"publish","type":"product","link":"https:\/\/dadade.eu\/?product=kranz-tannenbaum-mit-elf-h013","title":{"rendered":"Kranz Tannenbaum mit Elf (H013)"},"content":{"rendered":"<p><img fetchpriority=\"high\" decoding=\"async\" class=\"alignnone size-medium wp-image-15169\" src=\"https:\/\/dadade.eu\/wp-content\/uploads\/2021\/11\/Kranz-Tannenbaum-300x225.jpg\" alt=\"\" width=\"300\" height=\"225\" srcset=\"https:\/\/dadade.eu\/wp-content\/uploads\/2021\/11\/Kranz-Tannenbaum-300x225.jpg 300w, https:\/\/dadade.eu\/wp-content\/uploads\/2021\/11\/Kranz-Tannenbaum-600x450.jpg 600w, https:\/\/dadade.eu\/wp-content\/uploads\/2021\/11\/Kranz-Tannenbaum-64x48.jpg 64w, https:\/\/dadade.eu\/wp-content\/uploads\/2021\/11\/Kranz-Tannenbaum-1024x768.jpg 1024w, https:\/\/dadade.eu\/wp-content\/uploads\/2021\/11\/Kranz-Tannenbaum-768x576.jpg 768w, https:\/\/dadade.eu\/wp-content\/uploads\/2021\/11\/Kranz-Tannenbaum.jpg 1400w\" sizes=\"(max-width: 300px) 100vw, 300px\" \/>der Elf ist beim Kranz Tannenbaum mit dabei<\/p>\n<p><img decoding=\"async\" class=\"alignnone size-medium wp-image-14781\" src=\"https:\/\/dadade.eu\/wp-content\/uploads\/2023\/06\/xEichhoernchen-1-Tanne-300x225.jpg\" alt=\"\" width=\"300\" height=\"225\" srcset=\"https:\/\/dadade.eu\/wp-content\/uploads\/2023\/06\/xEichhoernchen-1-Tanne-300x225.jpg 300w, https:\/\/dadade.eu\/wp-content\/uploads\/2023\/06\/xEichhoernchen-1-Tanne-600x450.jpg 600w, https:\/\/dadade.eu\/wp-content\/uploads\/2023\/06\/xEichhoernchen-1-Tanne-64x48.jpg 64w, https:\/\/dadade.eu\/wp-content\/uploads\/2023\/06\/xEichhoernchen-1-Tanne-1024x768.jpg 1024w, https:\/\/dadade.eu\/wp-content\/uploads\/2023\/06\/xEichhoernchen-1-Tanne-768x576.jpg 768w, https:\/\/dadade.eu\/wp-content\/uploads\/2023\/06\/xEichhoernchen-1-Tanne.jpg 1400w\" sizes=\"(max-width: 300px) 100vw, 300px\" \/> oder zus\u00e4tzlich noch mit dem <strong><a href=\"https:\/\/dadade.eu\/?product=das-kleine-eichhoernchen-a136\">Eichh\u00f6rnchen<\/a><\/strong><\/p>\n<p>viele kleine Tiere gibt es alle einzeln in meinem Shop, dort findest du auch noch viele tolle Deko-Ideen<\/p>\n<p>Die Anleitung ist jedoch ausf\u00fchrlich mit vielen Bildern hinterlegt und wird auf 26 Seiten Schritt-f\u00fcr-Schritt beschrieben!<\/p>\n<p>Mit dem Kauf erh\u00e4lt man eine leicht verst\u00e4ndliche H\u00e4kelanleitung im praktischen PDF-Format.<\/p>\n<p>Die Anleitung ist auch schon f\u00fcr Anf\u00e4nger geeignet.<\/p>\n<p>viele Deko-Ideen mit den Kr\u00e4nzen f\u00fcr Weihnachten,<\/p>\n<p><strong><a href=\"https:\/\/dadade.eu\/?p=16070\">findet ihr hier<\/a><\/strong><\/p>\n<p>viele Bilder und Ideen von flei\u00dfigen Helfer und H\u00e4nden findet ihr hier<\/p>\n<p><strong><a href=\"https:\/\/dadade.eu\/?p=15173\">KLICKE HIER<\/a><\/strong><\/p>\n<p>&nbsp;<\/p>\n<p>&nbsp;<\/p>\n<p>&nbsp;<\/p>\n","protected":false},"excerpt":{"rendered":"<div id=\"cc-m-13954443088\" class=\"j-module n j-text \">\n<p>Hier kauft man nur die H\u00e4kelanleitung f\u00fcr diesen tollen geh\u00e4kelten Kranz in Form eines Tannenbaums,<\/p>\n<p>zusammen mit dem Weihnachtself.<\/p>\n<p>Man kann ihn waschen und immer wieder neu dekorieren,<\/p>\n<p>Die Dekoration wird einfach angen\u00e4ht. Der Stern dient nur zu Deko-Zwecken, die Anleitung ist nicht dabei.<\/p>\n<p>Mit diesem Kranz hat man etwas ganz besonderes, mit dem Elf ist er auch in jedem Kinderzimmer herzlich willkommen<\/p>\n<p>Ob ihr den Kranz mit kleinen Kugeln schm\u00fcckt, oder ganz schlicht, mit oder ohne Elf ist dieser Baum ein echter Hingucker.<\/p>\n<p>Lass deiner Fantasie freien Lauf, und dekorier den Kranz nach Lust und Laune.<\/p>\n<ol>\n<li>als T\u00fcrkranz, sch\u00f6n geschm\u00fcckt, hei\u00dft er jeden Gast herzlich willkommen.<\/li>\n<li>der Kranz mit einem meiner kleinen Tieren,<\/li>\n<\/ol>\n<p>&nbsp;<\/p>\n<p><strong><a href=\"https:\/\/dadade.eu\/?p=8021\">mehr Bilder findet ihr hier<\/a><\/strong>\u00a0mit noch vielen tolle Deko-Ideen<\/p>\n<p>Lass deiner Fantasie freien Lauf, und dekorier den Kranz nach Lust und Laune.<\/p>\n<p>Mit Wolle der Nadelst\u00e4rke 4 ist der Kranz,\u00a0 ungef\u00e4hr 44cm hoch und 25cm breit<\/p>\n<\/div>\n","protected":false},"featured_media":15153,"template":"","meta":[],"product_brand":[],"product_cat":[56,48,382,70,384],"product_tag":[522,90,242,1162,1199,1197,87,94,93,234,257,256,1195,243,244,181,195,1196,1194,523,258,683,1198,95,96],"class_list":{"0":"post-15151","1":"product","2":"type-product","3":"status-publish","4":"has-post-thumbnail","6":"product_cat-2einfach","7":"product_cat-haus-deko","8":"product_cat-kraenze","9":"product_cat-maxi","10":"product_cat-winter-weihnachten","11":"product_tag-adventskranz","12":"product_tag-amigurumi","13":"product_tag-dekoration-haekeln","14":"product_tag-eichhoernchen","15":"product_tag-eichhoernchen-haekeln","16":"product_tag-elf","17":"product_tag-geschenk","18":"product_tag-haekelanleitung","19":"product_tag-haekeln","20":"product_tag-kinderzimmer","21":"product_tag-kranz","22":"product_tag-kranz-haekeln","23":"product_tag-kranz-tannenbaum","24":"product_tag-kuschelwolle","25":"product_tag-kuschelwolle-haekeln","26":"product_tag-lustig","27":"product_tag-praesent","28":"product_tag-tannenbaum","29":"product_tag-tannenbaum-haekeln","30":"product_tag-tischdeko","31":"product_tag-tuerkranz-haekeln","32":"product_tag-weihnachten","33":"product_tag-weihnachtself","34":"product_tag-wolle","35":"product_tag-wollreste","37":"first","38":"instock","39":"shipping-taxable","40":"purchasable","41":"product-type-variable"},"_links":{"self":[{"href":"https:\/\/dadade.eu\/index.php?rest_route=\/wp\/v2\/product\/15151","targetHints":{"allow":["GET"]}}],"collection":[{"href":"https:\/\/dadade.eu\/index.php?rest_route=\/wp\/v2\/product"}],"about":[{"href":"https:\/\/dadade.eu\/index.php?rest_route=\/wp\/v2\/types\/product"}],"wp:featuredmedia":[{"embeddable":true,"href":"https:\/\/dadade.eu\/index.php?rest_route=\/wp\/v2\/media\/15153"}],"wp:attachment":[{"href":"https:\/\/dadade.eu\/index.php?rest_route=%2Fwp%2Fv2%2Fmedia&parent=15151"}],"wp:term":[{"taxonomy":"product_brand","embeddable":true,"href":"https:\/\/dadade.eu\/index.php?rest_route=%2Fwp%2Fv2%2Fproduct_brand&post=15151"},{"taxonomy":"product_cat","embeddable":true,"href":"https:\/\/dadade.eu\/index.php?rest_route=%2Fwp%2Fv2%2Fproduct_cat&post=15151"},{"taxonomy":"product_tag","embeddable":true,"href":"https:\/\/dadade.eu\/index.php?rest_route=%2Fwp%2Fv2%2Fproduct_tag&post=15151"}],"curies":[{"name":"wp","href":"https:\/\/api.w.org\/{rel}","templated":true}]}}