{"id":14836,"date":"2022-01-10T11:23:29","date_gmt":"2022-01-10T10:23:29","guid":{"rendered":"https:\/\/dadade.eu\/?post_type=product&#038;p=14836"},"modified":"2025-11-24T02:39:52","modified_gmt":"2025-11-24T01:39:52","slug":"alien-kostuem-fuer-die-freunde-aus-dem-baerenland-a322","status":"publish","type":"product","link":"https:\/\/dadade.eu\/?product=alien-kostuem-fuer-die-freunde-aus-dem-baerenland-a322","title":{"rendered":"Alien-Kost\u00fcm f\u00fcr die Freunde aus dem B\u00e4renland (A322)"},"content":{"rendered":"<p><img fetchpriority=\"high\" decoding=\"async\" class=\"alignnone size-medium wp-image-14830\" src=\"https:\/\/dadade.eu\/wp-content\/uploads\/2023\/06\/xBaerenland-8x-Freunde-Fasching-4-300x225.jpg\" alt=\"\" width=\"300\" height=\"225\" srcset=\"https:\/\/dadade.eu\/wp-content\/uploads\/2023\/06\/xBaerenland-8x-Freunde-Fasching-4-300x225.jpg 300w, https:\/\/dadade.eu\/wp-content\/uploads\/2023\/06\/xBaerenland-8x-Freunde-Fasching-4-600x450.jpg 600w, https:\/\/dadade.eu\/wp-content\/uploads\/2023\/06\/xBaerenland-8x-Freunde-Fasching-4-64x48.jpg 64w, https:\/\/dadade.eu\/wp-content\/uploads\/2023\/06\/xBaerenland-8x-Freunde-Fasching-4-1024x768.jpg 1024w, https:\/\/dadade.eu\/wp-content\/uploads\/2023\/06\/xBaerenland-8x-Freunde-Fasching-4-768x576.jpg 768w, https:\/\/dadade.eu\/wp-content\/uploads\/2023\/06\/xBaerenland-8x-Freunde-Fasching-4.jpg 1400w\" sizes=\"(max-width: 300px) 100vw, 300px\" \/>Kost\u00fcmfest\u00a0 im B\u00e4renland<\/p>\n<p><img decoding=\"async\" class=\"alignnone size-medium wp-image-14859\" src=\"https:\/\/dadade.eu\/wp-content\/uploads\/2022\/01\/xBaerenland-kostueme-A-3-300x225.jpg\" alt=\"\" width=\"300\" height=\"225\" srcset=\"https:\/\/dadade.eu\/wp-content\/uploads\/2022\/01\/xBaerenland-kostueme-A-3-300x225.jpg 300w, https:\/\/dadade.eu\/wp-content\/uploads\/2022\/01\/xBaerenland-kostueme-A-3-600x450.jpg 600w, https:\/\/dadade.eu\/wp-content\/uploads\/2022\/01\/xBaerenland-kostueme-A-3-64x48.jpg 64w, https:\/\/dadade.eu\/wp-content\/uploads\/2022\/01\/xBaerenland-kostueme-A-3-1024x768.jpg 1024w, https:\/\/dadade.eu\/wp-content\/uploads\/2022\/01\/xBaerenland-kostueme-A-3-768x576.jpg 768w, https:\/\/dadade.eu\/wp-content\/uploads\/2022\/01\/xBaerenland-kostueme-A-3.jpg 1400w\" sizes=\"(max-width: 300px) 100vw, 300px\" \/>das Alien-Kost\u00fcm mit Stiefel<\/p>\n<p>&nbsp;<\/p>\n<p>Die Anleitung ist ausf\u00fchrlich mit vielen Bildern hinterlegt und schon f\u00fcr Anf\u00e4nger geeignet<\/p>\n<p><strong><a href=\"https:\/\/dadade.eu\/?product=a320-kostuemparty-im-baerenland-als-deko-oder-zum-kuscheln\">alle Kost\u00fcme<\/a><\/strong> wurden so entworfen, dass sie allen Tieren vom B\u00e4renland passen.<\/p>\n<p>&nbsp;<\/p>\n<p>viele Bilder und Ideen von flei\u00dfigen Helfer und H\u00e4nden findet ihr hier<\/p>\n<p><strong><a href=\"https:\/\/dadade.eu\/?p=12482\">VIELE TOLLE BILDER<\/a><\/strong><\/p>\n<p><strong><a href=\"https:\/\/dadade.eu\/?p=14861\">Kost\u00fcm-Fest im B\u00e4renland<\/a><\/strong><\/p>\n<p>viele tollen Bilder <strong><a href=\"https:\/\/dadade.eu\/?p=12484\">aus dem B\u00e4renland<\/a><\/strong> findet ihr auch hier<\/p>\n<p>&nbsp;<\/p>\n<p>&nbsp;<\/p>\n","protected":false},"excerpt":{"rendered":"<div id=\"cc-m-13954443088\" class=\"j-module n j-text \">\n<p>Hier kauft man die H\u00e4kelanleitung f\u00fcr dieses Alien-Kost\u00fcm,<\/p>\n<div id=\"cc-m-13922765188\" class=\"j-module n j-text \">\n<p>es wurde f\u00fcr das B\u00e4renland und alle seinen Tieren entworfen.<\/p>\n<\/div>\n<div id=\"cc-m-13922765288\" class=\"j-module n j-text \">\n<p>die Kinder lieben kleine Tiere zum An- und Ausziehen<\/p>\n<p>die Gro\u00dfen lieben Deko, die man immer wieder neu gestalten kann.<\/p>\n<p>Alleh hopp , hier habt ihr Beides vereint; Deko und\u00a0Kuscheltier<\/p>\n<p>ob zur Fasching oder Halloween, Kost\u00fcme kann man immer gebrauchen und ein Alien ist nicht nur f\u00fcr Halloween eine sch\u00f6ne Idee.<\/p>\n<\/div>\n<div id=\"cc-m-13952396088\">\n<p>Die Tiere haben vor jedem Fest ihren Spa\u00df; Die Kost\u00fcme kann man untereinander tauschen und vor jedem Fest wird das passende Kost\u00fcm f\u00fcr jeden ausgesucht und immer wieder untereinander getauscht und anprobiert.<\/p>\n<p>Das Kost\u00fcm passt auch kleinen P\u00fcppchen.<\/p>\n<\/div>\n<p>Mit dem Kauf erh\u00e4lt man eine leicht verst\u00e4ndliche H\u00e4kelanleitung im praktischen PDF-Format.<\/p>\n<p>Die Anleitung ist auch schon f\u00fcr Anf\u00e4nger geeignet.<\/p>\n<p>&nbsp;<\/p>\n<p>&nbsp;<\/p>\n<\/div>\n<div id=\"cc-m-13954443188\" class=\"j-module n j-text \">\n<p>&nbsp;<\/p>\n<\/div>\n","protected":false},"featured_media":14855,"template":"","meta":[],"product_brand":[],"product_cat":[55,38,35,505,69],"product_tag":[1172,1171,90,1175,89,120,121,341,1168,87,94,93,1057,92,638,640,1164,1173,1174,1176,1165,1169,1170,88,641,643,91,95,96],"class_list":{"0":"post-14836","1":"product","2":"type-product","3":"status-publish","4":"has-post-thumbnail","6":"product_cat-1sehr-einfach","7":"product_cat-a9-im-baerenland","8":"product_cat-amigurumi","9":"product_cat-herbst","10":"product_cat-mittel","11":"product_tag-alien","12":"product_tag-alien-kostuem","13":"product_tag-amigurumi","14":"product_tag-ausserirdische","15":"product_tag-baby","16":"product_tag-baer","17":"product_tag-baer-haekeln","18":"product_tag-fasching","19":"product_tag-fasenacht","20":"product_tag-geschenk","21":"product_tag-haekelanleitung","22":"product_tag-haekeln","23":"product_tag-halloween","24":"product_tag-kinder","25":"product_tag-koala","26":"product_tag-koala-haekeln","27":"product_tag-kostuem","28":"product_tag-kostuem-alien","29":"product_tag-kostuem-alien-haekeln","30":"product_tag-kostuem-ausserirdische","31":"product_tag-kostuem-haekeln","32":"product_tag-kostuemfest","33":"product_tag-kostuemparty","34":"product_tag-kuscheltier-haekeln","35":"product_tag-panda","36":"product_tag-panda-haekeln","37":"product_tag-plueschtier","38":"product_tag-wolle","39":"product_tag-wollreste","41":"first","42":"instock","43":"purchasable","44":"product-type-variable"},"_links":{"self":[{"href":"https:\/\/dadade.eu\/index.php?rest_route=\/wp\/v2\/product\/14836","targetHints":{"allow":["GET"]}}],"collection":[{"href":"https:\/\/dadade.eu\/index.php?rest_route=\/wp\/v2\/product"}],"about":[{"href":"https:\/\/dadade.eu\/index.php?rest_route=\/wp\/v2\/types\/product"}],"wp:featuredmedia":[{"embeddable":true,"href":"https:\/\/dadade.eu\/index.php?rest_route=\/wp\/v2\/media\/14855"}],"wp:attachment":[{"href":"https:\/\/dadade.eu\/index.php?rest_route=%2Fwp%2Fv2%2Fmedia&parent=14836"}],"wp:term":[{"taxonomy":"product_brand","embeddable":true,"href":"https:\/\/dadade.eu\/index.php?rest_route=%2Fwp%2Fv2%2Fproduct_brand&post=14836"},{"taxonomy":"product_cat","embeddable":true,"href":"https:\/\/dadade.eu\/index.php?rest_route=%2Fwp%2Fv2%2Fproduct_cat&post=14836"},{"taxonomy":"product_tag","embeddable":true,"href":"https:\/\/dadade.eu\/index.php?rest_route=%2Fwp%2Fv2%2Fproduct_tag&post=14836"}],"curies":[{"name":"wp","href":"https:\/\/api.w.org\/{rel}","templated":true}]}}