{"id":14811,"date":"2022-01-10T10:32:46","date_gmt":"2022-01-10T09:32:46","guid":{"rendered":"https:\/\/dadade.eu\/?post_type=product&#038;p=14811"},"modified":"2025-11-24T02:39:53","modified_gmt":"2025-11-24T01:39:53","slug":"einhorn-kostuem-fuer-die-freunde-aus-dem-baerenland-a323","status":"publish","type":"product","link":"https:\/\/dadade.eu\/?product=einhorn-kostuem-fuer-die-freunde-aus-dem-baerenland-a323","title":{"rendered":"Einhorn-Kost\u00fcm f\u00fcr die Freunde aus dem B\u00e4renland (A323)"},"content":{"rendered":"<p><img fetchpriority=\"high\" decoding=\"async\" class=\"alignnone size-medium wp-image-14830\" src=\"https:\/\/dadade.eu\/wp-content\/uploads\/2023\/06\/xBaerenland-8x-Freunde-Fasching-4-300x225.jpg\" alt=\"\" width=\"300\" height=\"225\" srcset=\"https:\/\/dadade.eu\/wp-content\/uploads\/2023\/06\/xBaerenland-8x-Freunde-Fasching-4-300x225.jpg 300w, https:\/\/dadade.eu\/wp-content\/uploads\/2023\/06\/xBaerenland-8x-Freunde-Fasching-4-600x450.jpg 600w, https:\/\/dadade.eu\/wp-content\/uploads\/2023\/06\/xBaerenland-8x-Freunde-Fasching-4-64x48.jpg 64w, https:\/\/dadade.eu\/wp-content\/uploads\/2023\/06\/xBaerenland-8x-Freunde-Fasching-4-1024x768.jpg 1024w, https:\/\/dadade.eu\/wp-content\/uploads\/2023\/06\/xBaerenland-8x-Freunde-Fasching-4-768x576.jpg 768w, https:\/\/dadade.eu\/wp-content\/uploads\/2023\/06\/xBaerenland-8x-Freunde-Fasching-4.jpg 1400w\" sizes=\"(max-width: 300px) 100vw, 300px\" \/>Kost\u00fcmfest\u00a0 im B\u00e4renland<\/p>\n<p><img decoding=\"async\" class=\"alignnone size-medium wp-image-14827\" src=\"https:\/\/dadade.eu\/wp-content\/uploads\/2023\/06\/xBaerenland-kostueme-E-2-300x225.jpg\" alt=\"\" width=\"300\" height=\"225\" srcset=\"https:\/\/dadade.eu\/wp-content\/uploads\/2023\/06\/xBaerenland-kostueme-E-2-300x225.jpg 300w, https:\/\/dadade.eu\/wp-content\/uploads\/2023\/06\/xBaerenland-kostueme-E-2-600x450.jpg 600w, https:\/\/dadade.eu\/wp-content\/uploads\/2023\/06\/xBaerenland-kostueme-E-2-64x48.jpg 64w, https:\/\/dadade.eu\/wp-content\/uploads\/2023\/06\/xBaerenland-kostueme-E-2-1024x768.jpg 1024w, https:\/\/dadade.eu\/wp-content\/uploads\/2023\/06\/xBaerenland-kostueme-E-2-768x576.jpg 768w, https:\/\/dadade.eu\/wp-content\/uploads\/2023\/06\/xBaerenland-kostueme-E-2.jpg 1400w\" sizes=\"(max-width: 300px) 100vw, 300px\" \/>das Einhorn-Kost\u00fcm<\/p>\n<p>&nbsp;<\/p>\n<p>Die Anleitung ist ausf\u00fchrlich mit vielen Bildern hinterlegt und schon f\u00fcr Anf\u00e4nger geeignet<\/p>\n<p><strong><a href=\"https:\/\/dadade.eu\/?product=a320-kostuemparty-im-baerenland-als-deko-oder-zum-kuscheln\">alle Kost\u00fcme<\/a><\/strong> wurden so entworfen, dass sie allen Tieren vom B\u00e4renland passen.<\/p>\n<p>&nbsp;<\/p>\n<p>viele Bilder und Ideen von flei\u00dfigen Helfer und H\u00e4nden findet ihr hier<\/p>\n<p><strong><a href=\"https:\/\/dadade.eu\/?p=12482\">VIELE TOLLE BILDER<\/a><\/strong><\/p>\n<p><strong><a href=\"https:\/\/dadade.eu\/?p=14861\">Kost\u00fcm-Fest im B\u00e4renland<\/a><\/strong><\/p>\n<p>viele tollen Bilder <strong><a href=\"https:\/\/dadade.eu\/?p=12484\">aus dem B\u00e4renland<\/a><\/strong> findet ihr auch hier<\/p>\n<p>&nbsp;<\/p>\n<p>&nbsp;<\/p>\n","protected":false},"excerpt":{"rendered":"<div id=\"cc-m-13954443088\" class=\"j-module n j-text \">\n<p>Hier kauft man die H\u00e4kelanleitung f\u00fcr dieses Einhorn-Kost\u00fcm,<\/p>\n<div id=\"cc-m-13922765188\" class=\"j-module n j-text \">\n<p>es wurde f\u00fcr das B\u00e4renland und alle seinen Tieren entworfen.<\/p>\n<\/div>\n<div id=\"cc-m-13922765288\" class=\"j-module n j-text \">\n<p>die Kinder lieben kleine Tiere zum An- und Ausziehen<\/p>\n<p>die Gro\u00dfen lieben Deko, die man immer wieder neu gestalten kann.<\/p>\n<p>Alleh hopp , hier habt ihr Beides vereint; Deko und\u00a0Kuscheltier<\/p>\n<p>ob zur Fasching oder Halloween, Kost\u00fcme kann man immer gebrauchen und ein Einhorn ist das ganze Jahr der Hit.<\/p>\n<\/div>\n<div id=\"cc-m-13952396088\">\n<p>Die Tiere haben vor jedem Fest ihren Spa\u00df; Die Kost\u00fcme kann man untereinander tauschen und vor jedem Fest wird das passende Kost\u00fcm f\u00fcr jeden ausgesucht und immer wieder untereinander getauscht und anprobiert.<\/p>\n<p>Das Kost\u00fcm passt auch kleinen P\u00fcppchen.<\/p>\n<\/div>\n<p>Mit dem Kauf erh\u00e4lt man eine leicht verst\u00e4ndliche H\u00e4kelanleitung im praktischen PDF-Format.<\/p>\n<p>Die Anleitung ist auch schon f\u00fcr Anf\u00e4nger geeignet.<\/p>\n<p>&nbsp;<\/p>\n<p>&nbsp;<\/p>\n<\/div>\n<div id=\"cc-m-13954443188\" class=\"j-module n j-text \">\n<p>&nbsp;<\/p>\n<\/div>\n","protected":false},"featured_media":14815,"template":"","meta":[],"product_brand":[],"product_cat":[55,38,35,505,69],"product_tag":[90,89,251,252,341,1168,87,94,93,1057,92,1164,1166,1167,1165,1169,1170,88,91,95,96],"class_list":{"0":"post-14811","1":"product","2":"type-product","3":"status-publish","4":"has-post-thumbnail","6":"product_cat-1sehr-einfach","7":"product_cat-a9-im-baerenland","8":"product_cat-amigurumi","9":"product_cat-herbst","10":"product_cat-mittel","11":"product_tag-amigurumi","12":"product_tag-baby","13":"product_tag-einhorn","14":"product_tag-einhorn-haekeln","15":"product_tag-fasching","16":"product_tag-fasenacht","17":"product_tag-geschenk","18":"product_tag-haekelanleitung","19":"product_tag-haekeln","20":"product_tag-halloween","21":"product_tag-kinder","22":"product_tag-kostuem","23":"product_tag-kostuem-einhorn","24":"product_tag-kostuem-einhorn-haekeln","25":"product_tag-kostuem-haekeln","26":"product_tag-kostuemfest","27":"product_tag-kostuemparty","28":"product_tag-kuscheltier-haekeln","29":"product_tag-plueschtier","30":"product_tag-wolle","31":"product_tag-wollreste","33":"first","34":"instock","35":"purchasable","36":"product-type-variable"},"_links":{"self":[{"href":"https:\/\/dadade.eu\/index.php?rest_route=\/wp\/v2\/product\/14811","targetHints":{"allow":["GET"]}}],"collection":[{"href":"https:\/\/dadade.eu\/index.php?rest_route=\/wp\/v2\/product"}],"about":[{"href":"https:\/\/dadade.eu\/index.php?rest_route=\/wp\/v2\/types\/product"}],"wp:featuredmedia":[{"embeddable":true,"href":"https:\/\/dadade.eu\/index.php?rest_route=\/wp\/v2\/media\/14815"}],"wp:attachment":[{"href":"https:\/\/dadade.eu\/index.php?rest_route=%2Fwp%2Fv2%2Fmedia&parent=14811"}],"wp:term":[{"taxonomy":"product_brand","embeddable":true,"href":"https:\/\/dadade.eu\/index.php?rest_route=%2Fwp%2Fv2%2Fproduct_brand&post=14811"},{"taxonomy":"product_cat","embeddable":true,"href":"https:\/\/dadade.eu\/index.php?rest_route=%2Fwp%2Fv2%2Fproduct_cat&post=14811"},{"taxonomy":"product_tag","embeddable":true,"href":"https:\/\/dadade.eu\/index.php?rest_route=%2Fwp%2Fv2%2Fproduct_tag&post=14811"}],"curies":[{"name":"wp","href":"https:\/\/api.w.org\/{rel}","templated":true}]}}