{"id":14775,"date":"2023-01-09T14:33:32","date_gmt":"2023-01-09T13:33:32","guid":{"rendered":"https:\/\/dadade.eu\/?post_type=product&#038;p=14775"},"modified":"2023-06-12T18:03:40","modified_gmt":"2023-06-12T16:03:40","slug":"b500-mobile-babyketten","status":"publish","type":"product","link":"https:\/\/dadade.eu\/?product=b500-mobile-babyketten","title":{"rendered":"B500 Mobile &#038; Babyketten"},"content":{"rendered":"<p><strong>mehr \u00fcber die vielen tollen Baby-Kinder-Ketten oder Anh\u00e4nger f\u00fcr ein Mobile<\/strong><b>,\u00a0<\/b><\/p>\n<p><strong>findet ihr hier, <a href=\"https:\/\/dadade.eu\/?product_cat=baby-ketten-mobile\">bei Baby&amp; Kind, Baby-Ketten &amp; Mobile<\/a><\/strong><\/p>\n<p>&nbsp;<\/p>\n<p><a href=\"https:\/\/dadade.eu\/?product=mobile-mond-mit-ente-maus-elefant-b503\"><strong><u>B503 Mobile Mond, mit Ente, Maus &amp; Elefant<\/u><\/strong><\/a><\/p>\n<p>&nbsp;<\/p>\n<p><a href=\"https:\/\/dadade.eu\/?product=baby-kinderwagenkette-kasper-b511\"><strong><u>B511\u00a0 Babykette Kasper\/ Clown<\/u><\/strong><\/a><\/p>\n<p><a href=\"https:\/\/dadade.eu\/?product=baby-kinderwagenkette-hasi-b512\"><strong><u>B512\u00a0 Babykette Hase<\/u><\/strong><\/a><\/p>\n<p><a href=\"https:\/\/dadade.eu\/?product=baby-kinderwagenkette-schildkroete-b513\"><strong><u>B513\u00a0 Babykette Schildkr\u00f6te<\/u><\/strong><\/a><\/p>\n<p>&nbsp;<\/p>\n<p>mehr Bilder, von flei\u00dfigen Helfer und H\u00e4nde<\/p>\n<p><strong><a href=\"https:\/\/dadade.eu\/?p=6461\">KLICKE HIER<\/a><\/strong><\/p>\n<p>&nbsp;<\/p>\n<p>&nbsp;<\/p>\n<p>&nbsp;<\/p>\n","protected":false},"excerpt":{"rendered":"<div id=\"cc-m-13954443088\" class=\"j-module n j-text \">\n<p>Du m\u00f6chtest f\u00fcr dein Baby ein ganz individuelles Geschenk?<\/p>\n<p>Hierfindet man H\u00e4kelanleitungen f\u00fcr diesen kleine Tiere, dem Stern, sowie die Kugeln, usw.<\/p>\n<p>Zus\u00e4tzlich eine detaillierte Anleitung zum Selbermachen eine Kinderwagenkette.<\/p>\n<p>Die einzelnen Elemente kann man in vielen bunten, oder zarten Farben h\u00e4keln und somit Wollreste verarbeiten-<\/p>\n<p>Mit den einzelnen Teilen l\u00e4sst sich au\u00dfer der Kinderwagenkette, auch Schnullerketten, oder Mobiles gestalten,<\/p>\n<p>Oder mit weicher Chenille-Wolle als Kuscheltier,<\/p>\n<p>Ein besonderes Geschenk, nicht nur f\u00fcr den kleinen Erdenb\u00fcrger.<\/p>\n<p>In der Kette sind Rassel eingearbeitet, das animiert zum Spielen, Kuscheln und Greifen.<\/p>\n<p>Auch als Schl\u00fcsselanh\u00e4nger machen sie eine gute Figur, ein Mitbringsel nicht nur f\u00fcr Ostern.<\/p>\n<\/div>\n<div id=\"cc-m-13954443088\" class=\"j-module n j-text \">\n<p><strong><a href=\"https:\/\/dadade.eu\/?product_cat=baby-ketten-mobile\">Baby&amp; Kind, Baby-Ketten &amp; Mobile<\/a><\/strong><\/p>\n<p>&nbsp;<\/p>\n<\/div>\n","protected":false},"featured_media":14776,"template":"","meta":[],"product_brand":[],"product_cat":[16,66],"product_tag":[90,242,260,87,651,93,243,244,181,114,195,296,95,96],"class_list":{"0":"post-14775","1":"product","2":"type-product","3":"status-publish","4":"has-post-thumbnail","6":"product_cat-alle","7":"product_cat-mini","8":"product_tag-amigurumi","9":"product_tag-dekoration-haekeln","10":"product_tag-fruehling","11":"product_tag-geschenk","12":"product_tag-geschenk-idee","13":"product_tag-haekeln","14":"product_tag-kuschelwolle","15":"product_tag-kuschelwolle-haekeln","16":"product_tag-lustig","17":"product_tag-ostern","18":"product_tag-praesent","19":"product_tag-sommer","20":"product_tag-wolle","21":"product_tag-wollreste","23":"first","24":"instock","25":"shipping-taxable","26":"product-type-simple"},"_links":{"self":[{"href":"https:\/\/dadade.eu\/index.php?rest_route=\/wp\/v2\/product\/14775","targetHints":{"allow":["GET"]}}],"collection":[{"href":"https:\/\/dadade.eu\/index.php?rest_route=\/wp\/v2\/product"}],"about":[{"href":"https:\/\/dadade.eu\/index.php?rest_route=\/wp\/v2\/types\/product"}],"wp:featuredmedia":[{"embeddable":true,"href":"https:\/\/dadade.eu\/index.php?rest_route=\/wp\/v2\/media\/14776"}],"wp:attachment":[{"href":"https:\/\/dadade.eu\/index.php?rest_route=%2Fwp%2Fv2%2Fmedia&parent=14775"}],"wp:term":[{"taxonomy":"product_brand","embeddable":true,"href":"https:\/\/dadade.eu\/index.php?rest_route=%2Fwp%2Fv2%2Fproduct_brand&post=14775"},{"taxonomy":"product_cat","embeddable":true,"href":"https:\/\/dadade.eu\/index.php?rest_route=%2Fwp%2Fv2%2Fproduct_cat&post=14775"},{"taxonomy":"product_tag","embeddable":true,"href":"https:\/\/dadade.eu\/index.php?rest_route=%2Fwp%2Fv2%2Fproduct_tag&post=14775"}],"curies":[{"name":"wp","href":"https:\/\/api.w.org\/{rel}","templated":true}]}}