{"id":14589,"date":"2023-01-08T15:42:07","date_gmt":"2023-01-08T14:42:07","guid":{"rendered":"https:\/\/dadade.eu\/?post_type=product&#038;p=14589"},"modified":"2023-07-20T18:24:31","modified_gmt":"2023-07-20T16:24:31","slug":"a520-die-mittelalter-knirspe","status":"publish","type":"product","link":"https:\/\/dadade.eu\/?product=a520-die-mittelalter-knirspe","title":{"rendered":"A520 die Mittelalter-Knirspe"},"content":{"rendered":"<p>mehr von den Knipsen findet ihr hier; <a href=\"https:\/\/dadade.eu\/?product_cat=a5-die-lustigen-knirpse\"><strong>Amigurumi- die lustigen Knirpse<\/strong><\/a><\/p>\n<p><strong><img fetchpriority=\"high\" decoding=\"async\" class=\"alignnone size-medium wp-image-14594\" src=\"https:\/\/dadade.eu\/wp-content\/uploads\/2023\/06\/x4-Mittelalter-Knirpse-3-300x225.jpg\" alt=\"\" width=\"300\" height=\"225\" srcset=\"https:\/\/dadade.eu\/wp-content\/uploads\/2023\/06\/x4-Mittelalter-Knirpse-3-300x225.jpg 300w, https:\/\/dadade.eu\/wp-content\/uploads\/2023\/06\/x4-Mittelalter-Knirpse-3-600x450.jpg 600w, https:\/\/dadade.eu\/wp-content\/uploads\/2023\/06\/x4-Mittelalter-Knirpse-3-64x48.jpg 64w, https:\/\/dadade.eu\/wp-content\/uploads\/2023\/06\/x4-Mittelalter-Knirpse-3-1024x768.jpg 1024w, https:\/\/dadade.eu\/wp-content\/uploads\/2023\/06\/x4-Mittelalter-Knirpse-3-768x576.jpg 768w, https:\/\/dadade.eu\/wp-content\/uploads\/2023\/06\/x4-Mittelalter-Knirpse-3.jpg 1400w\" sizes=\"(max-width: 300px) 100vw, 300px\" \/><\/strong><\/p>\n<p><strong>Der <a href=\"https:\/\/dadade.eu\/?product=zauberer-magnus-der-mutige-von-den-mittelalter-knirpsen-a524\" target=\"_blank\" rel=\"noopener\">weise Zauberer Magnus der Mutige<\/a>, mit seiner Kr\u00f6te<\/strong><\/p>\n<p><strong>geh\u00f6rt mit dem ehrw\u00fcrdigen <a href=\"https:\/\/dadade.eu\/?product=moench-bruder-tucky-von-den-mittelalter-knirpsen-a521\" target=\"_blank\" rel=\"noopener\">M\u00f6nch Bruder Tucky<\/a><\/strong><\/p>\n<p><strong><a href=\"https:\/\/dadade.eu\/?product=jasper-der-gaukler-von-den-mittelalter-knirpsen-a522\" target=\"_blank\" rel=\"noopener\">Jasper dem n\u00e4rrische Gaukler<\/a><\/strong><\/p>\n<p><b>und der buckeligen\u00a0<\/b><strong><a title=\"A523 Hexe Minerva von Hexenbesen\" href=\"https:\/\/dadade.eu\/?product=hexe-minerva-von-hexenbesen-von-den-mittelalter-knirpsen-a523\" target=\"_blank\" rel=\"noopener\">Hexe Minerva von Hexenbesen<\/a><\/strong><\/p>\n<p><strong>zu den Mittelalter-Knirpsen, <\/strong><strong>sie sind die treuen Gef\u00e4hrten von <a href=\"https:\/\/dadade.eu\/?product=a501-gluecks-ritter-felix\" target=\"_blank\" rel=\"noopener\">Ritter Felix Lucky<\/a><\/strong><\/p>\n<p>viele Bilder von flei\u00dfigen Helfer und H\u00e4nde findet ihr hier<\/p>\n<p><strong><a href=\"https:\/\/dadade.eu\/?p=13353\">KLICKE HIER<\/a><\/strong><\/p>\n<p>&nbsp;<\/p>\n<p>&nbsp;<\/p>\n","protected":false},"excerpt":{"rendered":"<p>Die Mittelalter-Knirpse sind wie die Gl\u00fccks-Knirpse extra einfach gehalten,\u00a0damit kleine Kinderh\u00e4nden gut damit spielen k\u00f6nnen.<\/p>\n<p>Sie sind nat\u00fcrlich auch alle als Deko geeignet<\/p>\n<div class=\"woocommerce-product-details__short-description\">\n<div id=\"cc-m-13954443088\" class=\"j-module n j-text \">\n<p>Mit Nadelst\u00e4rke 4 geh\u00e4kelt,<\/p>\n<p>wird Hexe Minerva ohne Hut ungef\u00e4hr; im Stehen ungef\u00e4hr; 40cm hoch und im Sitzen ca 32cm<\/p>\n<p>wird der M\u00f6nch Tucky \u00a0ungef\u00e4hr; im Stehen ungef\u00e4hr; 43cm hoch, im Sitzen ungef\u00e4hr; 30cm hoch<\/p>\n<p>wird Jasper ungef\u00e4hr; im Stehen ungef\u00e4hr; 44cm hoch, im Sitzen 28cm<\/p>\n<p>wird Magnus der Zauber im Stehen ungef\u00e4hr; mit Hut ca 60cm hoch, im Sitzen 40cm,<\/p>\n<p>&nbsp;<\/p>\n<\/div>\n<\/div>\n<form class=\"cart\" action=\"https:\/\/dadade.eu\/?product=kasta-nina-die-juengste-der-3-hexen-schwestern-a533\" enctype=\"multipart\/form-data\" method=\"post\">\n<div class=\"ct-cart-actions\"><\/div>\n<\/form>\n<div class=\"ppc-button-wrapper\">\n<div id=\"ppc-button-ppcp-gateway\">\n<div id=\"zoid-paypal-buttons-uid_5a67198aaf_mty6mdg6mdu\" class=\"paypal-buttons paypal-buttons-context-iframe paypal-buttons-label-paypal paypal-buttons-layout-horizontal\" data-paypal-smart-button-version=\"5.0.373\"><\/div>\n<\/div>\n<\/div>\n","protected":false},"featured_media":14592,"template":"","meta":[],"product_brand":[],"product_cat":[57,36,16,69],"product_tag":[90,229,1153,233,341,87,94,93,126,1063,1064,1066,228,231,92,166,139,174,88,1068,1067,230,91,160,156,159,140,95,96,1150,1154],"class_list":{"0":"post-14589","1":"product","2":"type-product","3":"status-publish","4":"has-post-thumbnail","6":"product_cat-3mittel","7":"product_cat-a5-die-lustigen-knirpse","8":"product_cat-alle","9":"product_cat-mittel","10":"product_tag-amigurumi","11":"product_tag-clown","12":"product_tag-deko-fasching","13":"product_tag-dekoration","14":"product_tag-fasching","15":"product_tag-geschenk","16":"product_tag-haekelanleitung","17":"product_tag-haekeln","18":"product_tag-herbst","19":"product_tag-hexe","20":"product_tag-hexe-haekeln","21":"product_tag-hexen-haekeln","22":"product_tag-kasper","23":"product_tag-kasper-haekeln","24":"product_tag-kinder","25":"product_tag-knirpse","26":"product_tag-kuschelpuppe","27":"product_tag-kuschelpuppe-haekeln","28":"product_tag-kuscheltier-haekeln","29":"product_tag-moench","30":"product_tag-moench-haekeln","31":"product_tag-narr","32":"product_tag-plueschtier","33":"product_tag-pueppchen","34":"product_tag-pueppchen-haekeln","35":"product_tag-puppe","36":"product_tag-puppe-haekeln","37":"product_tag-wolle","38":"product_tag-wollreste","39":"product_tag-zauberer","40":"product_tag-zauberer-haekleln","42":"first","43":"instock","44":"shipping-taxable","45":"product-type-simple"},"_links":{"self":[{"href":"https:\/\/dadade.eu\/index.php?rest_route=\/wp\/v2\/product\/14589","targetHints":{"allow":["GET"]}}],"collection":[{"href":"https:\/\/dadade.eu\/index.php?rest_route=\/wp\/v2\/product"}],"about":[{"href":"https:\/\/dadade.eu\/index.php?rest_route=\/wp\/v2\/types\/product"}],"wp:featuredmedia":[{"embeddable":true,"href":"https:\/\/dadade.eu\/index.php?rest_route=\/wp\/v2\/media\/14592"}],"wp:attachment":[{"href":"https:\/\/dadade.eu\/index.php?rest_route=%2Fwp%2Fv2%2Fmedia&parent=14589"}],"wp:term":[{"taxonomy":"product_brand","embeddable":true,"href":"https:\/\/dadade.eu\/index.php?rest_route=%2Fwp%2Fv2%2Fproduct_brand&post=14589"},{"taxonomy":"product_cat","embeddable":true,"href":"https:\/\/dadade.eu\/index.php?rest_route=%2Fwp%2Fv2%2Fproduct_cat&post=14589"},{"taxonomy":"product_tag","embeddable":true,"href":"https:\/\/dadade.eu\/index.php?rest_route=%2Fwp%2Fv2%2Fproduct_tag&post=14589"}],"curies":[{"name":"wp","href":"https:\/\/api.w.org\/{rel}","templated":true}]}}