{"id":14531,"date":"2022-08-08T13:56:50","date_gmt":"2022-08-08T11:56:50","guid":{"rendered":"https:\/\/dadade.eu\/?post_type=product&#038;p=14531"},"modified":"2024-08-13T10:17:53","modified_gmt":"2024-08-13T08:17:53","slug":"hexe-minerva-von-hexenbesen-von-den-mittelalter-knirpsen-a523","status":"publish","type":"product","link":"https:\/\/dadade.eu\/?product=hexe-minerva-von-hexenbesen-von-den-mittelalter-knirpsen-a523","title":{"rendered":"Hexe Minerva von Hexenbesen von den Mittelalter-Knirpsen (A523)"},"content":{"rendered":"<p><img fetchpriority=\"high\" decoding=\"async\" class=\"alignnone size-medium wp-image-13361\" src=\"https:\/\/dadade.eu\/wp-content\/uploads\/2023\/05\/x4-Mittelalter-Knirpse-3b-300x225.jpg\" alt=\"\" width=\"300\" height=\"225\" srcset=\"https:\/\/dadade.eu\/wp-content\/uploads\/2023\/05\/x4-Mittelalter-Knirpse-3b-300x225.jpg 300w, https:\/\/dadade.eu\/wp-content\/uploads\/2023\/05\/x4-Mittelalter-Knirpse-3b-600x450.jpg 600w, https:\/\/dadade.eu\/wp-content\/uploads\/2023\/05\/x4-Mittelalter-Knirpse-3b-64x48.jpg 64w, https:\/\/dadade.eu\/wp-content\/uploads\/2023\/05\/x4-Mittelalter-Knirpse-3b-1024x768.jpg 1024w, https:\/\/dadade.eu\/wp-content\/uploads\/2023\/05\/x4-Mittelalter-Knirpse-3b-768x576.jpg 768w, https:\/\/dadade.eu\/wp-content\/uploads\/2023\/05\/x4-Mittelalter-Knirpse-3b.jpg 1400w\" sizes=\"(max-width: 300px) 100vw, 300px\" \/><\/p>\n<p><strong><b>der buckeligen\u00a0Hexe Minerva von Hexenbesen<\/b><\/strong><\/p>\n<p><strong>geh\u00f6rt mit dem ehrw\u00fcrdigen <a href=\"https:\/\/dadade.eu\/?product=moench-bruder-tucky-von-den-mittelalter-knirpsen-a521\">M\u00f6nch Bruder Tucky<\/a><\/strong><\/p>\n<p><a title=\"A522 Jasper der Gaukler\" href=\"https:\/\/dadade.eu\/?product=jasper-der-gaukler-von-den-mittelalter-knirpsen-a522\"><strong>Jasper dem n\u00e4rrische Gaukler<\/strong><\/a><\/p>\n<p><b>und <strong><a href=\"https:\/\/dadade.eu\/?product=zauberer-magnus-der-mutige-von-den-mittelalter-knirpsen-a524\">dem weisen Zauberer Magnus der Mutige<\/a>, mit seiner Kr\u00f6te<\/strong><\/b><\/p>\n<p><strong>zu den Mittelalter-Knirpsen, <\/strong><strong>sie sind die treuen Gef\u00e4hrten von <a href=\"https:\/\/dadade.eu\/?product=a501-gluecks-ritter-felix\">Ritter Felix Lucky<\/a><\/strong><\/p>\n<p>&nbsp;<\/p>\n<p>Die Anleitung ist ausf\u00fchrlich mit vielen Bildern hinterlegt und wird auf 40 (mit Kr\u00f6te) Seiten Schritt-f\u00fcr-Schritt beschrieben!<\/p>\n<p>Zus\u00e4tzlich liegt auch noch eine Anleitung f\u00fcr eine einfache Hand ohne Finger dabei.<\/p>\n<p>&nbsp;<\/p>\n<p>viele Bilder und Ideen von flei\u00dfigen Helfer und H\u00e4nden findet ihr hier<\/p>\n<p><strong><a href=\"https:\/\/dadade.eu\/?p=13353\" target=\"_blank\" rel=\"noopener\">VIELE TOLLE BILDER<\/a><\/strong><\/p>\n<p>&nbsp;<\/p>\n<p>&nbsp;<\/p>\n<p>&nbsp;<\/p>\n","protected":false},"excerpt":{"rendered":"<div id=\"cc-m-13954443088\" class=\"j-module n j-text \">\n<p>Hier kauft man die H\u00e4kelanleitung f\u00fcr diese h\u00fcbsch-gruselige Hexe<\/p>\n<p>sowie der Kr\u00f6te<\/p>\n<p>Die Hexe ist schon an den Vorbereitungen f\u00fcr das Halloween-Fest und brodelt in ihrer K\u00fcche an einem leckeren Hexens\u00fcppchen,<\/p>\n<p><img decoding=\"async\" class=\"alignnone size-medium wp-image-14558\" src=\"https:\/\/dadade.eu\/wp-content\/uploads\/2023\/06\/Hexenkueche-1-300x225.jpg\" alt=\"\" width=\"300\" height=\"225\" srcset=\"https:\/\/dadade.eu\/wp-content\/uploads\/2023\/06\/Hexenkueche-1-300x225.jpg 300w, https:\/\/dadade.eu\/wp-content\/uploads\/2023\/06\/Hexenkueche-1-600x450.jpg 600w, https:\/\/dadade.eu\/wp-content\/uploads\/2023\/06\/Hexenkueche-1-64x48.jpg 64w, https:\/\/dadade.eu\/wp-content\/uploads\/2023\/06\/Hexenkueche-1-1024x768.jpg 1024w, https:\/\/dadade.eu\/wp-content\/uploads\/2023\/06\/Hexenkueche-1-768x576.jpg 768w, https:\/\/dadade.eu\/wp-content\/uploads\/2023\/06\/Hexenkueche-1.jpg 1400w\" sizes=\"(max-width: 300px) 100vw, 300px\" \/>Guten Appetit<\/p>\n<p>Mit dem Kauf erh\u00e4ltst du eine leicht verst\u00e4ndliche H\u00e4kelanleitung im praktischen PDF-Format.<\/p>\n<p>Die Anleitung ist auch schon f\u00fcr Anf\u00e4nger geeignet.<\/p>\n<p>Die Hand mit Finger ist dir zu kompliziert; in der Anleitung befindet sich auch eine Hand ohne Finger.<\/p>\n<p>&nbsp;<\/p>\n<p>Mit Nadelst\u00e4rke 4 geh\u00e4kelt, wird Minerva ohne Hut ungef\u00e4hr; im Stehen ungef\u00e4hr; 40cm hoch und im Sitzen ca 32cm<\/p>\n<p>Mit Nadelst\u00e4rke 2 geh\u00e4kelt, wird Minerva ohne Hut ungef\u00e4hr; im Stehen ungef\u00e4hr; 18cm hoch und im Sitzen ca 13cm,(mit Hut 21-26cm)<\/p>\n<\/div>\n<div id=\"cc-m-13954443188\" class=\"j-module n j-text \">\n<p>&nbsp;<\/p>\n<\/div>\n","protected":false},"featured_media":14547,"template":"","meta":[],"product_brand":[],"product_cat":[57,36,35,505,380,69],"product_tag":[90,89,1152,1151,87,94,93,1057,126,1063,1064,92,166,139,88,1069,91,160,156,159,140,95,96],"class_list":{"0":"post-14531","1":"product","2":"type-product","3":"status-publish","4":"has-post-thumbnail","6":"product_cat-3mittel","7":"product_cat-a5-die-lustigen-knirpse","8":"product_cat-amigurumi","9":"product_cat-herbst","10":"product_cat-kuschel-puppe","11":"product_cat-mittel","12":"product_tag-amigurumi","13":"product_tag-baby","14":"product_tag-deko-halloween","15":"product_tag-dekoration-herbst","16":"product_tag-geschenk","17":"product_tag-haekelanleitung","18":"product_tag-haekeln","19":"product_tag-halloween","20":"product_tag-herbst","21":"product_tag-hexe","22":"product_tag-hexe-haekeln","23":"product_tag-kinder","24":"product_tag-knirpse","25":"product_tag-kuschelpuppe","26":"product_tag-kuscheltier-haekeln","27":"product_tag-pater","28":"product_tag-plueschtier","29":"product_tag-pueppchen","30":"product_tag-pueppchen-haekeln","31":"product_tag-puppe","32":"product_tag-puppe-haekeln","33":"product_tag-wolle","34":"product_tag-wollreste","36":"first","37":"instock","38":"downloadable","39":"purchasable","40":"product-type-simple"},"_links":{"self":[{"href":"https:\/\/dadade.eu\/index.php?rest_route=\/wp\/v2\/product\/14531","targetHints":{"allow":["GET"]}}],"collection":[{"href":"https:\/\/dadade.eu\/index.php?rest_route=\/wp\/v2\/product"}],"about":[{"href":"https:\/\/dadade.eu\/index.php?rest_route=\/wp\/v2\/types\/product"}],"wp:featuredmedia":[{"embeddable":true,"href":"https:\/\/dadade.eu\/index.php?rest_route=\/wp\/v2\/media\/14547"}],"wp:attachment":[{"href":"https:\/\/dadade.eu\/index.php?rest_route=%2Fwp%2Fv2%2Fmedia&parent=14531"}],"wp:term":[{"taxonomy":"product_brand","embeddable":true,"href":"https:\/\/dadade.eu\/index.php?rest_route=%2Fwp%2Fv2%2Fproduct_brand&post=14531"},{"taxonomy":"product_cat","embeddable":true,"href":"https:\/\/dadade.eu\/index.php?rest_route=%2Fwp%2Fv2%2Fproduct_cat&post=14531"},{"taxonomy":"product_tag","embeddable":true,"href":"https:\/\/dadade.eu\/index.php?rest_route=%2Fwp%2Fv2%2Fproduct_tag&post=14531"}],"curies":[{"name":"wp","href":"https:\/\/api.w.org\/{rel}","templated":true}]}}