{"id":14442,"date":"2016-08-06T16:53:14","date_gmt":"2016-08-06T14:53:14","guid":{"rendered":"https:\/\/dadade.eu\/?post_type=product&#038;p=14442"},"modified":"2025-11-13T17:48:09","modified_gmt":"2025-11-13T16:48:09","slug":"kuerbis-kyla-beleuchtet-h444","status":"publish","type":"product","link":"https:\/\/dadade.eu\/?product=kuerbis-kyla-beleuchtet-h444","title":{"rendered":"K\u00fcrbis Kyla beleuchtet (H444)"},"content":{"rendered":"<p><img fetchpriority=\"high\" decoding=\"async\" class=\"alignnone size-medium wp-image-14416\" src=\"https:\/\/dadade.eu\/wp-content\/uploads\/2023\/06\/Halloween-Dekoration0-300x225.jpg\" alt=\"\" width=\"300\" height=\"225\" srcset=\"https:\/\/dadade.eu\/wp-content\/uploads\/2023\/06\/Halloween-Dekoration0-300x225.jpg 300w, https:\/\/dadade.eu\/wp-content\/uploads\/2023\/06\/Halloween-Dekoration0-600x450.jpg 600w, https:\/\/dadade.eu\/wp-content\/uploads\/2023\/06\/Halloween-Dekoration0-64x48.jpg 64w, https:\/\/dadade.eu\/wp-content\/uploads\/2023\/06\/Halloween-Dekoration0-1024x768.jpg 1024w, https:\/\/dadade.eu\/wp-content\/uploads\/2023\/06\/Halloween-Dekoration0-768x576.jpg 768w, https:\/\/dadade.eu\/wp-content\/uploads\/2023\/06\/Halloween-Dekoration0-1536x1152.jpg 1536w, https:\/\/dadade.eu\/wp-content\/uploads\/2023\/06\/Halloween-Dekoration0-2048x1536.jpg 2048w\" sizes=\"(max-width: 300px) 100vw, 300px\" \/>zu der vollst\u00e4ndigen Halloween-Deko geh\u00f6rt K\u00fcrbis Kyla<\/p>\n<p>noch der <strong><a href=\"https:\/\/dadade.eu\/?product=fledermaus-graefin-von-flexa-beleuchtet-h441\" target=\"_blank\" rel=\"noopener\">Fledermaus Gr\u00e4fin von Flexa<\/a><\/strong><\/p>\n<p><strong><a href=\"https:\/\/dadade.eu\/?product=geist-gelia-beleuchtet-h442\" target=\"_blank\" rel=\"noopener\">Geist Gelia<\/a><\/strong><\/p>\n<p><strong><a href=\"https:\/\/dadade.eu\/?product=hexe-herwiga-beleuchtet-h443\" target=\"_blank\" rel=\"noopener\">Hexe Herwiga<\/a><\/strong><\/p>\n<p>&nbsp;<\/p>\n<p>alle 4 Halloween-Gestalten zusammen gibt es auch im Sparpaket<\/p>\n<p>Die Anleitung ist ausf\u00fchrlich mit vielen Bildern hinterlegt<\/p>\n<p>und wird auf 25 Seiten Schritt-f\u00fcr-Schritt beschrieben<\/p>\n<p>&nbsp;<\/p>\n<p>viele Bilder und Ideen von flei\u00dfigen Helfer und H\u00e4nden findet ihr hier<\/p>\n<p><strong><a href=\"https:\/\/dadade.eu\/?p=14191\"><span style=\"color: #339966;\">noch<\/span> <span style=\"color: #339966;\">mehr K\u00fcrbisse<\/span><\/a><\/strong><\/p>\n<p><a href=\"https:\/\/dadade.eu\/?p=14216\"><span style=\"color: #339966;\"><strong>noch mehr vom Herbst &amp; Halloween<\/strong><\/span><\/a><\/p>\n<p>&nbsp;<\/p>\n<p>&nbsp;<\/p>\n<p>&nbsp;<\/p>\n","protected":false},"excerpt":{"rendered":"<div id=\"cc-m-13954443088\" class=\"j-module n j-text \">\n<p>Hier kauft man nur die H\u00e4kelanleitung f\u00fcr den K\u00fcrbis Kyla, sowie der Spinne<\/p>\n<p>&nbsp;<\/p>\n<p>Du brauchst eine originelle Dekoration,<\/p>\n<p>Dann ab an die H\u00e4kelnadel, Das Muster ist recht einfach und schnell geh\u00e4kelt,<\/p>\n<p>als Dekoration oder Geschenk, erst recht zu Halloween<\/p>\n<p>Mit Wolle der Nadelst\u00e4rke 3 wird die Dekoration K\u00fcrbis ungef\u00e4hr ; ungef\u00e4hr 29cm hoch<\/p>\n<\/div>\n","protected":false},"featured_media":14446,"template":"","meta":[],"product_brand":[],"product_cat":[57,48,52],"product_tag":[90,295,1125,1126,1058,233,242,182,694,334,87,920,94,93,1057,126,92,1114,243,244,1124,181,294,195,1123,923,183,95,96],"class_list":{"0":"post-14442","1":"product","2":"type-product","3":"status-publish","4":"has-post-thumbnail","6":"product_cat-3mittel","7":"product_cat-haus-deko","8":"product_cat-herbst-halloween","9":"product_tag-amigurumi","10":"product_tag-anleitung","11":"product_tag-beleuchtet","12":"product_tag-beleuchtung","13":"product_tag-deko","14":"product_tag-dekoration","15":"product_tag-dekoration-haekeln","16":"product_tag-fein","17":"product_tag-feste","18":"product_tag-geburtstag","19":"product_tag-geschenk","20":"product_tag-gruselig","21":"product_tag-haekelanleitung","22":"product_tag-haekeln","23":"product_tag-halloween","24":"product_tag-herbst","25":"product_tag-kinder","26":"product_tag-kuerbis","27":"product_tag-kuschelwolle","28":"product_tag-kuschelwolle-haekeln","29":"product_tag-lichter","30":"product_tag-lustig","31":"product_tag-mitbringsel","32":"product_tag-praesent","33":"product_tag-schaurig","34":"product_tag-spinne","35":"product_tag-witzig","36":"product_tag-wolle","37":"product_tag-wollreste","39":"first","40":"instock","41":"shipping-taxable","42":"purchasable","43":"product-type-variable"},"_links":{"self":[{"href":"https:\/\/dadade.eu\/index.php?rest_route=\/wp\/v2\/product\/14442","targetHints":{"allow":["GET"]}}],"collection":[{"href":"https:\/\/dadade.eu\/index.php?rest_route=\/wp\/v2\/product"}],"about":[{"href":"https:\/\/dadade.eu\/index.php?rest_route=\/wp\/v2\/types\/product"}],"wp:featuredmedia":[{"embeddable":true,"href":"https:\/\/dadade.eu\/index.php?rest_route=\/wp\/v2\/media\/14446"}],"wp:attachment":[{"href":"https:\/\/dadade.eu\/index.php?rest_route=%2Fwp%2Fv2%2Fmedia&parent=14442"}],"wp:term":[{"taxonomy":"product_brand","embeddable":true,"href":"https:\/\/dadade.eu\/index.php?rest_route=%2Fwp%2Fv2%2Fproduct_brand&post=14442"},{"taxonomy":"product_cat","embeddable":true,"href":"https:\/\/dadade.eu\/index.php?rest_route=%2Fwp%2Fv2%2Fproduct_cat&post=14442"},{"taxonomy":"product_tag","embeddable":true,"href":"https:\/\/dadade.eu\/index.php?rest_route=%2Fwp%2Fv2%2Fproduct_tag&post=14442"}],"curies":[{"name":"wp","href":"https:\/\/api.w.org\/{rel}","templated":true}]}}