{"id":14364,"date":"2015-09-05T19:52:01","date_gmt":"2015-09-05T17:52:01","guid":{"rendered":"https:\/\/dadade.eu\/?post_type=product&#038;p=14364"},"modified":"2024-09-10T21:29:30","modified_gmt":"2024-09-10T19:29:30","slug":"gebbo-gipsy-die-2-witzige-gespenster-h420","status":"publish","type":"product","link":"https:\/\/dadade.eu\/?product=gebbo-gipsy-die-2-witzige-gespenster-h420","title":{"rendered":"Gebbo, die Geschenkverpackung &#038; Gipsy, die 2 witzige Gespenster (H420)"},"content":{"rendered":"<p><img decoding=\"async\" class=\"alignnone wp-image-14375\" src=\"https:\/\/dadade.eu\/wp-content\/uploads\/2023\/06\/H421-Gespenst-Gipsy5-300x225.jpg\" alt=\"\" width=\"251\" height=\"188\" srcset=\"https:\/\/dadade.eu\/wp-content\/uploads\/2023\/06\/H421-Gespenst-Gipsy5-300x225.jpg 300w, https:\/\/dadade.eu\/wp-content\/uploads\/2023\/06\/H421-Gespenst-Gipsy5-600x450.jpg 600w, https:\/\/dadade.eu\/wp-content\/uploads\/2023\/06\/H421-Gespenst-Gipsy5-64x48.jpg 64w, https:\/\/dadade.eu\/wp-content\/uploads\/2023\/06\/H421-Gespenst-Gipsy5-768x576.jpg 768w, https:\/\/dadade.eu\/wp-content\/uploads\/2023\/06\/H421-Gespenst-Gipsy5.jpg 1024w\" sizes=\"(max-width: 251px) 100vw, 251px\" \/>H421 Gespenst Gipsy mit K\u00fcrbis und Spinnen<\/p>\n<p><strong><a href=\"https:\/\/dadade.eu\/?product=schluesselanhaenger-gespenst-gerry-mit-chiptasche-a946\"><img decoding=\"async\" class=\"alignnone wp-image-14377\" src=\"https:\/\/dadade.eu\/wp-content\/uploads\/2023\/06\/H422-Gespenst-Gebbo-300x225.jpg\" alt=\"\" width=\"251\" height=\"188\" srcset=\"https:\/\/dadade.eu\/wp-content\/uploads\/2023\/06\/H422-Gespenst-Gebbo-300x225.jpg 300w, https:\/\/dadade.eu\/wp-content\/uploads\/2023\/06\/H422-Gespenst-Gebbo-600x450.jpg 600w, https:\/\/dadade.eu\/wp-content\/uploads\/2023\/06\/H422-Gespenst-Gebbo-64x48.jpg 64w, https:\/\/dadade.eu\/wp-content\/uploads\/2023\/06\/H422-Gespenst-Gebbo-768x576.jpg 768w, https:\/\/dadade.eu\/wp-content\/uploads\/2023\/06\/H422-Gespenst-Gebbo.jpg 1024w\" sizes=\"(max-width: 251px) 100vw, 251px\" \/>H422 Gespenst Gebbo mit einem K\u00fcrbis zum Bef\u00fcllen<\/a><\/strong><\/p>\n<p><strong><a href=\"https:\/\/dadade.eu\/?product=schluesselanhaenger-gespenst-gerry-mit-chiptasche-a946\"><img decoding=\"async\" class=\"alignnone wp-image-14370\" src=\"https:\/\/dadade.eu\/wp-content\/uploads\/2023\/06\/3-Gespenster-Kopie-300x225.jpg\" alt=\"\" width=\"249\" height=\"187\" srcset=\"https:\/\/dadade.eu\/wp-content\/uploads\/2023\/06\/3-Gespenster-Kopie-300x225.jpg 300w, https:\/\/dadade.eu\/wp-content\/uploads\/2023\/06\/3-Gespenster-Kopie-600x450.jpg 600w, https:\/\/dadade.eu\/wp-content\/uploads\/2023\/06\/3-Gespenster-Kopie-64x48.jpg 64w, https:\/\/dadade.eu\/wp-content\/uploads\/2023\/06\/3-Gespenster-Kopie-1024x768.jpg 1024w, https:\/\/dadade.eu\/wp-content\/uploads\/2023\/06\/3-Gespenster-Kopie-768x576.jpg 768w, https:\/\/dadade.eu\/wp-content\/uploads\/2023\/06\/3-Gespenster-Kopie-1536x1152.jpg 1536w, https:\/\/dadade.eu\/wp-content\/uploads\/2023\/06\/3-Gespenster-Kopie-2048x1536.jpg 2048w\" sizes=\"(max-width: 249px) 100vw, 249px\" \/>A946 Gespenst Gerry, der Schl\u00fcsselanh\u00e4nger<\/a><\/strong><\/p>\n<p>&nbsp;<\/p>\n<p>Die Anleitung ist ausf\u00fchrlich mit vielen Bildern hinterlegt und wird auf\u00a0 17 Seiten(Gipsy), 19 Seiten (Gebbo) Schritt-f\u00fcr-Schritt beschrieben<\/p>\n<p>&nbsp;<\/p>\n<p>MEHR VARIANTEN UND IDEEN FINDET IHR HIER<\/p>\n<p><a href=\"https:\/\/dadade.eu\/?p=14216\"><strong>Herbst-Deko\u00a0<\/strong> von flei\u00dfigen Helfer und H\u00e4nden<\/a><\/p>\n<p>&nbsp;<\/p>\n<p>&nbsp;<\/p>\n","protected":false},"excerpt":{"rendered":"<div id=\"cc-m-13954443088\">\n<p>Hier kauft man nur die Anleitungen f\u00fcr diese witzigen Gespenster,<\/p>\n<p>Gespenster sind immer und \u00fcberall herbstlich willkommen ist, auch zu Halloween.<\/p>\n<ol>\n<li>f\u00fcr das Gespenst Gipsy mit dem K\u00fcrbis und\u00a0 den vielen Spinnen<\/li>\n<li>f\u00fcr das Gespenst Gebbo mit seinem K\u00fcrbis zum Bef\u00fcllen<\/li>\n<\/ol>\n<p>Mit den Spinnen und dem K\u00fcrbis ziert Gipsy\u00a0 jede Halloween-Dekoration,<\/p>\n<p>das Gespenst ist ungef\u00e4hr 23cm hoch.<\/p>\n<p>Du brauchst ein originelles Geschenk; der dicke Gebbo ist zuerst ein Geldversteck,\u00a0dann eine sch\u00f6ne Herbstdekoration.<\/p>\n<p>Oder du brauchst einen Platz f\u00fcr S\u00fc\u00dfes,\u00a0Gebbo steckt gerne s\u00fc\u00dfe Sachen in seinen K\u00fcrbis<\/p>\n<p>Mit der Nadelst\u00e4rke 3 wird das dicke Gespenst ungef\u00e4hr ; 27,5cm hoch und 18cm dick<\/p>\n<p>der K\u00fcrbis ist 5cm hoch und hat einen Durchmesser von 11cm<\/p>\n<p>&nbsp;<\/p>\n<\/div>\n<div id=\"cc-m-13954443188\" class=\"j-module n j-text \">\n<p>&nbsp;<\/p>\n<\/div>\n","protected":false},"featured_media":14371,"template":"","meta":[],"product_brand":[],"product_cat":[56,41,48,52,69],"product_tag":[90,833,837,233,242,840,834,87,1003,1004,557,94,93,1057,126,1007,194,829,195,95,96],"class_list":{"0":"post-14364","1":"product","2":"type-product","3":"status-publish","4":"has-post-thumbnail","6":"product_cat-2einfach","7":"product_cat-geschenkverpackungen","8":"product_cat-haus-deko","9":"product_cat-herbst-halloween","10":"product_cat-mittel","11":"product_tag-amigurumi","12":"product_tag-anhaenger","13":"product_tag-chip","14":"product_tag-dekoration","15":"product_tag-dekoration-haekeln","16":"product_tag-einkaufs-chip","17":"product_tag-einkaufschip","18":"product_tag-geschenk","19":"product_tag-gespenst","20":"product_tag-gespenst-haekeln","21":"product_tag-gluecksbringer","22":"product_tag-haekelanleitung","23":"product_tag-haekeln","24":"product_tag-halloween","25":"product_tag-herbst","26":"product_tag-herbst-anhaenger","27":"product_tag-kind","28":"product_tag-originell","29":"product_tag-praesent","30":"product_tag-wolle","31":"product_tag-wollreste","33":"first","34":"instock","35":"shipping-taxable","36":"purchasable","37":"product-type-variable"},"_links":{"self":[{"href":"https:\/\/dadade.eu\/index.php?rest_route=\/wp\/v2\/product\/14364","targetHints":{"allow":["GET"]}}],"collection":[{"href":"https:\/\/dadade.eu\/index.php?rest_route=\/wp\/v2\/product"}],"about":[{"href":"https:\/\/dadade.eu\/index.php?rest_route=\/wp\/v2\/types\/product"}],"wp:featuredmedia":[{"embeddable":true,"href":"https:\/\/dadade.eu\/index.php?rest_route=\/wp\/v2\/media\/14371"}],"wp:attachment":[{"href":"https:\/\/dadade.eu\/index.php?rest_route=%2Fwp%2Fv2%2Fmedia&parent=14364"}],"wp:term":[{"taxonomy":"product_brand","embeddable":true,"href":"https:\/\/dadade.eu\/index.php?rest_route=%2Fwp%2Fv2%2Fproduct_brand&post=14364"},{"taxonomy":"product_cat","embeddable":true,"href":"https:\/\/dadade.eu\/index.php?rest_route=%2Fwp%2Fv2%2Fproduct_cat&post=14364"},{"taxonomy":"product_tag","embeddable":true,"href":"https:\/\/dadade.eu\/index.php?rest_route=%2Fwp%2Fv2%2Fproduct_tag&post=14364"}],"curies":[{"name":"wp","href":"https:\/\/api.w.org\/{rel}","templated":true}]}}