{"id":14323,"date":"2023-06-05T15:28:50","date_gmt":"2023-06-05T13:28:50","guid":{"rendered":"https:\/\/dadade.eu\/?post_type=product&#038;p=14323"},"modified":"2024-12-04T11:02:20","modified_gmt":"2024-12-04T10:02:20","slug":"die-bienen-feiern-hochzeit-a168","status":"publish","type":"product","link":"https:\/\/dadade.eu\/?product=die-bienen-feiern-hochzeit-a168","title":{"rendered":"die Bienen Bibi Summ &#038; Bodo Brumm feiern Hochzeit (A168)"},"content":{"rendered":"<p><img fetchpriority=\"high\" decoding=\"async\" class=\"alignnone size-medium wp-image-14345\" src=\"https:\/\/dadade.eu\/wp-content\/uploads\/2023\/06\/xKranz-grosses-Herz-1-300x225.jpg\" alt=\"\" width=\"300\" height=\"225\" srcset=\"https:\/\/dadade.eu\/wp-content\/uploads\/2023\/06\/xKranz-grosses-Herz-1-300x225.jpg 300w, https:\/\/dadade.eu\/wp-content\/uploads\/2023\/06\/xKranz-grosses-Herz-1-600x450.jpg 600w, https:\/\/dadade.eu\/wp-content\/uploads\/2023\/06\/xKranz-grosses-Herz-1-64x48.jpg 64w, https:\/\/dadade.eu\/wp-content\/uploads\/2023\/06\/xKranz-grosses-Herz-1-1024x768.jpg 1024w, https:\/\/dadade.eu\/wp-content\/uploads\/2023\/06\/xKranz-grosses-Herz-1-768x576.jpg 768w, https:\/\/dadade.eu\/wp-content\/uploads\/2023\/06\/xKranz-grosses-Herz-1.jpg 1400w\" sizes=\"(max-width: 300px) 100vw, 300px\" \/>Das Herz kann man auf Wunsch dazu kaufen. mehr \u00fcber das Herz findet ihr <strong><a href=\"https:\/\/dadade.eu\/?product=kranz-grosses-herz-h009\">hier<\/a><\/strong><\/p>\n<p>Die Anleitung ist ausf\u00fchrlich mit vielen Bildern hinterlegt<\/p>\n<p>und die Beiden Bienchen werden auf 25 Seiten Schritt-f\u00fcr-Schritt beschrieben!<\/p>\n<p>Sie ist auch schon f\u00fcr Anf\u00e4nger geeignet.<\/p>\n<p>&nbsp;<\/p>\n<p>MEHR VARIANTEN UND IDEEN von flei\u00dfigen Helfer und H\u00e4nden?<\/p>\n<p><a href=\"https:\/\/dadade.eu\/?p=6303\"><b>Klicke hier<\/b><\/a><\/p>\n<p>&nbsp;<\/p>\n<p>&nbsp;<\/p>\n<p>&nbsp;<\/p>\n","protected":false},"excerpt":{"rendered":"<div id=\"cc-m-13954443088\">\n<p>Hier kauft man die H\u00e4kelanleitung f\u00fcr diese beiden s\u00fc\u00dfen Bienchen.<\/p>\n<p>Sie sind mit kuscheliger Wolle geh\u00e4kelt und dadurch sch\u00f6n weich und flauschig.<\/p>\n<p>Zuerst ein tollen Hochzeitsgeschenk und Sp\u00e4ter ein kuscheliges Spielzeug f\u00fcr die Kinder.<\/p>\n<p>Die Beiden Bienchen feiern Hochzeit und sind somit das Geschenk f\u00fcr alle Brautpaare die Bienen oder Fu\u00dfball-Fan sind.<\/p>\n<p>Bei mir war es der Fu\u00dfball-Fan,<\/p>\n<p>Das Herz kann man auf Wunsch dazu kaufen. mehr \u00fcber das Herz findet ihr <strong><a href=\"https:\/\/dadade.eu\/?product=kranz-grosses-herz-h009\">hier<\/a><\/strong><\/p>\n<p>Mit der Nadelst\u00e4rke 3,5 wird die Braut ungef\u00e4hr;<\/p>\n<p>26cm hoch ohne F\u00fchler + \u00a012cm breit mit Armen<\/p>\n<p>der Br\u00e4utigam; 30cm hoch ohne F\u00fchler + \u00a012cm breit mit Armen<\/p>\n<p>Die Anleitung ist ausf\u00fchrlich mit vielen Bildern hinterlegt.<\/p>\n<p>&nbsp;<\/p>\n<\/div>\n<div id=\"cc-m-13954443188\" class=\"j-module n j-text \">\n<p>&nbsp;<\/p>\n<\/div>\n","protected":false},"featured_media":14329,"template":"","meta":[],"product_brand":[],"product_cat":[56,35,39,49,501,69],"product_tag":[90,89,248,415,1058,233,242,87,920,94,93,1057,126,279,278,281,1144,92,245,180,88,243,244,181,91,392,183,95,96],"class_list":{"0":"post-14323","1":"product","2":"type-product","3":"status-publish","4":"has-post-thumbnail","6":"product_cat-2einfach","7":"product_cat-amigurumi","8":"product_cat-amigurumis-zum-kuscheln","9":"product_cat-dekoration-mit-herz","10":"product_cat-ostern-amigurumi","11":"product_cat-mittel","12":"product_tag-amigurumi","13":"product_tag-baby","14":"product_tag-biene","15":"product_tag-biene-haekeln","16":"product_tag-deko","17":"product_tag-dekoration","18":"product_tag-dekoration-haekeln","19":"product_tag-geschenk","20":"product_tag-gruselig","21":"product_tag-haekelanleitung","22":"product_tag-haekeln","23":"product_tag-halloween","24":"product_tag-herbst","25":"product_tag-herz","26":"product_tag-herz-haekeln","27":"product_tag-hochzeit","28":"product_tag-hochzeits-geschenk-haekeln","29":"product_tag-kinder","30":"product_tag-kuschelige-haekeltiere","31":"product_tag-kuscheltier","32":"product_tag-kuscheltier-haekeln","33":"product_tag-kuschelwolle","34":"product_tag-kuschelwolle-haekeln","35":"product_tag-lustig","36":"product_tag-plueschtier","37":"product_tag-plueschtier-haekeln","38":"product_tag-witzig","39":"product_tag-wolle","40":"product_tag-wollreste","42":"first","43":"instock","44":"shipping-taxable","45":"purchasable","46":"product-type-variable"},"_links":{"self":[{"href":"https:\/\/dadade.eu\/index.php?rest_route=\/wp\/v2\/product\/14323","targetHints":{"allow":["GET"]}}],"collection":[{"href":"https:\/\/dadade.eu\/index.php?rest_route=\/wp\/v2\/product"}],"about":[{"href":"https:\/\/dadade.eu\/index.php?rest_route=\/wp\/v2\/types\/product"}],"wp:featuredmedia":[{"embeddable":true,"href":"https:\/\/dadade.eu\/index.php?rest_route=\/wp\/v2\/media\/14329"}],"wp:attachment":[{"href":"https:\/\/dadade.eu\/index.php?rest_route=%2Fwp%2Fv2%2Fmedia&parent=14323"}],"wp:term":[{"taxonomy":"product_brand","embeddable":true,"href":"https:\/\/dadade.eu\/index.php?rest_route=%2Fwp%2Fv2%2Fproduct_brand&post=14323"},{"taxonomy":"product_cat","embeddable":true,"href":"https:\/\/dadade.eu\/index.php?rest_route=%2Fwp%2Fv2%2Fproduct_cat&post=14323"},{"taxonomy":"product_tag","embeddable":true,"href":"https:\/\/dadade.eu\/index.php?rest_route=%2Fwp%2Fv2%2Fproduct_tag&post=14323"}],"curies":[{"name":"wp","href":"https:\/\/api.w.org\/{rel}","templated":true}]}}