{"id":14321,"date":"2023-01-05T15:12:39","date_gmt":"2023-01-05T14:12:39","guid":{"rendered":"https:\/\/dadade.eu\/?post_type=product&#038;p=14321"},"modified":"2024-09-10T21:31:42","modified_gmt":"2024-09-10T19:31:42","slug":"a900-schluesselanhaenger-oder-herbstdekoration","status":"publish","type":"product","link":"https:\/\/dadade.eu\/?product=a900-schluesselanhaenger-oder-herbstdekoration","title":{"rendered":"A900 Schl\u00fcsselanh\u00e4nger, oder Herbstdekoration"},"content":{"rendered":"<p>mehr dazu findet ihr hier;<\/p>\n<p><strong><a href=\"https:\/\/dadade.eu\/?product_cat=amigurumis-zum-kuscheln\">Amigurumi<\/a><a href=\"https:\/\/dadade.eu\/?product_cat=anhaenger-fuer-schluessel\"> &#8211; A9 Anh\u00e4nger f\u00fcr Schl\u00fcssel &amp; mehr<\/a><\/strong><\/p>\n<p>&nbsp;<\/p>\n<p><a href=\"https:\/\/dadade.eu\/?product=4-schluesselanhaenger-kuerbis-baer-fledermaus-katze-und-gespenst-mit-chiptasche-a940\"><strong><u>A940 K\u00fcrbis-Anh\u00e4nger<\/u><\/strong><\/a><\/p>\n<p><a href=\"https:\/\/dadade.eu\/?product=4-schluesselanhaenger-kuerbis-baer-fledermaus-katze-und-gespenst-mit-chiptasche-a940\"><strong>B\u00c4R; <\/strong><\/a><a href=\"https:\/\/dadade.eu\/?product=4-schluesselanhaenger-kuerbis-baer-fledermaus-katze-und-gespenst-mit-chiptasche-a940\"><strong>FLEDERMAUS;\u00a0<\/strong><strong>GEIST; <\/strong><strong>KATZE<\/strong><\/a><\/p>\n<p><a href=\"https:\/\/dadade.eu\/?product=schluesselanhaenger-hexe-hilly-mit-chiptasche-a945\"><strong><u>A945 Hexe Hilly<\/u><\/strong><\/a><\/p>\n<p><a href=\"https:\/\/dadade.eu\/?product=schluesselanhaenger-gespenst-gerry-mit-chiptasche-a946\"><strong><u>A946 Gespenst Gerry<\/u><\/strong><\/a><u><\/u><\/p>\n<p><a title=\"A168 Gl\u00fccks-Vogel\" href=\"https:\/\/dadade.eu\/?product=schluesselanhaenger-zwerg-zwiesel-mit-chiptasche-a947\"><strong><u>A947 Zwerg Zwiesel<\/u><\/strong><\/a><\/p>\n<p><a title=\"A168 Gl\u00fccks-Vogel\" href=\"https:\/\/dadade.eu\/?product=die-sonnenblume-blume-des-herbst-schluesselanhaenger-h405\"><strong><u>H405 Sonnenblume<\/u><\/strong><\/a><\/p>\n<p>&nbsp;<\/p>\n<p>MEHR VARIANTEN UND IDEEN FINDET IHR HIER<\/p>\n<p><a href=\"https:\/\/dadade.eu\/?p=11262\"><strong>VIELE TOLLE\u00a0 Schl\u00fcsselanh\u00e4nger<\/strong>\u00a0von flei\u00dfigen Helfer und H\u00e4nden<\/a><\/p>\n<p><a href=\"https:\/\/dadade.eu\/?p=14216\"><strong>Herbst-Deko\u00a0<\/strong>\u00a0von flei\u00dfigen Helfer und H\u00e4nden<\/a><\/p>\n<p>&nbsp;<\/p>\n<p>&nbsp;<\/p>\n","protected":false},"excerpt":{"rendered":"<p>Als Amigurumi bezeichnet man die Strick- oder H\u00e4kelkunst, mit der kleine Tierpuppen oder Puppen\u00e4hnlichen Objekte hergestellt werden.<\/p>\n<p>Diese Schl\u00fcsselanh\u00e4nger sind mit Baumwolle geh\u00e4kelt und teilweise mit Chiptasche<\/p>\n<p>man kann sie auch mit Chenillewolle geh\u00e4kelt &#8211; oder mit dickerer Wolle und man hat eine tolle Herbstdekoration<\/p>\n<p>Bei diesen Anleitungen ist immer eine Info f\u00fcr das Umsetzen der Anleitung f\u00fcr ein Kuscheltier dabei.<\/p>\n<p>&nbsp;<\/p>\n<p>Deiner Fantasie sind keine Grenzen gesetzt.<\/p>\n<p>mehr dazu findet ihr hier; <strong><a href=\"https:\/\/dadade.eu\/?product_cat=amigurumis-zum-kuscheln\">Amigurumi<\/a><a href=\"https:\/\/dadade.eu\/?product_cat=anhaenger-fuer-schluessel\"> &#8211; A9 Anh\u00e4nger f\u00fcr Schl\u00fcssel &amp; mehr<\/a><\/strong><\/p>\n<h1 title=\" A9 Anh\u00e4nger f\u00fcr Schl\u00fcssel\"><\/h1>\n<p>&nbsp;<\/p>\n<p>&nbsp;<\/p>\n","protected":false},"featured_media":14322,"template":"","meta":[],"product_brand":[],"product_cat":[16,52,66],"product_tag":[90,639,89,233,339,564,563,1132,1140,939,87,493,298,1003,1004,557,94,93,1057,1063,1064,92,1114,1141,1142,88,294,91,195,935,937,822,936,336,1143,823,95,96],"class_list":{"0":"post-14321","1":"product","2":"type-product","3":"status-publish","4":"has-post-thumbnail","6":"product_cat-alle","7":"product_cat-herbst-halloween","8":"product_cat-mini","9":"product_tag-amigurumi","10":"product_tag-australien","11":"product_tag-baby","12":"product_tag-dekoration","13":"product_tag-erdmaennchen","14":"product_tag-eule","15":"product_tag-eule-haekeln","16":"product_tag-geist","17":"product_tag-geist-haekeln","18":"product_tag-geldgeschenk","19":"product_tag-geschenk","20":"product_tag-geschenk-kinder","21":"product_tag-geschenkverpackung","22":"product_tag-gespenst","23":"product_tag-gespenst-haekeln","24":"product_tag-gluecksbringer","25":"product_tag-haekelanleitung","26":"product_tag-haekeln","27":"product_tag-halloween","28":"product_tag-hexe","29":"product_tag-hexe-haekeln","30":"product_tag-kinder","31":"product_tag-kuerbis","32":"product_tag-kuerbis-haekeln","33":"product_tag-kuerbis-anhaenger","34":"product_tag-kuscheltier-haekeln","35":"product_tag-mitbringsel","36":"product_tag-plueschtier","37":"product_tag-praesent","38":"product_tag-ranzen","39":"product_tag-schluesselhaenger","40":"product_tag-schluesselring","41":"product_tag-schulanfaenger","42":"product_tag-sonnenblume","43":"product_tag-sonnenblume-haekeln","44":"product_tag-taschenbaumler","45":"product_tag-wolle","46":"product_tag-wollreste","48":"first","49":"instock","50":"shipping-taxable","51":"product-type-simple"},"_links":{"self":[{"href":"https:\/\/dadade.eu\/index.php?rest_route=\/wp\/v2\/product\/14321","targetHints":{"allow":["GET"]}}],"collection":[{"href":"https:\/\/dadade.eu\/index.php?rest_route=\/wp\/v2\/product"}],"about":[{"href":"https:\/\/dadade.eu\/index.php?rest_route=\/wp\/v2\/types\/product"}],"wp:featuredmedia":[{"embeddable":true,"href":"https:\/\/dadade.eu\/index.php?rest_route=\/wp\/v2\/media\/14322"}],"wp:attachment":[{"href":"https:\/\/dadade.eu\/index.php?rest_route=%2Fwp%2Fv2%2Fmedia&parent=14321"}],"wp:term":[{"taxonomy":"product_brand","embeddable":true,"href":"https:\/\/dadade.eu\/index.php?rest_route=%2Fwp%2Fv2%2Fproduct_brand&post=14321"},{"taxonomy":"product_cat","embeddable":true,"href":"https:\/\/dadade.eu\/index.php?rest_route=%2Fwp%2Fv2%2Fproduct_cat&post=14321"},{"taxonomy":"product_tag","embeddable":true,"href":"https:\/\/dadade.eu\/index.php?rest_route=%2Fwp%2Fv2%2Fproduct_tag&post=14321"}],"curies":[{"name":"wp","href":"https:\/\/api.w.org\/{rel}","templated":true}]}}