{"id":14241,"date":"2016-09-03T14:14:04","date_gmt":"2016-09-03T12:14:04","guid":{"rendered":"https:\/\/dadade.eu\/?post_type=product&#038;p=14241"},"modified":"2023-10-08T02:42:08","modified_gmt":"2023-10-08T00:42:08","slug":"grosser-kuerbis-beleuchtet-h431-kopie","status":"publish","type":"product","link":"https:\/\/dadade.eu\/?product=grosser-kuerbis-beleuchtet-h431-kopie","title":{"rendered":"gro\u00dfer K\u00fcrbis beleuchtet (H431)"},"content":{"rendered":"<p>Die Anleitung ist ausf\u00fchrlich mit vielen Bildern hinterlegt<\/p>\n<p>und wird auf 18 Seiten Schritt-f\u00fcr-Schritt beschrieben<\/p>\n<p>&nbsp;<\/p>\n<p>viele Bilder und Ideen von flei\u00dfigen Helfer und H\u00e4nden findet ihr hier<\/p>\n<p><strong><a href=\"https:\/\/dadade.eu\/?p=14191\"><span style=\"color: #339966;\">noch<\/span> <span style=\"color: #339966;\">mehr K\u00fcrbisse<\/span><\/a><\/strong><\/p>\n<p><a href=\"https:\/\/dadade.eu\/?p=14216\"><span style=\"color: #339966;\"><strong>noch mehr vom Herbst &amp; Halloween<\/strong><\/span><\/a><\/p>\n<p>&nbsp;<\/p>\n<p>&nbsp;<\/p>\n<p>&nbsp;<\/p>\n","protected":false},"excerpt":{"rendered":"<div id=\"cc-m-13954443088\" class=\"j-module n j-text \">\n<p>Hier kauft man nur die H\u00e4kelanleitung f\u00fcr den gro\u00dfen K\u00fcrbis mit Beleuchtung,<\/p>\n<p>1x f\u00fcr den Herbst; schlicht- ohne Gesicht<\/p>\n<p>1x f\u00fcr Halloween; mit grimmiger Maske<\/p>\n<p>oder einfach ohne Beleuchtung<\/p>\n<p>Du brauchst eine originelle Dekoration,<\/p>\n<p>Dann ab an die H\u00e4kelnadel,<\/p>\n<p>Das Muster ist recht einfach und schnell geh\u00e4kelt, ob als Dekoration oder als Geschenk<\/p>\n<p>Mit Wolle der Nadelst\u00e4rke 5 wird die Dekoration K\u00fcrbis ungef\u00e4hr ;<\/p>\n<p>einen Durchmesser von 17cm und ist ohne Stiel 9cm hoch<\/p>\n<p>&nbsp;<\/p>\n<\/div>\n","protected":false},"featured_media":14244,"template":"","meta":[],"product_brand":[],"product_cat":[56,48,52],"product_tag":[90,295,1125,1126,1058,233,242,182,694,334,87,920,94,93,1057,126,92,1114,243,244,1124,181,294,195,1123,183,95,96],"class_list":{"0":"post-14241","1":"product","2":"type-product","3":"status-publish","4":"has-post-thumbnail","6":"product_cat-2einfach","7":"product_cat-haus-deko","8":"product_cat-herbst-halloween","9":"product_tag-amigurumi","10":"product_tag-anleitung","11":"product_tag-beleuchtet","12":"product_tag-beleuchtung","13":"product_tag-deko","14":"product_tag-dekoration","15":"product_tag-dekoration-haekeln","16":"product_tag-fein","17":"product_tag-feste","18":"product_tag-geburtstag","19":"product_tag-geschenk","20":"product_tag-gruselig","21":"product_tag-haekelanleitung","22":"product_tag-haekeln","23":"product_tag-halloween","24":"product_tag-herbst","25":"product_tag-kinder","26":"product_tag-kuerbis","27":"product_tag-kuschelwolle","28":"product_tag-kuschelwolle-haekeln","29":"product_tag-lichter","30":"product_tag-lustig","31":"product_tag-mitbringsel","32":"product_tag-praesent","33":"product_tag-schaurig","34":"product_tag-witzig","35":"product_tag-wolle","36":"product_tag-wollreste","38":"first","39":"instock","40":"downloadable","41":"shipping-taxable","42":"purchasable","43":"product-type-simple"},"_links":{"self":[{"href":"https:\/\/dadade.eu\/index.php?rest_route=\/wp\/v2\/product\/14241","targetHints":{"allow":["GET"]}}],"collection":[{"href":"https:\/\/dadade.eu\/index.php?rest_route=\/wp\/v2\/product"}],"about":[{"href":"https:\/\/dadade.eu\/index.php?rest_route=\/wp\/v2\/types\/product"}],"wp:featuredmedia":[{"embeddable":true,"href":"https:\/\/dadade.eu\/index.php?rest_route=\/wp\/v2\/media\/14244"}],"wp:attachment":[{"href":"https:\/\/dadade.eu\/index.php?rest_route=%2Fwp%2Fv2%2Fmedia&parent=14241"}],"wp:term":[{"taxonomy":"product_brand","embeddable":true,"href":"https:\/\/dadade.eu\/index.php?rest_route=%2Fwp%2Fv2%2Fproduct_brand&post=14241"},{"taxonomy":"product_cat","embeddable":true,"href":"https:\/\/dadade.eu\/index.php?rest_route=%2Fwp%2Fv2%2Fproduct_cat&post=14241"},{"taxonomy":"product_tag","embeddable":true,"href":"https:\/\/dadade.eu\/index.php?rest_route=%2Fwp%2Fv2%2Fproduct_tag&post=14241"}],"curies":[{"name":"wp","href":"https:\/\/api.w.org\/{rel}","templated":true}]}}