{"id":14161,"date":"2015-10-02T23:01:09","date_gmt":"2015-10-02T21:01:09","guid":{"rendered":"https:\/\/dadade.eu\/?post_type=product&#038;p=14161"},"modified":"2023-06-03T14:30:27","modified_gmt":"2023-06-03T12:30:27","slug":"kuerbis-mit-maeusen-h401","status":"publish","type":"product","link":"https:\/\/dadade.eu\/?product=kuerbis-mit-maeusen-h401","title":{"rendered":"K\u00fcrbis mit M\u00e4usen (H401)"},"content":{"rendered":"<p><img fetchpriority=\"high\" decoding=\"async\" class=\"alignnone size-medium wp-image-14169\" src=\"https:\/\/dadade.eu\/wp-content\/uploads\/2023\/06\/Kuerbis-mit-Maeusen-neu-Kopie-300x240.jpg\" alt=\"\" width=\"300\" height=\"240\" srcset=\"https:\/\/dadade.eu\/wp-content\/uploads\/2023\/06\/Kuerbis-mit-Maeusen-neu-Kopie-300x240.jpg 300w, https:\/\/dadade.eu\/wp-content\/uploads\/2023\/06\/Kuerbis-mit-Maeusen-neu-Kopie-scaled-600x480.jpg 600w, https:\/\/dadade.eu\/wp-content\/uploads\/2023\/06\/Kuerbis-mit-Maeusen-neu-Kopie-scaled-64x51.jpg 64w, https:\/\/dadade.eu\/wp-content\/uploads\/2023\/06\/Kuerbis-mit-Maeusen-neu-Kopie-1024x819.jpg 1024w, https:\/\/dadade.eu\/wp-content\/uploads\/2023\/06\/Kuerbis-mit-Maeusen-neu-Kopie-768x614.jpg 768w, https:\/\/dadade.eu\/wp-content\/uploads\/2023\/06\/Kuerbis-mit-Maeusen-neu-Kopie-1536x1229.jpg 1536w, https:\/\/dadade.eu\/wp-content\/uploads\/2023\/06\/Kuerbis-mit-Maeusen-neu-Kopie-2048x1638.jpg 2048w\" sizes=\"(max-width: 300px) 100vw, 300px\" \/>Den K\u00fcrbis sollte man mit mindestens einer Nadelst\u00e4rker dickerer Wolle h\u00e4keln wie die M\u00e4use, damit die M\u00e4use nicht so gro\u00df werden<\/p>\n<p>Die Anleitung ist ausf\u00fchrlich mit vielen Bildern hinterlegt<\/p>\n<p>und wird auf 26 Seiten Schritt-f\u00fcr-Schritt beschrieben<\/p>\n<p>&nbsp;<\/p>\n<p>viele Bilder und Ideen von flei\u00dfigen Helfer und H\u00e4nden findet ihr hier<\/p>\n<p><strong><a href=\"https:\/\/dadade.eu\/?p=14191\"><span style=\"color: #339966;\">noch<\/span> <span style=\"color: #339966;\">mehr K\u00fcrbisse<\/span><\/a><\/strong><\/p>\n<p><a href=\"https:\/\/dadade.eu\/?p=14216\"><span style=\"color: #339966;\"><strong>noch mehr vom Herbst &amp; Halloween<\/strong><\/span><\/a><\/p>\n<p>&nbsp;<\/p>\n<p>&nbsp;<\/p>\n<p>&nbsp;<\/p>\n","protected":false},"excerpt":{"rendered":"<div id=\"cc-m-13954443088\" class=\"j-module n j-text \">\n<p>Hier kauft man nur die H\u00e4kelanleitung f\u00fcr den K\u00fcrbis, sowie den 3 frechen M\u00e4usen.<\/p>\n<p>Den K\u00fcrbis sollte man mit mindestens einer Nadelst\u00e4rker dickerer Wolle h\u00e4keln wie die M\u00e4use, damit die M\u00e4use nicht so gro\u00df werden<\/p>\n<p>die <strong>1.Variante<\/strong> ist mit Nadelst\u00e4ke 3 und 2 geh\u00e4kelt.<\/p>\n<p>mit Nadelst\u00e4rke 3 geh\u00e4kelt hat der K\u00fcrbis einen Durchmesser von ungef\u00e4hr; 14cm und ist 9cm hoch<\/p>\n<p>die <strong>2.Variante<\/strong>, mit Chenillewolle, ist sogar mit Nadelst\u00e4ke 9 und 3 geh\u00e4kelt.<\/p>\n<p>mit Nadelst\u00e4rke 9 geh\u00e4kelt hat der K\u00fcrbis einen Durchmesser von ungef\u00e4hr; 33cm und ist 30cm hoch<\/p>\n<p>Du brauchst ein originelles Geschenk, eine sch\u00f6ne Herbstdekoration,<\/p>\n<p>Dann ab an die H\u00e4kelnadel,<\/p>\n<p>Ein K\u00fcrbis ist immer und \u00fcberall herbstlich willkommen.<\/p>\n<p>Die drei frechen M\u00e4use laden jeden zum Schmunzeln ein.<\/p>\n<p>&nbsp;<\/p>\n<\/div>\n","protected":false},"featured_media":14174,"template":"","meta":[],"product_brand":[],"product_cat":[56,48,52],"product_tag":[90,295,233,242,182,694,334,87,94,93,1057,126,92,1114,243,244,181,632,294,195,183,95,96],"class_list":{"0":"post-14161","1":"product","2":"type-product","3":"status-publish","4":"has-post-thumbnail","6":"product_cat-2einfach","7":"product_cat-haus-deko","8":"product_cat-herbst-halloween","9":"product_tag-amigurumi","10":"product_tag-anleitung","11":"product_tag-dekoration","12":"product_tag-dekoration-haekeln","13":"product_tag-fein","14":"product_tag-feste","15":"product_tag-geburtstag","16":"product_tag-geschenk","17":"product_tag-haekelanleitung","18":"product_tag-haekeln","19":"product_tag-halloween","20":"product_tag-herbst","21":"product_tag-kinder","22":"product_tag-kuerbis","23":"product_tag-kuschelwolle","24":"product_tag-kuschelwolle-haekeln","25":"product_tag-lustig","26":"product_tag-maus","27":"product_tag-mitbringsel","28":"product_tag-praesent","29":"product_tag-witzig","30":"product_tag-wolle","31":"product_tag-wollreste","33":"first","34":"instock","35":"downloadable","36":"shipping-taxable","37":"purchasable","38":"product-type-simple"},"_links":{"self":[{"href":"https:\/\/dadade.eu\/index.php?rest_route=\/wp\/v2\/product\/14161","targetHints":{"allow":["GET"]}}],"collection":[{"href":"https:\/\/dadade.eu\/index.php?rest_route=\/wp\/v2\/product"}],"about":[{"href":"https:\/\/dadade.eu\/index.php?rest_route=\/wp\/v2\/types\/product"}],"wp:featuredmedia":[{"embeddable":true,"href":"https:\/\/dadade.eu\/index.php?rest_route=\/wp\/v2\/media\/14174"}],"wp:attachment":[{"href":"https:\/\/dadade.eu\/index.php?rest_route=%2Fwp%2Fv2%2Fmedia&parent=14161"}],"wp:term":[{"taxonomy":"product_brand","embeddable":true,"href":"https:\/\/dadade.eu\/index.php?rest_route=%2Fwp%2Fv2%2Fproduct_brand&post=14161"},{"taxonomy":"product_cat","embeddable":true,"href":"https:\/\/dadade.eu\/index.php?rest_route=%2Fwp%2Fv2%2Fproduct_cat&post=14161"},{"taxonomy":"product_tag","embeddable":true,"href":"https:\/\/dadade.eu\/index.php?rest_route=%2Fwp%2Fv2%2Fproduct_tag&post=14161"}],"curies":[{"name":"wp","href":"https:\/\/api.w.org\/{rel}","templated":true}]}}