{"id":14143,"date":"2019-06-01T20:27:26","date_gmt":"2019-06-01T18:27:26","guid":{"rendered":"https:\/\/dadade.eu\/?post_type=product&#038;p=14143"},"modified":"2024-09-10T21:32:29","modified_gmt":"2024-09-10T19:32:29","slug":"rollmassband-hexe-mit-nadelkissen-h640","status":"publish","type":"product","link":"https:\/\/dadade.eu\/?product=rollmassband-hexe-mit-nadelkissen-h640","title":{"rendered":"Rollma\u00dfband Hexe, mit Nadelkissen (H640)"},"content":{"rendered":"<p><img fetchpriority=\"high\" decoding=\"async\" class=\"alignnone size-medium wp-image-14149\" src=\"https:\/\/dadade.eu\/wp-content\/uploads\/2023\/06\/xMassband-6-300x225.jpg\" alt=\"\" width=\"300\" height=\"225\" srcset=\"https:\/\/dadade.eu\/wp-content\/uploads\/2023\/06\/xMassband-6-300x225.jpg 300w, https:\/\/dadade.eu\/wp-content\/uploads\/2023\/06\/xMassband-6-600x450.jpg 600w, https:\/\/dadade.eu\/wp-content\/uploads\/2023\/06\/xMassband-6-64x48.jpg 64w, https:\/\/dadade.eu\/wp-content\/uploads\/2023\/06\/xMassband-6-1024x768.jpg 1024w, https:\/\/dadade.eu\/wp-content\/uploads\/2023\/06\/xMassband-6-768x576.jpg 768w, https:\/\/dadade.eu\/wp-content\/uploads\/2023\/06\/xMassband-6.jpg 1400w\" sizes=\"(max-width: 300px) 100vw, 300px\" \/>Die Geschenk-Idee f\u00fcr Muttertag<\/p>\n<p>Die Anleitung ist f\u00fcr Anf\u00e4nger geeignet.<\/p>\n<p>Die Anleitung ist ausf\u00fchrlich mit vielen Bildern hinterlegt<\/p>\n<p>und wird auf 14 Seiten Schritt-f\u00fcr-Schritt beschrieben!<\/p>\n<p><strong><a href=\"https:\/\/dadade.eu\/?p=6620\">mehr Bilder von Haus und Deko<\/a><\/strong><\/p>\n<p><a href=\"https:\/\/dadade.eu\/?p=14216\"><b>mehr Bilder vom Herbst findet man hier<\/b><\/a><\/p>\n<p>&nbsp;<\/p>\n<p>&nbsp;<\/p>\n<p>&nbsp;<\/p>\n","protected":false},"excerpt":{"rendered":"<div id=\"cc-m-13954443088\" class=\"j-module n j-text \">\n<p>Sie kaufen hier die H\u00e4kelanleitung f\u00fcr dieses praktische Mitbringsel, die Hexe ist ein Nadelkissen mit zus\u00e4tzlichem Ma\u00dfband.<\/p>\n<p>Da kann der Herbst kommen, nun zieht Halloween auch in die N\u00e4hstube ein.<\/p>\n<p>Dieses Geschenk ist ein absolutes Muss f\u00fcr alle Handarbeits-Freunde, ob zum N\u00e4hen, Stricken oder H\u00e4keln,<\/p>\n<p>So eine Kombination braucht jeder, der Spa\u00df an Handarbeiten hat.<\/p>\n<p>Die Hexe ist schnell geh\u00e4kelt und eignet sich hervorragend f\u00fcr Wollreste.<\/p>\n<p>Mit ca 30gr Baumwolle 100gr\/560m, und mit der Nadelst\u00e4rke 2 geh\u00e4kelt, wird die Hexe ungef\u00e4hr; 14 cm x 9 cm<\/p>\n<p>Mit dem Kauf erh\u00e4ltst du eine leicht verst\u00e4ndliche H\u00e4kelanleitung im praktischen PDF-Format.<\/p>\n<p>Die Anleitung ist auch schon f\u00fcr Anf\u00e4nger geeignet.<\/p>\n<p>Beim Kauf ab 3 Praktischen Helfer, im Warenkorb einfach den Gutschein-Code <span style=\"color: #ff0000;\"><strong>Praktische Helfer <\/strong><span style=\"color: #000000;\">eingeben und schon bekommt ihr 20% Mengenrabatt auf die Praktischen Helfer.<\/span><\/span><\/p>\n<\/div>\n","protected":false},"featured_media":14146,"template":"","meta":[],"product_brand":[],"product_cat":[56,48,52,387,385],"product_tag":[90,242,334,87,1112,335,94,93,1057,333,126,1063,1064,181,328,631,280,332,331,1113,195,327,326,330,95,96],"class_list":{"0":"post-14143","1":"product","2":"type-product","3":"status-publish","4":"has-post-thumbnail","6":"product_cat-2einfach","7":"product_cat-haus-deko","8":"product_cat-herbst-halloween","9":"product_cat-muttertag","10":"product_cat-praktische-helfer","11":"product_tag-amigurumi","12":"product_tag-dekoration-haekeln","13":"product_tag-geburtstag","14":"product_tag-geschenk","15":"product_tag-geschenk-fuer-den-herbst","16":"product_tag-geschenkidee-haekeln","17":"product_tag-haekelanleitung","18":"product_tag-haekeln","19":"product_tag-halloween","20":"product_tag-handarbeitszubehoer","21":"product_tag-herbst","22":"product_tag-hexe","23":"product_tag-hexe-haekeln","24":"product_tag-lustig","25":"product_tag-massband","26":"product_tag-massband-haekeln","27":"product_tag-muttertag","28":"product_tag-naehen","29":"product_tag-naehzubehoer","30":"product_tag-praktisches-geschenk","31":"product_tag-praesent","32":"product_tag-rollmassband","33":"product_tag-schneidermassband","34":"product_tag-witziges-geschenk","35":"product_tag-wolle","36":"product_tag-wollreste","38":"first","39":"instock","40":"downloadable","41":"shipping-taxable","42":"purchasable","43":"product-type-simple"},"_links":{"self":[{"href":"https:\/\/dadade.eu\/index.php?rest_route=\/wp\/v2\/product\/14143","targetHints":{"allow":["GET"]}}],"collection":[{"href":"https:\/\/dadade.eu\/index.php?rest_route=\/wp\/v2\/product"}],"about":[{"href":"https:\/\/dadade.eu\/index.php?rest_route=\/wp\/v2\/types\/product"}],"wp:featuredmedia":[{"embeddable":true,"href":"https:\/\/dadade.eu\/index.php?rest_route=\/wp\/v2\/media\/14146"}],"wp:attachment":[{"href":"https:\/\/dadade.eu\/index.php?rest_route=%2Fwp%2Fv2%2Fmedia&parent=14143"}],"wp:term":[{"taxonomy":"product_brand","embeddable":true,"href":"https:\/\/dadade.eu\/index.php?rest_route=%2Fwp%2Fv2%2Fproduct_brand&post=14143"},{"taxonomy":"product_cat","embeddable":true,"href":"https:\/\/dadade.eu\/index.php?rest_route=%2Fwp%2Fv2%2Fproduct_cat&post=14143"},{"taxonomy":"product_tag","embeddable":true,"href":"https:\/\/dadade.eu\/index.php?rest_route=%2Fwp%2Fv2%2Fproduct_tag&post=14143"}],"curies":[{"name":"wp","href":"https:\/\/api.w.org\/{rel}","templated":true}]}}