{"id":14060,"date":"2020-01-30T14:43:56","date_gmt":"2020-01-30T13:43:56","guid":{"rendered":"https:\/\/dadade.eu\/?post_type=product&#038;p=14060"},"modified":"2023-06-09T15:13:54","modified_gmt":"2023-06-09T13:13:54","slug":"baby-kinderwagenkette-oder-mobile-flamingo-b551","status":"publish","type":"product","link":"https:\/\/dadade.eu\/?product=baby-kinderwagenkette-oder-mobile-flamingo-b551","title":{"rendered":"BABY-Kinderwagenkette oder Mobile Flamingo, (B551)"},"content":{"rendered":"<p>Die Anleitung ist f\u00fcr Anf\u00e4nger geeignet.<\/p>\n<p><strong>Mobile; <\/strong>Mit Babywolle der Nadelst\u00e4rke 3 wird der Flamingo ungef\u00e4hr; 9cm breit x 20cm hoch<\/p>\n<p><strong><img fetchpriority=\"high\" decoding=\"async\" class=\"alignnone size-medium wp-image-14069\" src=\"https:\/\/dadade.eu\/wp-content\/uploads\/2023\/05\/xKinderwagenkette-Flamingo-15-300x225.jpg\" alt=\"\" width=\"300\" height=\"225\" srcset=\"https:\/\/dadade.eu\/wp-content\/uploads\/2023\/05\/xKinderwagenkette-Flamingo-15-300x225.jpg 300w, https:\/\/dadade.eu\/wp-content\/uploads\/2023\/05\/xKinderwagenkette-Flamingo-15-600x450.jpg 600w, https:\/\/dadade.eu\/wp-content\/uploads\/2023\/05\/xKinderwagenkette-Flamingo-15-64x48.jpg 64w, https:\/\/dadade.eu\/wp-content\/uploads\/2023\/05\/xKinderwagenkette-Flamingo-15-1024x768.jpg 1024w, https:\/\/dadade.eu\/wp-content\/uploads\/2023\/05\/xKinderwagenkette-Flamingo-15-768x576.jpg 768w, https:\/\/dadade.eu\/wp-content\/uploads\/2023\/05\/xKinderwagenkette-Flamingo-15.jpg 1400w\" sizes=\"(max-width: 300px) 100vw, 300px\" \/>Kuscheltier<\/strong>: mit Himalaya Dolphin Baby mit der Nadelst\u00e4rke 4 geh\u00e4kelt ungef\u00e4hr; 15cm breit und 35cm hoch<\/p>\n<p>oder als Schl\u00fcsselanh\u00e4nger; Baumwolle 100gr\/530m; Nadelst\u00e4rke 2<\/p>\n<p>Die Anleitung ist jedoch ausf\u00fchrlich mit vielen Bildern hinterlegt<\/p>\n<p>und wird auf ca 21 Seiten Schritt-f\u00fcr-Schritt beschrieben!<\/p>\n<p>mehr Bilder \u00fcber Baby-Spielzeug findet ihr hier<\/p>\n<p><a href=\"https:\/\/dadade.eu\/?p=6461\"><strong>KLICKE HIER<\/strong><\/a><\/p>\n<p>&nbsp;<\/p>\n<p>&nbsp;<\/p>\n<p>&nbsp;<\/p>\n","protected":false},"excerpt":{"rendered":"<div id=\"cc-m-13954443088\" class=\"j-module n j-text \">\n<p>Du m\u00f6chtest f\u00fcr dein Baby ein ganz individuelles Geschenk?<\/p>\n<p>Hier kauft man dieses vielf\u00e4ltige H\u00e4kel-Paket, es enth\u00e4lt die Anleitung f\u00fcr die Blumen, sowie die Kugeln,<\/p>\n<p>sowie den Flamimgo, auch als Kuscheltier,<\/p>\n<p>Zus\u00e4tzlich eine detaillierte Anleitung zum Selbermachen eine Mobile-Kette.<\/p>\n<p>Mit den einzelnen Teilen l\u00e4sst sich auch Schnullerketten, oder Mobiles gestalten.- Und man kann Wollreste verarbeiten.<\/p>\n<p>Der Flamingo wird mit weicher Chenille-Wolle ein tolles Kuscheltier,<\/p>\n<p>hier hat der Flamingo sogar Bei\u00dfringe als F\u00fc\u00dfe, das ist gut f\u00fcr die Z\u00e4hnchen<\/p>\n<p>In der Kette, sowie in dem Kuscheltier sind Rassel eingearbeitet, das animiert zum Spielen, Kuscheln und Greifen.<\/p>\n<p>Die Anleitung ist f\u00fcr Anf\u00e4nger geeignet.<\/p>\n<p>Mit Baumwolle der Nadelst\u00e4rke 2, gibt der Koala ein s\u00fc\u00dfer Schl\u00fcsselanh\u00e4nger,<\/p>\n<p>&nbsp;<\/p>\n<p>&nbsp;<\/p>\n<\/div>\n","protected":false},"featured_media":14065,"template":"","meta":[],"product_brand":[],"product_cat":[56,42,43],"product_tag":[89,282,366,329,87,198,197,94,93,194,92,204,201,200,638,180,181,202,227,195,199,196,203,95,96],"class_list":{"0":"post-14060","1":"product","2":"type-product","3":"status-publish","4":"has-post-thumbnail","6":"product_cat-2einfach","7":"product_cat-baby","8":"product_cat-baby-ketten-mobile","9":"product_tag-baby","10":"product_tag-blume","11":"product_tag-blumen","12":"product_tag-flamingo","13":"product_tag-geschenk","14":"product_tag-greifling","15":"product_tag-greifspielzeug","16":"product_tag-haekelanleitung","17":"product_tag-haekeln","18":"product_tag-kind","19":"product_tag-kinder","20":"product_tag-kinderwagen-spielzeug","21":"product_tag-kinderwagenanhaenger","22":"product_tag-kinderwagenkette","23":"product_tag-koala","24":"product_tag-kuscheltier","25":"product_tag-lustig","26":"product_tag-mobile-haekeln","27":"product_tag-mobile-kette","28":"product_tag-praesent","29":"product_tag-schnullerkette","30":"product_tag-spielzeug","31":"product_tag-wagenkette-haekeln","32":"product_tag-wolle","33":"product_tag-wollreste","35":"first","36":"instock","37":"downloadable","38":"shipping-taxable","39":"purchasable","40":"product-type-simple"},"_links":{"self":[{"href":"https:\/\/dadade.eu\/index.php?rest_route=\/wp\/v2\/product\/14060","targetHints":{"allow":["GET"]}}],"collection":[{"href":"https:\/\/dadade.eu\/index.php?rest_route=\/wp\/v2\/product"}],"about":[{"href":"https:\/\/dadade.eu\/index.php?rest_route=\/wp\/v2\/types\/product"}],"wp:featuredmedia":[{"embeddable":true,"href":"https:\/\/dadade.eu\/index.php?rest_route=\/wp\/v2\/media\/14065"}],"wp:attachment":[{"href":"https:\/\/dadade.eu\/index.php?rest_route=%2Fwp%2Fv2%2Fmedia&parent=14060"}],"wp:term":[{"taxonomy":"product_brand","embeddable":true,"href":"https:\/\/dadade.eu\/index.php?rest_route=%2Fwp%2Fv2%2Fproduct_brand&post=14060"},{"taxonomy":"product_cat","embeddable":true,"href":"https:\/\/dadade.eu\/index.php?rest_route=%2Fwp%2Fv2%2Fproduct_cat&post=14060"},{"taxonomy":"product_tag","embeddable":true,"href":"https:\/\/dadade.eu\/index.php?rest_route=%2Fwp%2Fv2%2Fproduct_tag&post=14060"}],"curies":[{"name":"wp","href":"https:\/\/api.w.org\/{rel}","templated":true}]}}