{"id":14039,"date":"2020-01-30T14:03:02","date_gmt":"2020-01-30T13:03:02","guid":{"rendered":"https:\/\/dadade.eu\/?post_type=product&#038;p=14039"},"modified":"2023-06-09T15:15:15","modified_gmt":"2023-06-09T13:15:15","slug":"baby-kinderwagenkette-koala-b521","status":"publish","type":"product","link":"https:\/\/dadade.eu\/?product=baby-kinderwagenkette-koala-b521","title":{"rendered":"BABY-Kinderwagenkette Koala, (B521)"},"content":{"rendered":"<p>Die Anleitung ist f\u00fcr Anf\u00e4nger geeignet.<\/p>\n<p><strong>Mobile; <\/strong>Mit Babywolle der Nadelst\u00e4rke 3 wird der Koala ungef\u00e4hr; 6cm breit und 8cm hoch<\/p>\n<p><strong><img fetchpriority=\"high\" decoding=\"async\" class=\"alignnone size-medium wp-image-14048\" src=\"https:\/\/dadade.eu\/wp-content\/uploads\/2023\/05\/xKoala-3-300x225.jpg\" alt=\"\" width=\"300\" height=\"225\" srcset=\"https:\/\/dadade.eu\/wp-content\/uploads\/2023\/05\/xKoala-3-300x225.jpg 300w, https:\/\/dadade.eu\/wp-content\/uploads\/2023\/05\/xKoala-3-600x450.jpg 600w, https:\/\/dadade.eu\/wp-content\/uploads\/2023\/05\/xKoala-3-64x48.jpg 64w, https:\/\/dadade.eu\/wp-content\/uploads\/2023\/05\/xKoala-3-1024x768.jpg 1024w, https:\/\/dadade.eu\/wp-content\/uploads\/2023\/05\/xKoala-3-768x576.jpg 768w, https:\/\/dadade.eu\/wp-content\/uploads\/2023\/05\/xKoala-3.jpg 1400w\" sizes=\"(max-width: 300px) 100vw, 300px\" \/>Kuscheltier<\/strong>: mit Himalaya Dolphin Baby mit der Nadelst\u00e4rke 4 geh\u00e4kelt ungef\u00e4hr; 13cm breit und 18cm hoch<\/p>\n<p>oder als Schl\u00fcsselanh\u00e4nger; Baumwolle 100gr\/530m; Nadelst\u00e4rke 2<\/p>\n<p>Die Anleitung ist jedoch ausf\u00fchrlich mit vielen Bildern hinterlegt<\/p>\n<p>und wird auf ca 19 Seiten Schritt-f\u00fcr-Schritt beschrieben!<\/p>\n<p>mehr Bilder \u00fcber Baby-Spielzeug findet ihr hier<\/p>\n<p><a href=\"https:\/\/dadade.eu\/?p=6461\"><strong>KLICKE HIER<\/strong><\/a><\/p>\n<p>&nbsp;<\/p>\n<p>&nbsp;<\/p>\n<p>&nbsp;<\/p>\n","protected":false},"excerpt":{"rendered":"<div id=\"cc-m-13954443088\" class=\"j-module n j-text \">\n<p>Du m\u00f6chtest f\u00fcr dein Baby ein ganz individuelles Geschenk?<\/p>\n<p>Hier kauft man die H\u00e4kelanleitung f\u00fcr den Koala, die Sonne, die Bl\u00e4tter, sowie die Kugeln.<\/p>\n<p>Zus\u00e4tzlich eine detaillierte Anleitung zum Selbermachen eine Kinderwagenkette.<\/p>\n<p>Die einzelne Elemente kann man mit Wollreste arbeiten &#8211;<\/p>\n<p>Au\u00dfer der Kinderwagenkette kann man auch Schnullerketten, oder Mobiles gestalten,<\/p>\n<p>Ein besonderes Geschenk, nicht nur f\u00fcr den kleinen Erdenb\u00fcrger.<\/p>\n<p>In die Kette sind Rassel eingearbeitet die zum Spielen, Kuscheln und Greifen animieren.<\/p>\n<p>oder du h\u00e4kelst den Koala mit Samtwolle und schon hast du einen kuscheligen Wegbegleiter<\/p>\n<p>Mit Baumwolle der Nadelst\u00e4rke 2, gibt der Koala ein s\u00fc\u00dfer Schl\u00fcsselanh\u00e4nger,<\/p>\n<p>&nbsp;<\/p>\n<p>&nbsp;<\/p>\n<\/div>\n","protected":false},"featured_media":14043,"template":"","meta":[],"product_brand":[],"product_cat":[56,42,43],"product_tag":[89,282,87,198,197,94,93,194,92,204,201,200,638,180,181,202,227,195,199,196,203,95,96,369],"class_list":{"0":"post-14039","1":"product","2":"type-product","3":"status-publish","4":"has-post-thumbnail","6":"product_cat-2einfach","7":"product_cat-baby","8":"product_cat-baby-ketten-mobile","9":"product_tag-baby","10":"product_tag-blume","11":"product_tag-geschenk","12":"product_tag-greifling","13":"product_tag-greifspielzeug","14":"product_tag-haekelanleitung","15":"product_tag-haekeln","16":"product_tag-kind","17":"product_tag-kinder","18":"product_tag-kinderwagen-spielzeug","19":"product_tag-kinderwagenanhaenger","20":"product_tag-kinderwagenkette","21":"product_tag-koala","22":"product_tag-kuscheltier","23":"product_tag-lustig","24":"product_tag-mobile-haekeln","25":"product_tag-mobile-kette","26":"product_tag-praesent","27":"product_tag-schnullerkette","28":"product_tag-spielzeug","29":"product_tag-wagenkette-haekeln","30":"product_tag-wolle","31":"product_tag-wollreste","32":"product_tag-wurm","34":"first","35":"instock","36":"downloadable","37":"shipping-taxable","38":"purchasable","39":"product-type-simple"},"_links":{"self":[{"href":"https:\/\/dadade.eu\/index.php?rest_route=\/wp\/v2\/product\/14039","targetHints":{"allow":["GET"]}}],"collection":[{"href":"https:\/\/dadade.eu\/index.php?rest_route=\/wp\/v2\/product"}],"about":[{"href":"https:\/\/dadade.eu\/index.php?rest_route=\/wp\/v2\/types\/product"}],"wp:featuredmedia":[{"embeddable":true,"href":"https:\/\/dadade.eu\/index.php?rest_route=\/wp\/v2\/media\/14043"}],"wp:attachment":[{"href":"https:\/\/dadade.eu\/index.php?rest_route=%2Fwp%2Fv2%2Fmedia&parent=14039"}],"wp:term":[{"taxonomy":"product_brand","embeddable":true,"href":"https:\/\/dadade.eu\/index.php?rest_route=%2Fwp%2Fv2%2Fproduct_brand&post=14039"},{"taxonomy":"product_cat","embeddable":true,"href":"https:\/\/dadade.eu\/index.php?rest_route=%2Fwp%2Fv2%2Fproduct_cat&post=14039"},{"taxonomy":"product_tag","embeddable":true,"href":"https:\/\/dadade.eu\/index.php?rest_route=%2Fwp%2Fv2%2Fproduct_tag&post=14039"}],"curies":[{"name":"wp","href":"https:\/\/api.w.org\/{rel}","templated":true}]}}