{"id":13998,"date":"2020-02-22T12:58:58","date_gmt":"2020-02-22T11:58:58","guid":{"rendered":"https:\/\/dadade.eu\/?post_type=product&#038;p=13998"},"modified":"2023-12-27T14:39:01","modified_gmt":"2023-12-27T13:39:01","slug":"baby-kinderwagenkette-raupe-b518","status":"publish","type":"product","link":"https:\/\/dadade.eu\/?product=baby-kinderwagenkette-raupe-b518","title":{"rendered":"BABY-Kinderwagenkette Raupe, (B518)"},"content":{"rendered":"<p>Die Anleitung ist f\u00fcr Anf\u00e4nger geeignet.<\/p>\n<p><strong>Mobile; <\/strong>Mit Babywolle der Nadelst\u00e4rke 3 wird die Raupe ungef\u00e4hr; 35cm lang<\/p>\n<p><strong><img fetchpriority=\"high\" decoding=\"async\" class=\"alignnone size-medium wp-image-14005\" src=\"https:\/\/dadade.eu\/wp-content\/uploads\/2023\/05\/xKinderwagenkette-Raupe-16-300x225.jpg\" alt=\"\" width=\"300\" height=\"225\" srcset=\"https:\/\/dadade.eu\/wp-content\/uploads\/2023\/05\/xKinderwagenkette-Raupe-16-300x225.jpg 300w, https:\/\/dadade.eu\/wp-content\/uploads\/2023\/05\/xKinderwagenkette-Raupe-16-600x450.jpg 600w, https:\/\/dadade.eu\/wp-content\/uploads\/2023\/05\/xKinderwagenkette-Raupe-16-64x48.jpg 64w, https:\/\/dadade.eu\/wp-content\/uploads\/2023\/05\/xKinderwagenkette-Raupe-16-1024x768.jpg 1024w, https:\/\/dadade.eu\/wp-content\/uploads\/2023\/05\/xKinderwagenkette-Raupe-16-768x576.jpg 768w, https:\/\/dadade.eu\/wp-content\/uploads\/2023\/05\/xKinderwagenkette-Raupe-16.jpg 1400w\" sizes=\"(max-width: 300px) 100vw, 300px\" \/>Kuscheltier<\/strong>: mit Himalaya Dolphin Baby mit der Nadelst\u00e4rke 4 geh\u00e4kelt ungef\u00e4hr; 76cm lang<\/p>\n<p>oder mit Baumwolle der Nadelst\u00e4rke 2 als Schl\u00fcsselanh\u00e4nger,<\/p>\n<p>Die Anleitung ist jedoch ausf\u00fchrlich mit vielen Bildern hinterlegt<\/p>\n<p>und wird auf ca 20 Seiten Schritt-f\u00fcr-Schritt beschrieben!<\/p>\n<p>mehr Bilder \u00fcber Baby-Spielzeug findet ihr hier<\/p>\n<p><a href=\"https:\/\/dadade.eu\/?p=6461\"><strong>KLICKE HIER<\/strong><\/a><\/p>\n<p>&nbsp;<\/p>\n<p>&nbsp;<\/p>\n<p>&nbsp;<\/p>\n","protected":false},"excerpt":{"rendered":"<div id=\"cc-m-13954443088\" class=\"j-module n j-text \">\n<p>Hier kauft man die H\u00e4kelanleitung f\u00fcr die Raupe, die Blumen sowie f\u00fcr die Kugeln.<\/p>\n<p>Zus\u00e4tzlich eine detaillierte Anleitung zum Selbermachen eine Kinderwagenkette.<\/p>\n<p>In die Kette sind Rassel eingearbeitet die zum Spielen, Kuscheln und Greifen animieren.<\/p>\n<p>Raupe, Blumen und Kugeln kann man mit Wollreste arbeiten, in vielen bunten Farben oder in zartem Pastell.<\/p>\n<p>Als \u00a0Kinderwagenkette, Schnullerketten, oder Mobiles, deiner Fantasie sind keine Grenzen gesetzt.<\/p>\n<p>Oder mit Baumwolle der Nadelst\u00e4rke 2 h\u00e4keln, und schon hat man einen s\u00fc\u00dfer Schl\u00fcsselanh\u00e4nger,<\/p>\n<p>Mit weicher Wolle kann man zus\u00e4tzlich ein Kuscheltier h\u00e4keln, die L\u00e4nge kann man dabei individuell anpassen.<\/p>\n<p>&nbsp;<\/p>\n<\/div>\n","protected":false},"featured_media":14004,"template":"","meta":[],"product_brand":[],"product_cat":[56,42,43],"product_tag":[89,282,87,198,197,94,93,194,92,204,201,200,180,181,202,227,195,370,199,196,203,95,96,369],"class_list":{"0":"post-13998","1":"product","2":"type-product","3":"status-publish","4":"has-post-thumbnail","6":"product_cat-2einfach","7":"product_cat-baby","8":"product_cat-baby-ketten-mobile","9":"product_tag-baby","10":"product_tag-blume","11":"product_tag-geschenk","12":"product_tag-greifling","13":"product_tag-greifspielzeug","14":"product_tag-haekelanleitung","15":"product_tag-haekeln","16":"product_tag-kind","17":"product_tag-kinder","18":"product_tag-kinderwagen-spielzeug","19":"product_tag-kinderwagenanhaenger","20":"product_tag-kinderwagenkette","21":"product_tag-kuscheltier","22":"product_tag-lustig","23":"product_tag-mobile-haekeln","24":"product_tag-mobile-kette","25":"product_tag-praesent","26":"product_tag-raupe","27":"product_tag-schnullerkette","28":"product_tag-spielzeug","29":"product_tag-wagenkette-haekeln","30":"product_tag-wolle","31":"product_tag-wollreste","32":"product_tag-wurm","34":"first","35":"instock","36":"downloadable","37":"shipping-taxable","38":"purchasable","39":"product-type-simple"},"_links":{"self":[{"href":"https:\/\/dadade.eu\/index.php?rest_route=\/wp\/v2\/product\/13998","targetHints":{"allow":["GET"]}}],"collection":[{"href":"https:\/\/dadade.eu\/index.php?rest_route=\/wp\/v2\/product"}],"about":[{"href":"https:\/\/dadade.eu\/index.php?rest_route=\/wp\/v2\/types\/product"}],"wp:featuredmedia":[{"embeddable":true,"href":"https:\/\/dadade.eu\/index.php?rest_route=\/wp\/v2\/media\/14004"}],"wp:attachment":[{"href":"https:\/\/dadade.eu\/index.php?rest_route=%2Fwp%2Fv2%2Fmedia&parent=13998"}],"wp:term":[{"taxonomy":"product_brand","embeddable":true,"href":"https:\/\/dadade.eu\/index.php?rest_route=%2Fwp%2Fv2%2Fproduct_brand&post=13998"},{"taxonomy":"product_cat","embeddable":true,"href":"https:\/\/dadade.eu\/index.php?rest_route=%2Fwp%2Fv2%2Fproduct_cat&post=13998"},{"taxonomy":"product_tag","embeddable":true,"href":"https:\/\/dadade.eu\/index.php?rest_route=%2Fwp%2Fv2%2Fproduct_tag&post=13998"}],"curies":[{"name":"wp","href":"https:\/\/api.w.org\/{rel}","templated":true}]}}