{"id":13980,"date":"2020-02-29T18:48:41","date_gmt":"2020-02-29T17:48:41","guid":{"rendered":"https:\/\/dadade.eu\/?post_type=product&#038;p=13980"},"modified":"2023-06-09T15:10:23","modified_gmt":"2023-06-09T13:10:23","slug":"baby-kinderwagenkette-baer-b517","status":"publish","type":"product","link":"https:\/\/dadade.eu\/?product=baby-kinderwagenkette-baer-b517","title":{"rendered":"BABY-Kinderwagenkette B\u00e4r, (B517)"},"content":{"rendered":"<p>Die Anleitung ist f\u00fcr Anf\u00e4nger geeignet.<\/p>\n<p><strong>Mobile; <\/strong>Mit Babywolle der Nadelst\u00e4rke 3 wird der B\u00e4r ungef\u00e4hr; 7cm breit und 9cm hoch<\/p>\n<p><strong><img fetchpriority=\"high\" decoding=\"async\" class=\"alignnone size-medium wp-image-13986\" src=\"https:\/\/dadade.eu\/wp-content\/uploads\/2023\/05\/xKinderwagenkette-Baer-16-300x225.jpg\" alt=\"\" width=\"300\" height=\"225\" srcset=\"https:\/\/dadade.eu\/wp-content\/uploads\/2023\/05\/xKinderwagenkette-Baer-16-300x225.jpg 300w, https:\/\/dadade.eu\/wp-content\/uploads\/2023\/05\/xKinderwagenkette-Baer-16-600x450.jpg 600w, https:\/\/dadade.eu\/wp-content\/uploads\/2023\/05\/xKinderwagenkette-Baer-16-64x48.jpg 64w, https:\/\/dadade.eu\/wp-content\/uploads\/2023\/05\/xKinderwagenkette-Baer-16-1024x768.jpg 1024w, https:\/\/dadade.eu\/wp-content\/uploads\/2023\/05\/xKinderwagenkette-Baer-16-768x576.jpg 768w, https:\/\/dadade.eu\/wp-content\/uploads\/2023\/05\/xKinderwagenkette-Baer-16.jpg 1400w\" sizes=\"(max-width: 300px) 100vw, 300px\" \/>Kuscheltier<\/strong>: mit Himalaya Dolphin Baby mit der Nadelst\u00e4rke 4 geh\u00e4kelt ungef\u00e4hr; 10cm breit und 16cm hoch<\/p>\n<p>oder mit Baumwolle der Nadelst\u00e4rke 2 als Schl\u00fcsselanh\u00e4nger, ungef\u00e4hr;\u00a0 4cm breit und 6cm hoch<\/p>\n<p>Die Anleitung ist jedoch ausf\u00fchrlich mit vielen Bildern hinterlegt<\/p>\n<p>und wird auf ca 14 Seiten Schritt-f\u00fcr-Schritt beschrieben!<\/p>\n<p>mehr Bilder \u00fcber Baby-Spielzeug findet ihr hier<\/p>\n<p><a href=\"https:\/\/dadade.eu\/?p=6461\"><strong>KLICKE HIER<\/strong><\/a><\/p>\n<p>&nbsp;<\/p>\n<p>&nbsp;<\/p>\n<p>&nbsp;<\/p>\n","protected":false},"excerpt":{"rendered":"<div id=\"cc-m-13954443088\" class=\"j-module n j-text \">\n<p>Hier kauft man die H\u00e4kelanleitung f\u00fcr den B\u00e4r, sowie die Kugeln.<\/p>\n<p>Zus\u00e4tzlich eine detaillierte Anleitung zum Selbermachen eine Kinderwagenkette.<\/p>\n<p>B\u00e4ren und Kugeln kann man in zarten oder kr\u00e4ftigen Farben h\u00e4keln und somit Wollreste verarbeiten-<\/p>\n<p>Mit den einzelnen Teilen l\u00e4sst sich au\u00dfer der Kinderwagenkette, auch Schnullerketten, oder Mobiles gestalten,<\/p>\n<p>Ein besonderes Geschenk, nicht nur f\u00fcr den kleinen Erdenb\u00fcrger.<\/p>\n<p>In die Kette sind Rassel eingearbeitet die zum Spielen, Kuscheln und Greifen animieren.<\/p>\n<p>Mit Baumwolle der Nadelst\u00e4rke 2, gibt der B\u00e4r einen s\u00fc\u00dfer Schl\u00fcsselanh\u00e4nger,<\/p>\n<p>Oder h\u00e4kle Ihn mit weicher Wolle als Kuscheltier.<\/p>\n<p>Mit Chenillewolle der Nadelst\u00e4rke 4 gibt der B\u00e4r ein s\u00fc\u00dfes, knuddeliges Tierchen.<\/p>\n<\/div>\n","protected":false},"featured_media":13988,"template":"","meta":[],"product_brand":[],"product_cat":[56,42,43],"product_tag":[89,120,87,198,197,94,93,194,92,204,201,200,180,181,202,227,195,199,196,663,203,95,96],"class_list":{"0":"post-13980","1":"product","2":"type-product","3":"status-publish","4":"has-post-thumbnail","6":"product_cat-2einfach","7":"product_cat-baby","8":"product_cat-baby-ketten-mobile","9":"product_tag-baby","10":"product_tag-baer","11":"product_tag-geschenk","12":"product_tag-greifling","13":"product_tag-greifspielzeug","14":"product_tag-haekelanleitung","15":"product_tag-haekeln","16":"product_tag-kind","17":"product_tag-kinder","18":"product_tag-kinderwagen-spielzeug","19":"product_tag-kinderwagenanhaenger","20":"product_tag-kinderwagenkette","21":"product_tag-kuscheltier","22":"product_tag-lustig","23":"product_tag-mobile-haekeln","24":"product_tag-mobile-kette","25":"product_tag-praesent","26":"product_tag-schnullerkette","27":"product_tag-spielzeug","28":"product_tag-teddy","29":"product_tag-wagenkette-haekeln","30":"product_tag-wolle","31":"product_tag-wollreste","33":"first","34":"instock","35":"downloadable","36":"shipping-taxable","37":"purchasable","38":"product-type-simple"},"_links":{"self":[{"href":"https:\/\/dadade.eu\/index.php?rest_route=\/wp\/v2\/product\/13980","targetHints":{"allow":["GET"]}}],"collection":[{"href":"https:\/\/dadade.eu\/index.php?rest_route=\/wp\/v2\/product"}],"about":[{"href":"https:\/\/dadade.eu\/index.php?rest_route=\/wp\/v2\/types\/product"}],"wp:featuredmedia":[{"embeddable":true,"href":"https:\/\/dadade.eu\/index.php?rest_route=\/wp\/v2\/media\/13988"}],"wp:attachment":[{"href":"https:\/\/dadade.eu\/index.php?rest_route=%2Fwp%2Fv2%2Fmedia&parent=13980"}],"wp:term":[{"taxonomy":"product_brand","embeddable":true,"href":"https:\/\/dadade.eu\/index.php?rest_route=%2Fwp%2Fv2%2Fproduct_brand&post=13980"},{"taxonomy":"product_cat","embeddable":true,"href":"https:\/\/dadade.eu\/index.php?rest_route=%2Fwp%2Fv2%2Fproduct_cat&post=13980"},{"taxonomy":"product_tag","embeddable":true,"href":"https:\/\/dadade.eu\/index.php?rest_route=%2Fwp%2Fv2%2Fproduct_tag&post=13980"}],"curies":[{"name":"wp","href":"https:\/\/api.w.org\/{rel}","templated":true}]}}