{"id":13929,"date":"2020-01-29T16:24:20","date_gmt":"2020-01-29T15:24:20","guid":{"rendered":"https:\/\/dadade.eu\/?post_type=product&#038;p=13929"},"modified":"2023-06-09T15:15:42","modified_gmt":"2023-06-09T13:15:42","slug":"baby-kinderwagenkette-alpaka-lama-b514","status":"publish","type":"product","link":"https:\/\/dadade.eu\/?product=baby-kinderwagenkette-alpaka-lama-b514","title":{"rendered":"BABY-Kinderwagenkette Alpaka- Lama, (B514)"},"content":{"rendered":"<p>Die Anleitung ist f\u00fcr Anf\u00e4nger geeignet.<\/p>\n<p><strong>Mobile; <\/strong>Mit Babywolle der Nadelst\u00e4rke 3 wird das Alpaka ungef\u00e4hr; 8cm x 10cm<\/p>\n<p><strong><img fetchpriority=\"high\" decoding=\"async\" class=\"alignnone size-medium wp-image-13948\" src=\"https:\/\/dadade.eu\/wp-content\/uploads\/2023\/05\/xKuscheltier-Kette-Alpaka-2-300x225.jpg\" alt=\"\" width=\"300\" height=\"225\" srcset=\"https:\/\/dadade.eu\/wp-content\/uploads\/2023\/05\/xKuscheltier-Kette-Alpaka-2-300x225.jpg 300w, https:\/\/dadade.eu\/wp-content\/uploads\/2023\/05\/xKuscheltier-Kette-Alpaka-2-600x450.jpg 600w, https:\/\/dadade.eu\/wp-content\/uploads\/2023\/05\/xKuscheltier-Kette-Alpaka-2-64x48.jpg 64w, https:\/\/dadade.eu\/wp-content\/uploads\/2023\/05\/xKuscheltier-Kette-Alpaka-2-1024x768.jpg 1024w, https:\/\/dadade.eu\/wp-content\/uploads\/2023\/05\/xKuscheltier-Kette-Alpaka-2-768x576.jpg 768w, https:\/\/dadade.eu\/wp-content\/uploads\/2023\/05\/xKuscheltier-Kette-Alpaka-2.jpg 1400w\" sizes=\"(max-width: 300px) 100vw, 300px\" \/>Kuscheltier<\/strong>: mit Himalaya Dolphin Baby mit der Nadelst\u00e4rke 4 geh\u00e4kelt ungef\u00e4hr; 14cm x 20cm<\/p>\n<p>&nbsp;<\/p>\n<p>Die Anleitung ist jedoch ausf\u00fchrlich mit vielen Bildern hinterlegt<\/p>\n<p>und wird auf ca 18 Seiten Schritt-f\u00fcr-Schritt beschrieben!<\/p>\n<p>mehr Bilder \u00fcber Baby-Spielzeug findet ihr hier<\/p>\n<p><a href=\"https:\/\/dadade.eu\/?p=6461\">KLICKE HIER<\/a><\/p>\n<p>&nbsp;<\/p>\n<p>&nbsp;<\/p>\n<p>&nbsp;<\/p>\n","protected":false},"excerpt":{"rendered":"<div id=\"cc-m-13954443088\" class=\"j-module n j-text \">\n<p>Hier kauft man die H\u00e4kelanleitung f\u00fcr das Alpaka, dem Herz, sowie die Kugeln.<\/p>\n<p>Zus\u00e4tzlich eine detaillierte Anleitung zum Selbermachen eine Kinderwagenkette.<\/p>\n<p>Die einzelnen Elemente kann man in vielen bunten Farben h\u00e4keln und somit Wollreste verarbeiten-<\/p>\n<p>Mit den einzelnen Teilen l\u00e4sst sich au\u00dfer der Kinderwagenkette, auch Schnullerketten, oder Mobiles gestalten,<\/p>\n<p>Oder h\u00e4kle das Alpaka mit weicher Chenille-Wolle als Kuscheltier,<\/p>\n<p>Ein besonderes Geschenk, nicht nur f\u00fcr den kleinen Erdenb\u00fcrger.<\/p>\n<p>In der Kette, sowie in dem Kuscheltier sind Rassel eingearbeitet, das animiert zum Spielen, Kuscheln und Greifen.<\/p>\n<p>Die Anleitung ist f\u00fcr Anf\u00e4nger geeignet.<\/p>\n<p>Mit Babywolle der Nadelst\u00e4rke 3 wird das Alpaka ungef\u00e4hr; 8cm x 10cm<\/p>\n<p>&nbsp;<\/p>\n<p>Zus\u00e4tzlich erh\u00e4lt man eine detaillierte Anleitung zum Selbermachen eine Kinderwagenkette.<\/p>\n<p>Mit Chenillewolle der Nadelst\u00e4rke 4 gibt das Alpaka ein s\u00fc\u00dfes, knuddeliges Tierchen.<\/p>\n<\/div>\n","protected":false},"featured_media":13937,"template":"","meta":[],"product_brand":[],"product_cat":[56,42,43],"product_tag":[89,649,87,198,197,94,93,194,92,204,201,200,180,181,202,227,195,199,196,203,95,96],"class_list":{"0":"post-13929","1":"product","2":"type-product","3":"status-publish","4":"has-post-thumbnail","6":"product_cat-2einfach","7":"product_cat-baby","8":"product_cat-baby-ketten-mobile","9":"product_tag-baby","10":"product_tag-elefant","11":"product_tag-geschenk","12":"product_tag-greifling","13":"product_tag-greifspielzeug","14":"product_tag-haekelanleitung","15":"product_tag-haekeln","16":"product_tag-kind","17":"product_tag-kinder","18":"product_tag-kinderwagen-spielzeug","19":"product_tag-kinderwagenanhaenger","20":"product_tag-kinderwagenkette","21":"product_tag-kuscheltier","22":"product_tag-lustig","23":"product_tag-mobile-haekeln","24":"product_tag-mobile-kette","25":"product_tag-praesent","26":"product_tag-schnullerkette","27":"product_tag-spielzeug","28":"product_tag-wagenkette-haekeln","29":"product_tag-wolle","30":"product_tag-wollreste","32":"first","33":"instock","34":"downloadable","35":"shipping-taxable","36":"purchasable","37":"product-type-simple"},"_links":{"self":[{"href":"https:\/\/dadade.eu\/index.php?rest_route=\/wp\/v2\/product\/13929","targetHints":{"allow":["GET"]}}],"collection":[{"href":"https:\/\/dadade.eu\/index.php?rest_route=\/wp\/v2\/product"}],"about":[{"href":"https:\/\/dadade.eu\/index.php?rest_route=\/wp\/v2\/types\/product"}],"wp:featuredmedia":[{"embeddable":true,"href":"https:\/\/dadade.eu\/index.php?rest_route=\/wp\/v2\/media\/13937"}],"wp:attachment":[{"href":"https:\/\/dadade.eu\/index.php?rest_route=%2Fwp%2Fv2%2Fmedia&parent=13929"}],"wp:term":[{"taxonomy":"product_brand","embeddable":true,"href":"https:\/\/dadade.eu\/index.php?rest_route=%2Fwp%2Fv2%2Fproduct_brand&post=13929"},{"taxonomy":"product_cat","embeddable":true,"href":"https:\/\/dadade.eu\/index.php?rest_route=%2Fwp%2Fv2%2Fproduct_cat&post=13929"},{"taxonomy":"product_tag","embeddable":true,"href":"https:\/\/dadade.eu\/index.php?rest_route=%2Fwp%2Fv2%2Fproduct_tag&post=13929"}],"curies":[{"name":"wp","href":"https:\/\/api.w.org\/{rel}","templated":true}]}}