{"id":13822,"date":"2018-09-26T12:30:31","date_gmt":"2018-09-26T10:30:31","guid":{"rendered":"https:\/\/dadade.eu\/?post_type=product&#038;p=13822"},"modified":"2024-02-12T13:36:01","modified_gmt":"2024-02-12T12:36:01","slug":"suesse-quietsch-ente-fuer-den-beissring-strickanleitung-b301","status":"publish","type":"product","link":"https:\/\/dadade.eu\/?product=suesse-quietsch-ente-fuer-den-beissring-strickanleitung-b301","title":{"rendered":"S\u00fc\u00dfe Quietsch-Ente f\u00fcr den Bei\u00dfring, &#038; 3-tlg Baby-Set, die Strickanleitungen Gr. 56 &#038; 68 (B301&#038;B153)"},"content":{"rendered":"<p><img fetchpriority=\"high\" decoding=\"async\" class=\"alignnone size-medium wp-image-13835\" src=\"https:\/\/dadade.eu\/wp-content\/uploads\/2023\/05\/xBade-Ente-2-300x225.jpg\" alt=\"\" width=\"300\" height=\"225\" srcset=\"https:\/\/dadade.eu\/wp-content\/uploads\/2023\/05\/xBade-Ente-2-300x225.jpg 300w, https:\/\/dadade.eu\/wp-content\/uploads\/2023\/05\/xBade-Ente-2-600x450.jpg 600w, https:\/\/dadade.eu\/wp-content\/uploads\/2023\/05\/xBade-Ente-2-64x48.jpg 64w, https:\/\/dadade.eu\/wp-content\/uploads\/2023\/05\/xBade-Ente-2-1024x768.jpg 1024w, https:\/\/dadade.eu\/wp-content\/uploads\/2023\/05\/xBade-Ente-2-768x576.jpg 768w, https:\/\/dadade.eu\/wp-content\/uploads\/2023\/05\/xBade-Ente-2.jpg 1165w\" sizes=\"(max-width: 300px) 100vw, 300px\" \/> strickt die Ente doch mal mit Schwammwolle, schon hat man ein s\u00fc\u00dfes Badewannen-Tier<\/p>\n<p><a href=\"https:\/\/dadade.eu\/?product=badespass-waschhandschuh-ente-s501\"><img decoding=\"async\" class=\"alignnone size-medium wp-image-18858\" src=\"https:\/\/dadade.eu\/wp-content\/uploads\/2023\/08\/xBade-Handschuh-Ente-1-300x225.jpg\" alt=\"\" width=\"300\" height=\"225\" srcset=\"https:\/\/dadade.eu\/wp-content\/uploads\/2023\/08\/xBade-Handschuh-Ente-1-300x225.jpg 300w, https:\/\/dadade.eu\/wp-content\/uploads\/2023\/08\/xBade-Handschuh-Ente-1-600x450.jpg 600w, https:\/\/dadade.eu\/wp-content\/uploads\/2023\/08\/xBade-Handschuh-Ente-1-64x48.jpg 64w, https:\/\/dadade.eu\/wp-content\/uploads\/2023\/08\/xBade-Handschuh-Ente-1-1024x768.jpg 1024w, https:\/\/dadade.eu\/wp-content\/uploads\/2023\/08\/xBade-Handschuh-Ente-1-768x576.jpg 768w, https:\/\/dadade.eu\/wp-content\/uploads\/2023\/08\/xBade-Handschuh-Ente-1.jpg 1165w\" sizes=\"(max-width: 300px) 100vw, 300px\" \/><strong>zu dem Badtierchen gibt es auch noch den passenden Waschhandschuh, geh\u00e4kelt<\/strong><\/a><\/p>\n<p>oder das komplette Set<\/p>\n<p><img decoding=\"async\" class=\"alignnone size-medium wp-image-13894\" src=\"https:\/\/dadade.eu\/wp-content\/uploads\/2017\/09\/Geschenk-Set-Ente-2-Kopie1-300x225.jpg\" alt=\"\" width=\"300\" height=\"225\" srcset=\"https:\/\/dadade.eu\/wp-content\/uploads\/2017\/09\/Geschenk-Set-Ente-2-Kopie1-300x225.jpg 300w, https:\/\/dadade.eu\/wp-content\/uploads\/2017\/09\/Geschenk-Set-Ente-2-Kopie1-600x450.jpg 600w, https:\/\/dadade.eu\/wp-content\/uploads\/2017\/09\/Geschenk-Set-Ente-2-Kopie1-64x48.jpg 64w, https:\/\/dadade.eu\/wp-content\/uploads\/2017\/09\/Geschenk-Set-Ente-2-Kopie1-1024x768.jpg 1024w, https:\/\/dadade.eu\/wp-content\/uploads\/2017\/09\/Geschenk-Set-Ente-2-Kopie1-768x576.jpg 768w, https:\/\/dadade.eu\/wp-content\/uploads\/2017\/09\/Geschenk-Set-Ente-2-Kopie1.jpg 1400w\" sizes=\"(max-width: 300px) 100vw, 300px\" \/> mit Weste, M\u00fctze und Sch\u00fchchen<\/p>\n<p>Mit dem Kauf erh\u00e4ltst du eine leicht verst\u00e4ndliche Strickanleitung im praktischen PDF-Format.<\/p>\n<p>Die Anleitung f\u00fcr die Ente ist ausf\u00fchrlich mit vielen Bildern hinterlegt und wird auf 17 Seiten Schritt-f\u00fcr-Schritt beschrieben!<\/p>\n<p>Die Kleidung f\u00fcr Beide Gr\u00f6\u00dfen ist ausf\u00fchrlich mit vielen Bildern hinterlegt und wird auf 40 Seiten Schritt-f\u00fcr-Schritt beschrieben!<\/p>\n<p>&nbsp;<\/p>\n<p>noch mehr Bilder von flei\u00dfigen Helfer und\u00a0 H\u00e4nden<\/p>\n<p><strong><a href=\"https:\/\/dadade.eu\/?p=13064\">KLICKE HIER<\/a><\/strong><\/p>\n<p>&nbsp;<\/p>\n<p>&nbsp;<\/p>\n<p>&nbsp;<\/p>\n","protected":false},"excerpt":{"rendered":"<div id=\"cc-m-13954443088\" class=\"j-module n j-text \">\n<p>Hier kauft man nur die <span style=\"color: #ff0000;\"><strong>Strick-<\/strong><strong>Anleitung<\/strong> <\/span>f\u00fcr diese s\u00fc\u00dfe, kuschelige Entchen,<\/p>\n<p>oder das komplette Set; mit Weste, M\u00fctze und Sch\u00fchchen.<\/p>\n<p>1.Sie kaufen hier die Strickanleitung f\u00fcr dieses einfach gestrickte Baby-Set,<\/p>\n<p>mit\u00a0 J\u00e4ckchen, M\u00fctze und Schuhe, jeweils\u00a0in Gr\u00f6\u00dfe 50-56, sowie einer separaten Anleitung in Gr\u00f6\u00dfe 62-68!<\/p>\n<p>2.Das s\u00fc\u00dfe Entchen. Man kann einen Bei\u00dfring oder auch einen Schnuller befestigen, oder man best\u00fcckt die Ente es mit Rassel oder Quietsche.<\/p>\n<p>Diese Entchen sind sehr schnell gestrickt. Das Spielzeug, an dem jedes Baby seine Freude hat.<\/p>\n<p>Der Bei\u00dfring ist zum Abnehmen, sodass er jeder Zeit gewaschen werden kann.<\/p>\n<p>Die Ente wird mit Nadelst\u00e4rke 3 gestrickt, die Kleidung mit Nadelst\u00e4rke 4.<\/p>\n<p>Sie suchen noch ein passendes Geschenk zu Geburt oder Taufe eines neuen Erdenb\u00fcrgers.<\/p>\n<\/div>\n","protected":false},"featured_media":13906,"template":"","meta":[],"product_brand":[],"product_cat":[56,42,47,44,46],"product_tag":[90,1109,89,233,254,1104,182,717,87,1106,1108,198,197,194,92,234,1105,180,243,181,434,1079,195,1062,676,478,196,1102,1103,237,1107,183,95,96],"class_list":{"0":"post-13822","1":"product","2":"type-product","3":"status-publish","4":"has-post-thumbnail","6":"product_cat-2einfach","7":"product_cat-baby","8":"product_cat-gestricktes","9":"product_cat-baby-spielsachen","10":"product_cat-suesse-baby-sets","11":"product_tag-amigurumi","12":"product_tag-anleitung-fuer-baby-bekleidung","13":"product_tag-baby","14":"product_tag-dekoration","15":"product_tag-ente","16":"product_tag-ente-stricken","17":"product_tag-fein","18":"product_tag-geburt","19":"product_tag-geschenk","20":"product_tag-geschenk-fuer-das-baby","21":"product_tag-gestrickte-jacke","22":"product_tag-greifling","23":"product_tag-greifspielzeug","24":"product_tag-kind","25":"product_tag-kinder","26":"product_tag-kinderzimmer","27":"product_tag-kuschelige-ente","28":"product_tag-kuscheltier","29":"product_tag-kuschelwolle","30":"product_tag-lustig","31":"product_tag-muetze","32":"product_tag-neugeborene","33":"product_tag-praesent","34":"product_tag-schmusetuch","35":"product_tag-schnuffeltuch","36":"product_tag-schuhe","37":"product_tag-spielzeug","38":"product_tag-strickanleitung","39":"product_tag-stricken","40":"product_tag-taufe","41":"product_tag-taufgeschenk","42":"product_tag-witzig","43":"product_tag-wolle","44":"product_tag-wollreste","46":"first","47":"instock","48":"shipping-taxable","49":"purchasable","50":"product-type-variable"},"_links":{"self":[{"href":"https:\/\/dadade.eu\/index.php?rest_route=\/wp\/v2\/product\/13822","targetHints":{"allow":["GET"]}}],"collection":[{"href":"https:\/\/dadade.eu\/index.php?rest_route=\/wp\/v2\/product"}],"about":[{"href":"https:\/\/dadade.eu\/index.php?rest_route=\/wp\/v2\/types\/product"}],"wp:featuredmedia":[{"embeddable":true,"href":"https:\/\/dadade.eu\/index.php?rest_route=\/wp\/v2\/media\/13906"}],"wp:attachment":[{"href":"https:\/\/dadade.eu\/index.php?rest_route=%2Fwp%2Fv2%2Fmedia&parent=13822"}],"wp:term":[{"taxonomy":"product_brand","embeddable":true,"href":"https:\/\/dadade.eu\/index.php?rest_route=%2Fwp%2Fv2%2Fproduct_brand&post=13822"},{"taxonomy":"product_cat","embeddable":true,"href":"https:\/\/dadade.eu\/index.php?rest_route=%2Fwp%2Fv2%2Fproduct_cat&post=13822"},{"taxonomy":"product_tag","embeddable":true,"href":"https:\/\/dadade.eu\/index.php?rest_route=%2Fwp%2Fv2%2Fproduct_tag&post=13822"}],"curies":[{"name":"wp","href":"https:\/\/api.w.org\/{rel}","templated":true}]}}