{"id":13736,"date":"2023-05-20T09:43:29","date_gmt":"2023-05-20T07:43:29","guid":{"rendered":"https:\/\/dadade.eu\/?post_type=product&#038;p=13736"},"modified":"2024-12-04T11:02:39","modified_gmt":"2024-12-04T10:02:39","slug":"haus-anzug-wellness-fuer-puppen-groesse-43cm-p008","status":"publish","type":"product","link":"https:\/\/dadade.eu\/?product=haus-anzug-wellness-fuer-puppen-groesse-43cm-p008","title":{"rendered":"Haus-Anzug Wellness f\u00fcr Puppen-Gr\u00f6\u00dfe 43cm (P008)"},"content":{"rendered":"<p><img fetchpriority=\"high\" decoding=\"async\" class=\"alignnone size-medium wp-image-13756\" src=\"https:\/\/dadade.eu\/wp-content\/uploads\/2023\/05\/xPueppchen-10-300x225.jpg\" alt=\"\" width=\"300\" height=\"225\" srcset=\"https:\/\/dadade.eu\/wp-content\/uploads\/2023\/05\/xPueppchen-10-300x225.jpg 300w, https:\/\/dadade.eu\/wp-content\/uploads\/2023\/05\/xPueppchen-10-600x450.jpg 600w, https:\/\/dadade.eu\/wp-content\/uploads\/2023\/05\/xPueppchen-10-64x48.jpg 64w, https:\/\/dadade.eu\/wp-content\/uploads\/2023\/05\/xPueppchen-10-1024x768.jpg 1024w, https:\/\/dadade.eu\/wp-content\/uploads\/2023\/05\/xPueppchen-10-768x576.jpg 768w, https:\/\/dadade.eu\/wp-content\/uploads\/2023\/05\/xPueppchen-10.jpg 1400w\" sizes=\"(max-width: 300px) 100vw, 300px\" \/>zu dem Haus-Anzug gibt es auch noch das s\u00fc\u00dfe P\u00fcppchen,<\/p>\n<p>Die Anleitung ist f\u00fcr Anf\u00e4nger geeignet.<\/p>\n<p>Die Anleitung ist ausf\u00fchrlich mit vielen Bildern hinterlegt und wird auf\u00a0 15 Seiten (Anzug) &amp; 7 Seiten (P\u00fcppchen) Schritt-f\u00fcr-Schritt beschrieben!<\/p>\n<p>Puppenkleider-Bilder von flei\u00dfigen Helfer und H\u00e4nden?<\/p>\n<p><strong><a href=\"https:\/\/dadade.eu\/?p=7714\">KLICKE HIER<\/a><\/strong><\/p>\n<p>&nbsp;<\/p>\n<p>&nbsp;<\/p>\n<p>&nbsp;<\/p>\n","protected":false},"excerpt":{"rendered":"<div id=\"cc-m-13954443088\" class=\"j-module n j-text \">\n<p>Hier kauft man die H\u00e4kelanleitung f\u00fcr diesen bequemen Hausanzug f\u00fcr Puppen,<\/p>\n<p>mit Hosen, Pulli, Stirnband und P\u00fcppchen. Auch P\u00fcppis brauchen was zum Kuscheln.<\/p>\n<p>Die Geschenk-Idee f\u00fcr alle Puppenmuttis,<\/p>\n<p>f\u00fcr die Gro\u00dfen- als Deko\u00a0 oder f\u00fcr die Kleinen &#8211; zum Spielen.<\/p>\n<p>Der Haus-Anzug ist in allen Farben der Hammer, und eignet sich auch f\u00fcr Wollreste, viele Ideen findet ihr <strong><a href=\"https:\/\/dadade.eu\/?p=7714\">hier.<\/a><\/strong><\/p>\n<p>Der Anzug ist extra ohne Muster geh\u00e4kelt und l\u00e4sst sich so einfach individuell anpassen.<\/p>\n<p>Mit der Nadelst\u00e4rke 3 geh\u00e4kelt passt der Anzug Puppen, Gr\u00f6\u00dfe 43cm,<\/p>\n<p>Mit dem Kauf erh\u00e4lt man eine leicht verst\u00e4ndliche H\u00e4kelanleitung im praktischen PDF-Format.<\/p>\n<p>Die Anleitung ist auch schon f\u00fcr Anf\u00e4nger geeignet.<\/p>\n<p>&nbsp;<\/p>\n<\/div>\n","protected":false},"featured_media":13749,"template":"","meta":[],"product_brand":[],"product_cat":[56,42,428,66],"product_tag":[433,89,242,260,334,87,335,94,93,1097,1098,477,975,92,181,195,1101,160,156,436,482,440,430,429,970,1100,1099,330,95,96],"class_list":{"0":"post-13736","1":"product","2":"type-product","3":"status-publish","4":"has-post-thumbnail","6":"product_cat-2einfach","7":"product_cat-baby","8":"product_cat-fuer-puppenmuttis","9":"product_cat-mini","10":"product_tag-applikation-haekeln","11":"product_tag-baby","12":"product_tag-dekoration-haekeln","13":"product_tag-fruehling","14":"product_tag-geburtstag","15":"product_tag-geschenk","16":"product_tag-geschenkidee-haekeln","17":"product_tag-haekelanleitung","18":"product_tag-haekeln","19":"product_tag-hausanzug","20":"product_tag-hausanzug-haekeln","21":"product_tag-hose","22":"product_tag-hose-haekeln","23":"product_tag-kinder","24":"product_tag-lustig","25":"product_tag-praesent","26":"product_tag-pullover-puppenpulli","27":"product_tag-pueppchen","28":"product_tag-pueppchen-haekeln","29":"product_tag-puppen-anzug","30":"product_tag-puppen-hose","31":"product_tag-puppenanzug-haekeln","32":"product_tag-puppenkleider","33":"product_tag-puppenkleider-haekeln","34":"product_tag-puppentasche-haekeln","35":"product_tag-wellness-anzug-haekeln","36":"product_tag-wellnessanzug","37":"product_tag-witziges-geschenk","38":"product_tag-wolle","39":"product_tag-wollreste","41":"first","42":"instock","43":"downloadable","44":"shipping-taxable","45":"purchasable","46":"product-type-simple"},"_links":{"self":[{"href":"https:\/\/dadade.eu\/index.php?rest_route=\/wp\/v2\/product\/13736","targetHints":{"allow":["GET"]}}],"collection":[{"href":"https:\/\/dadade.eu\/index.php?rest_route=\/wp\/v2\/product"}],"about":[{"href":"https:\/\/dadade.eu\/index.php?rest_route=\/wp\/v2\/types\/product"}],"wp:featuredmedia":[{"embeddable":true,"href":"https:\/\/dadade.eu\/index.php?rest_route=\/wp\/v2\/media\/13749"}],"wp:attachment":[{"href":"https:\/\/dadade.eu\/index.php?rest_route=%2Fwp%2Fv2%2Fmedia&parent=13736"}],"wp:term":[{"taxonomy":"product_brand","embeddable":true,"href":"https:\/\/dadade.eu\/index.php?rest_route=%2Fwp%2Fv2%2Fproduct_brand&post=13736"},{"taxonomy":"product_cat","embeddable":true,"href":"https:\/\/dadade.eu\/index.php?rest_route=%2Fwp%2Fv2%2Fproduct_cat&post=13736"},{"taxonomy":"product_tag","embeddable":true,"href":"https:\/\/dadade.eu\/index.php?rest_route=%2Fwp%2Fv2%2Fproduct_tag&post=13736"}],"curies":[{"name":"wp","href":"https:\/\/api.w.org\/{rel}","templated":true}]}}