{"id":13682,"date":"2015-07-19T12:29:07","date_gmt":"2015-07-19T10:29:07","guid":{"rendered":"https:\/\/dadade.eu\/?post_type=product&#038;p=13682"},"modified":"2023-08-27T22:50:40","modified_gmt":"2023-08-27T20:50:40","slug":"baby-set-jacke-muetze-schuhe-mit-applikation-hund-b101","status":"publish","type":"product","link":"https:\/\/dadade.eu\/?product=baby-set-jacke-muetze-schuhe-mit-applikation-hund-b101","title":{"rendered":"BABY-SET, Jacke, M\u00fctze, Schuhe mit Applikation Hund  Gr. 56-62 (B100)"},"content":{"rendered":"<p><img fetchpriority=\"high\" decoding=\"async\" class=\"alignnone size-medium wp-image-13691\" src=\"https:\/\/dadade.eu\/wp-content\/uploads\/2023\/05\/Baby-Set-Hund-3teilig-5-300x225.jpg\" alt=\"\" width=\"300\" height=\"225\" srcset=\"https:\/\/dadade.eu\/wp-content\/uploads\/2023\/05\/Baby-Set-Hund-3teilig-5-300x225.jpg 300w, https:\/\/dadade.eu\/wp-content\/uploads\/2023\/05\/Baby-Set-Hund-3teilig-5-600x450.jpg 600w, https:\/\/dadade.eu\/wp-content\/uploads\/2023\/05\/Baby-Set-Hund-3teilig-5-64x48.jpg 64w, https:\/\/dadade.eu\/wp-content\/uploads\/2023\/05\/Baby-Set-Hund-3teilig-5-1024x768.jpg 1024w, https:\/\/dadade.eu\/wp-content\/uploads\/2023\/05\/Baby-Set-Hund-3teilig-5-768x576.jpg 768w, https:\/\/dadade.eu\/wp-content\/uploads\/2023\/05\/Baby-Set-Hund-3teilig-5.jpg 1400w\" sizes=\"(max-width: 300px) 100vw, 300px\" \/>B104 komplettes Baby-Set<\/p>\n<p><img decoding=\"async\" class=\"alignnone size-medium wp-image-13699\" src=\"https:\/\/dadade.eu\/wp-content\/uploads\/2023\/05\/Baby-Set-Hund-Schuhe-1-300x225.jpg\" alt=\"\" width=\"300\" height=\"225\" srcset=\"https:\/\/dadade.eu\/wp-content\/uploads\/2023\/05\/Baby-Set-Hund-Schuhe-1-300x225.jpg 300w, https:\/\/dadade.eu\/wp-content\/uploads\/2023\/05\/Baby-Set-Hund-Schuhe-1-600x450.jpg 600w, https:\/\/dadade.eu\/wp-content\/uploads\/2023\/05\/Baby-Set-Hund-Schuhe-1-64x48.jpg 64w, https:\/\/dadade.eu\/wp-content\/uploads\/2023\/05\/Baby-Set-Hund-Schuhe-1-1024x768.jpg 1024w, https:\/\/dadade.eu\/wp-content\/uploads\/2023\/05\/Baby-Set-Hund-Schuhe-1-768x576.jpg 768w, https:\/\/dadade.eu\/wp-content\/uploads\/2023\/05\/Baby-Set-Hund-Schuhe-1.jpg 1400w\" sizes=\"(max-width: 300px) 100vw, 300px\" \/>B103 die Schuhe mit der Applikation Hund gibt es auch einzeln<\/p>\n<p><img decoding=\"async\" class=\"alignnone size-medium wp-image-13696\" src=\"https:\/\/dadade.eu\/wp-content\/uploads\/2023\/05\/Baby-Set-Hund-Muetze-1-300x225.jpg\" alt=\"\" width=\"300\" height=\"225\" srcset=\"https:\/\/dadade.eu\/wp-content\/uploads\/2023\/05\/Baby-Set-Hund-Muetze-1-300x225.jpg 300w, https:\/\/dadade.eu\/wp-content\/uploads\/2023\/05\/Baby-Set-Hund-Muetze-1-600x450.jpg 600w, https:\/\/dadade.eu\/wp-content\/uploads\/2023\/05\/Baby-Set-Hund-Muetze-1-64x48.jpg 64w, https:\/\/dadade.eu\/wp-content\/uploads\/2023\/05\/Baby-Set-Hund-Muetze-1-1024x768.jpg 1024w, https:\/\/dadade.eu\/wp-content\/uploads\/2023\/05\/Baby-Set-Hund-Muetze-1-768x576.jpg 768w, https:\/\/dadade.eu\/wp-content\/uploads\/2023\/05\/Baby-Set-Hund-Muetze-1.jpg 1400w\" sizes=\"(max-width: 300px) 100vw, 300px\" \/>B102 die M\u00fctze mit der Applikation Hund gibt es auch einzeln<\/p>\n<p><img loading=\"lazy\" decoding=\"async\" class=\"alignnone size-medium wp-image-13692\" src=\"https:\/\/dadade.eu\/wp-content\/uploads\/2023\/05\/Baby-Set-Hund-Jacke-1-300x225.jpg\" alt=\"\" width=\"300\" height=\"225\" srcset=\"https:\/\/dadade.eu\/wp-content\/uploads\/2023\/05\/Baby-Set-Hund-Jacke-1-300x225.jpg 300w, https:\/\/dadade.eu\/wp-content\/uploads\/2023\/05\/Baby-Set-Hund-Jacke-1-600x450.jpg 600w, https:\/\/dadade.eu\/wp-content\/uploads\/2023\/05\/Baby-Set-Hund-Jacke-1-64x48.jpg 64w, https:\/\/dadade.eu\/wp-content\/uploads\/2023\/05\/Baby-Set-Hund-Jacke-1-1024x768.jpg 1024w, https:\/\/dadade.eu\/wp-content\/uploads\/2023\/05\/Baby-Set-Hund-Jacke-1-768x576.jpg 768w, https:\/\/dadade.eu\/wp-content\/uploads\/2023\/05\/Baby-Set-Hund-Jacke-1.jpg 1400w\" sizes=\"(max-width: 300px) 100vw, 300px\" \/>B101 die Jacke mit der Applikation Hund gibt es auch einzeln<\/p>\n<p>&nbsp;<\/p>\n<p>&nbsp;<\/p>\n<p>Die Anleitung ist ausf\u00fchrlich mit vielen Bildern hinterlegt<\/p>\n<p>und wird auf 12 (Schuhe), 9 (M\u00fctze), 18 (Jacke)\u00a0 Seiten Schritt-f\u00fcr-Schritt beschrieben!<\/p>\n<p>&nbsp;<\/p>\n<p><a href=\"https:\/\/dadade.eu\/?page_id=5389\">mehr Bilder von flei\u00dfigen Helfer findet ihr hier<\/a><\/p>\n<p><strong><a href=\"https:\/\/dadade.eu\/?p=6461\">KLICKE HIER<\/a><\/strong><\/p>\n<p>&nbsp;<\/p>\n<p>&nbsp;<\/p>\n<p>&nbsp;<\/p>\n","protected":false},"excerpt":{"rendered":"<div id=\"cc-m-13954443088\" class=\"j-module n j-text \">\n<p>Hier kauft man nur die H\u00e4kelanleitung\u00a0f\u00fcr dieses s\u00fc\u00dfen Baby-Set mit Applikation Hund<\/p>\n<p>Die Anleitung beinhaltet<\/p>\n<ol>\n<li>Jacke,<\/li>\n<li>M\u00fctze<\/li>\n<li>Schuhe<\/li>\n<\/ol>\n<p>die Anleitung ist mit Nadelst\u00e4rke 2,5, f\u00fcr Babys von 1 \u2013 3 Monate, in Gr\u00f6\u00dfe 56-62, gearbeitet.<\/p>\n<p>Es wird mit keinem Muster geh\u00e4kelt, sodass man die Gr\u00f6\u00dfe leicht anpassen kann.<\/p>\n<p>Mit dem Kauf erh\u00e4ltst du eine leicht verst\u00e4ndliche H\u00e4kelanleitung im praktischen PDF-Format.<\/p>\n<p>Die Anleitung ist auch schon f\u00fcr Anf\u00e4nger geeignet.<\/p>\n<p>Diese Anleitung ist auch f\u00fcr eine Puppe\u00a0 geeignet, Die Puppe auf den Bildern ist 48cm gro\u00df.<\/p>\n<p>Mit Babywolle der Nadelst\u00e4rke 2,5 hat die Jacke ca Gr\u00f6\u00dfe 56 &#8211; 62<\/p>\n<p>&nbsp;<\/p>\n<\/div>\n","protected":false},"featured_media":13687,"template":"","meta":[],"product_brand":[],"product_cat":[56,42,428,46],"product_tag":[89,1084,717,87,94,93,1083,319,179,1081,1080,1088,194,92,1078,181,434,1079,1087,195,478,1086,437,1085,1082,183,95,96],"class_list":{"0":"post-13682","1":"product","2":"type-product","3":"status-publish","4":"has-post-thumbnail","6":"product_cat-2einfach","7":"product_cat-baby","8":"product_cat-fuer-puppenmuttis","9":"product_cat-suesse-baby-sets","10":"product_tag-baby","11":"product_tag-boots","12":"product_tag-geburt","13":"product_tag-geschenk","14":"product_tag-haekelanleitung","15":"product_tag-haekeln","16":"product_tag-haekelweste","17":"product_tag-hund","18":"product_tag-hut","19":"product_tag-jaeckchen","20":"product_tag-jacke","21":"product_tag-kappe","22":"product_tag-kind","23":"product_tag-kinder","24":"product_tag-kleinkind","25":"product_tag-lustig","26":"product_tag-muetze","27":"product_tag-neugeborene","28":"product_tag-pdf-anleitung","29":"product_tag-praesent","30":"product_tag-schuhe","31":"product_tag-selbstgemacht","32":"product_tag-socken","33":"product_tag-struempfe","34":"product_tag-weste","35":"product_tag-witzig","36":"product_tag-wolle","37":"product_tag-wollreste","39":"first","40":"instock","41":"shipping-taxable","42":"purchasable","43":"product-type-variable"},"_links":{"self":[{"href":"https:\/\/dadade.eu\/index.php?rest_route=\/wp\/v2\/product\/13682","targetHints":{"allow":["GET"]}}],"collection":[{"href":"https:\/\/dadade.eu\/index.php?rest_route=\/wp\/v2\/product"}],"about":[{"href":"https:\/\/dadade.eu\/index.php?rest_route=\/wp\/v2\/types\/product"}],"wp:featuredmedia":[{"embeddable":true,"href":"https:\/\/dadade.eu\/index.php?rest_route=\/wp\/v2\/media\/13687"}],"wp:attachment":[{"href":"https:\/\/dadade.eu\/index.php?rest_route=%2Fwp%2Fv2%2Fmedia&parent=13682"}],"wp:term":[{"taxonomy":"product_brand","embeddable":true,"href":"https:\/\/dadade.eu\/index.php?rest_route=%2Fwp%2Fv2%2Fproduct_brand&post=13682"},{"taxonomy":"product_cat","embeddable":true,"href":"https:\/\/dadade.eu\/index.php?rest_route=%2Fwp%2Fv2%2Fproduct_cat&post=13682"},{"taxonomy":"product_tag","embeddable":true,"href":"https:\/\/dadade.eu\/index.php?rest_route=%2Fwp%2Fv2%2Fproduct_tag&post=13682"}],"curies":[{"name":"wp","href":"https:\/\/api.w.org\/{rel}","templated":true}]}}