{"id":13497,"date":"2023-01-07T21:31:17","date_gmt":"2023-01-07T20:31:17","guid":{"rendered":"https:\/\/dadade.eu\/?post_type=product&#038;p=13497"},"modified":"2025-11-16T15:18:18","modified_gmt":"2025-11-16T14:18:18","slug":"a300-die-freunde-aus-dem-baerenland","status":"publish","type":"product","link":"https:\/\/dadade.eu\/?product=a300-die-freunde-aus-dem-baerenland","title":{"rendered":"A300 die Freunde aus dem B\u00e4renland, Amigurumi zum An- und Ausziehen"},"content":{"rendered":"<p>mehr von den Freunden findet ihr hier; <a href=\"https:\/\/dadade.eu\/?product_cat=a9-im-baerenland\"><strong>Amigurumi- Freunde aus dem B\u00e4renland<\/strong><\/a><\/p>\n<p><strong>zu den Freunden geh\u00f6ren<\/strong><\/p>\n<p>&nbsp;<\/p>\n<p><a href=\"https:\/\/dadade.eu\/?product=die-baeren-bande-aus-dem-baerenland-a301\" target=\"_blank\" rel=\"noopener\"><b>die B\u00e4renbande<\/b><\/a> (A301)<\/p>\n<p><a href=\"https:\/\/dadade.eu\/?product=hund-flauschi-flecky-aus-dem-baerenland-a302\" target=\"_blank\" rel=\"noopener\"><b>Hund Flauschi Flecky<\/b><\/a> (A302)<\/p>\n<p><strong><a href=\"https:\/\/dadade.eu\/?product=waschbaer-wusch-wascheli-aus-dem-baerenland-a303\" target=\"_blank\" rel=\"noopener\">Waschb\u00e4r Wusch-Wascheli<\/a> <\/strong>(A303)<\/p>\n<p><a href=\"https:\/\/dadade.eu\/?product=katze-knuffel-tatze-aus-dem-baerenland-a304\" target=\"_blank\" rel=\"noopener\"><b>Katze Knuffel-Tatze<\/b><\/a> (A304)<\/p>\n<p><a href=\"https:\/\/dadade.eu\/?product=reh-kitz-tupfen-kitti-aus-dem-baerenland-a305\" target=\"_blank\" rel=\"noopener\"><b>Kitz Tupfen-Kitti<\/b><\/a>\u00a0(A305)<\/p>\n<p><a href=\"https:\/\/dadade.eu\/?post_type=product&amp;p=12883&amp;preview=true\" target=\"_blank\" rel=\"noopener\"><b>Hase, die Hoppels<\/b><\/a> (A306)<\/p>\n<p>&nbsp;<\/p>\n<p><img fetchpriority=\"high\" decoding=\"async\" class=\"alignnone size-medium wp-image-12538\" src=\"https:\/\/dadade.eu\/wp-content\/uploads\/2023\/04\/xA93-Kaffeekraenzchen-im-Baerenland2-300x225.jpg\" alt=\"\" width=\"300\" height=\"225\" srcset=\"https:\/\/dadade.eu\/wp-content\/uploads\/2023\/04\/xA93-Kaffeekraenzchen-im-Baerenland2-300x225.jpg 300w, https:\/\/dadade.eu\/wp-content\/uploads\/2023\/04\/xA93-Kaffeekraenzchen-im-Baerenland2-600x450.jpg 600w, https:\/\/dadade.eu\/wp-content\/uploads\/2023\/04\/xA93-Kaffeekraenzchen-im-Baerenland2-64x48.jpg 64w, https:\/\/dadade.eu\/wp-content\/uploads\/2023\/04\/xA93-Kaffeekraenzchen-im-Baerenland2-1024x768.jpg 1024w, https:\/\/dadade.eu\/wp-content\/uploads\/2023\/04\/xA93-Kaffeekraenzchen-im-Baerenland2-768x576.jpg 768w, https:\/\/dadade.eu\/wp-content\/uploads\/2023\/04\/xA93-Kaffeekraenzchen-im-Baerenland2.jpg 1400w\" sizes=\"(max-width: 300px) 100vw, 300px\" \/><\/p>\n<p>&nbsp;<\/p>\n<p><strong><a href=\"https:\/\/dadade.eu\/?page_id=5389\">mehr \u00fcber die Freunde und Feste im B\u00e4renland findet ihr hier<\/a><\/strong><\/p>\n<p>viele Bilder von flei\u00dfigen Helfer und H\u00e4nde findet ihr hier<\/p>\n<p><strong><a href=\"https:\/\/dadade.eu\/?p=12482\">KLICKE HIER<\/a><\/strong><\/p>\n<p>&nbsp;<\/p>\n<p>&nbsp;<\/p>\n","protected":false},"excerpt":{"rendered":"<p>Im B\u00e4renland \u2013 hier findet man Anleitungen f\u00fcr die kleinen B\u00e4ren und ihre vielen Freunden, mit lustigen, knuffeligen Namen.<\/p>\n<p>Ebenso wie verschiedene Kleidung f\u00fcr viele Gelegenheiten.<\/p>\n<div id=\"cc-m-13922245288\" class=\"j-module n j-text \">\n<p>Du suchst eine tolle Geschenk-Idee, oder eine s\u00fc\u00dfe Deko f\u00fcr das ganze Jahr?<\/p>\n<p>die B\u00e4ren-Bande mit ihren Freunden sind\u00a0mit ihrem\u00a0verschiedenen\u00a0Zubeh\u00f6r\u00a0das ganze Jahr der Hit,<\/p>\n<p>die Kleinen haben ihren Spa\u00df mit An- und Ausziehen der Tiere,<\/p>\n<p>sowie die Gro\u00dfen zum Dekorieren, da man hier in Zukunft f\u00fcr jede Jahreszeit das passende Outfit findet, diese \u00a0sind schnell mit Wollresten geh\u00e4kelt<\/p>\n<p>Es gibt immer wieder Neues zu entdecken, die B\u00e4ren als Familie, beim Feiern einer Faschings-Party, in Weihnachts-Mann-Kleidung, oder einfach mal\u00a0als Krippe,<\/p>\n<\/div>\n<p>Diese kleinen Tiere sind extra f\u00fcr kleine Kinderh\u00e4nde entworfen worden, zum Spielen und An- &amp; Ausziehen<\/p>\n<p>mehr vom B\u00e4renland findet ihr hier; <a href=\"https:\/\/dadade.eu\/?product_cat=a9-im-baerenland\">Amigurumi- Freunde aus dem B\u00e4renland<\/a><\/p>\n<div>\n<div id=\"cc-m-13954443088\">\n<p>Die Tierchen werden mit der Himalaya Fine ungef\u00e4hr\u00a025cm hoch im Stehen\u00a0und im Sitzen 19 cm hoch<\/p>\n<\/div>\n<\/div>\n<form class=\"cart\" action=\"https:\/\/dadade.eu\/?product=kasta-nina-die-juengste-der-3-hexen-schwestern-a533\" enctype=\"multipart\/form-data\" method=\"post\">\n<div class=\"ct-cart-actions\"><\/div>\n<\/form>\n<div class=\"ppc-button-wrapper\">\n<div id=\"ppc-button-ppcp-gateway\">\n<div id=\"zoid-paypal-buttons-uid_5a67198aaf_mty6mdg6mdu\" class=\"paypal-buttons paypal-buttons-context-iframe paypal-buttons-label-paypal paypal-buttons-layout-horizontal\" data-paypal-smart-button-version=\"5.0.373\"><\/div>\n<\/div>\n<\/div>\n","protected":false},"featured_media":12538,"template":"","meta":[],"product_brand":[],"product_cat":[56,38,16,69],"product_tag":[90,1016,120,1071,87,94,93,113,110,955,319,323,647,648,92,1014,1013,166,139,174,88,1072,91,1008,1010,663,664,1038,1037,95,96],"class_list":{"0":"post-13497","1":"product","2":"type-product","3":"status-publish","4":"has-post-thumbnail","6":"product_cat-2einfach","7":"product_cat-a9-im-baerenland","8":"product_cat-alle","9":"product_cat-mittel","10":"product_tag-amigurumi","11":"product_tag-bambi","12":"product_tag-baer","13":"product_tag-baerhaekeln","14":"product_tag-geschenk","15":"product_tag-haekelanleitung","16":"product_tag-haekeln","17":"product_tag-hase","18":"product_tag-hase-haekeln","19":"product_tag-hase-haekeln-osterhase","20":"product_tag-hund","21":"product_tag-hund-haekeln","22":"product_tag-katze","23":"product_tag-katze-haekeln","24":"product_tag-kinder","25":"product_tag-kitz","26":"product_tag-kitz-haekeln","27":"product_tag-knirpse","28":"product_tag-kuschelpuppe","29":"product_tag-kuschelpuppe-haekeln","30":"product_tag-kuscheltier-haekeln","31":"product_tag-oster","32":"product_tag-plueschtier","33":"product_tag-reh","34":"product_tag-reh-haekeln","35":"product_tag-teddy","36":"product_tag-teddy-haekeln","37":"product_tag-waschbaer","38":"product_tag-waschbaer-haekeln","39":"product_tag-wolle","40":"product_tag-wollreste","42":"first","43":"instock","44":"shipping-taxable","45":"product-type-simple"},"_links":{"self":[{"href":"https:\/\/dadade.eu\/index.php?rest_route=\/wp\/v2\/product\/13497","targetHints":{"allow":["GET"]}}],"collection":[{"href":"https:\/\/dadade.eu\/index.php?rest_route=\/wp\/v2\/product"}],"about":[{"href":"https:\/\/dadade.eu\/index.php?rest_route=\/wp\/v2\/types\/product"}],"wp:featuredmedia":[{"embeddable":true,"href":"https:\/\/dadade.eu\/index.php?rest_route=\/wp\/v2\/media\/12538"}],"wp:attachment":[{"href":"https:\/\/dadade.eu\/index.php?rest_route=%2Fwp%2Fv2%2Fmedia&parent=13497"}],"wp:term":[{"taxonomy":"product_brand","embeddable":true,"href":"https:\/\/dadade.eu\/index.php?rest_route=%2Fwp%2Fv2%2Fproduct_brand&post=13497"},{"taxonomy":"product_cat","embeddable":true,"href":"https:\/\/dadade.eu\/index.php?rest_route=%2Fwp%2Fv2%2Fproduct_cat&post=13497"},{"taxonomy":"product_tag","embeddable":true,"href":"https:\/\/dadade.eu\/index.php?rest_route=%2Fwp%2Fv2%2Fproduct_tag&post=13497"}],"curies":[{"name":"wp","href":"https:\/\/api.w.org\/{rel}","templated":true}]}}