{"id":13339,"date":"2022-07-07T11:11:08","date_gmt":"2022-07-07T09:11:08","guid":{"rendered":"https:\/\/dadade.eu\/?post_type=product&#038;p=13339"},"modified":"2023-07-29T22:15:13","modified_gmt":"2023-07-29T20:15:13","slug":"moench-bruder-tucky-von-den-mittelalter-knirpsen-a521","status":"publish","type":"product","link":"https:\/\/dadade.eu\/?product=moench-bruder-tucky-von-den-mittelalter-knirpsen-a521","title":{"rendered":"M\u00f6nch Bruder Tucky von den Mittelalter-Knirpsen (A521)"},"content":{"rendered":"<p><img fetchpriority=\"high\" decoding=\"async\" class=\"alignnone size-medium wp-image-13361\" src=\"https:\/\/dadade.eu\/wp-content\/uploads\/2023\/05\/x4-Mittelalter-Knirpse-3b-300x225.jpg\" alt=\"\" width=\"300\" height=\"225\" srcset=\"https:\/\/dadade.eu\/wp-content\/uploads\/2023\/05\/x4-Mittelalter-Knirpse-3b-300x225.jpg 300w, https:\/\/dadade.eu\/wp-content\/uploads\/2023\/05\/x4-Mittelalter-Knirpse-3b-600x450.jpg 600w, https:\/\/dadade.eu\/wp-content\/uploads\/2023\/05\/x4-Mittelalter-Knirpse-3b-64x48.jpg 64w, https:\/\/dadade.eu\/wp-content\/uploads\/2023\/05\/x4-Mittelalter-Knirpse-3b-1024x768.jpg 1024w, https:\/\/dadade.eu\/wp-content\/uploads\/2023\/05\/x4-Mittelalter-Knirpse-3b-768x576.jpg 768w, https:\/\/dadade.eu\/wp-content\/uploads\/2023\/05\/x4-Mittelalter-Knirpse-3b.jpg 1400w\" sizes=\"(max-width: 300px) 100vw, 300px\" \/><\/p>\n<p><strong><b>dem ehrw\u00fcrdigen <a href=\"https:\/\/dadade.eu\/?product=moench-bruder-tucky-von-den-mittelalter-knirpsen-a521\">M\u00f6nch Bruder Tucky <\/a><\/b><\/strong><strong><b>geh\u00f6rt <\/b><\/strong><\/p>\n<p><strong><b>mit der buckeligen <a title=\"A523 Hexe Minerva von Hexenbesen\" href=\"https:\/\/dadade.eu\/?product=hexe-minerva-von-hexenbesen-von-den-mittelalter-knirpsen-a523\">Hexe Minerva von Hexenbesen<\/a><\/b><\/strong><\/p>\n<p><strong>\u00a0<\/strong><a title=\"A522 Jasper der Gaukler\" href=\"https:\/\/dadade.eu\/?product=jasper-der-gaukler-von-den-mittelalter-knirpsen-a522\"><strong>Jasper dem n\u00e4rrische Gaukler<\/strong><\/a><\/p>\n<p><b>und <strong><a href=\"https:\/\/dadade.eu\/?product=zauberer-magnus-der-mutige-von-den-mittelalter-knirpsen-a524\">dem weisen Zauberer Magnus der Mutige<\/a>, mit seiner Kr\u00f6te<\/strong><\/b><\/p>\n<p><strong>zu den Mittelalter-Knirpsen, <\/strong><strong>sie sind die treuen Gef\u00e4hrten von <a href=\"https:\/\/dadade.eu\/?product=a501-gluecks-ritter-felix\">Ritter Felix Lucky<\/a><\/strong><\/p>\n<p>Die Anleitung ist ausf\u00fchrlich mit vielen Bildern hinterlegt und wird auf 27 Seiten Schritt-f\u00fcr-Schritt beschrieben!<\/p>\n<p>Zus\u00e4tzlich liegt auch noch eine Anleitung f\u00fcr eine einfache Hand ohne Finger dabei.<\/p>\n<p>&nbsp;<\/p>\n<p>viele Bilder und Ideen von flei\u00dfigen Helfer und H\u00e4nden findet ihr hier<\/p>\n<p><strong><a href=\"https:\/\/dadade.eu\/?p=6244\" target=\"_blank\" rel=\"noopener\">VIELE TOLLE BILDER<\/a><\/strong><\/p>\n<p>&nbsp;<\/p>\n<p>&nbsp;<\/p>\n<p>&nbsp;<\/p>\n","protected":false},"excerpt":{"rendered":"<div id=\"cc-m-13954443088\" class=\"j-module n j-text \">\n<p>Hier kauft man die H\u00e4kelanleitung f\u00fcr diesen coolen M\u00f6nch,<\/p>\n<p>Der ehrw\u00fcrdige M\u00f6nch Bruder Tucky geh\u00f6rt zu meinen Mittelalter-Knirpsen,<\/p>\n<p>sie sind die treuen Gef\u00e4hrten von Ritter Felix Lucky.<\/p>\n<p>Der witzige M\u00f6nch ist nicht nur zum Kuscheln, sondern auch eine sch\u00f6ne Deko.<\/p>\n<p>Mit dem Kauf erh\u00e4lt man eine leicht verst\u00e4ndliche H\u00e4kelanleitung im praktischen PDF-Format.<\/p>\n<p>Die Anleitung ist auch schon f\u00fcr Anf\u00e4nger geeignet.<\/p>\n<p>&nbsp;<\/p>\n<p>Mit Nadelst\u00e4rke 4 geh\u00e4kelt, wird Tucky \u00a0ungef\u00e4hr; im Stehen ungef\u00e4hr; 43cm hoch, im Sitzen ungef\u00e4hr; 30cm hoch<\/p>\n<\/div>\n<div id=\"cc-m-13954443188\" class=\"j-module n j-text \">\n<p>&nbsp;<\/p>\n<\/div>\n","protected":false},"featured_media":13341,"template":"","meta":[],"product_brand":[],"product_cat":[56,36,35,380,69,1428],"product_tag":[90,89,1070,87,94,93,92,166,139,88,1068,1067,1069,160,156,159,140,135,95,96],"class_list":{"0":"post-13339","1":"product","2":"type-product","3":"status-publish","4":"has-post-thumbnail","6":"product_cat-2einfach","7":"product_cat-a5-die-lustigen-knirpse","8":"product_cat-amigurumi","9":"product_cat-kuschel-puppe","10":"product_cat-mittel","11":"product_cat-vatertag-muttertag-valentin","12":"product_tag-amigurumi","13":"product_tag-baby","14":"product_tag-bruder","15":"product_tag-geschenk","16":"product_tag-haekelanleitung","17":"product_tag-haekeln","18":"product_tag-kinder","19":"product_tag-knirpse","20":"product_tag-kuschelpuppe","21":"product_tag-kuscheltier-haekeln","22":"product_tag-moench","23":"product_tag-moench-haekeln","24":"product_tag-pater","25":"product_tag-pueppchen","26":"product_tag-pueppchen-haekeln","27":"product_tag-puppe","28":"product_tag-puppe-haekeln","29":"product_tag-silvester","30":"product_tag-wolle","31":"product_tag-wollreste","33":"first","34":"instock","35":"downloadable","36":"purchasable","37":"product-type-simple"},"_links":{"self":[{"href":"https:\/\/dadade.eu\/index.php?rest_route=\/wp\/v2\/product\/13339","targetHints":{"allow":["GET"]}}],"collection":[{"href":"https:\/\/dadade.eu\/index.php?rest_route=\/wp\/v2\/product"}],"about":[{"href":"https:\/\/dadade.eu\/index.php?rest_route=\/wp\/v2\/types\/product"}],"wp:featuredmedia":[{"embeddable":true,"href":"https:\/\/dadade.eu\/index.php?rest_route=\/wp\/v2\/media\/13341"}],"wp:attachment":[{"href":"https:\/\/dadade.eu\/index.php?rest_route=%2Fwp%2Fv2%2Fmedia&parent=13339"}],"wp:term":[{"taxonomy":"product_brand","embeddable":true,"href":"https:\/\/dadade.eu\/index.php?rest_route=%2Fwp%2Fv2%2Fproduct_brand&post=13339"},{"taxonomy":"product_cat","embeddable":true,"href":"https:\/\/dadade.eu\/index.php?rest_route=%2Fwp%2Fv2%2Fproduct_cat&post=13339"},{"taxonomy":"product_tag","embeddable":true,"href":"https:\/\/dadade.eu\/index.php?rest_route=%2Fwp%2Fv2%2Fproduct_tag&post=13339"}],"curies":[{"name":"wp","href":"https:\/\/api.w.org\/{rel}","templated":true}]}}