{"id":13180,"date":"2023-09-04T13:18:44","date_gmt":"2023-09-04T11:18:44","guid":{"rendered":"https:\/\/dadade.eu\/?post_type=product&#038;p=13180"},"modified":"2025-08-29T14:52:46","modified_gmt":"2025-08-29T12:52:46","slug":"a530-die-3-hexen-schwestern-von-den-knirpsen","status":"publish","type":"product","link":"https:\/\/dadade.eu\/?product=a530-die-3-hexen-schwestern-von-den-knirpsen","title":{"rendered":"A530 die 3 (Hexen) Schwestern von den Knirpsen"},"content":{"rendered":"<p>mehr von den Knipsen findet ihr hier; <a href=\"https:\/\/dadade.eu\/?product_cat=a5-die-lustigen-knirpse\"><strong>Amigurumi- die lustigen Knirpse<\/strong><\/a><\/p>\n<p><strong>zu den 3 Schwestern geh\u00f6ren<\/strong><\/p>\n<p><strong><a title=\"A166 Gl\u00fccks-Ritter\" href=\"https:\/\/dadade.eu\/?product=hokka-ida-die-aelteste-der-3-hexen-schwestern-a531\" target=\"_blank\" rel=\"noopener\">K\u00fcrbis-Hexe Hokka-Ida<\/a><\/strong> (A531)<\/p>\n<p><a title=\"A166 Gl\u00fccks-K\u00e4fer\" href=\"https:\/\/dadade.eu\/?product=auber-gina-die-mittlere-der-3-hexen-schwestern-a532\" target=\"_blank\" rel=\"noopener\"><strong>Frucht-Hexe Auber-Gina<\/strong><\/a> (A532)<\/p>\n<p><strong><a title=\"A506 Gl\u00fccks-Pilz Phylicia\" href=\"https:\/\/dadade.eu\/?product=kasta-nina-die-juengste-der-3-hexen-schwestern-a533\" target=\"_blank\" rel=\"noopener\">Herbst-Hexe Kasta-Nina<\/a><\/strong>\u00a0(A533)<\/p>\n<p><img fetchpriority=\"high\" decoding=\"async\" class=\"alignnone size-medium wp-image-13177\" src=\"https:\/\/dadade.eu\/wp-content\/uploads\/2022\/08\/xHexe-Sisters5b-300x225.jpg\" alt=\"\" width=\"300\" height=\"225\" srcset=\"https:\/\/dadade.eu\/wp-content\/uploads\/2022\/08\/xHexe-Sisters5b-300x225.jpg 300w, https:\/\/dadade.eu\/wp-content\/uploads\/2022\/08\/xHexe-Sisters5b-600x450.jpg 600w, https:\/\/dadade.eu\/wp-content\/uploads\/2022\/08\/xHexe-Sisters5b-64x48.jpg 64w, https:\/\/dadade.eu\/wp-content\/uploads\/2022\/08\/xHexe-Sisters5b-1024x768.jpg 1024w, https:\/\/dadade.eu\/wp-content\/uploads\/2022\/08\/xHexe-Sisters5b-768x576.jpg 768w, https:\/\/dadade.eu\/wp-content\/uploads\/2022\/08\/xHexe-Sisters5b.jpg 1400w\" sizes=\"(max-width: 300px) 100vw, 300px\" \/><\/p>\n<p><strong><a href=\"https:\/\/dadade.eu\/?p=13178\">mehr \u00fcber die 3 Schwestern findet ihr hier<\/a><\/strong><\/p>\n<p><strong><a href=\"https:\/\/dadade.eu\/?product=halloween-tiere-eule-katze-kraehe-h434\"><img decoding=\"async\" class=\"alignnone size-medium wp-image-17778\" src=\"https:\/\/dadade.eu\/wp-content\/uploads\/2022\/08\/xHalloween-Tiere-5-300x225.jpg\" alt=\"\" width=\"300\" height=\"225\" srcset=\"https:\/\/dadade.eu\/wp-content\/uploads\/2022\/08\/xHalloween-Tiere-5-300x225.jpg 300w, https:\/\/dadade.eu\/wp-content\/uploads\/2022\/08\/xHalloween-Tiere-5-600x450.jpg 600w, https:\/\/dadade.eu\/wp-content\/uploads\/2022\/08\/xHalloween-Tiere-5-64x48.jpg 64w, https:\/\/dadade.eu\/wp-content\/uploads\/2022\/08\/xHalloween-Tiere-5-1024x768.jpg 1024w, https:\/\/dadade.eu\/wp-content\/uploads\/2022\/08\/xHalloween-Tiere-5-768x576.jpg 768w, https:\/\/dadade.eu\/wp-content\/uploads\/2022\/08\/xHalloween-Tiere-5.jpg 1400w\" sizes=\"(max-width: 300px) 100vw, 300px\" \/>die drei kleinen Helfer der Hexen gibt es hier<\/a><\/strong><\/p>\n<p>viele Bilder von flei\u00dfigen Helfer und H\u00e4nde findet ihr hier<\/p>\n<p><strong><a href=\"https:\/\/dadade.eu\/?p=13337\">KLICKE HIER<\/a><\/strong><\/p>\n<p>&nbsp;<\/p>\n<p>&nbsp;<\/p>\n","protected":false},"excerpt":{"rendered":"<p>Die 3 Schwestern sind ganz normale P\u00fcppis, bis zum Herbst dann werden die Drei zu kleinen Hexen.<\/p>\n<p>Die Kleider sind direkt mit geh\u00e4kelt, man kann sie nicht ausziehen. Die Kleider kann man auch super mit Wollresten h\u00e4keln, macht sie doch mal sch\u00f6n bunt.<\/p>\n<p>Die Drei haben im Sommer so viel Spa\u00df, sowie im Herbst,<\/p>\n<p>z.B. beim Kastanien sammeln, vor allem Kasta-Nina, die Kleinste und J\u00fcngste von den 3, liebt das Basteln und die Herbstnachmittagen mit ihren Schwestern.<\/p>\n<p>Drau\u00dfen der raue Wind dazu passt eine gem\u00fctlicher Tee-Zeit. Auch bei der Trauben-Ernte sind sie immer dabei.<\/p>\n<p>Sie lieben Halloween, da ziehen sie ihre Hexenh\u00fcte an ( die Anleitung ist nat\u00fcrlich auch dabei) und haben ganz viel Unfug im Kopf. Das ganze Dorf wird dann zu Halloween-City, und die Schule verwandelt sich in der Zeit zu einer Hexenschule.<\/p>\n<p>Die 3 Schwestern holen dann das Hexenbuch und den Zauberstab raus, und sind f\u00fcr jeden Zauber bereit.<\/p>\n<p>mehr von den Knipsen findet ihr hier; <a href=\"https:\/\/dadade.eu\/?product_cat=a5-die-lustigen-knirpse\"><strong>Amigurumi- die lustigen Knirpse\u00a0<\/strong><\/a><\/p>\n<div class=\"woocommerce-product-details__short-description\">\n<div id=\"cc-m-13954443088\" class=\"j-module n j-text \">\n<p>Mit der Nadelst\u00e4rke 4 wird das P\u00fcppi\u00a0 im Stehen, ohne Hut,<\/p>\n<p><a href=\"https:\/\/dadade.eu\/?product=hokka-ida-die-aelteste-der-3-hexen-schwestern-a531\" target=\"_blank\" rel=\"noopener\"><strong>Hokka-Ida<\/strong><\/a> ungef\u00e4hr; 38cm hoch<\/p>\n<p><a href=\"https:\/\/dadade.eu\/?product=auber-gina-die-mittlere-der-3-hexen-schwestern-a532\" target=\"_blank\" rel=\"noopener\"><strong>Auber-Gina<\/strong><\/a> ungef\u00e4hr; 35cm hoch,<\/p>\n<p><a href=\"https:\/\/dadade.eu\/?product=kasta-nina-die-juengste-der-3-hexen-schwestern-a533\" target=\"_blank\" rel=\"noopener\"><strong>Kasta-Nina<\/strong><\/a> ungef\u00e4hr; 26cm hoch,<\/p>\n<\/div>\n<\/div>\n<form class=\"cart\" action=\"https:\/\/dadade.eu\/?product=kasta-nina-die-juengste-der-3-hexen-schwestern-a533\" enctype=\"multipart\/form-data\" method=\"post\">\n<div class=\"ct-cart-actions\"><\/div>\n<\/form>\n<div class=\"ppc-button-wrapper\">\n<div id=\"ppc-button-ppcp-gateway\">\n<div id=\"zoid-paypal-buttons-uid_5a67198aaf_mty6mdg6mdu\" class=\"paypal-buttons paypal-buttons-context-iframe paypal-buttons-label-paypal paypal-buttons-layout-horizontal\" data-paypal-smart-button-version=\"5.0.373\"><\/div>\n<\/div>\n<\/div>\n","protected":false},"featured_media":13468,"template":"","meta":[],"product_brand":[],"product_cat":[57,36,16,52,69],"product_tag":[90,87,94,93,126,1063,1066,92,166,139,174,88,91,160,156,159,140,95,96],"class_list":{"0":"post-13180","1":"product","2":"type-product","3":"status-publish","4":"has-post-thumbnail","6":"product_cat-3mittel","7":"product_cat-a5-die-lustigen-knirpse","8":"product_cat-alle","9":"product_cat-herbst-halloween","10":"product_cat-mittel","11":"product_tag-amigurumi","12":"product_tag-geschenk","13":"product_tag-haekelanleitung","14":"product_tag-haekeln","15":"product_tag-herbst","16":"product_tag-hexe","17":"product_tag-hexen-haekeln","18":"product_tag-kinder","19":"product_tag-knirpse","20":"product_tag-kuschelpuppe","21":"product_tag-kuschelpuppe-haekeln","22":"product_tag-kuscheltier-haekeln","23":"product_tag-plueschtier","24":"product_tag-pueppchen","25":"product_tag-pueppchen-haekeln","26":"product_tag-puppe","27":"product_tag-puppe-haekeln","28":"product_tag-wolle","29":"product_tag-wollreste","31":"first","32":"instock","33":"shipping-taxable","34":"product-type-simple"},"_links":{"self":[{"href":"https:\/\/dadade.eu\/index.php?rest_route=\/wp\/v2\/product\/13180","targetHints":{"allow":["GET"]}}],"collection":[{"href":"https:\/\/dadade.eu\/index.php?rest_route=\/wp\/v2\/product"}],"about":[{"href":"https:\/\/dadade.eu\/index.php?rest_route=\/wp\/v2\/types\/product"}],"wp:featuredmedia":[{"embeddable":true,"href":"https:\/\/dadade.eu\/index.php?rest_route=\/wp\/v2\/media\/13468"}],"wp:attachment":[{"href":"https:\/\/dadade.eu\/index.php?rest_route=%2Fwp%2Fv2%2Fmedia&parent=13180"}],"wp:term":[{"taxonomy":"product_brand","embeddable":true,"href":"https:\/\/dadade.eu\/index.php?rest_route=%2Fwp%2Fv2%2Fproduct_brand&post=13180"},{"taxonomy":"product_cat","embeddable":true,"href":"https:\/\/dadade.eu\/index.php?rest_route=%2Fwp%2Fv2%2Fproduct_cat&post=13180"},{"taxonomy":"product_tag","embeddable":true,"href":"https:\/\/dadade.eu\/index.php?rest_route=%2Fwp%2Fv2%2Fproduct_tag&post=13180"}],"curies":[{"name":"wp","href":"https:\/\/api.w.org\/{rel}","templated":true}]}}